{"id":105,"date":"2026-01-06T09:31:02","date_gmt":"2026-01-06T09:31:02","guid":{"rendered":"https:\/\/librahotelnhatrang.ms2.decms.asia\/?page_id=105"},"modified":"2026-04-23T01:46:41","modified_gmt":"2026-04-23T01:46:41","slug":"chuong-trinh-khuyen-mai","status":"publish","type":"page","link":"https:\/\/www.librahotelnhatrang.com\/vi\/chuong-trinh-khuyen-mai\/","title":{"rendered":"Ch\u01b0\u01a1ng tr\u00ecnh khuy\u1ebfn m\u00e3i"},"content":{"rendered":"<p style=\"text-align: center\">Kh\u00e1m ph\u00e1 nh\u1eefng \u01b0u \u0111\u00e3i \u0111\u01b0\u1ee3c thi\u1ebft k\u1ebf \u0111\u1ec3 n\u00e2ng t\u1ea7m k\u1ef3 ngh\u1ec9 \u2013 t\u1eeb l\u01b0u tr\u00fa d\u00e0i ng\u00e0y, ngh\u1ec9 d\u01b0\u1ee1ng tr\u1ecdn g\u00f3i<\/p>\n","protected":false},"excerpt":{"rendered":"<p>Kh\u00e1m ph\u00e1 nh\u1eefng \u01b0u \u0111\u00e3i \u0111\u01b0\u1ee3c thi\u1ebft k\u1ebf \u0111\u1ec3 n\u00e2ng t\u1ea7m k\u1ef3 ngh\u1ec9 \u2013 t\u1eeb l\u01b0u tr\u00fa d\u00e0i ng\u00e0y, ngh\u1ec9 d\u01b0\u1ee1ng tr\u1ecdn g\u00f3i<\/p>\n","protected":false},"author":269,"featured_media":452,"parent":0,"menu_order":0,"comment_status":"closed","ping_status":"closed","template":"template-services.php","meta":{"footnotes":""},"yoast_head":"<!-- This site is optimized with the Yoast SEO plugin v22.3 - https:\/\/yoast.com\/wordpress\/plugins\/seo\/ -->\n<title>\u01afu \u0111\u00e3i | Libra Hotel Nha Trang<\/title>\n<meta name=\"description\" content=\"T\u1eadn h\u01b0\u1edfng c\u00e1c \u01b0u \u0111\u00e3i h\u1ea5p d\u1eabn nh\u1ea5t v\u1edbi m\u1ee9c gi\u00e1 t\u1ed1t, ph\u00f2ng linh ho\u1ea1t v\u00e0 tr\u1ea3i nghi\u1ec7m \u1ea9m th\u1ef1c \u0111\u1ed9c \u0111\u00e1o t\u1ea1i kh\u00e1ch s\u1ea1n trung t\u00e2m Nha Trang.\" \/>\n<meta name=\"robots\" content=\"index, follow, max-snippet:-1, max-image-preview:large, max-video-preview:-1\" \/>\n<link rel=\"canonical\" href=\"https:\/\/www.librahotelnhatrang.com\/vi\/chuong-trinh-khuyen-mai\/\" \/>\n<meta property=\"og:locale\" content=\"vi_VN\" \/>\n<meta property=\"og:type\" content=\"article\" \/>\n<meta property=\"og:title\" content=\"\u01afu \u0111\u00e3i | Libra Hotel Nha Trang\" \/>\n<meta property=\"og:description\" content=\"T\u1eadn h\u01b0\u1edfng c\u00e1c \u01b0u \u0111\u00e3i h\u1ea5p d\u1eabn nh\u1ea5t v\u1edbi m\u1ee9c gi\u00e1 t\u1ed1t, ph\u00f2ng linh ho\u1ea1t v\u00e0 tr\u1ea3i nghi\u1ec7m \u1ea9m th\u1ef1c \u0111\u1ed9c \u0111\u00e1o t\u1ea1i kh\u00e1ch s\u1ea1n trung t\u00e2m Nha Trang.\" \/>\n<meta property=\"og:url\" content=\"https:\/\/www.librahotelnhatrang.com\/vi\/chuong-trinh-khuyen-mai\/\" \/>\n<meta property=\"og:site_name\" content=\"Libra Hotel Nha Trang\" \/>\n<meta property=\"article:modified_time\" content=\"2026-04-23T01:46:41+00:00\" \/>\n<meta property=\"og:image\" content=\"http:\/\/www.librahotelnhatrang.com\/wp-content\/uploads\/sites\/142\/2026\/04\/495538516_1260358382758868_5298372860581234149_n-e1776846356950.jpg\" \/>\n\t<meta property=\"og:image:width\" content=\"1996\" \/>\n\t<meta property=\"og:image:height\" content=\"533\" \/>\n\t<meta property=\"og:image:type\" content=\"image\/jpeg\" \/>\n<meta name=\"twitter:card\" content=\"summary_large_image\" \/>\n<meta name=\"twitter:label1\" content=\"Est. reading time\" \/>\n\t<meta name=\"twitter:data1\" content=\"1 minute\" \/>\n<script type=\"application\/ld+json\" class=\"yoast-schema-graph\">{\"@context\":\"https:\/\/schema.org\",\"@graph\":[{\"@type\":\"WebPage\",\"@id\":\"https:\/\/www.librahotelnhatrang.com\/vi\/chuong-trinh-khuyen-mai\/\",\"url\":\"https:\/\/www.librahotelnhatrang.com\/vi\/chuong-trinh-khuyen-mai\/\",\"name\":\"\u01afu \u0111\u00e3i | Libra Hotel Nha Trang\",\"isPartOf\":{\"@id\":\"https:\/\/www.librahotelnhatrang.com\/vi\/#website\"},\"primaryImageOfPage\":{\"@id\":\"https:\/\/www.librahotelnhatrang.com\/vi\/chuong-trinh-khuyen-mai\/#primaryimage\"},\"image\":{\"@id\":\"https:\/\/www.librahotelnhatrang.com\/vi\/chuong-trinh-khuyen-mai\/#primaryimage\"},\"thumbnailUrl\":\"https:\/\/www.librahotelnhatrang.com\/wp-content\/uploads\/sites\/142\/2026\/04\/495538516_1260358382758868_5298372860581234149_n-e1776846356950.jpg\",\"datePublished\":\"2026-01-06T09:31:02+00:00\",\"dateModified\":\"2026-04-23T01:46:41+00:00\",\"description\":\"T\u1eadn h\u01b0\u1edfng c\u00e1c \u01b0u \u0111\u00e3i h\u1ea5p d\u1eabn nh\u1ea5t v\u1edbi m\u1ee9c gi\u00e1 t\u1ed1t, ph\u00f2ng linh ho\u1ea1t v\u00e0 tr\u1ea3i nghi\u1ec7m \u1ea9m th\u1ef1c \u0111\u1ed9c \u0111\u00e1o t\u1ea1i kh\u00e1ch s\u1ea1n trung t\u00e2m Nha Trang.\",\"breadcrumb\":{\"@id\":\"https:\/\/www.librahotelnhatrang.com\/vi\/chuong-trinh-khuyen-mai\/#breadcrumb\"},\"inLanguage\":\"vi-VN\",\"potentialAction\":[{\"@type\":\"ReadAction\",\"target\":[\"https:\/\/www.librahotelnhatrang.com\/vi\/chuong-trinh-khuyen-mai\/\"]}]},{\"@type\":\"ImageObject\",\"inLanguage\":\"vi-VN\",\"@id\":\"https:\/\/www.librahotelnhatrang.com\/vi\/chuong-trinh-khuyen-mai\/#primaryimage\",\"url\":\"https:\/\/www.librahotelnhatrang.com\/wp-content\/uploads\/sites\/142\/2026\/04\/495538516_1260358382758868_5298372860581234149_n-e1776846356950.jpg\",\"contentUrl\":\"https:\/\/www.librahotelnhatrang.com\/wp-content\/uploads\/sites\/142\/2026\/04\/495538516_1260358382758868_5298372860581234149_n-e1776846356950.jpg\",\"width\":1996,\"height\":533,\"caption\":\"\u01afu \u0111\u00e3i\"},{\"@type\":\"BreadcrumbList\",\"@id\":\"https:\/\/www.librahotelnhatrang.com\/vi\/chuong-trinh-khuyen-mai\/#breadcrumb\",\"itemListElement\":[{\"@type\":\"ListItem\",\"position\":1,\"name\":\"Home\",\"item\":\"https:\/\/www.librahotelnhatrang.com\/vi\/\"},{\"@type\":\"ListItem\",\"position\":2,\"name\":\"Ch\u01b0\u01a1ng tr\u00ecnh khuy\u1ebfn m\u00e3i\"}]},{\"@type\":\"WebSite\",\"@id\":\"https:\/\/www.librahotelnhatrang.com\/vi\/#website\",\"url\":\"https:\/\/www.librahotelnhatrang.com\/vi\/\",\"name\":\"Libra Hotel Nha Trang\",\"description\":\"\",\"potentialAction\":[{\"@type\":\"SearchAction\",\"target\":{\"@type\":\"EntryPoint\",\"urlTemplate\":\"https:\/\/www.librahotelnhatrang.com\/vi\/?s={search_term_string}\"},\"query-input\":\"required name=search_term_string\"}],\"inLanguage\":\"vi-VN\"}]}<\/script>\n<!-- \/ Yoast SEO plugin. -->","yoast_head_json":{"title":"\u01afu \u0111\u00e3i | Libra Hotel Nha Trang","description":"T\u1eadn h\u01b0\u1edfng c\u00e1c \u01b0u \u0111\u00e3i h\u1ea5p d\u1eabn nh\u1ea5t v\u1edbi m\u1ee9c gi\u00e1 t\u1ed1t, ph\u00f2ng linh ho\u1ea1t v\u00e0 tr\u1ea3i nghi\u1ec7m \u1ea9m th\u1ef1c \u0111\u1ed9c \u0111\u00e1o t\u1ea1i kh\u00e1ch s\u1ea1n trung t\u00e2m Nha Trang.","robots":{"index":"index","follow":"follow","max-snippet":"max-snippet:-1","max-image-preview":"max-image-preview:large","max-video-preview":"max-video-preview:-1"},"canonical":"https:\/\/www.librahotelnhatrang.com\/vi\/chuong-trinh-khuyen-mai\/","og_locale":"vi_VN","og_type":"article","og_title":"\u01afu \u0111\u00e3i | Libra Hotel Nha Trang","og_description":"T\u1eadn h\u01b0\u1edfng c\u00e1c \u01b0u \u0111\u00e3i h\u1ea5p d\u1eabn nh\u1ea5t v\u1edbi m\u1ee9c gi\u00e1 t\u1ed1t, ph\u00f2ng linh ho\u1ea1t v\u00e0 tr\u1ea3i nghi\u1ec7m \u1ea9m th\u1ef1c \u0111\u1ed9c \u0111\u00e1o t\u1ea1i kh\u00e1ch s\u1ea1n trung t\u00e2m Nha Trang.","og_url":"https:\/\/www.librahotelnhatrang.com\/vi\/chuong-trinh-khuyen-mai\/","og_site_name":"Libra Hotel Nha Trang","article_modified_time":"2026-04-23T01:46:41+00:00","og_image":[{"width":1996,"height":533,"url":"http:\/\/www.librahotelnhatrang.com\/wp-content\/uploads\/sites\/142\/2026\/04\/495538516_1260358382758868_5298372860581234149_n-e1776846356950.jpg","type":"image\/jpeg"}],"twitter_card":"summary_large_image","twitter_misc":{"Est. reading time":"1 minute"},"schema":{"@context":"https:\/\/schema.org","@graph":[{"@type":"WebPage","@id":"https:\/\/www.librahotelnhatrang.com\/vi\/chuong-trinh-khuyen-mai\/","url":"https:\/\/www.librahotelnhatrang.com\/vi\/chuong-trinh-khuyen-mai\/","name":"\u01afu \u0111\u00e3i | Libra Hotel Nha Trang","isPartOf":{"@id":"https:\/\/www.librahotelnhatrang.com\/vi\/#website"},"primaryImageOfPage":{"@id":"https:\/\/www.librahotelnhatrang.com\/vi\/chuong-trinh-khuyen-mai\/#primaryimage"},"image":{"@id":"https:\/\/www.librahotelnhatrang.com\/vi\/chuong-trinh-khuyen-mai\/#primaryimage"},"thumbnailUrl":"https:\/\/www.librahotelnhatrang.com\/wp-content\/uploads\/sites\/142\/2026\/04\/495538516_1260358382758868_5298372860581234149_n-e1776846356950.jpg","datePublished":"2026-01-06T09:31:02+00:00","dateModified":"2026-04-23T01:46:41+00:00","description":"T\u1eadn h\u01b0\u1edfng c\u00e1c \u01b0u \u0111\u00e3i h\u1ea5p d\u1eabn nh\u1ea5t v\u1edbi m\u1ee9c gi\u00e1 t\u1ed1t, ph\u00f2ng linh ho\u1ea1t v\u00e0 tr\u1ea3i nghi\u1ec7m \u1ea9m th\u1ef1c \u0111\u1ed9c \u0111\u00e1o t\u1ea1i kh\u00e1ch s\u1ea1n trung t\u00e2m Nha Trang.","breadcrumb":{"@id":"https:\/\/www.librahotelnhatrang.com\/vi\/chuong-trinh-khuyen-mai\/#breadcrumb"},"inLanguage":"vi-VN","potentialAction":[{"@type":"ReadAction","target":["https:\/\/www.librahotelnhatrang.com\/vi\/chuong-trinh-khuyen-mai\/"]}]},{"@type":"ImageObject","inLanguage":"vi-VN","@id":"https:\/\/www.librahotelnhatrang.com\/vi\/chuong-trinh-khuyen-mai\/#primaryimage","url":"https:\/\/www.librahotelnhatrang.com\/wp-content\/uploads\/sites\/142\/2026\/04\/495538516_1260358382758868_5298372860581234149_n-e1776846356950.jpg","contentUrl":"https:\/\/www.librahotelnhatrang.com\/wp-content\/uploads\/sites\/142\/2026\/04\/495538516_1260358382758868_5298372860581234149_n-e1776846356950.jpg","width":1996,"height":533,"caption":"\u01afu \u0111\u00e3i"},{"@type":"BreadcrumbList","@id":"https:\/\/www.librahotelnhatrang.com\/vi\/chuong-trinh-khuyen-mai\/#breadcrumb","itemListElement":[{"@type":"ListItem","position":1,"name":"Home","item":"https:\/\/www.librahotelnhatrang.com\/vi\/"},{"@type":"ListItem","position":2,"name":"Ch\u01b0\u01a1ng tr\u00ecnh khuy\u1ebfn m\u00e3i"}]},{"@type":"WebSite","@id":"https:\/\/www.librahotelnhatrang.com\/vi\/#website","url":"https:\/\/www.librahotelnhatrang.com\/vi\/","name":"Libra Hotel Nha Trang","description":"","potentialAction":[{"@type":"SearchAction","target":{"@type":"EntryPoint","urlTemplate":"https:\/\/www.librahotelnhatrang.com\/vi\/?s={search_term_string}"},"query-input":"required name=search_term_string"}],"inLanguage":"vi-VN"}]}},"acf":[],"_links":{"self":[{"href":"https:\/\/www.librahotelnhatrang.com\/vi\/wp-json\/wp\/v2\/pages\/105"}],"collection":[{"href":"https:\/\/www.librahotelnhatrang.com\/vi\/wp-json\/wp\/v2\/pages"}],"about":[{"href":"https:\/\/www.librahotelnhatrang.com\/vi\/wp-json\/wp\/v2\/types\/page"}],"author":[{"embeddable":true,"href":"https:\/\/www.librahotelnhatrang.com\/vi\/wp-json\/wp\/v2\/users\/269"}],"replies":[{"embeddable":true,"href":"https:\/\/www.librahotelnhatrang.com\/vi\/wp-json\/wp\/v2\/comments?post=105"}],"version-history":[{"count":0,"href":"https:\/\/www.librahotelnhatrang.com\/vi\/wp-json\/wp\/v2\/pages\/105\/revisions"}],"wp:featuredmedia":[{"embeddable":true,"href":"https:\/\/www.librahotelnhatrang.com\/vi\/wp-json\/wp\/v2\/media\/452"}],"wp:attachment":[{"href":"https:\/\/www.librahotelnhatrang.com\/vi\/wp-json\/wp\/v2\/media?parent=105"}],"curies":[{"name":"wp","href":"https:\/\/api.w.org\/{rel}","templated":true}]}}