{"id":106,"date":"2026-01-06T09:36:06","date_gmt":"2026-01-06T09:36:06","guid":{"rendered":"https:\/\/librahotelnhatrang.ms2.decms.asia\/?page_id=106"},"modified":"2026-02-05T07:54:16","modified_gmt":"2026-02-05T07:54:16","slug":"hera-spa","status":"publish","type":"page","link":"https:\/\/www.librahotelnhatrang.com\/vi\/facilities\/hera-spa\/","title":{"rendered":"HERA SPA"},"content":{"rendered":"<p>D\u00e0nh cho b\u1ea3n th\u00e2n kho\u1ea3ng kh\u00f4ng t\u0129nh l\u1eb7ng, \u0111\u1eafm m\u00ecnh trong li\u1ec7u ph\u00e1p x\u00f4ng h\u01a1i v\u00e0 ch\u0103m s\u00f3c c\u01a1 th\u1ec3 t\u1ea1i Hera Spa. \u0110\u1ec3 qu\u00fd kh\u00e1ch c\u00f3 nh\u1eefng gi\u00e2y ph\u00fat t\u00e1i t\u1ea1o th\u00e2n t\u00e2m tr\u1ecdn v\u1eb9n, ch\u00fang t\u00f4i mang \u0111\u1ebfn nh\u1eefng li\u1ec7u tr\u00ecnh th\u01b0 gi\u00e3n v\u00e0 l\u00e0m \u0111\u1eb9p chuy\u00ean nghi\u1ec7p, v\u1edbi tinh d\u1ea7u thi\u00ean nhi\u00ean v\u00e0 nguy\u00ean li\u1ec7u h\u1eefu c\u01a1 \u0111\u1ea3m b\u1ea3o an to\u00e0n.<\/p>\n<p>T\u1eadn h\u01b0\u1edfng c\u00e1c li\u1ec7u ph\u00e1p massage tinh t\u1ebf, ch\u0103m s\u00f3c c\u01a1 th\u1ec3 chuy\u00ean s\u00e2u t\u1ea1o n\u00ean h\u00e0nh tr\u00ecnh c\u00e2n b\u1eb1ng cho s\u1ee9c kh\u1ecfe th\u00e2n &#8211; t\u00e2m &#8211; tr\u00ed xuy\u00ean su\u1ed1t chuy\u1ebfn du l\u1ecbch t\u1ea1i ph\u1ed1 bi\u1ec3n.<\/p>\n<p>H\u00e3y d\u00e0nh cho b\u1ea3n th\u00e2n m\u1ed9t kho\u1ea3ng l\u1eb7ng, \u0111\u1ec3 t\u1eadn h\u01b0\u1edfng kh\u00f4ng gian sang tr\u1ecdng v\u00e0 d\u1ecbch v\u1ee5 t\u1eadn t\u00e2m t\u1eeb \u0111\u1ed9i ng\u0169 chuy\u00ean vi\u00ean tr\u1ecb li\u1ec7u t\u1ea1i Libra Hotel Nha Trang.<\/p>\n","protected":false},"excerpt":{"rendered":"<p>D\u00e0nh cho b\u1ea3n th\u00e2n kho\u1ea3ng kh\u00f4ng t\u0129nh l\u1eb7ng, \u0111\u1eafm m\u00ecnh trong li\u1ec7u ph\u00e1p x\u00f4ng h\u01a1i v\u00e0 ch\u0103m s\u00f3c c\u01a1 th\u1ec3 t\u1ea1i Hera Spa. \u0110\u1ec3 qu\u00fd kh\u00e1ch c\u00f3 nh\u1eefng gi\u00e2y ph\u00fat t\u00e1i t\u1ea1o th\u00e2n t\u00e2m tr\u1ecdn v\u1eb9n, ch\u00fang t\u00f4i mang \u0111\u1ebfn nh\u1eefng li\u1ec7u tr\u00ecnh th\u01b0 gi\u00e3n v\u00e0 l\u00e0m \u0111\u1eb9p chuy\u00ean nghi\u1ec7p, v\u1edbi tinh d\u1ea7u thi\u00ean nhi\u00ean [&hellip;]<\/p>\n","protected":false},"author":90,"featured_media":108,"parent":123,"menu_order":0,"comment_status":"closed","ping_status":"closed","template":"","meta":{"footnotes":""},"yoast_head":"<!-- This site is optimized with the Yoast SEO plugin v22.3 - https:\/\/yoast.com\/wordpress\/plugins\/seo\/ -->\n<title>Hera Spa | Libra Hotel Nha Trang<\/title>\n<meta name=\"description\" content=\"Ngh\u1ec7 thu\u1eadt tr\u1ecb li\u1ec7u to\u00e0n di\u1ec7n gi\u1eefa l\u00f2ng Nha Trang. \u0110\u1eb7t l\u1ecbch ngay \u0111\u1ec3 t\u00e1i t\u1ea1o n\u0103ng l\u01b0\u1ee3ng v\u00e0 th\u01b0 gi\u00e3n s\u00e2u.\" \/>\n<meta name=\"robots\" content=\"index, follow, max-snippet:-1, max-image-preview:large, max-video-preview:-1\" \/>\n<link rel=\"canonical\" href=\"https:\/\/www.librahotelnhatrang.com\/vi\/facilities\/hera-spa\/\" \/>\n<meta property=\"og:locale\" content=\"vi_VN\" \/>\n<meta property=\"og:type\" content=\"article\" \/>\n<meta property=\"og:title\" content=\"Hera Spa | Libra Hotel Nha Trang\" \/>\n<meta property=\"og:description\" content=\"Ngh\u1ec7 thu\u1eadt tr\u1ecb li\u1ec7u to\u00e0n di\u1ec7n gi\u1eefa l\u00f2ng Nha Trang. \u0110\u1eb7t l\u1ecbch ngay \u0111\u1ec3 t\u00e1i t\u1ea1o n\u0103ng l\u01b0\u1ee3ng v\u00e0 th\u01b0 gi\u00e3n s\u00e2u.\" \/>\n<meta property=\"og:url\" content=\"https:\/\/www.librahotelnhatrang.com\/vi\/facilities\/hera-spa\/\" \/>\n<meta property=\"og:site_name\" content=\"Libra Hotel Nha Trang\" \/>\n<meta property=\"article:modified_time\" content=\"2026-02-05T07:54:16+00:00\" \/>\n<meta property=\"og:image\" content=\"https:\/\/www.librahotelnhatrang.com\/wp-content\/uploads\/sites\/142\/2026\/01\/Libra_29.jpg\" \/>\n\t<meta property=\"og:image:width\" content=\"2200\" \/>\n\t<meta property=\"og:image:height\" content=\"1467\" \/>\n\t<meta property=\"og:image:type\" content=\"image\/jpeg\" \/>\n<meta name=\"twitter:card\" content=\"summary_large_image\" \/>\n<meta name=\"twitter:label1\" content=\"Est. reading time\" \/>\n\t<meta name=\"twitter:data1\" content=\"1 minute\" \/>\n<script type=\"application\/ld+json\" class=\"yoast-schema-graph\">{\"@context\":\"https:\/\/schema.org\",\"@graph\":[{\"@type\":\"WebPage\",\"@id\":\"https:\/\/www.librahotelnhatrang.com\/vi\/facilities\/hera-spa\/\",\"url\":\"https:\/\/www.librahotelnhatrang.com\/vi\/facilities\/hera-spa\/\",\"name\":\"Hera Spa | Libra Hotel Nha Trang\",\"isPartOf\":{\"@id\":\"https:\/\/www.librahotelnhatrang.com\/vi\/#website\"},\"primaryImageOfPage\":{\"@id\":\"https:\/\/www.librahotelnhatrang.com\/vi\/facilities\/hera-spa\/#primaryimage\"},\"image\":{\"@id\":\"https:\/\/www.librahotelnhatrang.com\/vi\/facilities\/hera-spa\/#primaryimage\"},\"thumbnailUrl\":\"https:\/\/www.librahotelnhatrang.com\/wp-content\/uploads\/sites\/142\/2026\/01\/Libra_29.jpg\",\"datePublished\":\"2026-01-06T09:36:06+00:00\",\"dateModified\":\"2026-02-05T07:54:16+00:00\",\"description\":\"Ngh\u1ec7 thu\u1eadt tr\u1ecb li\u1ec7u to\u00e0n di\u1ec7n gi\u1eefa l\u00f2ng Nha Trang. \u0110\u1eb7t l\u1ecbch ngay \u0111\u1ec3 t\u00e1i t\u1ea1o n\u0103ng l\u01b0\u1ee3ng v\u00e0 th\u01b0 gi\u00e3n s\u00e2u.\",\"breadcrumb\":{\"@id\":\"https:\/\/www.librahotelnhatrang.com\/vi\/facilities\/hera-spa\/#breadcrumb\"},\"inLanguage\":\"vi-VN\",\"potentialAction\":[{\"@type\":\"ReadAction\",\"target\":[\"https:\/\/www.librahotelnhatrang.com\/vi\/facilities\/hera-spa\/\"]}]},{\"@type\":\"ImageObject\",\"inLanguage\":\"vi-VN\",\"@id\":\"https:\/\/www.librahotelnhatrang.com\/vi\/facilities\/hera-spa\/#primaryimage\",\"url\":\"https:\/\/www.librahotelnhatrang.com\/wp-content\/uploads\/sites\/142\/2026\/01\/Libra_29.jpg\",\"contentUrl\":\"https:\/\/www.librahotelnhatrang.com\/wp-content\/uploads\/sites\/142\/2026\/01\/Libra_29.jpg\",\"width\":2200,\"height\":1467},{\"@type\":\"BreadcrumbList\",\"@id\":\"https:\/\/www.librahotelnhatrang.com\/vi\/facilities\/hera-spa\/#breadcrumb\",\"itemListElement\":[{\"@type\":\"ListItem\",\"position\":1,\"name\":\"Home\",\"item\":\"https:\/\/www.librahotelnhatrang.com\/vi\/\"},{\"@type\":\"ListItem\",\"position\":2,\"name\":\"Ti\u1ec7n \u00edch\",\"item\":\"https:\/\/www.librahotelnhatrang.com\/vi\/facilities\/\"},{\"@type\":\"ListItem\",\"position\":3,\"name\":\"HERA SPA\"}]},{\"@type\":\"WebSite\",\"@id\":\"https:\/\/www.librahotelnhatrang.com\/vi\/#website\",\"url\":\"https:\/\/www.librahotelnhatrang.com\/vi\/\",\"name\":\"Libra Hotel Nha Trang\",\"description\":\"\",\"potentialAction\":[{\"@type\":\"SearchAction\",\"target\":{\"@type\":\"EntryPoint\",\"urlTemplate\":\"https:\/\/www.librahotelnhatrang.com\/vi\/?s={search_term_string}\"},\"query-input\":\"required name=search_term_string\"}],\"inLanguage\":\"vi-VN\"}]}<\/script>\n<!-- \/ Yoast SEO plugin. -->","yoast_head_json":{"title":"Hera Spa | Libra Hotel Nha Trang","description":"Ngh\u1ec7 thu\u1eadt tr\u1ecb li\u1ec7u to\u00e0n di\u1ec7n gi\u1eefa l\u00f2ng Nha Trang. \u0110\u1eb7t l\u1ecbch ngay \u0111\u1ec3 t\u00e1i t\u1ea1o n\u0103ng l\u01b0\u1ee3ng v\u00e0 th\u01b0 gi\u00e3n s\u00e2u.","robots":{"index":"index","follow":"follow","max-snippet":"max-snippet:-1","max-image-preview":"max-image-preview:large","max-video-preview":"max-video-preview:-1"},"canonical":"https:\/\/www.librahotelnhatrang.com\/vi\/facilities\/hera-spa\/","og_locale":"vi_VN","og_type":"article","og_title":"Hera Spa | Libra Hotel Nha Trang","og_description":"Ngh\u1ec7 thu\u1eadt tr\u1ecb li\u1ec7u to\u00e0n di\u1ec7n gi\u1eefa l\u00f2ng Nha Trang. \u0110\u1eb7t l\u1ecbch ngay \u0111\u1ec3 t\u00e1i t\u1ea1o n\u0103ng l\u01b0\u1ee3ng v\u00e0 th\u01b0 gi\u00e3n s\u00e2u.","og_url":"https:\/\/www.librahotelnhatrang.com\/vi\/facilities\/hera-spa\/","og_site_name":"Libra Hotel Nha Trang","article_modified_time":"2026-02-05T07:54:16+00:00","og_image":[{"width":2200,"height":1467,"url":"https:\/\/www.librahotelnhatrang.com\/wp-content\/uploads\/sites\/142\/2026\/01\/Libra_29.jpg","type":"image\/jpeg"}],"twitter_card":"summary_large_image","twitter_misc":{"Est. reading time":"1 minute"},"schema":{"@context":"https:\/\/schema.org","@graph":[{"@type":"WebPage","@id":"https:\/\/www.librahotelnhatrang.com\/vi\/facilities\/hera-spa\/","url":"https:\/\/www.librahotelnhatrang.com\/vi\/facilities\/hera-spa\/","name":"Hera Spa | Libra Hotel Nha Trang","isPartOf":{"@id":"https:\/\/www.librahotelnhatrang.com\/vi\/#website"},"primaryImageOfPage":{"@id":"https:\/\/www.librahotelnhatrang.com\/vi\/facilities\/hera-spa\/#primaryimage"},"image":{"@id":"https:\/\/www.librahotelnhatrang.com\/vi\/facilities\/hera-spa\/#primaryimage"},"thumbnailUrl":"https:\/\/www.librahotelnhatrang.com\/wp-content\/uploads\/sites\/142\/2026\/01\/Libra_29.jpg","datePublished":"2026-01-06T09:36:06+00:00","dateModified":"2026-02-05T07:54:16+00:00","description":"Ngh\u1ec7 thu\u1eadt tr\u1ecb li\u1ec7u to\u00e0n di\u1ec7n gi\u1eefa l\u00f2ng Nha Trang. \u0110\u1eb7t l\u1ecbch ngay \u0111\u1ec3 t\u00e1i t\u1ea1o n\u0103ng l\u01b0\u1ee3ng v\u00e0 th\u01b0 gi\u00e3n s\u00e2u.","breadcrumb":{"@id":"https:\/\/www.librahotelnhatrang.com\/vi\/facilities\/hera-spa\/#breadcrumb"},"inLanguage":"vi-VN","potentialAction":[{"@type":"ReadAction","target":["https:\/\/www.librahotelnhatrang.com\/vi\/facilities\/hera-spa\/"]}]},{"@type":"ImageObject","inLanguage":"vi-VN","@id":"https:\/\/www.librahotelnhatrang.com\/vi\/facilities\/hera-spa\/#primaryimage","url":"https:\/\/www.librahotelnhatrang.com\/wp-content\/uploads\/sites\/142\/2026\/01\/Libra_29.jpg","contentUrl":"https:\/\/www.librahotelnhatrang.com\/wp-content\/uploads\/sites\/142\/2026\/01\/Libra_29.jpg","width":2200,"height":1467},{"@type":"BreadcrumbList","@id":"https:\/\/www.librahotelnhatrang.com\/vi\/facilities\/hera-spa\/#breadcrumb","itemListElement":[{"@type":"ListItem","position":1,"name":"Home","item":"https:\/\/www.librahotelnhatrang.com\/vi\/"},{"@type":"ListItem","position":2,"name":"Ti\u1ec7n \u00edch","item":"https:\/\/www.librahotelnhatrang.com\/vi\/facilities\/"},{"@type":"ListItem","position":3,"name":"HERA SPA"}]},{"@type":"WebSite","@id":"https:\/\/www.librahotelnhatrang.com\/vi\/#website","url":"https:\/\/www.librahotelnhatrang.com\/vi\/","name":"Libra Hotel Nha Trang","description":"","potentialAction":[{"@type":"SearchAction","target":{"@type":"EntryPoint","urlTemplate":"https:\/\/www.librahotelnhatrang.com\/vi\/?s={search_term_string}"},"query-input":"required name=search_term_string"}],"inLanguage":"vi-VN"}]}},"acf":[],"_links":{"self":[{"href":"https:\/\/www.librahotelnhatrang.com\/vi\/wp-json\/wp\/v2\/pages\/106"}],"collection":[{"href":"https:\/\/www.librahotelnhatrang.com\/vi\/wp-json\/wp\/v2\/pages"}],"about":[{"href":"https:\/\/www.librahotelnhatrang.com\/vi\/wp-json\/wp\/v2\/types\/page"}],"author":[{"embeddable":true,"href":"https:\/\/www.librahotelnhatrang.com\/vi\/wp-json\/wp\/v2\/users\/90"}],"replies":[{"embeddable":true,"href":"https:\/\/www.librahotelnhatrang.com\/vi\/wp-json\/wp\/v2\/comments?post=106"}],"version-history":[{"count":0,"href":"https:\/\/www.librahotelnhatrang.com\/vi\/wp-json\/wp\/v2\/pages\/106\/revisions"}],"up":[{"embeddable":true,"href":"https:\/\/www.librahotelnhatrang.com\/vi\/wp-json\/wp\/v2\/pages\/123"}],"wp:featuredmedia":[{"embeddable":true,"href":"https:\/\/www.librahotelnhatrang.com\/vi\/wp-json\/wp\/v2\/media\/108"}],"wp:attachment":[{"href":"https:\/\/www.librahotelnhatrang.com\/vi\/wp-json\/wp\/v2\/media?parent=106"}],"curies":[{"name":"wp","href":"https:\/\/api.w.org\/{rel}","templated":true}]}}