{"id":116,"date":"2026-01-06T09:40:26","date_gmt":"2026-01-06T09:40:26","guid":{"rendered":"https:\/\/librahotelnhatrang.ms2.decms.asia\/?page_id=116"},"modified":"2026-02-05T08:09:24","modified_gmt":"2026-02-05T08:09:24","slug":"swimming-pool","status":"publish","type":"page","link":"https:\/\/www.librahotelnhatrang.com\/vi\/facilities\/swimming-pool\/","title":{"rendered":"H\u1ed2 B\u01a0I RI\u00caNG"},"content":{"rendered":"<p>\u0110\u1eafm m\u00ecnh trong l\u00e0n n\u01b0\u1edbc m\u00e1t m\u1ebb, t\u1eadn h\u01b0\u1edfng gi\u00e2y ph\u00fat s\u1ea3ng kho\u00e1i t\u1ea1i h\u1ed3 b\u01a1i c\u1ee7a kh\u00e1ch s\u1ea1n Libra Hotel. H\u00e3y \u0111\u1ec3 c\u01a1 th\u1ec3 c\u00f3 gi\u00e2y ph\u00fat \u0111\u01b0\u1ee3c th\u1ea3 l\u1ecfng, \u0111\u00f3n n\u1eafng v\u00e0ng d\u1ecbu nh\u1eb9 v\u00e0 ng\u1eafm nh\u00ecn khung c\u1ea3nh th\u00e0nh ph\u1ed1 t\u1eeb t\u1ea7ng 27 c\u1ee7a kh\u00e1ch s\u1ea1n.<br \/>\nNgo\u00e0i ra, b\u1ea1n c\u00f3 th\u1ec3 t\u1eadn h\u01b0\u1edfng nh\u1eefng ly cocktail thanh m\u00e1t, s\u1eed d\u1ee5ng Afternoon Tea t\u1ea1i h\u1ed3 b\u01a1i. V\u1edbi d\u1ecbch v\u1ee5 chu \u0111\u00e1o c\u00f9ng n\u0103ng l\u01b0\u1ee3ng t\u01b0\u01a1i m\u1edbi, s\u1ebd mang l\u1ea1i cho b\u1ea1n c\u1ea3m gi\u00e1c th\u01b0 th\u00e1i tuy\u1ec7t \u0111\u1ed1i trong chuy\u1ebfn ngh\u1ec9 d\u01b0\u1ee1ng t\u1ea1i Nha Trang.<\/p>\n<p><strong>H\u1ed3 b\u01a1i mi\u1ec5n ph\u00ed cho kh\u00e1ch l\u01b0u tr\u00fa<\/strong><\/p>\n","protected":false},"excerpt":{"rendered":"<p>\u0110\u1eafm m\u00ecnh trong l\u00e0n n\u01b0\u1edbc m\u00e1t m\u1ebb, t\u1eadn h\u01b0\u1edfng gi\u00e2y ph\u00fat s\u1ea3ng kho\u00e1i t\u1ea1i h\u1ed3 b\u01a1i c\u1ee7a kh\u00e1ch s\u1ea1n Libra Hotel. H\u00e3y \u0111\u1ec3 c\u01a1 th\u1ec3 c\u00f3 gi\u00e2y ph\u00fat \u0111\u01b0\u1ee3c th\u1ea3 l\u1ecfng, \u0111\u00f3n n\u1eafng v\u00e0ng d\u1ecbu nh\u1eb9 v\u00e0 ng\u1eafm nh\u00ecn khung c\u1ea3nh th\u00e0nh ph\u1ed1 t\u1eeb t\u1ea7ng 27 c\u1ee7a kh\u00e1ch s\u1ea1n. Ngo\u00e0i ra, b\u1ea1n c\u00f3 th\u1ec3 t\u1eadn [&hellip;]<\/p>\n","protected":false},"author":90,"featured_media":117,"parent":123,"menu_order":1,"comment_status":"closed","ping_status":"closed","template":"","meta":{"footnotes":""},"yoast_head":"<!-- This site is optimized with the Yoast SEO plugin v22.3 - https:\/\/yoast.com\/wordpress\/plugins\/seo\/ -->\n<title>Swimming Pool| Libra Hotel Nha Trang<\/title>\n<meta name=\"description\" content=\"T\u1eadn h\u01b0\u1edfng d\u00f2ng n\u01b0\u1edbc m\u00e1t l\u00e0nh t\u1ea1i h\u1ed3i b\u01a1i ri\u00eang t\u01b0 gi\u1eefa trung t\u00e2m th\u00e0nh ph\u1ed1.\" \/>\n<meta name=\"robots\" content=\"index, follow, max-snippet:-1, max-image-preview:large, max-video-preview:-1\" \/>\n<link rel=\"canonical\" href=\"https:\/\/www.librahotelnhatrang.com\/vi\/facilities\/swimming-pool\/\" \/>\n<meta property=\"og:locale\" content=\"vi_VN\" \/>\n<meta property=\"og:type\" content=\"article\" \/>\n<meta property=\"og:title\" content=\"Swimming Pool| Libra Hotel Nha Trang\" \/>\n<meta property=\"og:description\" content=\"T\u1eadn h\u01b0\u1edfng d\u00f2ng n\u01b0\u1edbc m\u00e1t l\u00e0nh t\u1ea1i h\u1ed3i b\u01a1i ri\u00eang t\u01b0 gi\u1eefa trung t\u00e2m th\u00e0nh ph\u1ed1.\" \/>\n<meta property=\"og:url\" content=\"https:\/\/www.librahotelnhatrang.com\/vi\/facilities\/swimming-pool\/\" \/>\n<meta property=\"og:site_name\" content=\"Libra Hotel Nha Trang\" \/>\n<meta property=\"article:modified_time\" content=\"2026-02-05T08:09:24+00:00\" \/>\n<meta property=\"og:image\" content=\"https:\/\/www.librahotelnhatrang.com\/wp-content\/uploads\/sites\/142\/2026\/01\/Libra_111.jpg\" \/>\n\t<meta property=\"og:image:width\" content=\"1467\" \/>\n\t<meta property=\"og:image:height\" content=\"2200\" \/>\n\t<meta property=\"og:image:type\" content=\"image\/jpeg\" \/>\n<meta name=\"twitter:card\" content=\"summary_large_image\" \/>\n<meta name=\"twitter:label1\" content=\"Est. reading time\" \/>\n\t<meta name=\"twitter:data1\" content=\"1 minute\" \/>\n<script type=\"application\/ld+json\" class=\"yoast-schema-graph\">{\"@context\":\"https:\/\/schema.org\",\"@graph\":[{\"@type\":\"WebPage\",\"@id\":\"https:\/\/www.librahotelnhatrang.com\/vi\/facilities\/swimming-pool\/\",\"url\":\"https:\/\/www.librahotelnhatrang.com\/vi\/facilities\/swimming-pool\/\",\"name\":\"Swimming Pool| Libra Hotel Nha Trang\",\"isPartOf\":{\"@id\":\"https:\/\/www.librahotelnhatrang.com\/vi\/#website\"},\"primaryImageOfPage\":{\"@id\":\"https:\/\/www.librahotelnhatrang.com\/vi\/facilities\/swimming-pool\/#primaryimage\"},\"image\":{\"@id\":\"https:\/\/www.librahotelnhatrang.com\/vi\/facilities\/swimming-pool\/#primaryimage\"},\"thumbnailUrl\":\"https:\/\/www.librahotelnhatrang.com\/wp-content\/uploads\/sites\/142\/2026\/01\/Libra_111.jpg\",\"datePublished\":\"2026-01-06T09:40:26+00:00\",\"dateModified\":\"2026-02-05T08:09:24+00:00\",\"description\":\"T\u1eadn h\u01b0\u1edfng d\u00f2ng n\u01b0\u1edbc m\u00e1t l\u00e0nh t\u1ea1i h\u1ed3i b\u01a1i ri\u00eang t\u01b0 gi\u1eefa trung t\u00e2m th\u00e0nh ph\u1ed1.\",\"breadcrumb\":{\"@id\":\"https:\/\/www.librahotelnhatrang.com\/vi\/facilities\/swimming-pool\/#breadcrumb\"},\"inLanguage\":\"vi-VN\",\"potentialAction\":[{\"@type\":\"ReadAction\",\"target\":[\"https:\/\/www.librahotelnhatrang.com\/vi\/facilities\/swimming-pool\/\"]}]},{\"@type\":\"ImageObject\",\"inLanguage\":\"vi-VN\",\"@id\":\"https:\/\/www.librahotelnhatrang.com\/vi\/facilities\/swimming-pool\/#primaryimage\",\"url\":\"https:\/\/www.librahotelnhatrang.com\/wp-content\/uploads\/sites\/142\/2026\/01\/Libra_111.jpg\",\"contentUrl\":\"https:\/\/www.librahotelnhatrang.com\/wp-content\/uploads\/sites\/142\/2026\/01\/Libra_111.jpg\",\"width\":1467,\"height\":2200},{\"@type\":\"BreadcrumbList\",\"@id\":\"https:\/\/www.librahotelnhatrang.com\/vi\/facilities\/swimming-pool\/#breadcrumb\",\"itemListElement\":[{\"@type\":\"ListItem\",\"position\":1,\"name\":\"Home\",\"item\":\"https:\/\/www.librahotelnhatrang.com\/vi\/\"},{\"@type\":\"ListItem\",\"position\":2,\"name\":\"Ti\u1ec7n \u00edch\",\"item\":\"https:\/\/www.librahotelnhatrang.com\/vi\/facilities\/\"},{\"@type\":\"ListItem\",\"position\":3,\"name\":\"H\u1ed2 B\u01a0I RI\u00caNG\"}]},{\"@type\":\"WebSite\",\"@id\":\"https:\/\/www.librahotelnhatrang.com\/vi\/#website\",\"url\":\"https:\/\/www.librahotelnhatrang.com\/vi\/\",\"name\":\"Libra Hotel Nha Trang\",\"description\":\"\",\"potentialAction\":[{\"@type\":\"SearchAction\",\"target\":{\"@type\":\"EntryPoint\",\"urlTemplate\":\"https:\/\/www.librahotelnhatrang.com\/vi\/?s={search_term_string}\"},\"query-input\":\"required name=search_term_string\"}],\"inLanguage\":\"vi-VN\"}]}<\/script>\n<!-- \/ Yoast SEO plugin. -->","yoast_head_json":{"title":"Swimming Pool| Libra Hotel Nha Trang","description":"T\u1eadn h\u01b0\u1edfng d\u00f2ng n\u01b0\u1edbc m\u00e1t l\u00e0nh t\u1ea1i h\u1ed3i b\u01a1i ri\u00eang t\u01b0 gi\u1eefa trung t\u00e2m th\u00e0nh ph\u1ed1.","robots":{"index":"index","follow":"follow","max-snippet":"max-snippet:-1","max-image-preview":"max-image-preview:large","max-video-preview":"max-video-preview:-1"},"canonical":"https:\/\/www.librahotelnhatrang.com\/vi\/facilities\/swimming-pool\/","og_locale":"vi_VN","og_type":"article","og_title":"Swimming Pool| Libra Hotel Nha Trang","og_description":"T\u1eadn h\u01b0\u1edfng d\u00f2ng n\u01b0\u1edbc m\u00e1t l\u00e0nh t\u1ea1i h\u1ed3i b\u01a1i ri\u00eang t\u01b0 gi\u1eefa trung t\u00e2m th\u00e0nh ph\u1ed1.","og_url":"https:\/\/www.librahotelnhatrang.com\/vi\/facilities\/swimming-pool\/","og_site_name":"Libra Hotel Nha Trang","article_modified_time":"2026-02-05T08:09:24+00:00","og_image":[{"width":1467,"height":2200,"url":"https:\/\/www.librahotelnhatrang.com\/wp-content\/uploads\/sites\/142\/2026\/01\/Libra_111.jpg","type":"image\/jpeg"}],"twitter_card":"summary_large_image","twitter_misc":{"Est. reading time":"1 minute"},"schema":{"@context":"https:\/\/schema.org","@graph":[{"@type":"WebPage","@id":"https:\/\/www.librahotelnhatrang.com\/vi\/facilities\/swimming-pool\/","url":"https:\/\/www.librahotelnhatrang.com\/vi\/facilities\/swimming-pool\/","name":"Swimming Pool| Libra Hotel Nha Trang","isPartOf":{"@id":"https:\/\/www.librahotelnhatrang.com\/vi\/#website"},"primaryImageOfPage":{"@id":"https:\/\/www.librahotelnhatrang.com\/vi\/facilities\/swimming-pool\/#primaryimage"},"image":{"@id":"https:\/\/www.librahotelnhatrang.com\/vi\/facilities\/swimming-pool\/#primaryimage"},"thumbnailUrl":"https:\/\/www.librahotelnhatrang.com\/wp-content\/uploads\/sites\/142\/2026\/01\/Libra_111.jpg","datePublished":"2026-01-06T09:40:26+00:00","dateModified":"2026-02-05T08:09:24+00:00","description":"T\u1eadn h\u01b0\u1edfng d\u00f2ng n\u01b0\u1edbc m\u00e1t l\u00e0nh t\u1ea1i h\u1ed3i b\u01a1i ri\u00eang t\u01b0 gi\u1eefa trung t\u00e2m th\u00e0nh ph\u1ed1.","breadcrumb":{"@id":"https:\/\/www.librahotelnhatrang.com\/vi\/facilities\/swimming-pool\/#breadcrumb"},"inLanguage":"vi-VN","potentialAction":[{"@type":"ReadAction","target":["https:\/\/www.librahotelnhatrang.com\/vi\/facilities\/swimming-pool\/"]}]},{"@type":"ImageObject","inLanguage":"vi-VN","@id":"https:\/\/www.librahotelnhatrang.com\/vi\/facilities\/swimming-pool\/#primaryimage","url":"https:\/\/www.librahotelnhatrang.com\/wp-content\/uploads\/sites\/142\/2026\/01\/Libra_111.jpg","contentUrl":"https:\/\/www.librahotelnhatrang.com\/wp-content\/uploads\/sites\/142\/2026\/01\/Libra_111.jpg","width":1467,"height":2200},{"@type":"BreadcrumbList","@id":"https:\/\/www.librahotelnhatrang.com\/vi\/facilities\/swimming-pool\/#breadcrumb","itemListElement":[{"@type":"ListItem","position":1,"name":"Home","item":"https:\/\/www.librahotelnhatrang.com\/vi\/"},{"@type":"ListItem","position":2,"name":"Ti\u1ec7n \u00edch","item":"https:\/\/www.librahotelnhatrang.com\/vi\/facilities\/"},{"@type":"ListItem","position":3,"name":"H\u1ed2 B\u01a0I RI\u00caNG"}]},{"@type":"WebSite","@id":"https:\/\/www.librahotelnhatrang.com\/vi\/#website","url":"https:\/\/www.librahotelnhatrang.com\/vi\/","name":"Libra Hotel Nha Trang","description":"","potentialAction":[{"@type":"SearchAction","target":{"@type":"EntryPoint","urlTemplate":"https:\/\/www.librahotelnhatrang.com\/vi\/?s={search_term_string}"},"query-input":"required name=search_term_string"}],"inLanguage":"vi-VN"}]}},"acf":[],"_links":{"self":[{"href":"https:\/\/www.librahotelnhatrang.com\/vi\/wp-json\/wp\/v2\/pages\/116"}],"collection":[{"href":"https:\/\/www.librahotelnhatrang.com\/vi\/wp-json\/wp\/v2\/pages"}],"about":[{"href":"https:\/\/www.librahotelnhatrang.com\/vi\/wp-json\/wp\/v2\/types\/page"}],"author":[{"embeddable":true,"href":"https:\/\/www.librahotelnhatrang.com\/vi\/wp-json\/wp\/v2\/users\/90"}],"replies":[{"embeddable":true,"href":"https:\/\/www.librahotelnhatrang.com\/vi\/wp-json\/wp\/v2\/comments?post=116"}],"version-history":[{"count":0,"href":"https:\/\/www.librahotelnhatrang.com\/vi\/wp-json\/wp\/v2\/pages\/116\/revisions"}],"up":[{"embeddable":true,"href":"https:\/\/www.librahotelnhatrang.com\/vi\/wp-json\/wp\/v2\/pages\/123"}],"wp:featuredmedia":[{"embeddable":true,"href":"https:\/\/www.librahotelnhatrang.com\/vi\/wp-json\/wp\/v2\/media\/117"}],"wp:attachment":[{"href":"https:\/\/www.librahotelnhatrang.com\/vi\/wp-json\/wp\/v2\/media?parent=116"}],"curies":[{"name":"wp","href":"https:\/\/api.w.org\/{rel}","templated":true}]}}