{"id":124,"date":"2026-01-06T09:45:48","date_gmt":"2026-01-06T09:45:48","guid":{"rendered":"https:\/\/librahotelnhatrang.ms2.decms.asia\/?page_id=124"},"modified":"2026-02-05T07:49:35","modified_gmt":"2026-02-05T07:49:35","slug":"gym-fitness-center","status":"publish","type":"page","link":"https:\/\/www.librahotelnhatrang.com\/vi\/facilities\/gym-fitness-center\/","title":{"rendered":"TRUNG T\u00c2M TH\u1ec2 D\u1ee4C D\u1ee4NG C\u1ee4"},"content":{"rendered":"<p>Gi\u1eef g\u00ecn th\u00f3i quen luy\u1ec7n t\u1eadp ngay c\u1ea3 trong k\u1ef3 ngh\u1ec9 t\u1ea1i ph\u00f2ng gym ri\u00eang t\u01b0 c\u1ee7a Libra Hotel Nha Trang. Kh\u00f4ng gian \u0111\u01b0\u1ee3c trang b\u1ecb \u0111\u1ea7y \u0111\u1ee7 m\u00e1y m\u00f3c v\u00e0 thi\u1ebft b\u1ecb t\u1eadp, \u0111\u00e1p \u1ee9ng nhu c\u1ea7u t\u1eadp luy\u1ec7n t\u1eeb cardio, \u0111\u1ebfn r\u00e8n luy\u1ec7n s\u1ee9c m\u1ea1nh c\u01a1 b\u1eafp. Ph\u00f2ng gym mang \u0111\u1ebfn cho b\u1ea1n ngu\u1ed3n n\u0103ng l\u01b0\u1ee3ng d\u1ed3i d\u00e0o, gi\u00fap b\u1ea1n c\u00f3 th\u00eam h\u1ee9ng kh\u1edfi v\u00e0 \u0111am m\u00ea kh\u00e1m ph\u00e1 cho chuy\u1ebfn du l\u1ecbch.<\/p>\n<p><strong>Ph\u00f2ng Gym mi\u1ec5n ph\u00ed cho kh\u00e1ch l\u01b0u tr\u00fa<\/strong><\/p>\n","protected":false},"excerpt":{"rendered":"<p>Gi\u1eef g\u00ecn th\u00f3i quen luy\u1ec7n t\u1eadp ngay c\u1ea3 trong k\u1ef3 ngh\u1ec9 t\u1ea1i ph\u00f2ng gym ri\u00eang t\u01b0 c\u1ee7a Libra Hotel Nha Trang. Kh\u00f4ng gian \u0111\u01b0\u1ee3c trang b\u1ecb \u0111\u1ea7y \u0111\u1ee7 m\u00e1y m\u00f3c v\u00e0 thi\u1ebft b\u1ecb t\u1eadp, \u0111\u00e1p \u1ee9ng nhu c\u1ea7u t\u1eadp luy\u1ec7n t\u1eeb cardio, \u0111\u1ebfn r\u00e8n luy\u1ec7n s\u1ee9c m\u1ea1nh c\u01a1 b\u1eafp. Ph\u00f2ng gym mang \u0111\u1ebfn cho b\u1ea1n [&hellip;]<\/p>\n","protected":false},"author":90,"featured_media":125,"parent":123,"menu_order":2,"comment_status":"closed","ping_status":"closed","template":"","meta":{"footnotes":""},"yoast_head":"<!-- This site is optimized with the Yoast SEO plugin v22.3 - https:\/\/yoast.com\/wordpress\/plugins\/seo\/ -->\n<title>Gym &amp; Fitness Center| Libra Hotel Nha Trang<\/title>\n<meta name=\"description\" content=\"Duy tr\u00ec s\u1ee9c kh\u1ecfe th\u1ec3 ch\u1ea5t xuy\u00ean su\u1ed1t k\u1ef3 ngh\u1ec9 c\u1ee7a b\u1ea1n.\" \/>\n<meta name=\"robots\" content=\"index, follow, max-snippet:-1, max-image-preview:large, max-video-preview:-1\" \/>\n<link rel=\"canonical\" href=\"https:\/\/www.librahotelnhatrang.com\/vi\/facilities\/gym-fitness-center\/\" \/>\n<meta property=\"og:locale\" content=\"vi_VN\" \/>\n<meta property=\"og:type\" content=\"article\" \/>\n<meta property=\"og:title\" content=\"Gym &amp; Fitness Center| Libra Hotel Nha Trang\" \/>\n<meta property=\"og:description\" content=\"Duy tr\u00ec s\u1ee9c kh\u1ecfe th\u1ec3 ch\u1ea5t xuy\u00ean su\u1ed1t k\u1ef3 ngh\u1ec9 c\u1ee7a b\u1ea1n.\" \/>\n<meta property=\"og:url\" content=\"https:\/\/www.librahotelnhatrang.com\/vi\/facilities\/gym-fitness-center\/\" \/>\n<meta property=\"og:site_name\" content=\"Libra Hotel Nha Trang\" \/>\n<meta property=\"article:modified_time\" content=\"2026-02-05T07:49:35+00:00\" \/>\n<meta property=\"og:image\" content=\"https:\/\/www.librahotelnhatrang.com\/wp-content\/uploads\/sites\/142\/2026\/01\/495922453_1260366722758034_7905647934350482150_n.jpg\" \/>\n\t<meta property=\"og:image:width\" content=\"2200\" \/>\n\t<meta property=\"og:image:height\" content=\"2200\" \/>\n\t<meta property=\"og:image:type\" content=\"image\/jpeg\" \/>\n<meta name=\"twitter:card\" content=\"summary_large_image\" \/>\n<meta name=\"twitter:label1\" content=\"Est. reading time\" \/>\n\t<meta name=\"twitter:data1\" content=\"1 minute\" \/>\n<script type=\"application\/ld+json\" class=\"yoast-schema-graph\">{\"@context\":\"https:\/\/schema.org\",\"@graph\":[{\"@type\":\"WebPage\",\"@id\":\"https:\/\/www.librahotelnhatrang.com\/vi\/facilities\/gym-fitness-center\/\",\"url\":\"https:\/\/www.librahotelnhatrang.com\/vi\/facilities\/gym-fitness-center\/\",\"name\":\"Gym & Fitness Center| Libra Hotel Nha Trang\",\"isPartOf\":{\"@id\":\"https:\/\/www.librahotelnhatrang.com\/vi\/#website\"},\"primaryImageOfPage\":{\"@id\":\"https:\/\/www.librahotelnhatrang.com\/vi\/facilities\/gym-fitness-center\/#primaryimage\"},\"image\":{\"@id\":\"https:\/\/www.librahotelnhatrang.com\/vi\/facilities\/gym-fitness-center\/#primaryimage\"},\"thumbnailUrl\":\"https:\/\/www.librahotelnhatrang.com\/wp-content\/uploads\/sites\/142\/2026\/01\/495922453_1260366722758034_7905647934350482150_n.jpg\",\"datePublished\":\"2026-01-06T09:45:48+00:00\",\"dateModified\":\"2026-02-05T07:49:35+00:00\",\"description\":\"Duy tr\u00ec s\u1ee9c kh\u1ecfe th\u1ec3 ch\u1ea5t xuy\u00ean su\u1ed1t k\u1ef3 ngh\u1ec9 c\u1ee7a b\u1ea1n.\",\"breadcrumb\":{\"@id\":\"https:\/\/www.librahotelnhatrang.com\/vi\/facilities\/gym-fitness-center\/#breadcrumb\"},\"inLanguage\":\"vi-VN\",\"potentialAction\":[{\"@type\":\"ReadAction\",\"target\":[\"https:\/\/www.librahotelnhatrang.com\/vi\/facilities\/gym-fitness-center\/\"]}]},{\"@type\":\"ImageObject\",\"inLanguage\":\"vi-VN\",\"@id\":\"https:\/\/www.librahotelnhatrang.com\/vi\/facilities\/gym-fitness-center\/#primaryimage\",\"url\":\"https:\/\/www.librahotelnhatrang.com\/wp-content\/uploads\/sites\/142\/2026\/01\/495922453_1260366722758034_7905647934350482150_n.jpg\",\"contentUrl\":\"https:\/\/www.librahotelnhatrang.com\/wp-content\/uploads\/sites\/142\/2026\/01\/495922453_1260366722758034_7905647934350482150_n.jpg\",\"width\":2200,\"height\":2200},{\"@type\":\"BreadcrumbList\",\"@id\":\"https:\/\/www.librahotelnhatrang.com\/vi\/facilities\/gym-fitness-center\/#breadcrumb\",\"itemListElement\":[{\"@type\":\"ListItem\",\"position\":1,\"name\":\"Home\",\"item\":\"https:\/\/www.librahotelnhatrang.com\/vi\/\"},{\"@type\":\"ListItem\",\"position\":2,\"name\":\"Ti\u1ec7n \u00edch\",\"item\":\"https:\/\/www.librahotelnhatrang.com\/vi\/facilities\/\"},{\"@type\":\"ListItem\",\"position\":3,\"name\":\"TRUNG T\u00c2M TH\u1ec2 D\u1ee4C D\u1ee4NG C\u1ee4\"}]},{\"@type\":\"WebSite\",\"@id\":\"https:\/\/www.librahotelnhatrang.com\/vi\/#website\",\"url\":\"https:\/\/www.librahotelnhatrang.com\/vi\/\",\"name\":\"Libra Hotel Nha Trang\",\"description\":\"\",\"potentialAction\":[{\"@type\":\"SearchAction\",\"target\":{\"@type\":\"EntryPoint\",\"urlTemplate\":\"https:\/\/www.librahotelnhatrang.com\/vi\/?s={search_term_string}\"},\"query-input\":\"required name=search_term_string\"}],\"inLanguage\":\"vi-VN\"}]}<\/script>\n<!-- \/ Yoast SEO plugin. -->","yoast_head_json":{"title":"Gym & Fitness Center| Libra Hotel Nha Trang","description":"Duy tr\u00ec s\u1ee9c kh\u1ecfe th\u1ec3 ch\u1ea5t xuy\u00ean su\u1ed1t k\u1ef3 ngh\u1ec9 c\u1ee7a b\u1ea1n.","robots":{"index":"index","follow":"follow","max-snippet":"max-snippet:-1","max-image-preview":"max-image-preview:large","max-video-preview":"max-video-preview:-1"},"canonical":"https:\/\/www.librahotelnhatrang.com\/vi\/facilities\/gym-fitness-center\/","og_locale":"vi_VN","og_type":"article","og_title":"Gym & Fitness Center| Libra Hotel Nha Trang","og_description":"Duy tr\u00ec s\u1ee9c kh\u1ecfe th\u1ec3 ch\u1ea5t xuy\u00ean su\u1ed1t k\u1ef3 ngh\u1ec9 c\u1ee7a b\u1ea1n.","og_url":"https:\/\/www.librahotelnhatrang.com\/vi\/facilities\/gym-fitness-center\/","og_site_name":"Libra Hotel Nha Trang","article_modified_time":"2026-02-05T07:49:35+00:00","og_image":[{"width":2200,"height":2200,"url":"https:\/\/www.librahotelnhatrang.com\/wp-content\/uploads\/sites\/142\/2026\/01\/495922453_1260366722758034_7905647934350482150_n.jpg","type":"image\/jpeg"}],"twitter_card":"summary_large_image","twitter_misc":{"Est. reading time":"1 minute"},"schema":{"@context":"https:\/\/schema.org","@graph":[{"@type":"WebPage","@id":"https:\/\/www.librahotelnhatrang.com\/vi\/facilities\/gym-fitness-center\/","url":"https:\/\/www.librahotelnhatrang.com\/vi\/facilities\/gym-fitness-center\/","name":"Gym & Fitness Center| Libra Hotel Nha Trang","isPartOf":{"@id":"https:\/\/www.librahotelnhatrang.com\/vi\/#website"},"primaryImageOfPage":{"@id":"https:\/\/www.librahotelnhatrang.com\/vi\/facilities\/gym-fitness-center\/#primaryimage"},"image":{"@id":"https:\/\/www.librahotelnhatrang.com\/vi\/facilities\/gym-fitness-center\/#primaryimage"},"thumbnailUrl":"https:\/\/www.librahotelnhatrang.com\/wp-content\/uploads\/sites\/142\/2026\/01\/495922453_1260366722758034_7905647934350482150_n.jpg","datePublished":"2026-01-06T09:45:48+00:00","dateModified":"2026-02-05T07:49:35+00:00","description":"Duy tr\u00ec s\u1ee9c kh\u1ecfe th\u1ec3 ch\u1ea5t xuy\u00ean su\u1ed1t k\u1ef3 ngh\u1ec9 c\u1ee7a b\u1ea1n.","breadcrumb":{"@id":"https:\/\/www.librahotelnhatrang.com\/vi\/facilities\/gym-fitness-center\/#breadcrumb"},"inLanguage":"vi-VN","potentialAction":[{"@type":"ReadAction","target":["https:\/\/www.librahotelnhatrang.com\/vi\/facilities\/gym-fitness-center\/"]}]},{"@type":"ImageObject","inLanguage":"vi-VN","@id":"https:\/\/www.librahotelnhatrang.com\/vi\/facilities\/gym-fitness-center\/#primaryimage","url":"https:\/\/www.librahotelnhatrang.com\/wp-content\/uploads\/sites\/142\/2026\/01\/495922453_1260366722758034_7905647934350482150_n.jpg","contentUrl":"https:\/\/www.librahotelnhatrang.com\/wp-content\/uploads\/sites\/142\/2026\/01\/495922453_1260366722758034_7905647934350482150_n.jpg","width":2200,"height":2200},{"@type":"BreadcrumbList","@id":"https:\/\/www.librahotelnhatrang.com\/vi\/facilities\/gym-fitness-center\/#breadcrumb","itemListElement":[{"@type":"ListItem","position":1,"name":"Home","item":"https:\/\/www.librahotelnhatrang.com\/vi\/"},{"@type":"ListItem","position":2,"name":"Ti\u1ec7n \u00edch","item":"https:\/\/www.librahotelnhatrang.com\/vi\/facilities\/"},{"@type":"ListItem","position":3,"name":"TRUNG T\u00c2M TH\u1ec2 D\u1ee4C D\u1ee4NG C\u1ee4"}]},{"@type":"WebSite","@id":"https:\/\/www.librahotelnhatrang.com\/vi\/#website","url":"https:\/\/www.librahotelnhatrang.com\/vi\/","name":"Libra Hotel Nha Trang","description":"","potentialAction":[{"@type":"SearchAction","target":{"@type":"EntryPoint","urlTemplate":"https:\/\/www.librahotelnhatrang.com\/vi\/?s={search_term_string}"},"query-input":"required name=search_term_string"}],"inLanguage":"vi-VN"}]}},"acf":[],"_links":{"self":[{"href":"https:\/\/www.librahotelnhatrang.com\/vi\/wp-json\/wp\/v2\/pages\/124"}],"collection":[{"href":"https:\/\/www.librahotelnhatrang.com\/vi\/wp-json\/wp\/v2\/pages"}],"about":[{"href":"https:\/\/www.librahotelnhatrang.com\/vi\/wp-json\/wp\/v2\/types\/page"}],"author":[{"embeddable":true,"href":"https:\/\/www.librahotelnhatrang.com\/vi\/wp-json\/wp\/v2\/users\/90"}],"replies":[{"embeddable":true,"href":"https:\/\/www.librahotelnhatrang.com\/vi\/wp-json\/wp\/v2\/comments?post=124"}],"version-history":[{"count":0,"href":"https:\/\/www.librahotelnhatrang.com\/vi\/wp-json\/wp\/v2\/pages\/124\/revisions"}],"up":[{"embeddable":true,"href":"https:\/\/www.librahotelnhatrang.com\/vi\/wp-json\/wp\/v2\/pages\/123"}],"wp:featuredmedia":[{"embeddable":true,"href":"https:\/\/www.librahotelnhatrang.com\/vi\/wp-json\/wp\/v2\/media\/125"}],"wp:attachment":[{"href":"https:\/\/www.librahotelnhatrang.com\/vi\/wp-json\/wp\/v2\/media?parent=124"}],"curies":[{"name":"wp","href":"https:\/\/api.w.org\/{rel}","templated":true}]}}