{"id":131,"date":"2026-01-06T09:47:58","date_gmt":"2026-01-06T09:47:58","guid":{"rendered":"https:\/\/librahotelnhatrang.ms2.decms.asia\/?page_id=131"},"modified":"2026-03-11T02:47:59","modified_gmt":"2026-03-11T02:47:59","slug":"private-beach","status":"publish","type":"page","link":"https:\/\/www.librahotelnhatrang.com\/vi\/facilities\/private-beach\/","title":{"rendered":"B\u00c3I BI\u1ec2N RI\u00caNG"},"content":{"rendered":"<p>Kh\u00e1m ph\u00e1 s\u1ef1 t\u0129nh l\u1eb7ng th\u01a1 m\u1ed9ng n\u01a1i ph\u1ed1 bi\u1ec3n t\u1ea1i b\u00e3i bi\u1ec3n ri\u00eang c\u1ee7a Libra Hotel Nha Trang, t\u1eadn h\u01b0\u1edfng tr\u1ecdn v\u1eb9n kh\u00f4ng gian th\u01b0 gi\u00e3n gi\u1eefa n\u1eafng v\u00e0ng v\u00e0 s\u00f3ng bi\u1ec3n d\u1ecbu \u00eam.<\/p>\n<p>Nh\u1eefng h\u00e0ng gh\u1ebf t\u1eafm n\u1eafng c\u00f9ng d\u00f9 che mi\u1ec5n ph\u00ed \u0111\u01b0\u1ee3c kh\u00e1ch s\u1ea1n b\u1ed1 tr\u00ed tinh t\u1ebf, mang \u0111\u1ebfn c\u1ea3m gi\u00e1c th\u01b0 gi\u00e3n nh\u01b0 l\u1ea1c v\u00e0o mi\u1ec1n bi\u1ec3n nhi\u1ec7t \u0111\u1edbi \u0111\u1ea7y ch\u1ea5t th\u01a1 cho qu\u00fd kh\u00e1ch. V\u00e0 \u0111\u1eebng qu\u00ean gh\u00e9 qua xe kem m\u00e1t l\u1ea1nh c\u1ee7a Libra Hotel, th\u01b0\u1edfng th\u1ee9c nh\u1eefng v\u1ecb kem ng\u1ecdt ng\u00e0o sau gi\u00e2y ph\u00fat n\u00f4 \u0111\u00f9a d\u01b0\u1edbi l\u00e0n n\u01b0\u1edbc m\u00e1t c\u1ee7a \u0111\u1ea1i d\u01b0\u01a1ng.<\/p>\n<p><strong>Li\u00ean h\u1ec7 v\u1edbi ch\u00fang t\u00f4i \u0111\u1ec3 bi\u1ebft th\u00eam chi ti\u1ebft<\/strong><\/p>\n","protected":false},"excerpt":{"rendered":"<p>Kh\u00e1m ph\u00e1 s\u1ef1 t\u0129nh l\u1eb7ng th\u01a1 m\u1ed9ng n\u01a1i ph\u1ed1 bi\u1ec3n t\u1ea1i b\u00e3i bi\u1ec3n ri\u00eang c\u1ee7a Libra Hotel Nha Trang, t\u1eadn h\u01b0\u1edfng tr\u1ecdn v\u1eb9n kh\u00f4ng gian th\u01b0 gi\u00e3n gi\u1eefa n\u1eafng v\u00e0ng v\u00e0 s\u00f3ng bi\u1ec3n d\u1ecbu \u00eam. Nh\u1eefng h\u00e0ng gh\u1ebf t\u1eafm n\u1eafng c\u00f9ng d\u00f9 che mi\u1ec5n ph\u00ed \u0111\u01b0\u1ee3c kh\u00e1ch s\u1ea1n b\u1ed1 tr\u00ed tinh t\u1ebf, mang \u0111\u1ebfn c\u1ea3m [&hellip;]<\/p>\n","protected":false},"author":90,"featured_media":132,"parent":123,"menu_order":3,"comment_status":"closed","ping_status":"closed","template":"","meta":{"footnotes":""},"yoast_head":"<!-- This site is optimized with the Yoast SEO plugin v22.3 - https:\/\/yoast.com\/wordpress\/plugins\/seo\/ -->\n<title>Private Beach | Libra Hotel Nha Trang<\/title>\n<meta name=\"description\" content=\"\u0110\u00f3n b\u00ecnh minh gi\u1eefa bi\u1ec3n Nha Trang th\u01a1 m\u1ed9ng, t\u1eadn h\u01b0\u1edfng kho\u1ea3nh kh\u1eafc t\u1ef1 do c\u00f9ng ti\u1ebfng g\u1ecdi bi\u1ec3n kh\u01a1i.\" \/>\n<meta name=\"robots\" content=\"index, follow, max-snippet:-1, max-image-preview:large, max-video-preview:-1\" \/>\n<link rel=\"canonical\" href=\"https:\/\/www.librahotelnhatrang.com\/vi\/facilities\/private-beach\/\" \/>\n<meta property=\"og:locale\" content=\"vi_VN\" \/>\n<meta property=\"og:type\" content=\"article\" \/>\n<meta property=\"og:title\" content=\"Private Beach | Libra Hotel Nha Trang\" \/>\n<meta property=\"og:description\" content=\"\u0110\u00f3n b\u00ecnh minh gi\u1eefa bi\u1ec3n Nha Trang th\u01a1 m\u1ed9ng, t\u1eadn h\u01b0\u1edfng kho\u1ea3nh kh\u1eafc t\u1ef1 do c\u00f9ng ti\u1ebfng g\u1ecdi bi\u1ec3n kh\u01a1i.\" \/>\n<meta property=\"og:url\" content=\"https:\/\/www.librahotelnhatrang.com\/vi\/facilities\/private-beach\/\" \/>\n<meta property=\"og:site_name\" content=\"Libra Hotel Nha Trang\" \/>\n<meta property=\"article:modified_time\" content=\"2026-03-11T02:47:59+00:00\" \/>\n<meta property=\"og:image\" content=\"http:\/\/www.librahotelnhatrang.com\/wp-content\/uploads\/sites\/142\/2026\/01\/2.jpg\" \/>\n\t<meta property=\"og:image:width\" content=\"2200\" \/>\n\t<meta property=\"og:image:height\" content=\"1243\" \/>\n\t<meta property=\"og:image:type\" content=\"image\/jpeg\" \/>\n<meta name=\"twitter:card\" content=\"summary_large_image\" \/>\n<meta name=\"twitter:label1\" content=\"Est. reading time\" \/>\n\t<meta name=\"twitter:data1\" content=\"1 minute\" \/>\n<script type=\"application\/ld+json\" class=\"yoast-schema-graph\">{\"@context\":\"https:\/\/schema.org\",\"@graph\":[{\"@type\":\"WebPage\",\"@id\":\"https:\/\/www.librahotelnhatrang.com\/vi\/facilities\/private-beach\/\",\"url\":\"https:\/\/www.librahotelnhatrang.com\/vi\/facilities\/private-beach\/\",\"name\":\"Private Beach | Libra Hotel Nha Trang\",\"isPartOf\":{\"@id\":\"https:\/\/www.librahotelnhatrang.com\/vi\/#website\"},\"primaryImageOfPage\":{\"@id\":\"https:\/\/www.librahotelnhatrang.com\/vi\/facilities\/private-beach\/#primaryimage\"},\"image\":{\"@id\":\"https:\/\/www.librahotelnhatrang.com\/vi\/facilities\/private-beach\/#primaryimage\"},\"thumbnailUrl\":\"https:\/\/www.librahotelnhatrang.com\/wp-content\/uploads\/sites\/142\/2026\/01\/2.jpg\",\"datePublished\":\"2026-01-06T09:47:58+00:00\",\"dateModified\":\"2026-03-11T02:47:59+00:00\",\"description\":\"\u0110\u00f3n b\u00ecnh minh gi\u1eefa bi\u1ec3n Nha Trang th\u01a1 m\u1ed9ng, t\u1eadn h\u01b0\u1edfng kho\u1ea3nh kh\u1eafc t\u1ef1 do c\u00f9ng ti\u1ebfng g\u1ecdi bi\u1ec3n kh\u01a1i.\",\"breadcrumb\":{\"@id\":\"https:\/\/www.librahotelnhatrang.com\/vi\/facilities\/private-beach\/#breadcrumb\"},\"inLanguage\":\"vi-VN\",\"potentialAction\":[{\"@type\":\"ReadAction\",\"target\":[\"https:\/\/www.librahotelnhatrang.com\/vi\/facilities\/private-beach\/\"]}]},{\"@type\":\"ImageObject\",\"inLanguage\":\"vi-VN\",\"@id\":\"https:\/\/www.librahotelnhatrang.com\/vi\/facilities\/private-beach\/#primaryimage\",\"url\":\"https:\/\/www.librahotelnhatrang.com\/wp-content\/uploads\/sites\/142\/2026\/01\/2.jpg\",\"contentUrl\":\"https:\/\/www.librahotelnhatrang.com\/wp-content\/uploads\/sites\/142\/2026\/01\/2.jpg\",\"width\":2200,\"height\":1243},{\"@type\":\"BreadcrumbList\",\"@id\":\"https:\/\/www.librahotelnhatrang.com\/vi\/facilities\/private-beach\/#breadcrumb\",\"itemListElement\":[{\"@type\":\"ListItem\",\"position\":1,\"name\":\"Home\",\"item\":\"https:\/\/www.librahotelnhatrang.com\/vi\/\"},{\"@type\":\"ListItem\",\"position\":2,\"name\":\"Ti\u1ec7n \u00edch\",\"item\":\"https:\/\/www.librahotelnhatrang.com\/vi\/facilities\/\"},{\"@type\":\"ListItem\",\"position\":3,\"name\":\"B\u00c3I BI\u1ec2N RI\u00caNG\"}]},{\"@type\":\"WebSite\",\"@id\":\"https:\/\/www.librahotelnhatrang.com\/vi\/#website\",\"url\":\"https:\/\/www.librahotelnhatrang.com\/vi\/\",\"name\":\"Libra Hotel Nha Trang\",\"description\":\"\",\"potentialAction\":[{\"@type\":\"SearchAction\",\"target\":{\"@type\":\"EntryPoint\",\"urlTemplate\":\"https:\/\/www.librahotelnhatrang.com\/vi\/?s={search_term_string}\"},\"query-input\":\"required name=search_term_string\"}],\"inLanguage\":\"vi-VN\"}]}<\/script>\n<!-- \/ Yoast SEO plugin. -->","yoast_head_json":{"title":"Private Beach | Libra Hotel Nha Trang","description":"\u0110\u00f3n b\u00ecnh minh gi\u1eefa bi\u1ec3n Nha Trang th\u01a1 m\u1ed9ng, t\u1eadn h\u01b0\u1edfng kho\u1ea3nh kh\u1eafc t\u1ef1 do c\u00f9ng ti\u1ebfng g\u1ecdi bi\u1ec3n kh\u01a1i.","robots":{"index":"index","follow":"follow","max-snippet":"max-snippet:-1","max-image-preview":"max-image-preview:large","max-video-preview":"max-video-preview:-1"},"canonical":"https:\/\/www.librahotelnhatrang.com\/vi\/facilities\/private-beach\/","og_locale":"vi_VN","og_type":"article","og_title":"Private Beach | Libra Hotel Nha Trang","og_description":"\u0110\u00f3n b\u00ecnh minh gi\u1eefa bi\u1ec3n Nha Trang th\u01a1 m\u1ed9ng, t\u1eadn h\u01b0\u1edfng kho\u1ea3nh kh\u1eafc t\u1ef1 do c\u00f9ng ti\u1ebfng g\u1ecdi bi\u1ec3n kh\u01a1i.","og_url":"https:\/\/www.librahotelnhatrang.com\/vi\/facilities\/private-beach\/","og_site_name":"Libra Hotel Nha Trang","article_modified_time":"2026-03-11T02:47:59+00:00","og_image":[{"width":2200,"height":1243,"url":"http:\/\/www.librahotelnhatrang.com\/wp-content\/uploads\/sites\/142\/2026\/01\/2.jpg","type":"image\/jpeg"}],"twitter_card":"summary_large_image","twitter_misc":{"Est. reading time":"1 minute"},"schema":{"@context":"https:\/\/schema.org","@graph":[{"@type":"WebPage","@id":"https:\/\/www.librahotelnhatrang.com\/vi\/facilities\/private-beach\/","url":"https:\/\/www.librahotelnhatrang.com\/vi\/facilities\/private-beach\/","name":"Private Beach | Libra Hotel Nha Trang","isPartOf":{"@id":"https:\/\/www.librahotelnhatrang.com\/vi\/#website"},"primaryImageOfPage":{"@id":"https:\/\/www.librahotelnhatrang.com\/vi\/facilities\/private-beach\/#primaryimage"},"image":{"@id":"https:\/\/www.librahotelnhatrang.com\/vi\/facilities\/private-beach\/#primaryimage"},"thumbnailUrl":"https:\/\/www.librahotelnhatrang.com\/wp-content\/uploads\/sites\/142\/2026\/01\/2.jpg","datePublished":"2026-01-06T09:47:58+00:00","dateModified":"2026-03-11T02:47:59+00:00","description":"\u0110\u00f3n b\u00ecnh minh gi\u1eefa bi\u1ec3n Nha Trang th\u01a1 m\u1ed9ng, t\u1eadn h\u01b0\u1edfng kho\u1ea3nh kh\u1eafc t\u1ef1 do c\u00f9ng ti\u1ebfng g\u1ecdi bi\u1ec3n kh\u01a1i.","breadcrumb":{"@id":"https:\/\/www.librahotelnhatrang.com\/vi\/facilities\/private-beach\/#breadcrumb"},"inLanguage":"vi-VN","potentialAction":[{"@type":"ReadAction","target":["https:\/\/www.librahotelnhatrang.com\/vi\/facilities\/private-beach\/"]}]},{"@type":"ImageObject","inLanguage":"vi-VN","@id":"https:\/\/www.librahotelnhatrang.com\/vi\/facilities\/private-beach\/#primaryimage","url":"https:\/\/www.librahotelnhatrang.com\/wp-content\/uploads\/sites\/142\/2026\/01\/2.jpg","contentUrl":"https:\/\/www.librahotelnhatrang.com\/wp-content\/uploads\/sites\/142\/2026\/01\/2.jpg","width":2200,"height":1243},{"@type":"BreadcrumbList","@id":"https:\/\/www.librahotelnhatrang.com\/vi\/facilities\/private-beach\/#breadcrumb","itemListElement":[{"@type":"ListItem","position":1,"name":"Home","item":"https:\/\/www.librahotelnhatrang.com\/vi\/"},{"@type":"ListItem","position":2,"name":"Ti\u1ec7n \u00edch","item":"https:\/\/www.librahotelnhatrang.com\/vi\/facilities\/"},{"@type":"ListItem","position":3,"name":"B\u00c3I BI\u1ec2N RI\u00caNG"}]},{"@type":"WebSite","@id":"https:\/\/www.librahotelnhatrang.com\/vi\/#website","url":"https:\/\/www.librahotelnhatrang.com\/vi\/","name":"Libra Hotel Nha Trang","description":"","potentialAction":[{"@type":"SearchAction","target":{"@type":"EntryPoint","urlTemplate":"https:\/\/www.librahotelnhatrang.com\/vi\/?s={search_term_string}"},"query-input":"required name=search_term_string"}],"inLanguage":"vi-VN"}]}},"acf":[],"_links":{"self":[{"href":"https:\/\/www.librahotelnhatrang.com\/vi\/wp-json\/wp\/v2\/pages\/131"}],"collection":[{"href":"https:\/\/www.librahotelnhatrang.com\/vi\/wp-json\/wp\/v2\/pages"}],"about":[{"href":"https:\/\/www.librahotelnhatrang.com\/vi\/wp-json\/wp\/v2\/types\/page"}],"author":[{"embeddable":true,"href":"https:\/\/www.librahotelnhatrang.com\/vi\/wp-json\/wp\/v2\/users\/90"}],"replies":[{"embeddable":true,"href":"https:\/\/www.librahotelnhatrang.com\/vi\/wp-json\/wp\/v2\/comments?post=131"}],"version-history":[{"count":0,"href":"https:\/\/www.librahotelnhatrang.com\/vi\/wp-json\/wp\/v2\/pages\/131\/revisions"}],"up":[{"embeddable":true,"href":"https:\/\/www.librahotelnhatrang.com\/vi\/wp-json\/wp\/v2\/pages\/123"}],"wp:featuredmedia":[{"embeddable":true,"href":"https:\/\/www.librahotelnhatrang.com\/vi\/wp-json\/wp\/v2\/media\/132"}],"wp:attachment":[{"href":"https:\/\/www.librahotelnhatrang.com\/vi\/wp-json\/wp\/v2\/media?parent=131"}],"curies":[{"name":"wp","href":"https:\/\/api.w.org\/{rel}","templated":true}]}}