{"id":139,"date":"2026-01-06T09:54:03","date_gmt":"2026-01-06T09:54:03","guid":{"rendered":"https:\/\/librahotelnhatrang.ms2.decms.asia\/?page_id=139"},"modified":"2026-04-02T06:42:32","modified_gmt":"2026-04-02T06:42:32","slug":"meetings-event","status":"publish","type":"page","link":"https:\/\/www.librahotelnhatrang.com\/vi\/meetings-event\/","title":{"rendered":"H\u1ed9i ngh\u1ecb"},"content":{"rendered":"<p>V\u1edbi kh\u00f4ng gian r\u1ed9ng r\u00e3i v\u00e0 thi\u1ebft k\u1ebf \u1ea5m c\u00fang, trung t\u00e2m Meeting &amp; Event l\u00e0 l\u1ef1a ch\u1ecdn l\u00fd t\u01b0\u1edfng cho nh\u1eefng s\u1ef1 ki\u1ec7n h\u1ed9i ngh\u1ecb, h\u1ed9i th\u1ea3o hay gathering c\u00f3 quy m\u00f4 v\u1eeba ph\u1ea3i t\u1ea1i Libra Hotel Nha Trang.<\/p>\n<p>S\u1ee9c ch\u1ee9a l\u00ean \u0111\u1ebfn 120 kh\u00e1ch, ph\u00f2ng \u0111\u01b0\u1ee3c trang b\u1ecb \u0111\u1ea7y \u0111\u1ee7 ti\u1ec7n nghi hi\u1ec7n \u0111\u1ea1i, t\u1eeb h\u1ec7 th\u1ed1ng \u00e2m thanh \u00e1nh s\u00e1ng chuy\u00ean nghi\u1ec7p \u0111\u1ebfn kh\u00f4ng gian linh ho\u1ea1t, \u0111\u00e1p \u1ee9ng m\u1ecdi nhu c\u1ea7u t\u1ed5 ch\u1ee9c. Kh\u00f4ng gian gi\u00fap t\u1ea1o n\u00ean b\u1ea7u kh\u00f4ng kh\u00ed tho\u1ea3i m\u00e1i, thu\u1eadn l\u1ee3i cho vi\u1ec7c k\u1ebft n\u1ed1i v\u00e0 giao l\u01b0u.<\/p>\n","protected":false},"excerpt":{"rendered":"<p>V\u1edbi kh\u00f4ng gian r\u1ed9ng r\u00e3i v\u00e0 thi\u1ebft k\u1ebf \u1ea5m c\u00fang, trung t\u00e2m Meeting &amp; Event l\u00e0 l\u1ef1a ch\u1ecdn l\u00fd t\u01b0\u1edfng cho nh\u1eefng s\u1ef1 ki\u1ec7n h\u1ed9i ngh\u1ecb, h\u1ed9i th\u1ea3o hay gathering c\u00f3 quy m\u00f4 v\u1eeba ph\u1ea3i t\u1ea1i Libra Hotel Nha Trang. S\u1ee9c ch\u1ee9a l\u00ean \u0111\u1ebfn 120 kh\u00e1ch, ph\u00f2ng \u0111\u01b0\u1ee3c trang b\u1ecb \u0111\u1ea7y \u0111\u1ee7 ti\u1ec7n nghi hi\u1ec7n [&hellip;]<\/p>\n","protected":false},"author":90,"featured_media":438,"parent":0,"menu_order":0,"comment_status":"closed","ping_status":"closed","template":"template-meeting.php","meta":{"footnotes":""},"yoast_head":"<!-- This site is optimized with the Yoast SEO plugin v22.3 - https:\/\/yoast.com\/wordpress\/plugins\/seo\/ -->\n<title>H\u1ed9i ngh\u1ecb - Libra Hotel Nha Trang<\/title>\n<meta name=\"robots\" content=\"index, follow, max-snippet:-1, max-image-preview:large, max-video-preview:-1\" \/>\n<link rel=\"canonical\" href=\"https:\/\/www.librahotelnhatrang.com\/vi\/meetings-event\/\" \/>\n<meta property=\"og:locale\" content=\"vi_VN\" \/>\n<meta property=\"og:type\" content=\"article\" \/>\n<meta property=\"og:title\" content=\"H\u1ed9i ngh\u1ecb - Libra Hotel Nha Trang\" \/>\n<meta property=\"og:description\" content=\"V\u1edbi kh\u00f4ng gian r\u1ed9ng r\u00e3i v\u00e0 thi\u1ebft k\u1ebf \u1ea5m c\u00fang, trung t\u00e2m Meeting &amp; Event l\u00e0 l\u1ef1a ch\u1ecdn l\u00fd t\u01b0\u1edfng cho nh\u1eefng s\u1ef1 ki\u1ec7n h\u1ed9i ngh\u1ecb, h\u1ed9i th\u1ea3o hay gathering c\u00f3 quy m\u00f4 v\u1eeba ph\u1ea3i t\u1ea1i Libra Hotel Nha Trang. S\u1ee9c ch\u1ee9a l\u00ean \u0111\u1ebfn 120 kh\u00e1ch, ph\u00f2ng \u0111\u01b0\u1ee3c trang b\u1ecb \u0111\u1ea7y \u0111\u1ee7 ti\u1ec7n nghi hi\u1ec7n [&hellip;]\" \/>\n<meta property=\"og:url\" content=\"https:\/\/www.librahotelnhatrang.com\/vi\/meetings-event\/\" \/>\n<meta property=\"og:site_name\" content=\"Libra Hotel Nha Trang\" \/>\n<meta property=\"article:modified_time\" content=\"2026-04-02T06:42:32+00:00\" \/>\n<meta property=\"og:image\" content=\"http:\/\/www.librahotelnhatrang.com\/wp-content\/uploads\/sites\/142\/2026\/04\/arisa-chattasa-z4MqXYAG7ls-unsplash.jpg\" \/>\n\t<meta property=\"og:image:width\" content=\"2200\" \/>\n\t<meta property=\"og:image:height\" content=\"1469\" \/>\n\t<meta property=\"og:image:type\" content=\"image\/jpeg\" \/>\n<meta name=\"twitter:card\" content=\"summary_large_image\" \/>\n<meta name=\"twitter:label1\" content=\"Est. reading time\" \/>\n\t<meta name=\"twitter:data1\" content=\"1 minute\" \/>\n<script type=\"application\/ld+json\" class=\"yoast-schema-graph\">{\"@context\":\"https:\/\/schema.org\",\"@graph\":[{\"@type\":\"WebPage\",\"@id\":\"https:\/\/www.librahotelnhatrang.com\/vi\/meetings-event\/\",\"url\":\"https:\/\/www.librahotelnhatrang.com\/vi\/meetings-event\/\",\"name\":\"H\u1ed9i ngh\u1ecb - Libra Hotel Nha Trang\",\"isPartOf\":{\"@id\":\"https:\/\/www.librahotelnhatrang.com\/vi\/#website\"},\"primaryImageOfPage\":{\"@id\":\"https:\/\/www.librahotelnhatrang.com\/vi\/meetings-event\/#primaryimage\"},\"image\":{\"@id\":\"https:\/\/www.librahotelnhatrang.com\/vi\/meetings-event\/#primaryimage\"},\"thumbnailUrl\":\"https:\/\/www.librahotelnhatrang.com\/wp-content\/uploads\/sites\/142\/2026\/04\/arisa-chattasa-z4MqXYAG7ls-unsplash.jpg\",\"datePublished\":\"2026-01-06T09:54:03+00:00\",\"dateModified\":\"2026-04-02T06:42:32+00:00\",\"breadcrumb\":{\"@id\":\"https:\/\/www.librahotelnhatrang.com\/vi\/meetings-event\/#breadcrumb\"},\"inLanguage\":\"vi-VN\",\"potentialAction\":[{\"@type\":\"ReadAction\",\"target\":[\"https:\/\/www.librahotelnhatrang.com\/vi\/meetings-event\/\"]}]},{\"@type\":\"ImageObject\",\"inLanguage\":\"vi-VN\",\"@id\":\"https:\/\/www.librahotelnhatrang.com\/vi\/meetings-event\/#primaryimage\",\"url\":\"https:\/\/www.librahotelnhatrang.com\/wp-content\/uploads\/sites\/142\/2026\/04\/arisa-chattasa-z4MqXYAG7ls-unsplash.jpg\",\"contentUrl\":\"https:\/\/www.librahotelnhatrang.com\/wp-content\/uploads\/sites\/142\/2026\/04\/arisa-chattasa-z4MqXYAG7ls-unsplash.jpg\",\"width\":2200,\"height\":1469},{\"@type\":\"BreadcrumbList\",\"@id\":\"https:\/\/www.librahotelnhatrang.com\/vi\/meetings-event\/#breadcrumb\",\"itemListElement\":[{\"@type\":\"ListItem\",\"position\":1,\"name\":\"Home\",\"item\":\"https:\/\/www.librahotelnhatrang.com\/vi\/\"},{\"@type\":\"ListItem\",\"position\":2,\"name\":\"H\u1ed9i ngh\u1ecb\"}]},{\"@type\":\"WebSite\",\"@id\":\"https:\/\/www.librahotelnhatrang.com\/vi\/#website\",\"url\":\"https:\/\/www.librahotelnhatrang.com\/vi\/\",\"name\":\"Libra Hotel Nha Trang\",\"description\":\"\",\"potentialAction\":[{\"@type\":\"SearchAction\",\"target\":{\"@type\":\"EntryPoint\",\"urlTemplate\":\"https:\/\/www.librahotelnhatrang.com\/vi\/?s={search_term_string}\"},\"query-input\":\"required name=search_term_string\"}],\"inLanguage\":\"vi-VN\"}]}<\/script>\n<!-- \/ Yoast SEO plugin. -->","yoast_head_json":{"title":"H\u1ed9i ngh\u1ecb - Libra Hotel Nha Trang","robots":{"index":"index","follow":"follow","max-snippet":"max-snippet:-1","max-image-preview":"max-image-preview:large","max-video-preview":"max-video-preview:-1"},"canonical":"https:\/\/www.librahotelnhatrang.com\/vi\/meetings-event\/","og_locale":"vi_VN","og_type":"article","og_title":"H\u1ed9i ngh\u1ecb - Libra Hotel Nha Trang","og_description":"V\u1edbi kh\u00f4ng gian r\u1ed9ng r\u00e3i v\u00e0 thi\u1ebft k\u1ebf \u1ea5m c\u00fang, trung t\u00e2m Meeting &amp; Event l\u00e0 l\u1ef1a ch\u1ecdn l\u00fd t\u01b0\u1edfng cho nh\u1eefng s\u1ef1 ki\u1ec7n h\u1ed9i ngh\u1ecb, h\u1ed9i th\u1ea3o hay gathering c\u00f3 quy m\u00f4 v\u1eeba ph\u1ea3i t\u1ea1i Libra Hotel Nha Trang. S\u1ee9c ch\u1ee9a l\u00ean \u0111\u1ebfn 120 kh\u00e1ch, ph\u00f2ng \u0111\u01b0\u1ee3c trang b\u1ecb \u0111\u1ea7y \u0111\u1ee7 ti\u1ec7n nghi hi\u1ec7n [&hellip;]","og_url":"https:\/\/www.librahotelnhatrang.com\/vi\/meetings-event\/","og_site_name":"Libra Hotel Nha Trang","article_modified_time":"2026-04-02T06:42:32+00:00","og_image":[{"width":2200,"height":1469,"url":"http:\/\/www.librahotelnhatrang.com\/wp-content\/uploads\/sites\/142\/2026\/04\/arisa-chattasa-z4MqXYAG7ls-unsplash.jpg","type":"image\/jpeg"}],"twitter_card":"summary_large_image","twitter_misc":{"Est. reading time":"1 minute"},"schema":{"@context":"https:\/\/schema.org","@graph":[{"@type":"WebPage","@id":"https:\/\/www.librahotelnhatrang.com\/vi\/meetings-event\/","url":"https:\/\/www.librahotelnhatrang.com\/vi\/meetings-event\/","name":"H\u1ed9i ngh\u1ecb - Libra Hotel Nha Trang","isPartOf":{"@id":"https:\/\/www.librahotelnhatrang.com\/vi\/#website"},"primaryImageOfPage":{"@id":"https:\/\/www.librahotelnhatrang.com\/vi\/meetings-event\/#primaryimage"},"image":{"@id":"https:\/\/www.librahotelnhatrang.com\/vi\/meetings-event\/#primaryimage"},"thumbnailUrl":"https:\/\/www.librahotelnhatrang.com\/wp-content\/uploads\/sites\/142\/2026\/04\/arisa-chattasa-z4MqXYAG7ls-unsplash.jpg","datePublished":"2026-01-06T09:54:03+00:00","dateModified":"2026-04-02T06:42:32+00:00","breadcrumb":{"@id":"https:\/\/www.librahotelnhatrang.com\/vi\/meetings-event\/#breadcrumb"},"inLanguage":"vi-VN","potentialAction":[{"@type":"ReadAction","target":["https:\/\/www.librahotelnhatrang.com\/vi\/meetings-event\/"]}]},{"@type":"ImageObject","inLanguage":"vi-VN","@id":"https:\/\/www.librahotelnhatrang.com\/vi\/meetings-event\/#primaryimage","url":"https:\/\/www.librahotelnhatrang.com\/wp-content\/uploads\/sites\/142\/2026\/04\/arisa-chattasa-z4MqXYAG7ls-unsplash.jpg","contentUrl":"https:\/\/www.librahotelnhatrang.com\/wp-content\/uploads\/sites\/142\/2026\/04\/arisa-chattasa-z4MqXYAG7ls-unsplash.jpg","width":2200,"height":1469},{"@type":"BreadcrumbList","@id":"https:\/\/www.librahotelnhatrang.com\/vi\/meetings-event\/#breadcrumb","itemListElement":[{"@type":"ListItem","position":1,"name":"Home","item":"https:\/\/www.librahotelnhatrang.com\/vi\/"},{"@type":"ListItem","position":2,"name":"H\u1ed9i ngh\u1ecb"}]},{"@type":"WebSite","@id":"https:\/\/www.librahotelnhatrang.com\/vi\/#website","url":"https:\/\/www.librahotelnhatrang.com\/vi\/","name":"Libra Hotel Nha Trang","description":"","potentialAction":[{"@type":"SearchAction","target":{"@type":"EntryPoint","urlTemplate":"https:\/\/www.librahotelnhatrang.com\/vi\/?s={search_term_string}"},"query-input":"required name=search_term_string"}],"inLanguage":"vi-VN"}]}},"acf":[],"_links":{"self":[{"href":"https:\/\/www.librahotelnhatrang.com\/vi\/wp-json\/wp\/v2\/pages\/139"}],"collection":[{"href":"https:\/\/www.librahotelnhatrang.com\/vi\/wp-json\/wp\/v2\/pages"}],"about":[{"href":"https:\/\/www.librahotelnhatrang.com\/vi\/wp-json\/wp\/v2\/types\/page"}],"author":[{"embeddable":true,"href":"https:\/\/www.librahotelnhatrang.com\/vi\/wp-json\/wp\/v2\/users\/90"}],"replies":[{"embeddable":true,"href":"https:\/\/www.librahotelnhatrang.com\/vi\/wp-json\/wp\/v2\/comments?post=139"}],"version-history":[{"count":0,"href":"https:\/\/www.librahotelnhatrang.com\/vi\/wp-json\/wp\/v2\/pages\/139\/revisions"}],"wp:featuredmedia":[{"embeddable":true,"href":"https:\/\/www.librahotelnhatrang.com\/vi\/wp-json\/wp\/v2\/media\/438"}],"wp:attachment":[{"href":"https:\/\/www.librahotelnhatrang.com\/vi\/wp-json\/wp\/v2\/media?parent=139"}],"curies":[{"name":"wp","href":"https:\/\/api.w.org\/{rel}","templated":true}]}}