{"id":146,"date":"2026-01-06T12:51:42","date_gmt":"2026-01-06T12:51:42","guid":{"rendered":"https:\/\/librahotelnhatrang.ms2.decms.asia\/?page_id=146"},"modified":"2026-02-05T07:39:55","modified_gmt":"2026-02-05T07:39:55","slug":"location","status":"publish","type":"page","link":"https:\/\/www.librahotelnhatrang.com\/vi\/location\/","title":{"rendered":"V\u1ecb tr\u00ed c\u1ee7a ch\u00fang t\u00f4i"},"content":{"rendered":"<p>T\u1ecda l\u1ea1c gi\u1eefa trung t\u00e2m th\u00e0nh ph\u1ed1 bi\u1ec3n Nha Trang, Libra Hotel s\u1edf h\u1eefu v\u1ecb tr\u00ed ho\u00e0n h\u1ea3o tr\u00ean tr\u1ee5c \u0111\u01b0\u1eddng s\u00f4i \u0111\u1ed9ng v\u1edbi h\u00e0ng lo\u1ea1t nh\u00e0 h\u00e0ng, qu\u00e1n c\u00e0 ph\u00ea v\u00e0 trung t\u00e2m mua s\u1eafm.<\/p>\n<p>T\u1eeb kh\u00e1ch s\u1ea1n, qu\u00fd kh\u00e1ch ch\u1ec9 c\u1ea7n v\u00e0i ph\u00fat \u0111i b\u1ed9 l\u00e0 c\u00f3 th\u1ec3 \u0111\u1ebfn Qu\u1ea3ng tr\u01b0\u1eddng 2\/4 v\u00e0 Th\u00e1p Tr\u1ea7m H\u01b0\u01a1ng, nh\u1eefng \u0111i\u1ec3m check-in bi\u1ec3u t\u01b0\u1ee3ng c\u1ee7a Nha Trang.<\/p>\n<p>T\u1ea1i Libra, qu\u00fd kh\u00e1ch s\u1ebd \u0111\u01b0\u1ee3c tr\u1ea3i nghi\u1ec7m s\u1ef1 k\u1ebft h\u1ee3p gi\u1eefa s\u1ef1 ti\u1ec7n nghi v\u00e0 ngh\u1ec9 d\u01b0\u1ee1ng sang tr\u1ecdng. N\u01a1i nh\u1ecbp s\u1ed1ng n\u0103ng \u0111\u1ed9ng c\u1ee7a ph\u1ed1 bi\u1ec3n h\u00f2a quy\u1ec7n c\u00f9ng nh\u1eefng ph\u00fat gi\u00e2y ch\u1eadm r\u00e3i, tho\u1ea3i m\u00e1i t\u1eadn h\u01b0\u1edfng kho\u1ea3ng kh\u00f4ng gian y\u00ean b\u00ecnh gi\u1eefa l\u00f2ng ph\u1ed1 th\u1ecb \u0111\u00f4 h\u1ed9i.<\/p>\n","protected":false},"excerpt":{"rendered":"<p>T\u1ecda l\u1ea1c gi\u1eefa trung t\u00e2m th\u00e0nh ph\u1ed1 bi\u1ec3n Nha Trang, Libra Hotel s\u1edf h\u1eefu v\u1ecb tr\u00ed ho\u00e0n h\u1ea3o tr\u00ean tr\u1ee5c \u0111\u01b0\u1eddng s\u00f4i \u0111\u1ed9ng v\u1edbi h\u00e0ng lo\u1ea1t nh\u00e0 h\u00e0ng, qu\u00e1n c\u00e0 ph\u00ea v\u00e0 trung t\u00e2m mua s\u1eafm. T\u1eeb kh\u00e1ch s\u1ea1n, qu\u00fd kh\u00e1ch ch\u1ec9 c\u1ea7n v\u00e0i ph\u00fat \u0111i b\u1ed9 l\u00e0 c\u00f3 th\u1ec3 \u0111\u1ebfn Qu\u1ea3ng tr\u01b0\u1eddng 2\/4 v\u00e0 [&hellip;]<\/p>\n","protected":false},"author":90,"featured_media":135,"parent":0,"menu_order":0,"comment_status":"closed","ping_status":"closed","template":"template-location.php","meta":{"footnotes":""},"yoast_head":"<!-- This site is optimized with the Yoast SEO plugin v22.3 - https:\/\/yoast.com\/wordpress\/plugins\/seo\/ -->\n<title>Location| Libra Hotel<\/title>\n<meta name=\"description\" content=\"L\u00ean h\u1ec7 Hotline c\u1ee7a Libra Hotel Nha Trang, ch\u00fang t\u00f4i lu\u00f4n s\u1eb5n s\u00e0ng h\u1ed7 tr\u1ee3!\" \/>\n<meta name=\"robots\" content=\"index, follow, max-snippet:-1, max-image-preview:large, max-video-preview:-1\" \/>\n<link rel=\"canonical\" href=\"https:\/\/www.librahotelnhatrang.com\/vi\/location\/\" \/>\n<meta property=\"og:locale\" content=\"vi_VN\" \/>\n<meta property=\"og:type\" content=\"article\" \/>\n<meta property=\"og:title\" content=\"Location| Libra Hotel\" \/>\n<meta property=\"og:description\" content=\"L\u00ean h\u1ec7 Hotline c\u1ee7a Libra Hotel Nha Trang, ch\u00fang t\u00f4i lu\u00f4n s\u1eb5n s\u00e0ng h\u1ed7 tr\u1ee3!\" \/>\n<meta property=\"og:url\" content=\"https:\/\/www.librahotelnhatrang.com\/vi\/location\/\" \/>\n<meta property=\"og:site_name\" content=\"Libra Hotel Nha Trang\" \/>\n<meta property=\"article:modified_time\" content=\"2026-02-05T07:39:55+00:00\" \/>\n<meta property=\"og:image\" content=\"https:\/\/www.librahotelnhatrang.com\/wp-content\/uploads\/sites\/142\/2026\/01\/1.jpg\" \/>\n\t<meta property=\"og:image:width\" content=\"2200\" \/>\n\t<meta property=\"og:image:height\" content=\"1238\" \/>\n\t<meta property=\"og:image:type\" content=\"image\/jpeg\" \/>\n<meta name=\"twitter:card\" content=\"summary_large_image\" \/>\n<meta name=\"twitter:label1\" content=\"Est. reading time\" \/>\n\t<meta name=\"twitter:data1\" content=\"1 minute\" \/>\n<script type=\"application\/ld+json\" class=\"yoast-schema-graph\">{\"@context\":\"https:\/\/schema.org\",\"@graph\":[{\"@type\":\"WebPage\",\"@id\":\"https:\/\/www.librahotelnhatrang.com\/vi\/location\/\",\"url\":\"https:\/\/www.librahotelnhatrang.com\/vi\/location\/\",\"name\":\"Location| Libra Hotel\",\"isPartOf\":{\"@id\":\"https:\/\/www.librahotelnhatrang.com\/vi\/#website\"},\"primaryImageOfPage\":{\"@id\":\"https:\/\/www.librahotelnhatrang.com\/vi\/location\/#primaryimage\"},\"image\":{\"@id\":\"https:\/\/www.librahotelnhatrang.com\/vi\/location\/#primaryimage\"},\"thumbnailUrl\":\"https:\/\/www.librahotelnhatrang.com\/wp-content\/uploads\/sites\/142\/2026\/01\/1.jpg\",\"datePublished\":\"2026-01-06T12:51:42+00:00\",\"dateModified\":\"2026-02-05T07:39:55+00:00\",\"description\":\"L\u00ean h\u1ec7 Hotline c\u1ee7a Libra Hotel Nha Trang, ch\u00fang t\u00f4i lu\u00f4n s\u1eb5n s\u00e0ng h\u1ed7 tr\u1ee3!\",\"breadcrumb\":{\"@id\":\"https:\/\/www.librahotelnhatrang.com\/vi\/location\/#breadcrumb\"},\"inLanguage\":\"vi-VN\",\"potentialAction\":[{\"@type\":\"ReadAction\",\"target\":[\"https:\/\/www.librahotelnhatrang.com\/vi\/location\/\"]}]},{\"@type\":\"ImageObject\",\"inLanguage\":\"vi-VN\",\"@id\":\"https:\/\/www.librahotelnhatrang.com\/vi\/location\/#primaryimage\",\"url\":\"https:\/\/www.librahotelnhatrang.com\/wp-content\/uploads\/sites\/142\/2026\/01\/1.jpg\",\"contentUrl\":\"https:\/\/www.librahotelnhatrang.com\/wp-content\/uploads\/sites\/142\/2026\/01\/1.jpg\",\"width\":2200,\"height\":1238},{\"@type\":\"BreadcrumbList\",\"@id\":\"https:\/\/www.librahotelnhatrang.com\/vi\/location\/#breadcrumb\",\"itemListElement\":[{\"@type\":\"ListItem\",\"position\":1,\"name\":\"Home\",\"item\":\"https:\/\/www.librahotelnhatrang.com\/vi\/\"},{\"@type\":\"ListItem\",\"position\":2,\"name\":\"V\u1ecb tr\u00ed c\u1ee7a ch\u00fang t\u00f4i\"}]},{\"@type\":\"WebSite\",\"@id\":\"https:\/\/www.librahotelnhatrang.com\/vi\/#website\",\"url\":\"https:\/\/www.librahotelnhatrang.com\/vi\/\",\"name\":\"Libra Hotel Nha Trang\",\"description\":\"\",\"potentialAction\":[{\"@type\":\"SearchAction\",\"target\":{\"@type\":\"EntryPoint\",\"urlTemplate\":\"https:\/\/www.librahotelnhatrang.com\/vi\/?s={search_term_string}\"},\"query-input\":\"required name=search_term_string\"}],\"inLanguage\":\"vi-VN\"}]}<\/script>\n<!-- \/ Yoast SEO plugin. -->","yoast_head_json":{"title":"Location| Libra Hotel","description":"L\u00ean h\u1ec7 Hotline c\u1ee7a Libra Hotel Nha Trang, ch\u00fang t\u00f4i lu\u00f4n s\u1eb5n s\u00e0ng h\u1ed7 tr\u1ee3!","robots":{"index":"index","follow":"follow","max-snippet":"max-snippet:-1","max-image-preview":"max-image-preview:large","max-video-preview":"max-video-preview:-1"},"canonical":"https:\/\/www.librahotelnhatrang.com\/vi\/location\/","og_locale":"vi_VN","og_type":"article","og_title":"Location| Libra Hotel","og_description":"L\u00ean h\u1ec7 Hotline c\u1ee7a Libra Hotel Nha Trang, ch\u00fang t\u00f4i lu\u00f4n s\u1eb5n s\u00e0ng h\u1ed7 tr\u1ee3!","og_url":"https:\/\/www.librahotelnhatrang.com\/vi\/location\/","og_site_name":"Libra Hotel Nha Trang","article_modified_time":"2026-02-05T07:39:55+00:00","og_image":[{"width":2200,"height":1238,"url":"https:\/\/www.librahotelnhatrang.com\/wp-content\/uploads\/sites\/142\/2026\/01\/1.jpg","type":"image\/jpeg"}],"twitter_card":"summary_large_image","twitter_misc":{"Est. reading time":"1 minute"},"schema":{"@context":"https:\/\/schema.org","@graph":[{"@type":"WebPage","@id":"https:\/\/www.librahotelnhatrang.com\/vi\/location\/","url":"https:\/\/www.librahotelnhatrang.com\/vi\/location\/","name":"Location| Libra Hotel","isPartOf":{"@id":"https:\/\/www.librahotelnhatrang.com\/vi\/#website"},"primaryImageOfPage":{"@id":"https:\/\/www.librahotelnhatrang.com\/vi\/location\/#primaryimage"},"image":{"@id":"https:\/\/www.librahotelnhatrang.com\/vi\/location\/#primaryimage"},"thumbnailUrl":"https:\/\/www.librahotelnhatrang.com\/wp-content\/uploads\/sites\/142\/2026\/01\/1.jpg","datePublished":"2026-01-06T12:51:42+00:00","dateModified":"2026-02-05T07:39:55+00:00","description":"L\u00ean h\u1ec7 Hotline c\u1ee7a Libra Hotel Nha Trang, ch\u00fang t\u00f4i lu\u00f4n s\u1eb5n s\u00e0ng h\u1ed7 tr\u1ee3!","breadcrumb":{"@id":"https:\/\/www.librahotelnhatrang.com\/vi\/location\/#breadcrumb"},"inLanguage":"vi-VN","potentialAction":[{"@type":"ReadAction","target":["https:\/\/www.librahotelnhatrang.com\/vi\/location\/"]}]},{"@type":"ImageObject","inLanguage":"vi-VN","@id":"https:\/\/www.librahotelnhatrang.com\/vi\/location\/#primaryimage","url":"https:\/\/www.librahotelnhatrang.com\/wp-content\/uploads\/sites\/142\/2026\/01\/1.jpg","contentUrl":"https:\/\/www.librahotelnhatrang.com\/wp-content\/uploads\/sites\/142\/2026\/01\/1.jpg","width":2200,"height":1238},{"@type":"BreadcrumbList","@id":"https:\/\/www.librahotelnhatrang.com\/vi\/location\/#breadcrumb","itemListElement":[{"@type":"ListItem","position":1,"name":"Home","item":"https:\/\/www.librahotelnhatrang.com\/vi\/"},{"@type":"ListItem","position":2,"name":"V\u1ecb tr\u00ed c\u1ee7a ch\u00fang t\u00f4i"}]},{"@type":"WebSite","@id":"https:\/\/www.librahotelnhatrang.com\/vi\/#website","url":"https:\/\/www.librahotelnhatrang.com\/vi\/","name":"Libra Hotel Nha Trang","description":"","potentialAction":[{"@type":"SearchAction","target":{"@type":"EntryPoint","urlTemplate":"https:\/\/www.librahotelnhatrang.com\/vi\/?s={search_term_string}"},"query-input":"required name=search_term_string"}],"inLanguage":"vi-VN"}]}},"acf":[],"_links":{"self":[{"href":"https:\/\/www.librahotelnhatrang.com\/vi\/wp-json\/wp\/v2\/pages\/146"}],"collection":[{"href":"https:\/\/www.librahotelnhatrang.com\/vi\/wp-json\/wp\/v2\/pages"}],"about":[{"href":"https:\/\/www.librahotelnhatrang.com\/vi\/wp-json\/wp\/v2\/types\/page"}],"author":[{"embeddable":true,"href":"https:\/\/www.librahotelnhatrang.com\/vi\/wp-json\/wp\/v2\/users\/90"}],"replies":[{"embeddable":true,"href":"https:\/\/www.librahotelnhatrang.com\/vi\/wp-json\/wp\/v2\/comments?post=146"}],"version-history":[{"count":0,"href":"https:\/\/www.librahotelnhatrang.com\/vi\/wp-json\/wp\/v2\/pages\/146\/revisions"}],"wp:featuredmedia":[{"embeddable":true,"href":"https:\/\/www.librahotelnhatrang.com\/vi\/wp-json\/wp\/v2\/media\/135"}],"wp:attachment":[{"href":"https:\/\/www.librahotelnhatrang.com\/vi\/wp-json\/wp\/v2\/media?parent=146"}],"curies":[{"name":"wp","href":"https:\/\/api.w.org\/{rel}","templated":true}]}}