{"id":150,"date":"2026-01-06T12:59:08","date_gmt":"2026-01-06T12:59:08","guid":{"rendered":"https:\/\/librahotelnhatrang.ms2.decms.asia\/?page_id=150"},"modified":"2026-02-05T07:34:49","modified_gmt":"2026-02-05T07:34:49","slug":"contact-us","status":"publish","type":"page","link":"https:\/\/www.librahotelnhatrang.com\/vi\/contact-us\/","title":{"rendered":"Li\u00ean h\u1ec7 v\u1edbi ch\u00fang t\u00f4i"},"content":{"rendered":"<p>N\u1ebfu b\u1ea1n c\u1ea7n t\u01b0 v\u1ea5n \u0111\u1eb7t ph\u00f2ng, h\u1ed7 tr\u1ee3 trong th\u1eddi gian l\u01b0u tr\u00fa, hay mu\u1ed1n t\u00ecm hi\u1ec3u th\u00eam v\u1ec1 c\u00e1c ti\u1ec7n \u00edch v\u00e0 d\u1ecbch v\u1ee5 c\u1ee7a kh\u00e1ch s\u1ea1n, \u0111\u1eebng ng\u1ea7n ng\u1ea1i li\u00ean h\u1ec7 v\u1edbi ch\u00fang t\u00f4i.<br \/>\n\u0110\u1ed9i ng\u0169 Libra Hotel Nha Trang lu\u00f4n s\u1eb5n s\u00e0ng mang \u0111\u1ebfn cho b\u1ea1n s\u1ef1 h\u1ed7 tr\u1ee3 t\u1eadn t\u00e2m v\u00e0 tr\u1ea3i nghi\u1ec7m l\u01b0u tr\u00fa tho\u1ea3i m\u00e1i, \u0111\u00e1ng nh\u1edb nh\u1ea5t.<\/p>\n","protected":false},"excerpt":{"rendered":"<p>N\u1ebfu b\u1ea1n c\u1ea7n t\u01b0 v\u1ea5n \u0111\u1eb7t ph\u00f2ng, h\u1ed7 tr\u1ee3 trong th\u1eddi gian l\u01b0u tr\u00fa, hay mu\u1ed1n t\u00ecm hi\u1ec3u th\u00eam v\u1ec1 c\u00e1c ti\u1ec7n \u00edch v\u00e0 d\u1ecbch v\u1ee5 c\u1ee7a kh\u00e1ch s\u1ea1n, \u0111\u1eebng ng\u1ea7n ng\u1ea1i li\u00ean h\u1ec7 v\u1edbi ch\u00fang t\u00f4i. \u0110\u1ed9i ng\u0169 Libra Hotel Nha Trang lu\u00f4n s\u1eb5n s\u00e0ng mang \u0111\u1ebfn cho b\u1ea1n s\u1ef1 h\u1ed7 tr\u1ee3 t\u1eadn t\u00e2m [&hellip;]<\/p>\n","protected":false},"author":90,"featured_media":134,"parent":0,"menu_order":0,"comment_status":"closed","ping_status":"closed","template":"template-contacts.php","meta":{"footnotes":""},"yoast_head":"<!-- This site is optimized with the Yoast SEO plugin v22.3 - https:\/\/yoast.com\/wordpress\/plugins\/seo\/ -->\n<title>Contact Us| Libra Hotel Nha Trang<\/title>\n<meta name=\"description\" content=\"\u0110\u1ed9i ng\u0169 Libra Hotel lu\u00f4n s\u1eb5n s\u00e0ng h\u1ed7 tr\u1ee3 v\u00e0 mang \u0111\u1ebfn cho b\u1ea1n k\u1ef3 ngh\u1ec9 \u0111\u00e1ng nh\u1edb.\" \/>\n<meta name=\"robots\" content=\"index, follow, max-snippet:-1, max-image-preview:large, max-video-preview:-1\" \/>\n<link rel=\"canonical\" href=\"https:\/\/www.librahotelnhatrang.com\/vi\/contact-us\/\" \/>\n<meta property=\"og:locale\" content=\"vi_VN\" \/>\n<meta property=\"og:type\" content=\"article\" \/>\n<meta property=\"og:title\" content=\"Contact Us| Libra Hotel Nha Trang\" \/>\n<meta property=\"og:description\" content=\"\u0110\u1ed9i ng\u0169 Libra Hotel lu\u00f4n s\u1eb5n s\u00e0ng h\u1ed7 tr\u1ee3 v\u00e0 mang \u0111\u1ebfn cho b\u1ea1n k\u1ef3 ngh\u1ec9 \u0111\u00e1ng nh\u1edb.\" \/>\n<meta property=\"og:url\" content=\"https:\/\/www.librahotelnhatrang.com\/vi\/contact-us\/\" \/>\n<meta property=\"og:site_name\" content=\"Libra Hotel Nha Trang\" \/>\n<meta property=\"article:modified_time\" content=\"2026-02-05T07:34:49+00:00\" \/>\n<meta property=\"og:image\" content=\"https:\/\/www.librahotelnhatrang.com\/wp-content\/uploads\/sites\/142\/2026\/01\/3.jpg\" \/>\n\t<meta property=\"og:image:width\" content=\"2200\" \/>\n\t<meta property=\"og:image:height\" content=\"2200\" \/>\n\t<meta property=\"og:image:type\" content=\"image\/jpeg\" \/>\n<meta name=\"twitter:card\" content=\"summary_large_image\" \/>\n<meta name=\"twitter:label1\" content=\"Est. reading time\" \/>\n\t<meta name=\"twitter:data1\" content=\"1 minute\" \/>\n<script type=\"application\/ld+json\" class=\"yoast-schema-graph\">{\"@context\":\"https:\/\/schema.org\",\"@graph\":[{\"@type\":\"WebPage\",\"@id\":\"https:\/\/www.librahotelnhatrang.com\/vi\/contact-us\/\",\"url\":\"https:\/\/www.librahotelnhatrang.com\/vi\/contact-us\/\",\"name\":\"Contact Us| Libra Hotel Nha Trang\",\"isPartOf\":{\"@id\":\"https:\/\/www.librahotelnhatrang.com\/vi\/#website\"},\"primaryImageOfPage\":{\"@id\":\"https:\/\/www.librahotelnhatrang.com\/vi\/contact-us\/#primaryimage\"},\"image\":{\"@id\":\"https:\/\/www.librahotelnhatrang.com\/vi\/contact-us\/#primaryimage\"},\"thumbnailUrl\":\"https:\/\/www.librahotelnhatrang.com\/wp-content\/uploads\/sites\/142\/2026\/01\/3.jpg\",\"datePublished\":\"2026-01-06T12:59:08+00:00\",\"dateModified\":\"2026-02-05T07:34:49+00:00\",\"description\":\"\u0110\u1ed9i ng\u0169 Libra Hotel lu\u00f4n s\u1eb5n s\u00e0ng h\u1ed7 tr\u1ee3 v\u00e0 mang \u0111\u1ebfn cho b\u1ea1n k\u1ef3 ngh\u1ec9 \u0111\u00e1ng nh\u1edb.\",\"breadcrumb\":{\"@id\":\"https:\/\/www.librahotelnhatrang.com\/vi\/contact-us\/#breadcrumb\"},\"inLanguage\":\"vi-VN\",\"potentialAction\":[{\"@type\":\"ReadAction\",\"target\":[\"https:\/\/www.librahotelnhatrang.com\/vi\/contact-us\/\"]}]},{\"@type\":\"ImageObject\",\"inLanguage\":\"vi-VN\",\"@id\":\"https:\/\/www.librahotelnhatrang.com\/vi\/contact-us\/#primaryimage\",\"url\":\"https:\/\/www.librahotelnhatrang.com\/wp-content\/uploads\/sites\/142\/2026\/01\/3.jpg\",\"contentUrl\":\"https:\/\/www.librahotelnhatrang.com\/wp-content\/uploads\/sites\/142\/2026\/01\/3.jpg\",\"width\":2200,\"height\":2200},{\"@type\":\"BreadcrumbList\",\"@id\":\"https:\/\/www.librahotelnhatrang.com\/vi\/contact-us\/#breadcrumb\",\"itemListElement\":[{\"@type\":\"ListItem\",\"position\":1,\"name\":\"Home\",\"item\":\"https:\/\/www.librahotelnhatrang.com\/vi\/\"},{\"@type\":\"ListItem\",\"position\":2,\"name\":\"Li\u00ean h\u1ec7 v\u1edbi ch\u00fang t\u00f4i\"}]},{\"@type\":\"WebSite\",\"@id\":\"https:\/\/www.librahotelnhatrang.com\/vi\/#website\",\"url\":\"https:\/\/www.librahotelnhatrang.com\/vi\/\",\"name\":\"Libra Hotel Nha Trang\",\"description\":\"\",\"potentialAction\":[{\"@type\":\"SearchAction\",\"target\":{\"@type\":\"EntryPoint\",\"urlTemplate\":\"https:\/\/www.librahotelnhatrang.com\/vi\/?s={search_term_string}\"},\"query-input\":\"required name=search_term_string\"}],\"inLanguage\":\"vi-VN\"}]}<\/script>\n<!-- \/ Yoast SEO plugin. -->","yoast_head_json":{"title":"Contact Us| Libra Hotel Nha Trang","description":"\u0110\u1ed9i ng\u0169 Libra Hotel lu\u00f4n s\u1eb5n s\u00e0ng h\u1ed7 tr\u1ee3 v\u00e0 mang \u0111\u1ebfn cho b\u1ea1n k\u1ef3 ngh\u1ec9 \u0111\u00e1ng nh\u1edb.","robots":{"index":"index","follow":"follow","max-snippet":"max-snippet:-1","max-image-preview":"max-image-preview:large","max-video-preview":"max-video-preview:-1"},"canonical":"https:\/\/www.librahotelnhatrang.com\/vi\/contact-us\/","og_locale":"vi_VN","og_type":"article","og_title":"Contact Us| Libra Hotel Nha Trang","og_description":"\u0110\u1ed9i ng\u0169 Libra Hotel lu\u00f4n s\u1eb5n s\u00e0ng h\u1ed7 tr\u1ee3 v\u00e0 mang \u0111\u1ebfn cho b\u1ea1n k\u1ef3 ngh\u1ec9 \u0111\u00e1ng nh\u1edb.","og_url":"https:\/\/www.librahotelnhatrang.com\/vi\/contact-us\/","og_site_name":"Libra Hotel Nha Trang","article_modified_time":"2026-02-05T07:34:49+00:00","og_image":[{"width":2200,"height":2200,"url":"https:\/\/www.librahotelnhatrang.com\/wp-content\/uploads\/sites\/142\/2026\/01\/3.jpg","type":"image\/jpeg"}],"twitter_card":"summary_large_image","twitter_misc":{"Est. reading time":"1 minute"},"schema":{"@context":"https:\/\/schema.org","@graph":[{"@type":"WebPage","@id":"https:\/\/www.librahotelnhatrang.com\/vi\/contact-us\/","url":"https:\/\/www.librahotelnhatrang.com\/vi\/contact-us\/","name":"Contact Us| Libra Hotel Nha Trang","isPartOf":{"@id":"https:\/\/www.librahotelnhatrang.com\/vi\/#website"},"primaryImageOfPage":{"@id":"https:\/\/www.librahotelnhatrang.com\/vi\/contact-us\/#primaryimage"},"image":{"@id":"https:\/\/www.librahotelnhatrang.com\/vi\/contact-us\/#primaryimage"},"thumbnailUrl":"https:\/\/www.librahotelnhatrang.com\/wp-content\/uploads\/sites\/142\/2026\/01\/3.jpg","datePublished":"2026-01-06T12:59:08+00:00","dateModified":"2026-02-05T07:34:49+00:00","description":"\u0110\u1ed9i ng\u0169 Libra Hotel lu\u00f4n s\u1eb5n s\u00e0ng h\u1ed7 tr\u1ee3 v\u00e0 mang \u0111\u1ebfn cho b\u1ea1n k\u1ef3 ngh\u1ec9 \u0111\u00e1ng nh\u1edb.","breadcrumb":{"@id":"https:\/\/www.librahotelnhatrang.com\/vi\/contact-us\/#breadcrumb"},"inLanguage":"vi-VN","potentialAction":[{"@type":"ReadAction","target":["https:\/\/www.librahotelnhatrang.com\/vi\/contact-us\/"]}]},{"@type":"ImageObject","inLanguage":"vi-VN","@id":"https:\/\/www.librahotelnhatrang.com\/vi\/contact-us\/#primaryimage","url":"https:\/\/www.librahotelnhatrang.com\/wp-content\/uploads\/sites\/142\/2026\/01\/3.jpg","contentUrl":"https:\/\/www.librahotelnhatrang.com\/wp-content\/uploads\/sites\/142\/2026\/01\/3.jpg","width":2200,"height":2200},{"@type":"BreadcrumbList","@id":"https:\/\/www.librahotelnhatrang.com\/vi\/contact-us\/#breadcrumb","itemListElement":[{"@type":"ListItem","position":1,"name":"Home","item":"https:\/\/www.librahotelnhatrang.com\/vi\/"},{"@type":"ListItem","position":2,"name":"Li\u00ean h\u1ec7 v\u1edbi ch\u00fang t\u00f4i"}]},{"@type":"WebSite","@id":"https:\/\/www.librahotelnhatrang.com\/vi\/#website","url":"https:\/\/www.librahotelnhatrang.com\/vi\/","name":"Libra Hotel Nha Trang","description":"","potentialAction":[{"@type":"SearchAction","target":{"@type":"EntryPoint","urlTemplate":"https:\/\/www.librahotelnhatrang.com\/vi\/?s={search_term_string}"},"query-input":"required name=search_term_string"}],"inLanguage":"vi-VN"}]}},"acf":[],"_links":{"self":[{"href":"https:\/\/www.librahotelnhatrang.com\/vi\/wp-json\/wp\/v2\/pages\/150"}],"collection":[{"href":"https:\/\/www.librahotelnhatrang.com\/vi\/wp-json\/wp\/v2\/pages"}],"about":[{"href":"https:\/\/www.librahotelnhatrang.com\/vi\/wp-json\/wp\/v2\/types\/page"}],"author":[{"embeddable":true,"href":"https:\/\/www.librahotelnhatrang.com\/vi\/wp-json\/wp\/v2\/users\/90"}],"replies":[{"embeddable":true,"href":"https:\/\/www.librahotelnhatrang.com\/vi\/wp-json\/wp\/v2\/comments?post=150"}],"version-history":[{"count":0,"href":"https:\/\/www.librahotelnhatrang.com\/vi\/wp-json\/wp\/v2\/pages\/150\/revisions"}],"wp:featuredmedia":[{"embeddable":true,"href":"https:\/\/www.librahotelnhatrang.com\/vi\/wp-json\/wp\/v2\/media\/134"}],"wp:attachment":[{"href":"https:\/\/www.librahotelnhatrang.com\/vi\/wp-json\/wp\/v2\/media?parent=150"}],"curies":[{"name":"wp","href":"https:\/\/api.w.org\/{rel}","templated":true}]}}