{"id":151,"date":"2026-01-06T13:01:03","date_gmt":"2026-01-06T13:01:03","guid":{"rendered":"https:\/\/librahotelnhatrang.ms2.decms.asia\/?page_id=151"},"modified":"2026-02-05T07:38:52","modified_gmt":"2026-02-05T07:38:52","slug":"legal-notice","status":"publish","type":"page","link":"https:\/\/www.librahotelnhatrang.com\/vi\/legal-notice\/","title":{"rendered":"Th\u00f4ng b\u00e1o ph\u00e1p l\u00fd"},"content":{"rendered":"<p>TH\u00d4NG B\u00c1O PH\u00c1P L\u00dd<br \/>\nI. Quy\u1ec1n S\u1edf H\u1eefu v\u00e0 B\u1ea3n Quy\u1ec1n<\/p>\n<p>B\u1ea3n quy\u1ec1n: Website ch\u00ednh th\u1ee9c c\u1ee7a Libra Hotel Nha Trang \u0111\u01b0\u1ee3c qu\u1ea3n l\u00fd v\u00e0 v\u1eadn h\u00e0nh b\u1edfi C\u00f4ng ty C\u1ed5 ph\u1ea7n S\u00e1ng T\u1ea1o Nha Trang. T\u1ea5t c\u1ea3 n\u1ed9i dung hi\u1ec3n th\u1ecb tr\u00ean website bao g\u1ed3m v\u0103n b\u1ea3n, h\u00ecnh \u1ea3nh, video, \u0111\u1ed3 h\u1ecda, bi\u1ec3u tr\u01b0ng v\u00e0 m\u00e3 ngu\u1ed3n l\u00e0 t\u00e0i s\u1ea3n tr\u00ed tu\u1ec7 c\u1ee7a Libra Hotel Nha Trang ho\u1eb7c c\u00e1c \u0111\u1ed1i t\u00e1c \u0111\u01b0\u1ee3c c\u1ea5p ph\u00e9p h\u1ee3p ph\u00e1p.<\/p>\n<p>H\u1ea1n ch\u1ebf s\u1eed d\u1ee5ng: Vi\u1ec7c s\u1eed d\u1ee5ng l\u1ea1i b\u1ea5t k\u1ef3 ph\u1ea7n n\u1ed9i dung n\u00e0o cho m\u1ee5c \u0111\u00edch th\u01b0\u01a1ng m\u1ea1i ho\u1eb7c \u0111\u0103ng t\u1ea3i l\u1ea1i tr\u00ean n\u1ec1n t\u1ea3ng kh\u00e1c m\u00e0 kh\u00f4ng c\u00f3 s\u1ef1 \u0111\u1ed3ng \u00fd b\u1eb1ng v\u0103n b\u1ea3n c\u1ee7a Libra Hotel Nha Trang \u0111\u1ec1u b\u1ecb nghi\u00eam c\u1ea5m.<\/p>\n<p>S\u1eed d\u1ee5ng c\u00e1 nh\u00e2n: Ng\u01b0\u1eddi d\u00f9ng c\u00f3 th\u1ec3 t\u1ea3i ho\u1eb7c in c\u00e1c n\u1ed9i dung tr\u00ean website cho m\u1ee5c \u0111\u00edch c\u00e1 nh\u00e2n, phi th\u01b0\u01a1ng m\u1ea1i, v\u1edbi \u0111i\u1ec1u ki\u1ec7n gi\u1eef nguy\u00ean ngu\u1ed3n v\u00e0 th\u00f4ng tin b\u1ea3n quy\u1ec1n \u0111i k\u00e8m.<\/p>\n<p>II. Tr\u00e1ch Nhi\u1ec7m v\u00e0 Gi\u1edbi H\u1ea1n<\/p>\n<p>T\u00ednh ch\u00ednh x\u00e1c c\u1ee7a th\u00f4ng tin: Libra Hotel Nha Trang lu\u00f4n n\u1ed7 l\u1ef1c cung c\u1ea5p th\u00f4ng tin trung th\u1ef1c nh\u1ea5t. Tuy nhi\u00ean, c\u00e1c chi ti\u1ebft v\u1ec1 d\u1ecbch v\u1ee5, gi\u00e1 ph\u00f2ng ho\u1eb7c h\u00ecnh \u1ea3nh minh h\u1ecda c\u00f3 th\u1ec3 thay \u0111\u1ed5i m\u00e0 kh\u00f4ng c\u1ea7n th\u00f4ng b\u00e1o tr\u01b0\u1edbc.<\/p>\n<p>L\u1ed7i k\u1ef9 thu\u1eadt: Libra Hotel Nha Trang kh\u00f4ng ch\u1ecbu tr\u00e1ch nhi\u1ec7m \u0111\u1ed1i v\u1edbi b\u1ea5t k\u1ef3 thi\u1ec7t h\u1ea1i n\u00e0o ph\u00e1t sinh do l\u1ed7i k\u1ef9 thu\u1eadt, s\u1ef1 c\u1ed1 m\u1ea1ng ho\u1eb7c vi\u1ec7c truy c\u1eadp, s\u1eed d\u1ee5ng th\u00f4ng tin t\u1eeb website v\u01b0\u1ee3t ngo\u00e0i ki\u1ec3m so\u00e1t c\u1ee7a Libra Hotel Nha Trang.<\/p>\n<p>\u0110\u1eb7t ph\u00f2ng: C\u00e1c giao d\u1ecbch \u0111\u1eb7t ph\u00f2ng \u0111\u01b0\u1ee3c th\u1ef1c hi\u1ec7n th\u00f4ng qua h\u1ec7 th\u1ed1ng c\u1ee7a Libra Hotel ho\u1eb7c \u0111\u1ed1i t\u00e1c li\u00ean k\u1ebft b\u00ean th\u1ee9 ba \u0111\u1ec1u tu\u00e2n theo \u0110i\u1ec1u kho\u1ea3n v\u00e0 \u0110i\u1ec1u ki\u1ec7n \u0110\u1eb7t ph\u00f2ng \u0111\u01b0\u1ee3c \u00e1p d\u1ee5ng t\u1ea1i th\u1eddi \u0111i\u1ec3m x\u00e1c nh\u1eadn d\u1ecbch v\u1ee5.<\/p>\n<p>Li\u00ean k\u1ebft b\u00ean ngo\u00e0i: Website c\u00f3 th\u1ec3 ch\u1ee9a li\u00ean k\u1ebft d\u1eabn \u0111\u1ebfn trang c\u1ee7a b\u00ean th\u1ee9 ba; Libra Hotel Nha Trang kh\u00f4ng ch\u1ecbu tr\u00e1ch nhi\u1ec7m v\u1ec1 n\u1ed9i dung hay ch\u00ednh s\u00e1ch b\u1ea3o m\u1eadt c\u1ee7a c\u00e1c trang web \u0111\u00f3.<\/p>\n<p>III. Quy \u0110\u1ecbnh Chung<\/p>\n<p>Lu\u1eadt \u0111i\u1ec1u ch\u1ec9nh: Th\u00f4ng b\u00e1o ph\u00e1p l\u00fd n\u00e0y \u0111\u01b0\u1ee3c \u0111i\u1ec1u ch\u1ec9nh theo quy \u0111\u1ecbnh ph\u00e1p lu\u1eadt c\u1ee7a C\u1ed9ng h\u00f2a X\u00e3 h\u1ed9i Ch\u1ee7 ngh\u0129a Vi\u1ec7t Nam.<\/p>\n<p>Thay \u0111\u1ed5i \u0111i\u1ec1u kho\u1ea3n: Libra Hotel Nha Trang c\u00f3 th\u1ec3 c\u1eadp nh\u1eadt, ch\u1ec9nh s\u1eeda ho\u1eb7c b\u1ed5 sung n\u1ed9i dung c\u1ee7a th\u00f4ng b\u00e1o n\u00e0y b\u1ea5t k\u1ef3 l\u00fac n\u00e0o \u0111\u1ec3 ph\u00f9 h\u1ee3p v\u1edbi ch\u00ednh s\u00e1ch v\u00e0 quy \u0111\u1ecbnh hi\u1ec7n h\u00e0nh.<br \/>\nVi\u1ec7c ti\u1ebfp t\u1ee5c truy c\u1eadp website sau khi c\u00f3 thay \u0111\u1ed5i \u0111\u01b0\u1ee3c xem l\u00e0 s\u1ef1 \u0111\u1ed3ng thu\u1eadn c\u1ee7a qu\u00fd kh\u00e1ch v\u1edbi c\u00e1c \u0111i\u1ec1u kho\u1ea3n c\u1eadp nh\u1eadt.<\/p>\n","protected":false},"excerpt":{"rendered":"<p>TH\u00d4NG B\u00c1O PH\u00c1P L\u00dd I. Quy\u1ec1n S\u1edf H\u1eefu v\u00e0 B\u1ea3n Quy\u1ec1n B\u1ea3n quy\u1ec1n: Website ch\u00ednh th\u1ee9c c\u1ee7a Libra Hotel Nha Trang \u0111\u01b0\u1ee3c qu\u1ea3n l\u00fd v\u00e0 v\u1eadn h\u00e0nh b\u1edfi C\u00f4ng ty C\u1ed5 ph\u1ea7n S\u00e1ng T\u1ea1o Nha Trang. T\u1ea5t c\u1ea3 n\u1ed9i dung hi\u1ec3n th\u1ecb tr\u00ean website bao g\u1ed3m v\u0103n b\u1ea3n, h\u00ecnh \u1ea3nh, video, \u0111\u1ed3 h\u1ecda, bi\u1ec3u tr\u01b0ng [&hellip;]<\/p>\n","protected":false},"author":90,"featured_media":0,"parent":0,"menu_order":0,"comment_status":"closed","ping_status":"closed","template":"template-legal-pages.php","meta":{"footnotes":""},"yoast_head":"<!-- This site is optimized with the Yoast SEO plugin v22.3 - https:\/\/yoast.com\/wordpress\/plugins\/seo\/ -->\n<title>Legal Notice| Libra Hotel Nha Trang<\/title>\n<meta name=\"description\" content=\"Ki\u1ec3m tra c\u00e1c \u0111i\u1ec1u kho\u1ea3n ph\u00e1p l\u00fd, th\u00f4ng tin b\u1ea3n quy\u1ec1n v\u00e0 quy \u0111\u1ecbnh s\u1eed d\u1ee5ng c\u1ee7a website.\" \/>\n<meta name=\"robots\" content=\"index, follow, max-snippet:-1, max-image-preview:large, max-video-preview:-1\" \/>\n<link rel=\"canonical\" href=\"https:\/\/www.librahotelnhatrang.com\/vi\/legal-notice\/\" \/>\n<meta property=\"og:locale\" content=\"vi_VN\" \/>\n<meta property=\"og:type\" content=\"article\" \/>\n<meta property=\"og:title\" content=\"Legal Notice| Libra Hotel Nha Trang\" \/>\n<meta property=\"og:description\" content=\"Ki\u1ec3m tra c\u00e1c \u0111i\u1ec1u kho\u1ea3n ph\u00e1p l\u00fd, th\u00f4ng tin b\u1ea3n quy\u1ec1n v\u00e0 quy \u0111\u1ecbnh s\u1eed d\u1ee5ng c\u1ee7a website.\" \/>\n<meta property=\"og:url\" content=\"https:\/\/www.librahotelnhatrang.com\/vi\/legal-notice\/\" \/>\n<meta property=\"og:site_name\" content=\"Libra Hotel Nha Trang\" \/>\n<meta property=\"article:modified_time\" content=\"2026-02-05T07:38:52+00:00\" \/>\n<meta name=\"twitter:card\" content=\"summary_large_image\" \/>\n<meta name=\"twitter:label1\" content=\"Est. reading time\" \/>\n\t<meta name=\"twitter:data1\" content=\"2 minutes\" \/>\n<script type=\"application\/ld+json\" class=\"yoast-schema-graph\">{\"@context\":\"https:\/\/schema.org\",\"@graph\":[{\"@type\":\"WebPage\",\"@id\":\"https:\/\/www.librahotelnhatrang.com\/vi\/legal-notice\/\",\"url\":\"https:\/\/www.librahotelnhatrang.com\/vi\/legal-notice\/\",\"name\":\"Legal Notice| Libra Hotel Nha Trang\",\"isPartOf\":{\"@id\":\"https:\/\/www.librahotelnhatrang.com\/vi\/#website\"},\"datePublished\":\"2026-01-06T13:01:03+00:00\",\"dateModified\":\"2026-02-05T07:38:52+00:00\",\"description\":\"Ki\u1ec3m tra c\u00e1c \u0111i\u1ec1u kho\u1ea3n ph\u00e1p l\u00fd, th\u00f4ng tin b\u1ea3n quy\u1ec1n v\u00e0 quy \u0111\u1ecbnh s\u1eed d\u1ee5ng c\u1ee7a website.\",\"breadcrumb\":{\"@id\":\"https:\/\/www.librahotelnhatrang.com\/vi\/legal-notice\/#breadcrumb\"},\"inLanguage\":\"vi-VN\",\"potentialAction\":[{\"@type\":\"ReadAction\",\"target\":[\"https:\/\/www.librahotelnhatrang.com\/vi\/legal-notice\/\"]}]},{\"@type\":\"BreadcrumbList\",\"@id\":\"https:\/\/www.librahotelnhatrang.com\/vi\/legal-notice\/#breadcrumb\",\"itemListElement\":[{\"@type\":\"ListItem\",\"position\":1,\"name\":\"Home\",\"item\":\"https:\/\/www.librahotelnhatrang.com\/vi\/\"},{\"@type\":\"ListItem\",\"position\":2,\"name\":\"Th\u00f4ng b\u00e1o ph\u00e1p l\u00fd\"}]},{\"@type\":\"WebSite\",\"@id\":\"https:\/\/www.librahotelnhatrang.com\/vi\/#website\",\"url\":\"https:\/\/www.librahotelnhatrang.com\/vi\/\",\"name\":\"Libra Hotel Nha Trang\",\"description\":\"\",\"potentialAction\":[{\"@type\":\"SearchAction\",\"target\":{\"@type\":\"EntryPoint\",\"urlTemplate\":\"https:\/\/www.librahotelnhatrang.com\/vi\/?s={search_term_string}\"},\"query-input\":\"required name=search_term_string\"}],\"inLanguage\":\"vi-VN\"}]}<\/script>\n<!-- \/ Yoast SEO plugin. -->","yoast_head_json":{"title":"Legal Notice| Libra Hotel Nha Trang","description":"Ki\u1ec3m tra c\u00e1c \u0111i\u1ec1u kho\u1ea3n ph\u00e1p l\u00fd, th\u00f4ng tin b\u1ea3n quy\u1ec1n v\u00e0 quy \u0111\u1ecbnh s\u1eed d\u1ee5ng c\u1ee7a website.","robots":{"index":"index","follow":"follow","max-snippet":"max-snippet:-1","max-image-preview":"max-image-preview:large","max-video-preview":"max-video-preview:-1"},"canonical":"https:\/\/www.librahotelnhatrang.com\/vi\/legal-notice\/","og_locale":"vi_VN","og_type":"article","og_title":"Legal Notice| Libra Hotel Nha Trang","og_description":"Ki\u1ec3m tra c\u00e1c \u0111i\u1ec1u kho\u1ea3n ph\u00e1p l\u00fd, th\u00f4ng tin b\u1ea3n quy\u1ec1n v\u00e0 quy \u0111\u1ecbnh s\u1eed d\u1ee5ng c\u1ee7a website.","og_url":"https:\/\/www.librahotelnhatrang.com\/vi\/legal-notice\/","og_site_name":"Libra Hotel Nha Trang","article_modified_time":"2026-02-05T07:38:52+00:00","twitter_card":"summary_large_image","twitter_misc":{"Est. reading time":"2 minutes"},"schema":{"@context":"https:\/\/schema.org","@graph":[{"@type":"WebPage","@id":"https:\/\/www.librahotelnhatrang.com\/vi\/legal-notice\/","url":"https:\/\/www.librahotelnhatrang.com\/vi\/legal-notice\/","name":"Legal Notice| Libra Hotel Nha Trang","isPartOf":{"@id":"https:\/\/www.librahotelnhatrang.com\/vi\/#website"},"datePublished":"2026-01-06T13:01:03+00:00","dateModified":"2026-02-05T07:38:52+00:00","description":"Ki\u1ec3m tra c\u00e1c \u0111i\u1ec1u kho\u1ea3n ph\u00e1p l\u00fd, th\u00f4ng tin b\u1ea3n quy\u1ec1n v\u00e0 quy \u0111\u1ecbnh s\u1eed d\u1ee5ng c\u1ee7a website.","breadcrumb":{"@id":"https:\/\/www.librahotelnhatrang.com\/vi\/legal-notice\/#breadcrumb"},"inLanguage":"vi-VN","potentialAction":[{"@type":"ReadAction","target":["https:\/\/www.librahotelnhatrang.com\/vi\/legal-notice\/"]}]},{"@type":"BreadcrumbList","@id":"https:\/\/www.librahotelnhatrang.com\/vi\/legal-notice\/#breadcrumb","itemListElement":[{"@type":"ListItem","position":1,"name":"Home","item":"https:\/\/www.librahotelnhatrang.com\/vi\/"},{"@type":"ListItem","position":2,"name":"Th\u00f4ng b\u00e1o ph\u00e1p l\u00fd"}]},{"@type":"WebSite","@id":"https:\/\/www.librahotelnhatrang.com\/vi\/#website","url":"https:\/\/www.librahotelnhatrang.com\/vi\/","name":"Libra Hotel Nha Trang","description":"","potentialAction":[{"@type":"SearchAction","target":{"@type":"EntryPoint","urlTemplate":"https:\/\/www.librahotelnhatrang.com\/vi\/?s={search_term_string}"},"query-input":"required name=search_term_string"}],"inLanguage":"vi-VN"}]}},"acf":[],"_links":{"self":[{"href":"https:\/\/www.librahotelnhatrang.com\/vi\/wp-json\/wp\/v2\/pages\/151"}],"collection":[{"href":"https:\/\/www.librahotelnhatrang.com\/vi\/wp-json\/wp\/v2\/pages"}],"about":[{"href":"https:\/\/www.librahotelnhatrang.com\/vi\/wp-json\/wp\/v2\/types\/page"}],"author":[{"embeddable":true,"href":"https:\/\/www.librahotelnhatrang.com\/vi\/wp-json\/wp\/v2\/users\/90"}],"replies":[{"embeddable":true,"href":"https:\/\/www.librahotelnhatrang.com\/vi\/wp-json\/wp\/v2\/comments?post=151"}],"version-history":[{"count":0,"href":"https:\/\/www.librahotelnhatrang.com\/vi\/wp-json\/wp\/v2\/pages\/151\/revisions"}],"wp:attachment":[{"href":"https:\/\/www.librahotelnhatrang.com\/vi\/wp-json\/wp\/v2\/media?parent=151"}],"curies":[{"name":"wp","href":"https:\/\/api.w.org\/{rel}","templated":true}]}}