{"id":2,"date":"2025-12-09T09:28:25","date_gmt":"2025-12-09T09:28:25","guid":{"rendered":"http:\/\/librahotelnhatrang.ms2.decms.asia\/?page_id=2"},"modified":"2026-04-02T02:50:39","modified_gmt":"2026-04-02T02:50:39","slug":"libra-hotel-nha-trang","status":"publish","type":"page","link":"https:\/\/www.librahotelnhatrang.com\/vi\/","title":{"rendered":"Libra Hotel Nha Trang"},"content":{"rendered":"<p>Ch\u1ea1m nh\u1eb9 v\u00e0o tr\u00e1i tim c\u1ee7a ph\u1ed1 bi\u1ec3n Nha Trang, Libra Hotel hi\u1ec7n l\u00ean nh\u01b0 m\u1ed9t d\u1ea5u \u1ea5n giao thoa, n\u01a1i s\u1ef1 c\u00e2n b\u1eb1ng v\u00e0 tinh t\u1ebf \u0111\u01b0\u1ee3c th\u1ed5i h\u1ed3n v\u00e0o t\u1eebng kh\u00f4ng gian ngh\u1ec9 d\u01b0\u1ee1ng.<\/p>\n<p>L\u1ea5y c\u1ea3m h\u1ee9ng t\u1eeb bi\u1ec3u t\u01b0\u1ee3ng c\u1ee7a cung Thi\u00ean B\u00ecnh, k\u1ebft h\u1ee3p c\u00f9ng hoa Tulip &#8211; lo\u00e0i hoa t\u01b0\u1ee3ng tr\u01b0ng cho t\u00ecnh y\u00eau b\u1ea5t di\u1ec7t, Libra Hotel l\u00e0 m\u1ed9t b\u1ea3n giao h\u01b0\u1edfng gi\u1eefa c\u1ea3m x\u00fac v\u00e0 tinh th\u1ea7n, g\u1ee3i n\u00ean c\u1ea3m gi\u00e1c an nhi\u00ean gi\u1eefa nh\u1ecbp ph\u1ed1 bi\u1ec3n \u0111\u00f4 h\u1ed9i.<\/p>\n<p>Libra Hotel kh\u00f4ng ch\u1ec9 l\u00e0 n\u01a1i d\u1eebng ch\u00e2n, m\u00e0 l\u00e0 n\u01a1i kh\u01a1i m\u1edf m\u1ed9t phong c\u00e1ch s\u1ed1ng h\u00e0i h\u00f2a, n\u01a1i con ng\u01b0\u1eddi t\u00ecm th\u1ea5y s\u1ef1 an nhi\u00ean gi\u1eefa nh\u1ecbp ph\u1ed1 v\u00e0 bi\u1ec3n tr\u1eddi Nha Trang.<\/p>\n","protected":false},"excerpt":{"rendered":"<p>Ch\u1ea1m nh\u1eb9 v\u00e0o tr\u00e1i tim c\u1ee7a ph\u1ed1 bi\u1ec3n Nha Trang, Libra Hotel hi\u1ec7n l\u00ean nh\u01b0 m\u1ed9t d\u1ea5u \u1ea5n giao thoa, n\u01a1i s\u1ef1 c\u00e2n b\u1eb1ng v\u00e0 tinh t\u1ebf \u0111\u01b0\u1ee3c th\u1ed5i h\u1ed3n v\u00e0o t\u1eebng kh\u00f4ng gian ngh\u1ec9 d\u01b0\u1ee1ng. L\u1ea5y c\u1ea3m h\u1ee9ng t\u1eeb bi\u1ec3u t\u01b0\u1ee3ng c\u1ee7a cung Thi\u00ean B\u00ecnh, k\u1ebft h\u1ee3p c\u00f9ng hoa Tulip &#8211; lo\u00e0i hoa t\u01b0\u1ee3ng [&hellip;]<\/p>\n","protected":false},"author":90,"featured_media":392,"parent":0,"menu_order":0,"comment_status":"closed","ping_status":"closed","template":"","meta":{"footnotes":""},"yoast_head":"<!-- This site is optimized with the Yoast SEO plugin v22.3 - https:\/\/yoast.com\/wordpress\/plugins\/seo\/ -->\n<title>Trang ch\u1ee7 | Libra Hotel Nha Trang<\/title>\n<meta name=\"description\" content=\"Libra Hotel Nha Trang mang \u0111\u1ebfn m\u1ed9t kh\u00f4ng gian ngh\u1ec9 d\u01b0\u1ee1ng tinh t\u1ebf, n\u01a1i s\u1ef1 hi\u1ebfu kh\u00e1ch \u0111\u01b0\u1ee3c \u0111\u1eb7t l\u00ean h\u00e0ng \u0111\u1ea7u. V\u1edbi d\u1ecbch v\u1ee5 ch\u1ec9nh chu v\u00e0 \u0111\u1ed9i ng\u0169 nh\u00e2n s\u1ef1 chuy\u00ean nghi\u1ec7p\" \/>\n<meta name=\"robots\" content=\"index, follow, max-snippet:-1, max-image-preview:large, max-video-preview:-1\" \/>\n<link rel=\"canonical\" href=\"https:\/\/www.librahotelnhatrang.com\/vi\/\" \/>\n<meta property=\"og:locale\" content=\"vi_VN\" \/>\n<meta property=\"og:type\" content=\"article\" \/>\n<meta property=\"og:title\" content=\"Trang ch\u1ee7 | Libra Hotel Nha Trang\" \/>\n<meta property=\"og:description\" content=\"Libra Hotel Nha Trang mang \u0111\u1ebfn m\u1ed9t kh\u00f4ng gian ngh\u1ec9 d\u01b0\u1ee1ng tinh t\u1ebf, n\u01a1i s\u1ef1 hi\u1ebfu kh\u00e1ch \u0111\u01b0\u1ee3c \u0111\u1eb7t l\u00ean h\u00e0ng \u0111\u1ea7u. V\u1edbi d\u1ecbch v\u1ee5 ch\u1ec9nh chu v\u00e0 \u0111\u1ed9i ng\u0169 nh\u00e2n s\u1ef1 chuy\u00ean nghi\u1ec7p\" \/>\n<meta property=\"og:url\" content=\"https:\/\/www.librahotelnhatrang.com\/vi\/\" \/>\n<meta property=\"og:site_name\" content=\"Libra Hotel Nha Trang\" \/>\n<meta property=\"article:modified_time\" content=\"2026-04-02T02:50:39+00:00\" \/>\n<meta property=\"og:image\" content=\"http:\/\/www.librahotelnhatrang.com\/wp-content\/uploads\/sites\/142\/2026\/02\/Libra-3.jpg\" \/>\n\t<meta property=\"og:image:width\" content=\"2200\" \/>\n\t<meta property=\"og:image:height\" content=\"1200\" \/>\n\t<meta property=\"og:image:type\" content=\"image\/jpeg\" \/>\n<meta name=\"twitter:card\" content=\"summary_large_image\" \/>\n<meta name=\"twitter:label1\" content=\"Est. reading time\" \/>\n\t<meta name=\"twitter:data1\" content=\"1 minute\" \/>\n<script type=\"application\/ld+json\" class=\"yoast-schema-graph\">{\"@context\":\"https:\/\/schema.org\",\"@graph\":[{\"@type\":\"WebPage\",\"@id\":\"https:\/\/www.librahotelnhatrang.com\/vi\/\",\"url\":\"https:\/\/www.librahotelnhatrang.com\/vi\/\",\"name\":\"Trang ch\u1ee7 | Libra Hotel Nha Trang\",\"isPartOf\":{\"@id\":\"https:\/\/www.librahotelnhatrang.com\/vi\/#website\"},\"primaryImageOfPage\":{\"@id\":\"https:\/\/www.librahotelnhatrang.com\/vi\/#primaryimage\"},\"image\":{\"@id\":\"https:\/\/www.librahotelnhatrang.com\/vi\/#primaryimage\"},\"thumbnailUrl\":\"https:\/\/www.librahotelnhatrang.com\/wp-content\/uploads\/sites\/142\/2026\/02\/Libra-3.jpg\",\"datePublished\":\"2025-12-09T09:28:25+00:00\",\"dateModified\":\"2026-04-02T02:50:39+00:00\",\"description\":\"Libra Hotel Nha Trang mang \u0111\u1ebfn m\u1ed9t kh\u00f4ng gian ngh\u1ec9 d\u01b0\u1ee1ng tinh t\u1ebf, n\u01a1i s\u1ef1 hi\u1ebfu kh\u00e1ch \u0111\u01b0\u1ee3c \u0111\u1eb7t l\u00ean h\u00e0ng \u0111\u1ea7u. V\u1edbi d\u1ecbch v\u1ee5 ch\u1ec9nh chu v\u00e0 \u0111\u1ed9i ng\u0169 nh\u00e2n s\u1ef1 chuy\u00ean nghi\u1ec7p\",\"breadcrumb\":{\"@id\":\"https:\/\/www.librahotelnhatrang.com\/vi\/#breadcrumb\"},\"inLanguage\":\"vi-VN\",\"potentialAction\":[{\"@type\":\"ReadAction\",\"target\":[\"https:\/\/www.librahotelnhatrang.com\/vi\/\"]}]},{\"@type\":\"ImageObject\",\"inLanguage\":\"vi-VN\",\"@id\":\"https:\/\/www.librahotelnhatrang.com\/vi\/#primaryimage\",\"url\":\"https:\/\/www.librahotelnhatrang.com\/wp-content\/uploads\/sites\/142\/2026\/02\/Libra-3.jpg\",\"contentUrl\":\"https:\/\/www.librahotelnhatrang.com\/wp-content\/uploads\/sites\/142\/2026\/02\/Libra-3.jpg\",\"width\":2200,\"height\":1200},{\"@type\":\"BreadcrumbList\",\"@id\":\"https:\/\/www.librahotelnhatrang.com\/vi\/#breadcrumb\",\"itemListElement\":[{\"@type\":\"ListItem\",\"position\":1,\"name\":\"Home\",\"item\":\"https:\/\/www.librahotelnhatrang.com\/vi\/\"},{\"@type\":\"ListItem\",\"position\":2,\"name\":\"Libra Hotel Nha Trang\"}]},{\"@type\":\"WebSite\",\"@id\":\"https:\/\/www.librahotelnhatrang.com\/vi\/#website\",\"url\":\"https:\/\/www.librahotelnhatrang.com\/vi\/\",\"name\":\"Libra Hotel Nha Trang\",\"description\":\"\",\"potentialAction\":[{\"@type\":\"SearchAction\",\"target\":{\"@type\":\"EntryPoint\",\"urlTemplate\":\"https:\/\/www.librahotelnhatrang.com\/vi\/?s={search_term_string}\"},\"query-input\":\"required name=search_term_string\"}],\"inLanguage\":\"vi-VN\"}]}<\/script>\n<!-- \/ Yoast SEO plugin. -->","yoast_head_json":{"title":"Trang ch\u1ee7 | Libra Hotel Nha Trang","description":"Libra Hotel Nha Trang mang \u0111\u1ebfn m\u1ed9t kh\u00f4ng gian ngh\u1ec9 d\u01b0\u1ee1ng tinh t\u1ebf, n\u01a1i s\u1ef1 hi\u1ebfu kh\u00e1ch \u0111\u01b0\u1ee3c \u0111\u1eb7t l\u00ean h\u00e0ng \u0111\u1ea7u. V\u1edbi d\u1ecbch v\u1ee5 ch\u1ec9nh chu v\u00e0 \u0111\u1ed9i ng\u0169 nh\u00e2n s\u1ef1 chuy\u00ean nghi\u1ec7p","robots":{"index":"index","follow":"follow","max-snippet":"max-snippet:-1","max-image-preview":"max-image-preview:large","max-video-preview":"max-video-preview:-1"},"canonical":"https:\/\/www.librahotelnhatrang.com\/vi\/","og_locale":"vi_VN","og_type":"article","og_title":"Trang ch\u1ee7 | Libra Hotel Nha Trang","og_description":"Libra Hotel Nha Trang mang \u0111\u1ebfn m\u1ed9t kh\u00f4ng gian ngh\u1ec9 d\u01b0\u1ee1ng tinh t\u1ebf, n\u01a1i s\u1ef1 hi\u1ebfu kh\u00e1ch \u0111\u01b0\u1ee3c \u0111\u1eb7t l\u00ean h\u00e0ng \u0111\u1ea7u. V\u1edbi d\u1ecbch v\u1ee5 ch\u1ec9nh chu v\u00e0 \u0111\u1ed9i ng\u0169 nh\u00e2n s\u1ef1 chuy\u00ean nghi\u1ec7p","og_url":"https:\/\/www.librahotelnhatrang.com\/vi\/","og_site_name":"Libra Hotel Nha Trang","article_modified_time":"2026-04-02T02:50:39+00:00","og_image":[{"width":2200,"height":1200,"url":"http:\/\/www.librahotelnhatrang.com\/wp-content\/uploads\/sites\/142\/2026\/02\/Libra-3.jpg","type":"image\/jpeg"}],"twitter_card":"summary_large_image","twitter_misc":{"Est. reading time":"1 minute"},"schema":{"@context":"https:\/\/schema.org","@graph":[{"@type":"WebPage","@id":"https:\/\/www.librahotelnhatrang.com\/vi\/","url":"https:\/\/www.librahotelnhatrang.com\/vi\/","name":"Trang ch\u1ee7 | Libra Hotel Nha Trang","isPartOf":{"@id":"https:\/\/www.librahotelnhatrang.com\/vi\/#website"},"primaryImageOfPage":{"@id":"https:\/\/www.librahotelnhatrang.com\/vi\/#primaryimage"},"image":{"@id":"https:\/\/www.librahotelnhatrang.com\/vi\/#primaryimage"},"thumbnailUrl":"https:\/\/www.librahotelnhatrang.com\/wp-content\/uploads\/sites\/142\/2026\/02\/Libra-3.jpg","datePublished":"2025-12-09T09:28:25+00:00","dateModified":"2026-04-02T02:50:39+00:00","description":"Libra Hotel Nha Trang mang \u0111\u1ebfn m\u1ed9t kh\u00f4ng gian ngh\u1ec9 d\u01b0\u1ee1ng tinh t\u1ebf, n\u01a1i s\u1ef1 hi\u1ebfu kh\u00e1ch \u0111\u01b0\u1ee3c \u0111\u1eb7t l\u00ean h\u00e0ng \u0111\u1ea7u. V\u1edbi d\u1ecbch v\u1ee5 ch\u1ec9nh chu v\u00e0 \u0111\u1ed9i ng\u0169 nh\u00e2n s\u1ef1 chuy\u00ean nghi\u1ec7p","breadcrumb":{"@id":"https:\/\/www.librahotelnhatrang.com\/vi\/#breadcrumb"},"inLanguage":"vi-VN","potentialAction":[{"@type":"ReadAction","target":["https:\/\/www.librahotelnhatrang.com\/vi\/"]}]},{"@type":"ImageObject","inLanguage":"vi-VN","@id":"https:\/\/www.librahotelnhatrang.com\/vi\/#primaryimage","url":"https:\/\/www.librahotelnhatrang.com\/wp-content\/uploads\/sites\/142\/2026\/02\/Libra-3.jpg","contentUrl":"https:\/\/www.librahotelnhatrang.com\/wp-content\/uploads\/sites\/142\/2026\/02\/Libra-3.jpg","width":2200,"height":1200},{"@type":"BreadcrumbList","@id":"https:\/\/www.librahotelnhatrang.com\/vi\/#breadcrumb","itemListElement":[{"@type":"ListItem","position":1,"name":"Home","item":"https:\/\/www.librahotelnhatrang.com\/vi\/"},{"@type":"ListItem","position":2,"name":"Libra Hotel Nha Trang"}]},{"@type":"WebSite","@id":"https:\/\/www.librahotelnhatrang.com\/vi\/#website","url":"https:\/\/www.librahotelnhatrang.com\/vi\/","name":"Libra Hotel Nha Trang","description":"","potentialAction":[{"@type":"SearchAction","target":{"@type":"EntryPoint","urlTemplate":"https:\/\/www.librahotelnhatrang.com\/vi\/?s={search_term_string}"},"query-input":"required name=search_term_string"}],"inLanguage":"vi-VN"}]}},"acf":[],"_links":{"self":[{"href":"https:\/\/www.librahotelnhatrang.com\/vi\/wp-json\/wp\/v2\/pages\/2"}],"collection":[{"href":"https:\/\/www.librahotelnhatrang.com\/vi\/wp-json\/wp\/v2\/pages"}],"about":[{"href":"https:\/\/www.librahotelnhatrang.com\/vi\/wp-json\/wp\/v2\/types\/page"}],"author":[{"embeddable":true,"href":"https:\/\/www.librahotelnhatrang.com\/vi\/wp-json\/wp\/v2\/users\/90"}],"replies":[{"embeddable":true,"href":"https:\/\/www.librahotelnhatrang.com\/vi\/wp-json\/wp\/v2\/comments?post=2"}],"version-history":[{"count":0,"href":"https:\/\/www.librahotelnhatrang.com\/vi\/wp-json\/wp\/v2\/pages\/2\/revisions"}],"wp:featuredmedia":[{"embeddable":true,"href":"https:\/\/www.librahotelnhatrang.com\/vi\/wp-json\/wp\/v2\/media\/392"}],"wp:attachment":[{"href":"https:\/\/www.librahotelnhatrang.com\/vi\/wp-json\/wp\/v2\/media?parent=2"}],"curies":[{"name":"wp","href":"https:\/\/api.w.org\/{rel}","templated":true}]}}