{"id":32,"date":"2026-01-06T08:36:28","date_gmt":"2026-01-06T08:36:28","guid":{"rendered":"https:\/\/librahotelnhatrang.ms2.decms.asia\/?page_id=32"},"modified":"2026-04-14T08:03:29","modified_gmt":"2026-04-14T08:03:29","slug":"deluxe-rooms","status":"publish","type":"page","link":"https:\/\/www.librahotelnhatrang.com\/vi\/rooms\/deluxe-rooms\/","title":{"rendered":"Deluxe rooms"},"content":{"rendered":"<p>Tr\u1ea3i nghi\u1ec7m kh\u00f4ng gian l\u01b0u tr\u00fa ti\u1ec7n nghi v\u00e0 tho\u1ea3i m\u00e1i trong ph\u00f2ng Deluxe t\u1ea1i Libra Hotel Nha Trang. Ph\u00f2ng \u0111\u01b0\u1ee3c thi\u1ebft k\u1ebf hi\u1ec7n \u0111\u1ea1i v\u1edbi 2 gi\u01b0\u1eddng Twin ho\u1eb7c 1 gi\u01b0\u1eddng Double, mang \u0111\u1ebfn s\u1ef1 linh ho\u1ea1t v\u00e0 ti\u1ec7n nghi cho k\u1ef3 ngh\u1ec9 c\u1ee7a b\u1ea1n.<br \/>\nKh\u00f4ng gian \u1ea5m c\u00fang v\u00e0 t\u1ed1i gi\u1ea3n, \u0111\u1ea3m b\u1ea3o s\u1ef1 ri\u00eang t\u01b0 tuy\u1ec7t \u0111\u1ed1i. C\u00e1c ti\u1ec7n \u00edch nh\u01b0 Wi-Fi t\u1ed1c \u0111\u1ed9 cao, TV m\u00e0n h\u00ecnh ph\u1eb3ng, b\u00e0n l\u00e0m vi\u1ec7c, t\u1ee7 qu\u1ea7n \u00e1o r\u1ed9ng r\u00e3i v\u00e0 ph\u00f2ng t\u1eafm hi\u1ec7n \u0111\u1ea1i \u0111\u00e1p \u1ee9ng \u0111\u1ea7y \u0111\u1ee7 nhu c\u1ea7u l\u01b0u tr\u00fa.<br \/>\nN\u1eb1m gi\u1eefa trung t\u00e2m th\u00e0nh ph\u1ed1, Deluxe rooms l\u00e0 l\u1ef1a ch\u1ecdn l\u00fd t\u01b0\u1edfng cho k\u1ef3 ngh\u1ec9 t\u1ea1i Nha Trang.<\/p>\n","protected":false},"excerpt":{"rendered":"<p>Tr\u1ea3i nghi\u1ec7m kh\u00f4ng gian l\u01b0u tr\u00fa ti\u1ec7n nghi v\u00e0 tho\u1ea3i m\u00e1i trong ph\u00f2ng Deluxe t\u1ea1i Libra Hotel Nha Trang. Ph\u00f2ng \u0111\u01b0\u1ee3c thi\u1ebft k\u1ebf hi\u1ec7n \u0111\u1ea1i v\u1edbi 2 gi\u01b0\u1eddng Twin ho\u1eb7c 1 gi\u01b0\u1eddng Double, mang \u0111\u1ebfn s\u1ef1 linh ho\u1ea1t v\u00e0 ti\u1ec7n nghi cho k\u1ef3 ngh\u1ec9 c\u1ee7a b\u1ea1n. Kh\u00f4ng gian \u1ea5m c\u00fang v\u00e0 t\u1ed1i gi\u1ea3n, \u0111\u1ea3m b\u1ea3o [&hellip;]<\/p>\n","protected":false},"author":90,"featured_media":34,"parent":8,"menu_order":1,"comment_status":"closed","ping_status":"closed","template":"template-single-room.php","meta":{"footnotes":""},"yoast_head":"<!-- This site is optimized with the Yoast SEO plugin v22.3 - https:\/\/yoast.com\/wordpress\/plugins\/seo\/ -->\n<title>Elegant Stay in Nha Trang | Deluxe Room at Libra Hotel<\/title>\n<meta name=\"description\" content=\"Tr\u1ea3i nghi\u1ec7m s\u1ef1 c\u00e2n b\u1eb1ng ho\u00e0n h\u1ea3o gi\u1eefa phong c\u00e1ch \u1ea5m c\u00fang v\u00e0 ti\u1ec7n nghi trong ph\u00f2ng Deluxe t\u1ea1i Libra Hotel Nha Trang - \u0111i\u1ec3m d\u1eebng ch\u00e2n l\u00fd t\u01b0\u1edfng c\u1ee7a b\u1ea1n.\" \/>\n<meta name=\"robots\" content=\"index, follow, max-snippet:-1, max-image-preview:large, max-video-preview:-1\" \/>\n<link rel=\"canonical\" href=\"https:\/\/www.librahotelnhatrang.com\/vi\/rooms\/deluxe-rooms\/\" \/>\n<meta property=\"og:locale\" content=\"vi_VN\" \/>\n<meta property=\"og:type\" content=\"article\" \/>\n<meta property=\"og:title\" content=\"Elegant Stay in Nha Trang | Deluxe Room at Libra Hotel\" \/>\n<meta property=\"og:description\" content=\"Tr\u1ea3i nghi\u1ec7m s\u1ef1 c\u00e2n b\u1eb1ng ho\u00e0n h\u1ea3o gi\u1eefa phong c\u00e1ch \u1ea5m c\u00fang v\u00e0 ti\u1ec7n nghi trong ph\u00f2ng Deluxe t\u1ea1i Libra Hotel Nha Trang - \u0111i\u1ec3m d\u1eebng ch\u00e2n l\u00fd t\u01b0\u1edfng c\u1ee7a b\u1ea1n.\" \/>\n<meta property=\"og:url\" content=\"https:\/\/www.librahotelnhatrang.com\/vi\/rooms\/deluxe-rooms\/\" \/>\n<meta property=\"og:site_name\" content=\"Libra Hotel Nha Trang\" \/>\n<meta property=\"article:modified_time\" content=\"2026-04-14T08:03:29+00:00\" \/>\n<meta property=\"og:image\" content=\"http:\/\/www.librahotelnhatrang.com\/wp-content\/uploads\/sites\/142\/2026\/01\/LIBRA-DELUXE-2.jpg\" \/>\n\t<meta property=\"og:image:width\" content=\"2200\" \/>\n\t<meta property=\"og:image:height\" content=\"1467\" \/>\n\t<meta property=\"og:image:type\" content=\"image\/jpeg\" \/>\n<meta name=\"twitter:card\" content=\"summary_large_image\" \/>\n<meta name=\"twitter:label1\" content=\"Est. reading time\" \/>\n\t<meta name=\"twitter:data1\" content=\"1 minute\" \/>\n<script type=\"application\/ld+json\" class=\"yoast-schema-graph\">{\"@context\":\"https:\/\/schema.org\",\"@graph\":[{\"@type\":\"WebPage\",\"@id\":\"https:\/\/www.librahotelnhatrang.com\/vi\/rooms\/deluxe-rooms\/\",\"url\":\"https:\/\/www.librahotelnhatrang.com\/vi\/rooms\/deluxe-rooms\/\",\"name\":\"Elegant Stay in Nha Trang | Deluxe Room at Libra Hotel\",\"isPartOf\":{\"@id\":\"https:\/\/www.librahotelnhatrang.com\/vi\/#website\"},\"primaryImageOfPage\":{\"@id\":\"https:\/\/www.librahotelnhatrang.com\/vi\/rooms\/deluxe-rooms\/#primaryimage\"},\"image\":{\"@id\":\"https:\/\/www.librahotelnhatrang.com\/vi\/rooms\/deluxe-rooms\/#primaryimage\"},\"thumbnailUrl\":\"https:\/\/www.librahotelnhatrang.com\/wp-content\/uploads\/sites\/142\/2026\/01\/LIBRA-DELUXE-2.jpg\",\"datePublished\":\"2026-01-06T08:36:28+00:00\",\"dateModified\":\"2026-04-14T08:03:29+00:00\",\"description\":\"Tr\u1ea3i nghi\u1ec7m s\u1ef1 c\u00e2n b\u1eb1ng ho\u00e0n h\u1ea3o gi\u1eefa phong c\u00e1ch \u1ea5m c\u00fang v\u00e0 ti\u1ec7n nghi trong ph\u00f2ng Deluxe t\u1ea1i Libra Hotel Nha Trang - \u0111i\u1ec3m d\u1eebng ch\u00e2n l\u00fd t\u01b0\u1edfng c\u1ee7a b\u1ea1n.\",\"breadcrumb\":{\"@id\":\"https:\/\/www.librahotelnhatrang.com\/vi\/rooms\/deluxe-rooms\/#breadcrumb\"},\"inLanguage\":\"vi-VN\",\"potentialAction\":[{\"@type\":\"ReadAction\",\"target\":[\"https:\/\/www.librahotelnhatrang.com\/vi\/rooms\/deluxe-rooms\/\"]}]},{\"@type\":\"ImageObject\",\"inLanguage\":\"vi-VN\",\"@id\":\"https:\/\/www.librahotelnhatrang.com\/vi\/rooms\/deluxe-rooms\/#primaryimage\",\"url\":\"https:\/\/www.librahotelnhatrang.com\/wp-content\/uploads\/sites\/142\/2026\/01\/LIBRA-DELUXE-2.jpg\",\"contentUrl\":\"https:\/\/www.librahotelnhatrang.com\/wp-content\/uploads\/sites\/142\/2026\/01\/LIBRA-DELUXE-2.jpg\",\"width\":2200,\"height\":1467},{\"@type\":\"BreadcrumbList\",\"@id\":\"https:\/\/www.librahotelnhatrang.com\/vi\/rooms\/deluxe-rooms\/#breadcrumb\",\"itemListElement\":[{\"@type\":\"ListItem\",\"position\":1,\"name\":\"Home\",\"item\":\"https:\/\/www.librahotelnhatrang.com\/vi\/\"},{\"@type\":\"ListItem\",\"position\":2,\"name\":\"C\u00e1c h\u1ea1ng ph\u00f2ng\",\"item\":\"https:\/\/www.librahotelnhatrang.com\/vi\/rooms\/\"},{\"@type\":\"ListItem\",\"position\":3,\"name\":\"Deluxe rooms\"}]},{\"@type\":\"WebSite\",\"@id\":\"https:\/\/www.librahotelnhatrang.com\/vi\/#website\",\"url\":\"https:\/\/www.librahotelnhatrang.com\/vi\/\",\"name\":\"Libra Hotel Nha Trang\",\"description\":\"\",\"potentialAction\":[{\"@type\":\"SearchAction\",\"target\":{\"@type\":\"EntryPoint\",\"urlTemplate\":\"https:\/\/www.librahotelnhatrang.com\/vi\/?s={search_term_string}\"},\"query-input\":\"required name=search_term_string\"}],\"inLanguage\":\"vi-VN\"}]}<\/script>\n<!-- \/ Yoast SEO plugin. -->","yoast_head_json":{"title":"Elegant Stay in Nha Trang | Deluxe Room at Libra Hotel","description":"Tr\u1ea3i nghi\u1ec7m s\u1ef1 c\u00e2n b\u1eb1ng ho\u00e0n h\u1ea3o gi\u1eefa phong c\u00e1ch \u1ea5m c\u00fang v\u00e0 ti\u1ec7n nghi trong ph\u00f2ng Deluxe t\u1ea1i Libra Hotel Nha Trang - \u0111i\u1ec3m d\u1eebng ch\u00e2n l\u00fd t\u01b0\u1edfng c\u1ee7a b\u1ea1n.","robots":{"index":"index","follow":"follow","max-snippet":"max-snippet:-1","max-image-preview":"max-image-preview:large","max-video-preview":"max-video-preview:-1"},"canonical":"https:\/\/www.librahotelnhatrang.com\/vi\/rooms\/deluxe-rooms\/","og_locale":"vi_VN","og_type":"article","og_title":"Elegant Stay in Nha Trang | Deluxe Room at Libra Hotel","og_description":"Tr\u1ea3i nghi\u1ec7m s\u1ef1 c\u00e2n b\u1eb1ng ho\u00e0n h\u1ea3o gi\u1eefa phong c\u00e1ch \u1ea5m c\u00fang v\u00e0 ti\u1ec7n nghi trong ph\u00f2ng Deluxe t\u1ea1i Libra Hotel Nha Trang - \u0111i\u1ec3m d\u1eebng ch\u00e2n l\u00fd t\u01b0\u1edfng c\u1ee7a b\u1ea1n.","og_url":"https:\/\/www.librahotelnhatrang.com\/vi\/rooms\/deluxe-rooms\/","og_site_name":"Libra Hotel Nha Trang","article_modified_time":"2026-04-14T08:03:29+00:00","og_image":[{"width":2200,"height":1467,"url":"http:\/\/www.librahotelnhatrang.com\/wp-content\/uploads\/sites\/142\/2026\/01\/LIBRA-DELUXE-2.jpg","type":"image\/jpeg"}],"twitter_card":"summary_large_image","twitter_misc":{"Est. reading time":"1 minute"},"schema":{"@context":"https:\/\/schema.org","@graph":[{"@type":"WebPage","@id":"https:\/\/www.librahotelnhatrang.com\/vi\/rooms\/deluxe-rooms\/","url":"https:\/\/www.librahotelnhatrang.com\/vi\/rooms\/deluxe-rooms\/","name":"Elegant Stay in Nha Trang | Deluxe Room at Libra Hotel","isPartOf":{"@id":"https:\/\/www.librahotelnhatrang.com\/vi\/#website"},"primaryImageOfPage":{"@id":"https:\/\/www.librahotelnhatrang.com\/vi\/rooms\/deluxe-rooms\/#primaryimage"},"image":{"@id":"https:\/\/www.librahotelnhatrang.com\/vi\/rooms\/deluxe-rooms\/#primaryimage"},"thumbnailUrl":"https:\/\/www.librahotelnhatrang.com\/wp-content\/uploads\/sites\/142\/2026\/01\/LIBRA-DELUXE-2.jpg","datePublished":"2026-01-06T08:36:28+00:00","dateModified":"2026-04-14T08:03:29+00:00","description":"Tr\u1ea3i nghi\u1ec7m s\u1ef1 c\u00e2n b\u1eb1ng ho\u00e0n h\u1ea3o gi\u1eefa phong c\u00e1ch \u1ea5m c\u00fang v\u00e0 ti\u1ec7n nghi trong ph\u00f2ng Deluxe t\u1ea1i Libra Hotel Nha Trang - \u0111i\u1ec3m d\u1eebng ch\u00e2n l\u00fd t\u01b0\u1edfng c\u1ee7a b\u1ea1n.","breadcrumb":{"@id":"https:\/\/www.librahotelnhatrang.com\/vi\/rooms\/deluxe-rooms\/#breadcrumb"},"inLanguage":"vi-VN","potentialAction":[{"@type":"ReadAction","target":["https:\/\/www.librahotelnhatrang.com\/vi\/rooms\/deluxe-rooms\/"]}]},{"@type":"ImageObject","inLanguage":"vi-VN","@id":"https:\/\/www.librahotelnhatrang.com\/vi\/rooms\/deluxe-rooms\/#primaryimage","url":"https:\/\/www.librahotelnhatrang.com\/wp-content\/uploads\/sites\/142\/2026\/01\/LIBRA-DELUXE-2.jpg","contentUrl":"https:\/\/www.librahotelnhatrang.com\/wp-content\/uploads\/sites\/142\/2026\/01\/LIBRA-DELUXE-2.jpg","width":2200,"height":1467},{"@type":"BreadcrumbList","@id":"https:\/\/www.librahotelnhatrang.com\/vi\/rooms\/deluxe-rooms\/#breadcrumb","itemListElement":[{"@type":"ListItem","position":1,"name":"Home","item":"https:\/\/www.librahotelnhatrang.com\/vi\/"},{"@type":"ListItem","position":2,"name":"C\u00e1c h\u1ea1ng ph\u00f2ng","item":"https:\/\/www.librahotelnhatrang.com\/vi\/rooms\/"},{"@type":"ListItem","position":3,"name":"Deluxe rooms"}]},{"@type":"WebSite","@id":"https:\/\/www.librahotelnhatrang.com\/vi\/#website","url":"https:\/\/www.librahotelnhatrang.com\/vi\/","name":"Libra Hotel Nha Trang","description":"","potentialAction":[{"@type":"SearchAction","target":{"@type":"EntryPoint","urlTemplate":"https:\/\/www.librahotelnhatrang.com\/vi\/?s={search_term_string}"},"query-input":"required name=search_term_string"}],"inLanguage":"vi-VN"}]}},"acf":[],"_links":{"self":[{"href":"https:\/\/www.librahotelnhatrang.com\/vi\/wp-json\/wp\/v2\/pages\/32"}],"collection":[{"href":"https:\/\/www.librahotelnhatrang.com\/vi\/wp-json\/wp\/v2\/pages"}],"about":[{"href":"https:\/\/www.librahotelnhatrang.com\/vi\/wp-json\/wp\/v2\/types\/page"}],"author":[{"embeddable":true,"href":"https:\/\/www.librahotelnhatrang.com\/vi\/wp-json\/wp\/v2\/users\/90"}],"replies":[{"embeddable":true,"href":"https:\/\/www.librahotelnhatrang.com\/vi\/wp-json\/wp\/v2\/comments?post=32"}],"version-history":[{"count":0,"href":"https:\/\/www.librahotelnhatrang.com\/vi\/wp-json\/wp\/v2\/pages\/32\/revisions"}],"up":[{"embeddable":true,"href":"https:\/\/www.librahotelnhatrang.com\/vi\/wp-json\/wp\/v2\/pages\/8"}],"wp:featuredmedia":[{"embeddable":true,"href":"https:\/\/www.librahotelnhatrang.com\/vi\/wp-json\/wp\/v2\/media\/34"}],"wp:attachment":[{"href":"https:\/\/www.librahotelnhatrang.com\/vi\/wp-json\/wp\/v2\/media?parent=32"}],"curies":[{"name":"wp","href":"https:\/\/api.w.org\/{rel}","templated":true}]}}