{"id":42,"date":"2026-01-06T08:40:20","date_gmt":"2026-01-06T08:40:20","guid":{"rendered":"https:\/\/librahotelnhatrang.ms2.decms.asia\/?page_id=42"},"modified":"2026-04-14T08:03:36","modified_gmt":"2026-04-14T08:03:36","slug":"superior-twin-room","status":"publish","type":"page","link":"https:\/\/www.librahotelnhatrang.com\/vi\/rooms\/superior-twin-room\/","title":{"rendered":"Superior Twin Room"},"content":{"rendered":"<p>V\u1edbi l\u1ef1a ch\u1ecdn linh ho\u1ea1t hai gi\u01b0\u1eddng \u0111\u01a1n \u00eam \u00e1i, ph\u00f2ng Superior Twin t\u1ea1i Libra Hotel Nha Trang mang phong c\u00e1ch thi\u1ebft k\u1ebf t\u1ed1i gi\u1ea3n nh\u01b0ng tinh t\u1ebf, \u0111\u00e1p \u1ee9ng \u0111\u1ea7y \u0111\u1ee7 ti\u1ec7n nghi cho k\u1ef3 ngh\u1ec9 c\u1ee7a qu\u00fd kh\u00e1ch. Kh\u00e1ch s\u1ea1n n\u1eb1m gi\u1eefa trung t\u00e2m th\u00e0nh ph\u1ed1, song c\u0103n ph\u00f2ng v\u1eabn gi\u1eef \u0111\u01b0\u1ee3c kh\u00f4ng gian y\u00ean t\u0129nh v\u00e0 ri\u00eang t\u01b0.<\/p>\n<p>Ph\u00f2ng \u0111\u01b0\u1ee3c trang b\u1ecb Wi-Fi t\u1ed1c \u0111\u1ed9 cao, gi\u01b0\u1eddng ng\u1ee7 \u00eam \u00e1i v\u00e0 ph\u00f2ng t\u1eafm \u0111\u1ee9ng hi\u1ec7n \u0111\u1ea1i. \u0110\u00e2y l\u00e0 l\u1ef1a ch\u1ecdn l\u00fd t\u01b0\u1edfng cho b\u1ea1n b\u00e8 ho\u1eb7c gia \u0111\u00ecnh nh\u1ecf trong k\u1ef3 ngh\u1ec9 ng\u1eafn ng\u00e0y.<\/p>\n","protected":false},"excerpt":{"rendered":"<p>V\u1edbi l\u1ef1a ch\u1ecdn linh ho\u1ea1t hai gi\u01b0\u1eddng \u0111\u01a1n \u00eam \u00e1i, ph\u00f2ng Superior Twin t\u1ea1i Libra Hotel Nha Trang mang phong c\u00e1ch thi\u1ebft k\u1ebf t\u1ed1i gi\u1ea3n nh\u01b0ng tinh t\u1ebf, \u0111\u00e1p \u1ee9ng \u0111\u1ea7y \u0111\u1ee7 ti\u1ec7n nghi cho k\u1ef3 ngh\u1ec9 c\u1ee7a qu\u00fd kh\u00e1ch. Kh\u00e1ch s\u1ea1n n\u1eb1m gi\u1eefa trung t\u00e2m th\u00e0nh ph\u1ed1, song c\u0103n ph\u00f2ng v\u1eabn gi\u1eef \u0111\u01b0\u1ee3c kh\u00f4ng [&hellip;]<\/p>\n","protected":false},"author":90,"featured_media":46,"parent":8,"menu_order":2,"comment_status":"closed","ping_status":"closed","template":"template-single-room.php","meta":{"footnotes":""},"yoast_head":"<!-- This site is optimized with the Yoast SEO plugin v22.3 - https:\/\/yoast.com\/wordpress\/plugins\/seo\/ -->\n<title>Flexible Stay in Nha Trang| Superior Twin Room at Libra Hotel<\/title>\n<meta name=\"description\" content=\"Tr\u1ea3i nghi\u1ec7m k\u1ef3 ngh\u1ec9 linh ho\u1ea1t v\u00e0 ti\u1ec7n nghi t\u1ea1i ph\u00f2ng Superior Twin c\u1ee7a kh\u00e1ch s\u1ea1n Libra Hotel Nha Trang - \u0111i\u1ec3m d\u1eebng ch\u00e2n l\u00fd t\u01b0\u1edfng c\u1ee7a b\u1ea1n.\" \/>\n<meta name=\"robots\" content=\"index, follow, max-snippet:-1, max-image-preview:large, max-video-preview:-1\" \/>\n<link rel=\"canonical\" href=\"https:\/\/www.librahotelnhatrang.com\/vi\/rooms\/superior-twin-room\/\" \/>\n<meta property=\"og:locale\" content=\"vi_VN\" \/>\n<meta property=\"og:type\" content=\"article\" \/>\n<meta property=\"og:title\" content=\"Flexible Stay in Nha Trang| Superior Twin Room at Libra Hotel\" \/>\n<meta property=\"og:description\" content=\"Tr\u1ea3i nghi\u1ec7m k\u1ef3 ngh\u1ec9 linh ho\u1ea1t v\u00e0 ti\u1ec7n nghi t\u1ea1i ph\u00f2ng Superior Twin c\u1ee7a kh\u00e1ch s\u1ea1n Libra Hotel Nha Trang - \u0111i\u1ec3m d\u1eebng ch\u00e2n l\u00fd t\u01b0\u1edfng c\u1ee7a b\u1ea1n.\" \/>\n<meta property=\"og:url\" content=\"https:\/\/www.librahotelnhatrang.com\/vi\/rooms\/superior-twin-room\/\" \/>\n<meta property=\"og:site_name\" content=\"Libra Hotel Nha Trang\" \/>\n<meta property=\"article:modified_time\" content=\"2026-04-14T08:03:36+00:00\" \/>\n<meta property=\"og:image\" content=\"http:\/\/www.librahotelnhatrang.com\/wp-content\/uploads\/sites\/142\/2026\/01\/superior-twin7-OTTP.jpg\" \/>\n\t<meta property=\"og:image:width\" content=\"2200\" \/>\n\t<meta property=\"og:image:height\" content=\"1438\" \/>\n\t<meta property=\"og:image:type\" content=\"image\/jpeg\" \/>\n<meta name=\"twitter:card\" content=\"summary_large_image\" \/>\n<meta name=\"twitter:label1\" content=\"Est. reading time\" \/>\n\t<meta name=\"twitter:data1\" content=\"1 minute\" \/>\n<script type=\"application\/ld+json\" class=\"yoast-schema-graph\">{\"@context\":\"https:\/\/schema.org\",\"@graph\":[{\"@type\":\"WebPage\",\"@id\":\"https:\/\/www.librahotelnhatrang.com\/vi\/rooms\/superior-twin-room\/\",\"url\":\"https:\/\/www.librahotelnhatrang.com\/vi\/rooms\/superior-twin-room\/\",\"name\":\"Flexible Stay in Nha Trang| Superior Twin Room at Libra Hotel\",\"isPartOf\":{\"@id\":\"https:\/\/www.librahotelnhatrang.com\/vi\/#website\"},\"primaryImageOfPage\":{\"@id\":\"https:\/\/www.librahotelnhatrang.com\/vi\/rooms\/superior-twin-room\/#primaryimage\"},\"image\":{\"@id\":\"https:\/\/www.librahotelnhatrang.com\/vi\/rooms\/superior-twin-room\/#primaryimage\"},\"thumbnailUrl\":\"https:\/\/www.librahotelnhatrang.com\/wp-content\/uploads\/sites\/142\/2026\/01\/superior-twin7-OTTP.jpg\",\"datePublished\":\"2026-01-06T08:40:20+00:00\",\"dateModified\":\"2026-04-14T08:03:36+00:00\",\"description\":\"Tr\u1ea3i nghi\u1ec7m k\u1ef3 ngh\u1ec9 linh ho\u1ea1t v\u00e0 ti\u1ec7n nghi t\u1ea1i ph\u00f2ng Superior Twin c\u1ee7a kh\u00e1ch s\u1ea1n Libra Hotel Nha Trang - \u0111i\u1ec3m d\u1eebng ch\u00e2n l\u00fd t\u01b0\u1edfng c\u1ee7a b\u1ea1n.\",\"breadcrumb\":{\"@id\":\"https:\/\/www.librahotelnhatrang.com\/vi\/rooms\/superior-twin-room\/#breadcrumb\"},\"inLanguage\":\"vi-VN\",\"potentialAction\":[{\"@type\":\"ReadAction\",\"target\":[\"https:\/\/www.librahotelnhatrang.com\/vi\/rooms\/superior-twin-room\/\"]}]},{\"@type\":\"ImageObject\",\"inLanguage\":\"vi-VN\",\"@id\":\"https:\/\/www.librahotelnhatrang.com\/vi\/rooms\/superior-twin-room\/#primaryimage\",\"url\":\"https:\/\/www.librahotelnhatrang.com\/wp-content\/uploads\/sites\/142\/2026\/01\/superior-twin7-OTTP.jpg\",\"contentUrl\":\"https:\/\/www.librahotelnhatrang.com\/wp-content\/uploads\/sites\/142\/2026\/01\/superior-twin7-OTTP.jpg\",\"width\":2200,\"height\":1438},{\"@type\":\"BreadcrumbList\",\"@id\":\"https:\/\/www.librahotelnhatrang.com\/vi\/rooms\/superior-twin-room\/#breadcrumb\",\"itemListElement\":[{\"@type\":\"ListItem\",\"position\":1,\"name\":\"Home\",\"item\":\"https:\/\/www.librahotelnhatrang.com\/vi\/\"},{\"@type\":\"ListItem\",\"position\":2,\"name\":\"C\u00e1c h\u1ea1ng ph\u00f2ng\",\"item\":\"https:\/\/www.librahotelnhatrang.com\/vi\/rooms\/\"},{\"@type\":\"ListItem\",\"position\":3,\"name\":\"Superior Twin Room\"}]},{\"@type\":\"WebSite\",\"@id\":\"https:\/\/www.librahotelnhatrang.com\/vi\/#website\",\"url\":\"https:\/\/www.librahotelnhatrang.com\/vi\/\",\"name\":\"Libra Hotel Nha Trang\",\"description\":\"\",\"potentialAction\":[{\"@type\":\"SearchAction\",\"target\":{\"@type\":\"EntryPoint\",\"urlTemplate\":\"https:\/\/www.librahotelnhatrang.com\/vi\/?s={search_term_string}\"},\"query-input\":\"required name=search_term_string\"}],\"inLanguage\":\"vi-VN\"}]}<\/script>\n<!-- \/ Yoast SEO plugin. -->","yoast_head_json":{"title":"Flexible Stay in Nha Trang| Superior Twin Room at Libra Hotel","description":"Tr\u1ea3i nghi\u1ec7m k\u1ef3 ngh\u1ec9 linh ho\u1ea1t v\u00e0 ti\u1ec7n nghi t\u1ea1i ph\u00f2ng Superior Twin c\u1ee7a kh\u00e1ch s\u1ea1n Libra Hotel Nha Trang - \u0111i\u1ec3m d\u1eebng ch\u00e2n l\u00fd t\u01b0\u1edfng c\u1ee7a b\u1ea1n.","robots":{"index":"index","follow":"follow","max-snippet":"max-snippet:-1","max-image-preview":"max-image-preview:large","max-video-preview":"max-video-preview:-1"},"canonical":"https:\/\/www.librahotelnhatrang.com\/vi\/rooms\/superior-twin-room\/","og_locale":"vi_VN","og_type":"article","og_title":"Flexible Stay in Nha Trang| Superior Twin Room at Libra Hotel","og_description":"Tr\u1ea3i nghi\u1ec7m k\u1ef3 ngh\u1ec9 linh ho\u1ea1t v\u00e0 ti\u1ec7n nghi t\u1ea1i ph\u00f2ng Superior Twin c\u1ee7a kh\u00e1ch s\u1ea1n Libra Hotel Nha Trang - \u0111i\u1ec3m d\u1eebng ch\u00e2n l\u00fd t\u01b0\u1edfng c\u1ee7a b\u1ea1n.","og_url":"https:\/\/www.librahotelnhatrang.com\/vi\/rooms\/superior-twin-room\/","og_site_name":"Libra Hotel Nha Trang","article_modified_time":"2026-04-14T08:03:36+00:00","og_image":[{"width":2200,"height":1438,"url":"http:\/\/www.librahotelnhatrang.com\/wp-content\/uploads\/sites\/142\/2026\/01\/superior-twin7-OTTP.jpg","type":"image\/jpeg"}],"twitter_card":"summary_large_image","twitter_misc":{"Est. reading time":"1 minute"},"schema":{"@context":"https:\/\/schema.org","@graph":[{"@type":"WebPage","@id":"https:\/\/www.librahotelnhatrang.com\/vi\/rooms\/superior-twin-room\/","url":"https:\/\/www.librahotelnhatrang.com\/vi\/rooms\/superior-twin-room\/","name":"Flexible Stay in Nha Trang| Superior Twin Room at Libra Hotel","isPartOf":{"@id":"https:\/\/www.librahotelnhatrang.com\/vi\/#website"},"primaryImageOfPage":{"@id":"https:\/\/www.librahotelnhatrang.com\/vi\/rooms\/superior-twin-room\/#primaryimage"},"image":{"@id":"https:\/\/www.librahotelnhatrang.com\/vi\/rooms\/superior-twin-room\/#primaryimage"},"thumbnailUrl":"https:\/\/www.librahotelnhatrang.com\/wp-content\/uploads\/sites\/142\/2026\/01\/superior-twin7-OTTP.jpg","datePublished":"2026-01-06T08:40:20+00:00","dateModified":"2026-04-14T08:03:36+00:00","description":"Tr\u1ea3i nghi\u1ec7m k\u1ef3 ngh\u1ec9 linh ho\u1ea1t v\u00e0 ti\u1ec7n nghi t\u1ea1i ph\u00f2ng Superior Twin c\u1ee7a kh\u00e1ch s\u1ea1n Libra Hotel Nha Trang - \u0111i\u1ec3m d\u1eebng ch\u00e2n l\u00fd t\u01b0\u1edfng c\u1ee7a b\u1ea1n.","breadcrumb":{"@id":"https:\/\/www.librahotelnhatrang.com\/vi\/rooms\/superior-twin-room\/#breadcrumb"},"inLanguage":"vi-VN","potentialAction":[{"@type":"ReadAction","target":["https:\/\/www.librahotelnhatrang.com\/vi\/rooms\/superior-twin-room\/"]}]},{"@type":"ImageObject","inLanguage":"vi-VN","@id":"https:\/\/www.librahotelnhatrang.com\/vi\/rooms\/superior-twin-room\/#primaryimage","url":"https:\/\/www.librahotelnhatrang.com\/wp-content\/uploads\/sites\/142\/2026\/01\/superior-twin7-OTTP.jpg","contentUrl":"https:\/\/www.librahotelnhatrang.com\/wp-content\/uploads\/sites\/142\/2026\/01\/superior-twin7-OTTP.jpg","width":2200,"height":1438},{"@type":"BreadcrumbList","@id":"https:\/\/www.librahotelnhatrang.com\/vi\/rooms\/superior-twin-room\/#breadcrumb","itemListElement":[{"@type":"ListItem","position":1,"name":"Home","item":"https:\/\/www.librahotelnhatrang.com\/vi\/"},{"@type":"ListItem","position":2,"name":"C\u00e1c h\u1ea1ng ph\u00f2ng","item":"https:\/\/www.librahotelnhatrang.com\/vi\/rooms\/"},{"@type":"ListItem","position":3,"name":"Superior Twin Room"}]},{"@type":"WebSite","@id":"https:\/\/www.librahotelnhatrang.com\/vi\/#website","url":"https:\/\/www.librahotelnhatrang.com\/vi\/","name":"Libra Hotel Nha Trang","description":"","potentialAction":[{"@type":"SearchAction","target":{"@type":"EntryPoint","urlTemplate":"https:\/\/www.librahotelnhatrang.com\/vi\/?s={search_term_string}"},"query-input":"required name=search_term_string"}],"inLanguage":"vi-VN"}]}},"acf":[],"_links":{"self":[{"href":"https:\/\/www.librahotelnhatrang.com\/vi\/wp-json\/wp\/v2\/pages\/42"}],"collection":[{"href":"https:\/\/www.librahotelnhatrang.com\/vi\/wp-json\/wp\/v2\/pages"}],"about":[{"href":"https:\/\/www.librahotelnhatrang.com\/vi\/wp-json\/wp\/v2\/types\/page"}],"author":[{"embeddable":true,"href":"https:\/\/www.librahotelnhatrang.com\/vi\/wp-json\/wp\/v2\/users\/90"}],"replies":[{"embeddable":true,"href":"https:\/\/www.librahotelnhatrang.com\/vi\/wp-json\/wp\/v2\/comments?post=42"}],"version-history":[{"count":0,"href":"https:\/\/www.librahotelnhatrang.com\/vi\/wp-json\/wp\/v2\/pages\/42\/revisions"}],"up":[{"embeddable":true,"href":"https:\/\/www.librahotelnhatrang.com\/vi\/wp-json\/wp\/v2\/pages\/8"}],"wp:featuredmedia":[{"embeddable":true,"href":"https:\/\/www.librahotelnhatrang.com\/vi\/wp-json\/wp\/v2\/media\/46"}],"wp:attachment":[{"href":"https:\/\/www.librahotelnhatrang.com\/vi\/wp-json\/wp\/v2\/media?parent=42"}],"curies":[{"name":"wp","href":"https:\/\/api.w.org\/{rel}","templated":true}]}}