{"id":454,"date":"2026-04-22T06:44:50","date_gmt":"2026-04-22T06:44:50","guid":{"rendered":"https:\/\/www.librahotelnhatrang.com\/?page_id=454"},"modified":"2026-04-22T07:58:36","modified_gmt":"2026-04-22T07:58:36","slug":"dich-vu-giat-ui-khach-san-nha-trang","status":"publish","type":"page","link":"https:\/\/www.librahotelnhatrang.com\/vi\/chuong-trinh-khuyen-mai\/dich-vu-giat-ui-khach-san-nha-trang\/","title":{"rendered":"\u01afu \u0111\u00e3i D\u1ecbch v\u1ee5 Gi\u1eb7t \u1ee7i 20% t\u1eeb 3 \u0110\u00eam"},"content":{"rendered":"<p><img loading=\"lazy\" decoding=\"async\" class=\"wp-image-442 size-full aligncenter\" src=\"http:\/\/www.librahotelnhatrang.com\/wp-content\/uploads\/sites\/142\/2026\/04\/dich-vu-giat-ui-khach-san.png\" alt=\"Hotel Laundry &amp; Ironing Service in Nha Trang\" width=\"1536\" height=\"1024\" srcset=\"https:\/\/www.librahotelnhatrang.com\/wp-content\/uploads\/sites\/142\/2026\/04\/dich-vu-giat-ui-khach-san.png 1536w, https:\/\/www.librahotelnhatrang.com\/wp-content\/uploads\/sites\/142\/2026\/04\/dich-vu-giat-ui-khach-san-300x200.png 300w, https:\/\/www.librahotelnhatrang.com\/wp-content\/uploads\/sites\/142\/2026\/04\/dich-vu-giat-ui-khach-san-1024x683.png 1024w, https:\/\/www.librahotelnhatrang.com\/wp-content\/uploads\/sites\/142\/2026\/04\/dich-vu-giat-ui-khach-san-768x512.png 768w, https:\/\/www.librahotelnhatrang.com\/wp-content\/uploads\/sites\/142\/2026\/04\/dich-vu-giat-ui-khach-san-600x400.png 600w, https:\/\/www.librahotelnhatrang.com\/wp-content\/uploads\/sites\/142\/2026\/04\/dich-vu-giat-ui-khach-san-1000x667.png 1000w\" sizes=\"(max-width: 1536px) 100vw, 1536px\" \/><\/p>\n<p style=\"text-align: center\" data-start=\"178\" data-end=\"437\">T\u1eadn h\u01b0\u1edfng k\u1ef3 ngh\u1ec9 tr\u1ecdn v\u1eb9n h\u01a1n t\u1ea1i <strong data-start=\"213\" data-end=\"238\">Libra Hotel Nha Trang<\/strong> v\u1edbi nh\u1eefng \u0111\u1eb7c quy\u1ec1n \u0111\u01b0\u1ee3c thi\u1ebft k\u1ebf ri\u00eang cho Qu\u00fd kh\u00e1ch l\u01b0u tr\u00fa d\u00e0i ng\u00e0y. Kh\u00f4ng ch\u1ec9 l\u00e0 m\u1ed9t \u0111i\u1ec3m d\u1eebng ch\u00e2n, \u0111\u00e2y l\u00e0 n\u01a1i m\u1ed7i tr\u1ea3i nghi\u1ec7m \u0111\u1ec1u \u0111\u01b0\u1ee3c ch\u0103m ch\u00fat nh\u1eb1m mang \u0111\u1ebfn s\u1ef1 tho\u1ea3i m\u00e1i v\u00e0 ti\u1ec7n nghi t\u1ed1i \u0111a.<\/p>\n<p style=\"text-align: center\" data-start=\"439\" data-end=\"494\"><strong data-start=\"439\" data-end=\"494\">Quy\u1ec1n l\u1ee3i d\u00e0nh cho kh\u00e1ch l\u01b0u tr\u00fa t\u1eeb 03 \u0111\u00eam tr\u1edf l\u00ean:<\/strong><\/p>\n<p style=\"text-align: center\" data-start=\"439\" data-end=\"494\">Gi\u1ea3m <strong data-start=\"505\" data-end=\"528\">20% d\u1ecbch v\u1ee5 gi\u1eb7t \u1ee7i<\/strong> trong su\u1ed1t th\u1eddi gian l\u01b0u tr\u00fa<br data-start=\"557\" data-end=\"560\" \/>Gi\u00fap Qu\u00fd kh\u00e1ch lu\u00f4n gi\u1eef \u0111\u01b0\u1ee3c v\u1ebb ngo\u00e0i ch\u1ec9n chu, s\u1eb5n s\u00e0ng cho m\u1ecdi h\u00e0nh tr\u00ecnh v\u00e0 kho\u1ea3nh kh\u1eafc \u0111\u00e1ng nh\u1edb.<\/p>\n<p style=\"text-align: center\" data-start=\"662\" data-end=\"684\"><strong data-start=\"662\" data-end=\"684\">\u0110i\u1ec1u ki\u1ec7n \u00e1p d\u1ee5ng:<\/strong><\/p>\n<p style=\"text-align: center\">\u00c1p d\u1ee5ng cho kh\u00e1ch l\u01b0u tr\u00fa t\u1eeb 03 \u0111\u00eam li\u00ean ti\u1ebfp<\/p>\n<p style=\"text-align: center\">Kh\u00f4ng \u00e1p d\u1ee5ng \u0111\u1ed3ng th\u1eddi v\u1edbi c\u00e1c ch\u01b0\u01a1ng tr\u00ecnh \u01b0u \u0111\u00e3i kh\u00e1c (n\u1ebfu c\u00f3)<\/p>\n<p style=\"text-align: center\" data-start=\"804\" data-end=\"911\"><strong data-start=\"804\" data-end=\"828\">Li\u00ean h\u1ec7 &amp; \u0111\u1eb7t ph\u00f2ng:<\/strong><br \/>\nVui l\u00f2ng li\u00ean h\u1ec7 L\u1ec5 t\u00e2n ho\u1eb7c b\u1ed9 ph\u1eadn \u0111\u1eb7t ph\u00f2ng \u0111\u1ec3 \u0111\u01b0\u1ee3c h\u1ed7 tr\u1ee3 v\u00e0 t\u1eadn h\u01b0\u1edfng \u01b0u \u0111\u00e3i.<\/p>\n<p style=\"text-align: center\">\n","protected":false},"excerpt":{"rendered":"<p>T\u1eadn h\u01b0\u1edfng k\u1ef3 ngh\u1ec9 tr\u1ecdn v\u1eb9n h\u01a1n t\u1ea1i Libra Hotel Nha Trang v\u1edbi nh\u1eefng \u0111\u1eb7c quy\u1ec1n \u0111\u01b0\u1ee3c thi\u1ebft k\u1ebf ri\u00eang cho Qu\u00fd kh\u00e1ch l\u01b0u tr\u00fa d\u00e0i ng\u00e0y. Kh\u00f4ng ch\u1ec9 l\u00e0 m\u1ed9t \u0111i\u1ec3m d\u1eebng ch\u00e2n, \u0111\u00e2y l\u00e0 n\u01a1i m\u1ed7i tr\u1ea3i nghi\u1ec7m \u0111\u1ec1u \u0111\u01b0\u1ee3c ch\u0103m ch\u00fat nh\u1eb1m mang \u0111\u1ebfn s\u1ef1 tho\u1ea3i m\u00e1i v\u00e0 ti\u1ec7n nghi t\u1ed1i \u0111a. [&hellip;]<\/p>\n","protected":false},"author":269,"featured_media":440,"parent":105,"menu_order":1,"comment_status":"closed","ping_status":"closed","template":"template-offers.php","meta":{"footnotes":""},"yoast_head":"<!-- This site is optimized with the Yoast SEO plugin v22.3 - https:\/\/yoast.com\/wordpress\/plugins\/seo\/ -->\n<title>\u01afu \u0111\u00e3i D\u1ecbch v\u1ee5 Gi\u1eb7t \u1ee7i 20% t\u1eeb 3 \u0110\u00eam - Libra Hotel Nha Trang<\/title>\n<meta name=\"description\" content=\"Nh\u1eadn \u01b0u \u0111\u00e3i 20% d\u1ecbch v\u1ee5 gi\u1eb7t \u1ee7i t\u1ea1i kh\u00e1ch s\u1ea1n Nha Trang khi l\u01b0u tr\u00fa t\u1eeb 3 \u0111\u00eam. Gi\u1eef trang ph\u1ee5c lu\u00f4n s\u1ea1ch s\u1ebd, tho\u1ea3i m\u00e1i su\u1ed1t h\u00e0nh tr\u00ecnh.\" \/>\n<meta name=\"robots\" content=\"index, follow, max-snippet:-1, max-image-preview:large, max-video-preview:-1\" \/>\n<link rel=\"canonical\" href=\"https:\/\/www.librahotelnhatrang.com\/vi\/chuong-trinh-khuyen-mai\/dich-vu-giat-ui-khach-san-nha-trang\/\" \/>\n<meta property=\"og:locale\" content=\"vi_VN\" \/>\n<meta property=\"og:type\" content=\"article\" \/>\n<meta property=\"og:title\" content=\"\u01afu \u0111\u00e3i D\u1ecbch v\u1ee5 Gi\u1eb7t \u1ee7i 20% t\u1eeb 3 \u0110\u00eam - Libra Hotel Nha Trang\" \/>\n<meta property=\"og:description\" content=\"Nh\u1eadn \u01b0u \u0111\u00e3i 20% d\u1ecbch v\u1ee5 gi\u1eb7t \u1ee7i t\u1ea1i kh\u00e1ch s\u1ea1n Nha Trang khi l\u01b0u tr\u00fa t\u1eeb 3 \u0111\u00eam. Gi\u1eef trang ph\u1ee5c lu\u00f4n s\u1ea1ch s\u1ebd, tho\u1ea3i m\u00e1i su\u1ed1t h\u00e0nh tr\u00ecnh.\" \/>\n<meta property=\"og:url\" content=\"https:\/\/www.librahotelnhatrang.com\/vi\/chuong-trinh-khuyen-mai\/dich-vu-giat-ui-khach-san-nha-trang\/\" \/>\n<meta property=\"og:site_name\" content=\"Libra Hotel Nha Trang\" \/>\n<meta property=\"article:modified_time\" content=\"2026-04-22T07:58:36+00:00\" \/>\n<meta property=\"og:image\" content=\"http:\/\/www.librahotelnhatrang.com\/wp-content\/uploads\/sites\/142\/2026\/04\/668829249_1569305148530855_8809488698051727465_n-1.jpg\" \/>\n\t<meta property=\"og:image:width\" content=\"1956\" \/>\n\t<meta property=\"og:image:height\" content=\"1106\" \/>\n\t<meta property=\"og:image:type\" content=\"image\/jpeg\" \/>\n<meta name=\"twitter:card\" content=\"summary_large_image\" \/>\n<meta name=\"twitter:label1\" content=\"Est. reading time\" \/>\n\t<meta name=\"twitter:data1\" content=\"2 minutes\" \/>\n<script type=\"application\/ld+json\" class=\"yoast-schema-graph\">{\"@context\":\"https:\/\/schema.org\",\"@graph\":[{\"@type\":\"WebPage\",\"@id\":\"https:\/\/www.librahotelnhatrang.com\/vi\/chuong-trinh-khuyen-mai\/dich-vu-giat-ui-khach-san-nha-trang\/\",\"url\":\"https:\/\/www.librahotelnhatrang.com\/vi\/chuong-trinh-khuyen-mai\/dich-vu-giat-ui-khach-san-nha-trang\/\",\"name\":\"\u01afu \u0111\u00e3i D\u1ecbch v\u1ee5 Gi\u1eb7t \u1ee7i 20% t\u1eeb 3 \u0110\u00eam - Libra Hotel Nha Trang\",\"isPartOf\":{\"@id\":\"https:\/\/www.librahotelnhatrang.com\/vi\/#website\"},\"primaryImageOfPage\":{\"@id\":\"https:\/\/www.librahotelnhatrang.com\/vi\/chuong-trinh-khuyen-mai\/dich-vu-giat-ui-khach-san-nha-trang\/#primaryimage\"},\"image\":{\"@id\":\"https:\/\/www.librahotelnhatrang.com\/vi\/chuong-trinh-khuyen-mai\/dich-vu-giat-ui-khach-san-nha-trang\/#primaryimage\"},\"thumbnailUrl\":\"https:\/\/www.librahotelnhatrang.com\/wp-content\/uploads\/sites\/142\/2026\/04\/668829249_1569305148530855_8809488698051727465_n-1.jpg\",\"datePublished\":\"2026-04-22T06:44:50+00:00\",\"dateModified\":\"2026-04-22T07:58:36+00:00\",\"description\":\"Nh\u1eadn \u01b0u \u0111\u00e3i 20% d\u1ecbch v\u1ee5 gi\u1eb7t \u1ee7i t\u1ea1i kh\u00e1ch s\u1ea1n Nha Trang khi l\u01b0u tr\u00fa t\u1eeb 3 \u0111\u00eam. Gi\u1eef trang ph\u1ee5c lu\u00f4n s\u1ea1ch s\u1ebd, tho\u1ea3i m\u00e1i su\u1ed1t h\u00e0nh tr\u00ecnh.\",\"breadcrumb\":{\"@id\":\"https:\/\/www.librahotelnhatrang.com\/vi\/chuong-trinh-khuyen-mai\/dich-vu-giat-ui-khach-san-nha-trang\/#breadcrumb\"},\"inLanguage\":\"vi-VN\",\"potentialAction\":[{\"@type\":\"ReadAction\",\"target\":[\"https:\/\/www.librahotelnhatrang.com\/vi\/chuong-trinh-khuyen-mai\/dich-vu-giat-ui-khach-san-nha-trang\/\"]}]},{\"@type\":\"ImageObject\",\"inLanguage\":\"vi-VN\",\"@id\":\"https:\/\/www.librahotelnhatrang.com\/vi\/chuong-trinh-khuyen-mai\/dich-vu-giat-ui-khach-san-nha-trang\/#primaryimage\",\"url\":\"https:\/\/www.librahotelnhatrang.com\/wp-content\/uploads\/sites\/142\/2026\/04\/668829249_1569305148530855_8809488698051727465_n-1.jpg\",\"contentUrl\":\"https:\/\/www.librahotelnhatrang.com\/wp-content\/uploads\/sites\/142\/2026\/04\/668829249_1569305148530855_8809488698051727465_n-1.jpg\",\"width\":1956,\"height\":1106,\"caption\":\"EXCLUSIVE OFFER FOR EXTENDED STAYS\"},{\"@type\":\"BreadcrumbList\",\"@id\":\"https:\/\/www.librahotelnhatrang.com\/vi\/chuong-trinh-khuyen-mai\/dich-vu-giat-ui-khach-san-nha-trang\/#breadcrumb\",\"itemListElement\":[{\"@type\":\"ListItem\",\"position\":1,\"name\":\"Home\",\"item\":\"https:\/\/www.librahotelnhatrang.com\/vi\/\"},{\"@type\":\"ListItem\",\"position\":2,\"name\":\"Ch\u01b0\u01a1ng tr\u00ecnh khuy\u1ebfn m\u00e3i\",\"item\":\"https:\/\/www.librahotelnhatrang.com\/vi\/chuong-trinh-khuyen-mai\/\"},{\"@type\":\"ListItem\",\"position\":3,\"name\":\"\u01afu \u0111\u00e3i D\u1ecbch v\u1ee5 Gi\u1eb7t \u1ee7i 20% t\u1eeb 3 \u0110\u00eam\"}]},{\"@type\":\"WebSite\",\"@id\":\"https:\/\/www.librahotelnhatrang.com\/vi\/#website\",\"url\":\"https:\/\/www.librahotelnhatrang.com\/vi\/\",\"name\":\"Libra Hotel Nha Trang\",\"description\":\"\",\"potentialAction\":[{\"@type\":\"SearchAction\",\"target\":{\"@type\":\"EntryPoint\",\"urlTemplate\":\"https:\/\/www.librahotelnhatrang.com\/vi\/?s={search_term_string}\"},\"query-input\":\"required name=search_term_string\"}],\"inLanguage\":\"vi-VN\"}]}<\/script>\n<!-- \/ Yoast SEO plugin. -->","yoast_head_json":{"title":"\u01afu \u0111\u00e3i D\u1ecbch v\u1ee5 Gi\u1eb7t \u1ee7i 20% t\u1eeb 3 \u0110\u00eam - Libra Hotel Nha Trang","description":"Nh\u1eadn \u01b0u \u0111\u00e3i 20% d\u1ecbch v\u1ee5 gi\u1eb7t \u1ee7i t\u1ea1i kh\u00e1ch s\u1ea1n Nha Trang khi l\u01b0u tr\u00fa t\u1eeb 3 \u0111\u00eam. Gi\u1eef trang ph\u1ee5c lu\u00f4n s\u1ea1ch s\u1ebd, tho\u1ea3i m\u00e1i su\u1ed1t h\u00e0nh tr\u00ecnh.","robots":{"index":"index","follow":"follow","max-snippet":"max-snippet:-1","max-image-preview":"max-image-preview:large","max-video-preview":"max-video-preview:-1"},"canonical":"https:\/\/www.librahotelnhatrang.com\/vi\/chuong-trinh-khuyen-mai\/dich-vu-giat-ui-khach-san-nha-trang\/","og_locale":"vi_VN","og_type":"article","og_title":"\u01afu \u0111\u00e3i D\u1ecbch v\u1ee5 Gi\u1eb7t \u1ee7i 20% t\u1eeb 3 \u0110\u00eam - Libra Hotel Nha Trang","og_description":"Nh\u1eadn \u01b0u \u0111\u00e3i 20% d\u1ecbch v\u1ee5 gi\u1eb7t \u1ee7i t\u1ea1i kh\u00e1ch s\u1ea1n Nha Trang khi l\u01b0u tr\u00fa t\u1eeb 3 \u0111\u00eam. Gi\u1eef trang ph\u1ee5c lu\u00f4n s\u1ea1ch s\u1ebd, tho\u1ea3i m\u00e1i su\u1ed1t h\u00e0nh tr\u00ecnh.","og_url":"https:\/\/www.librahotelnhatrang.com\/vi\/chuong-trinh-khuyen-mai\/dich-vu-giat-ui-khach-san-nha-trang\/","og_site_name":"Libra Hotel Nha Trang","article_modified_time":"2026-04-22T07:58:36+00:00","og_image":[{"width":1956,"height":1106,"url":"http:\/\/www.librahotelnhatrang.com\/wp-content\/uploads\/sites\/142\/2026\/04\/668829249_1569305148530855_8809488698051727465_n-1.jpg","type":"image\/jpeg"}],"twitter_card":"summary_large_image","twitter_misc":{"Est. reading time":"2 minutes"},"schema":{"@context":"https:\/\/schema.org","@graph":[{"@type":"WebPage","@id":"https:\/\/www.librahotelnhatrang.com\/vi\/chuong-trinh-khuyen-mai\/dich-vu-giat-ui-khach-san-nha-trang\/","url":"https:\/\/www.librahotelnhatrang.com\/vi\/chuong-trinh-khuyen-mai\/dich-vu-giat-ui-khach-san-nha-trang\/","name":"\u01afu \u0111\u00e3i D\u1ecbch v\u1ee5 Gi\u1eb7t \u1ee7i 20% t\u1eeb 3 \u0110\u00eam - Libra Hotel Nha Trang","isPartOf":{"@id":"https:\/\/www.librahotelnhatrang.com\/vi\/#website"},"primaryImageOfPage":{"@id":"https:\/\/www.librahotelnhatrang.com\/vi\/chuong-trinh-khuyen-mai\/dich-vu-giat-ui-khach-san-nha-trang\/#primaryimage"},"image":{"@id":"https:\/\/www.librahotelnhatrang.com\/vi\/chuong-trinh-khuyen-mai\/dich-vu-giat-ui-khach-san-nha-trang\/#primaryimage"},"thumbnailUrl":"https:\/\/www.librahotelnhatrang.com\/wp-content\/uploads\/sites\/142\/2026\/04\/668829249_1569305148530855_8809488698051727465_n-1.jpg","datePublished":"2026-04-22T06:44:50+00:00","dateModified":"2026-04-22T07:58:36+00:00","description":"Nh\u1eadn \u01b0u \u0111\u00e3i 20% d\u1ecbch v\u1ee5 gi\u1eb7t \u1ee7i t\u1ea1i kh\u00e1ch s\u1ea1n Nha Trang khi l\u01b0u tr\u00fa t\u1eeb 3 \u0111\u00eam. Gi\u1eef trang ph\u1ee5c lu\u00f4n s\u1ea1ch s\u1ebd, tho\u1ea3i m\u00e1i su\u1ed1t h\u00e0nh tr\u00ecnh.","breadcrumb":{"@id":"https:\/\/www.librahotelnhatrang.com\/vi\/chuong-trinh-khuyen-mai\/dich-vu-giat-ui-khach-san-nha-trang\/#breadcrumb"},"inLanguage":"vi-VN","potentialAction":[{"@type":"ReadAction","target":["https:\/\/www.librahotelnhatrang.com\/vi\/chuong-trinh-khuyen-mai\/dich-vu-giat-ui-khach-san-nha-trang\/"]}]},{"@type":"ImageObject","inLanguage":"vi-VN","@id":"https:\/\/www.librahotelnhatrang.com\/vi\/chuong-trinh-khuyen-mai\/dich-vu-giat-ui-khach-san-nha-trang\/#primaryimage","url":"https:\/\/www.librahotelnhatrang.com\/wp-content\/uploads\/sites\/142\/2026\/04\/668829249_1569305148530855_8809488698051727465_n-1.jpg","contentUrl":"https:\/\/www.librahotelnhatrang.com\/wp-content\/uploads\/sites\/142\/2026\/04\/668829249_1569305148530855_8809488698051727465_n-1.jpg","width":1956,"height":1106,"caption":"EXCLUSIVE OFFER FOR EXTENDED STAYS"},{"@type":"BreadcrumbList","@id":"https:\/\/www.librahotelnhatrang.com\/vi\/chuong-trinh-khuyen-mai\/dich-vu-giat-ui-khach-san-nha-trang\/#breadcrumb","itemListElement":[{"@type":"ListItem","position":1,"name":"Home","item":"https:\/\/www.librahotelnhatrang.com\/vi\/"},{"@type":"ListItem","position":2,"name":"Ch\u01b0\u01a1ng tr\u00ecnh khuy\u1ebfn m\u00e3i","item":"https:\/\/www.librahotelnhatrang.com\/vi\/chuong-trinh-khuyen-mai\/"},{"@type":"ListItem","position":3,"name":"\u01afu \u0111\u00e3i D\u1ecbch v\u1ee5 Gi\u1eb7t \u1ee7i 20% t\u1eeb 3 \u0110\u00eam"}]},{"@type":"WebSite","@id":"https:\/\/www.librahotelnhatrang.com\/vi\/#website","url":"https:\/\/www.librahotelnhatrang.com\/vi\/","name":"Libra Hotel Nha Trang","description":"","potentialAction":[{"@type":"SearchAction","target":{"@type":"EntryPoint","urlTemplate":"https:\/\/www.librahotelnhatrang.com\/vi\/?s={search_term_string}"},"query-input":"required name=search_term_string"}],"inLanguage":"vi-VN"}]}},"acf":[],"_links":{"self":[{"href":"https:\/\/www.librahotelnhatrang.com\/vi\/wp-json\/wp\/v2\/pages\/454"}],"collection":[{"href":"https:\/\/www.librahotelnhatrang.com\/vi\/wp-json\/wp\/v2\/pages"}],"about":[{"href":"https:\/\/www.librahotelnhatrang.com\/vi\/wp-json\/wp\/v2\/types\/page"}],"author":[{"embeddable":true,"href":"https:\/\/www.librahotelnhatrang.com\/vi\/wp-json\/wp\/v2\/users\/269"}],"replies":[{"embeddable":true,"href":"https:\/\/www.librahotelnhatrang.com\/vi\/wp-json\/wp\/v2\/comments?post=454"}],"version-history":[{"count":0,"href":"https:\/\/www.librahotelnhatrang.com\/vi\/wp-json\/wp\/v2\/pages\/454\/revisions"}],"up":[{"embeddable":true,"href":"https:\/\/www.librahotelnhatrang.com\/vi\/wp-json\/wp\/v2\/pages\/105"}],"wp:featuredmedia":[{"embeddable":true,"href":"https:\/\/www.librahotelnhatrang.com\/vi\/wp-json\/wp\/v2\/media\/440"}],"wp:attachment":[{"href":"https:\/\/www.librahotelnhatrang.com\/vi\/wp-json\/wp\/v2\/media?parent=454"}],"curies":[{"name":"wp","href":"https:\/\/api.w.org\/{rel}","templated":true}]}}