{"id":459,"date":"2026-04-22T08:36:08","date_gmt":"2026-04-22T08:36:08","guid":{"rendered":"https:\/\/www.librahotelnhatrang.com\/?page_id=459"},"modified":"2026-04-22T09:01:56","modified_gmt":"2026-04-22T09:01:56","slug":"uu-dai-luu-tru-dai-ngay-nha-trang","status":"publish","type":"page","link":"https:\/\/www.librahotelnhatrang.com\/vi\/chuong-trinh-khuyen-mai\/uu-dai-luu-tru-dai-ngay-nha-trang\/","title":{"rendered":"\u01afu \u0111\u00e3i l\u01b0u tr\u00fa d\u00e0i ng\u00e0y"},"content":{"rendered":"<p style=\"text-align: center\" data-start=\"203\" data-end=\"243\"><strong data-start=\"203\" data-end=\"243\">Ch\u1ec9 t\u1eeb 1.079.000 VN\u0110 \/ 2 kh\u00e1ch \/ \u0111\u00eam<\/strong><\/p>\n<p style=\"text-align: center\">N\u1ebfu b\u1ea1n \u0111ang t\u00ecm ki\u1ebfm m\u1ed9t k\u1ef3 ngh\u1ec9 d\u00e0i ng\u00e0y tho\u1ea3i m\u00e1i gi\u1eefa l\u00f2ng th\u00e0nh ph\u1ed1 bi\u1ec3n, Libra Hotel Nha Trang mang \u0111\u1ebfn \u01b0u \u0111\u00e3i <strong data-start=\"362\" data-end=\"375\">Long Stay<\/strong> \u2013 l\u1ef1a ch\u1ecdn l\u00fd t\u01b0\u1edfng cho nh\u1eefng h\u00e0nh tr\u00ecnh t\u1eeb 5 \u0111\u00eam tr\u1edf l\u00ean. Kh\u00f4ng ch\u1ec9 l\u00e0 m\u1ee9c gi\u00e1 h\u1ea5p d\u1eabn, \u0111\u00e2y c\u00f2n l\u00e0 c\u01a1 h\u1ed9i \u0111\u1ec3 b\u1ea1n t\u1eadn h\u01b0\u1edfng tr\u1ecdn v\u1eb9n kh\u00f4ng gian ngh\u1ec9 d\u01b0\u1ee1ng c\u00f9ng nh\u1eefng \u0111\u1eb7c quy\u1ec1n \u0111\u01b0\u1ee3c ch\u0103m ch\u00fat tinh t\u1ebf<\/p>\n<div id=\"attachment_264\" style=\"width: 2210px\" class=\"wp-caption aligncenter\"><img loading=\"lazy\" decoding=\"async\" aria-describedby=\"caption-attachment-264\" class=\"size-full wp-image-264\" src=\"http:\/\/www.librahotelnhatrang.com\/wp-content\/uploads\/sites\/142\/2026\/01\/Libra-Deluxe-Sea-View-9-1.jpg\" alt=\"Deluxe City View - Libra Hotel Nha Trang\" width=\"2200\" height=\"1768\" srcset=\"https:\/\/www.librahotelnhatrang.com\/wp-content\/uploads\/sites\/142\/2026\/01\/Libra-Deluxe-Sea-View-9-1.jpg 2200w, https:\/\/www.librahotelnhatrang.com\/wp-content\/uploads\/sites\/142\/2026\/01\/Libra-Deluxe-Sea-View-9-1-300x241.jpg 300w, https:\/\/www.librahotelnhatrang.com\/wp-content\/uploads\/sites\/142\/2026\/01\/Libra-Deluxe-Sea-View-9-1-1024x823.jpg 1024w, https:\/\/www.librahotelnhatrang.com\/wp-content\/uploads\/sites\/142\/2026\/01\/Libra-Deluxe-Sea-View-9-1-768x617.jpg 768w, https:\/\/www.librahotelnhatrang.com\/wp-content\/uploads\/sites\/142\/2026\/01\/Libra-Deluxe-Sea-View-9-1-1536x1234.jpg 1536w, https:\/\/www.librahotelnhatrang.com\/wp-content\/uploads\/sites\/142\/2026\/01\/Libra-Deluxe-Sea-View-9-1-2048x1646.jpg 2048w, https:\/\/www.librahotelnhatrang.com\/wp-content\/uploads\/sites\/142\/2026\/01\/Libra-Deluxe-Sea-View-9-1-600x482.jpg 600w, https:\/\/www.librahotelnhatrang.com\/wp-content\/uploads\/sites\/142\/2026\/01\/Libra-Deluxe-Sea-View-9-1-1000x804.jpg 1000w\" sizes=\"(max-width: 2200px) 100vw, 2200px\" \/><p id=\"caption-attachment-264\" class=\"wp-caption-text\">Deluxe City View &#8211; Libra Hotel Nha Trang<\/p><\/div>\n<p data-section-id=\"19uctsi\" data-start=\"582\" data-end=\"604\"><span role=\"text\"><strong data-start=\"586\" data-end=\"604\">\u01afu \u0111\u00e3i bao g\u1ed3m<\/strong><\/span><\/p>\n<ul>\n<li>01 \u0111\u00eam ngh\u1ec9 d\u01b0\u1ee1ng t\u1ea1i h\u1ea1ng ph\u00f2ng <a href=\"https:\/\/www.librahotelnhatrang.com\/vi\/rooms\/deluxe-city-view\/\">Deluxe City View<\/a><\/li>\n<li>Mi\u1ec5n ph\u00ed gi\u1eb7t \u1ee7i 4 m\u00f3n m\u1ed7i ng\u00e0y<\/li>\n<li>Mi\u1ec5n ph\u00ed Minibar 1 l\u1ea7n m\u1ed7i ng\u00e0y<\/li>\n<li>Gi\u1ea3m 15% to\u00e0n b\u1ed9 d\u1ecbch v\u1ee5 \u1ea8m th\u1ef1c (F&amp;B)<\/li>\n<li>Gi\u1ea3m 35% to\u00e0n b\u1ed9 d\u1ecbch v\u1ee5 Spa<\/li>\n<li>\u01afu ti\u00ean nh\u1eadn ph\u00f2ng s\u1edbm \/ tr\u1ea3 ph\u00f2ng mu\u1ed9n (t\u00f9y t\u00ecnh tr\u1ea1ng ph\u00f2ng)<\/li>\n<\/ul>\n<p data-section-id=\"1her5rj\" data-start=\"880\" data-end=\"927\"><span role=\"text\"><strong data-start=\"884\" data-end=\"927\">Tr\u1ea3i nghi\u1ec7m d\u00e0i h\u01a1n \u2013 Gi\u00e1 tr\u1ecb nhi\u1ec1u h\u01a1n<\/strong><\/span><\/p>\n<p data-start=\"928\" data-end=\"1187\">\u1ede l\u1ea1i l\u00e2u h\u01a1n kh\u00f4ng ch\u1ec9 gi\u00fap b\u1ea1n t\u1ed1i \u01b0u chi ph\u00ed m\u00e0 c\u00f2n mang \u0111\u1ebfn c\u01a1 h\u1ed9i kh\u00e1m ph\u00e1 Nha Trang theo m\u1ed9t nh\u1ecbp \u0111i\u1ec7u ch\u1eadm r\u00e3i v\u00e0 s\u00e2u s\u1eafc h\u01a1n. T\u1eadn h\u01b0\u1edfng nh\u1eefng bu\u1ed5i s\u00e1ng th\u01b0 th\u00e1i, nh\u1eefng chi\u1ec1u ho\u00e0ng h\u00f4n tr\u00ean bi\u1ec3n v\u00e0 c\u1ea3m gi\u00e1c tho\u1ea3i m\u00e1i nh\u01b0 \u0111ang \u1edf ch\u00ednh ng\u00f4i nh\u00e0 c\u1ee7a m\u00ecnh.<\/p>\n<p data-section-id=\"1j6dzt\" data-start=\"1194\" data-end=\"1219\"><span role=\"text\"><strong data-start=\"1198\" data-end=\"1219\">\u0110i\u1ec1u ki\u1ec7n \u00e1p d\u1ee5ng<\/strong><\/span><\/p>\n<ul>\n<li data-start=\"1220\" data-end=\"1457\">\u00c1p d\u1ee5ng cho \u0111\u1eb7t ph\u00f2ng t\u1eeb 5 \u0111\u00eam tr\u1edf l\u00ean<\/li>\n<li data-start=\"1220\" data-end=\"1457\">Th\u1eddi gian \u0111\u1eb7t: \u0111\u1ebfn 15\/12\/2026<\/li>\n<li data-start=\"1220\" data-end=\"1457\">Th\u1eddi gian l\u01b0u tr\u00fa: \u0111\u1ebfn 31\/12\/2026<\/li>\n<li data-start=\"1220\" data-end=\"1457\">Ph\u1ee5 thu 300.000 VN\u0110\/ph\u00f2ng\/\u0111\u00eam v\u00e0o c\u00e1c d\u1ecbp l\u1ec5, T\u1ebft: 18\/02 \u2013 21\/02 | 30\/04 \u2013 01\/05 | 31\/08 \u2013 02\/09 | 30\/12 \u2013 31\/12<\/li>\n<\/ul>\n<h3 data-section-id=\"1p4e0gz\" data-start=\"1464\" data-end=\"1488\"><\/h3>\n<p data-section-id=\"1p4e0gz\" data-start=\"1464\" data-end=\"1488\"><span role=\"text\"><strong data-start=\"1468\" data-end=\"1488\">\u0110\u1eb7t ngay h\u00f4m nay<\/strong><\/span><\/p>\n<p data-start=\"1489\" data-end=\"1620\">Li\u00ean h\u1ec7 <a href=\"https:\/\/www.facebook.com\/LibraHotelNhaTrang\">Fanpage<\/a> ho\u1eb7c Hotline \u0111\u1ec3 nh\u1eadn \u01b0u \u0111\u00e3i Long Stay v\u00e0 b\u1eaft \u0111\u1ea7u h\u00e0nh tr\u00ecnh ngh\u1ec9 d\u01b0\u1ee1ng d\u00e0i ng\u00e0y tr\u1ecdn v\u1eb9n t\u1ea1i Libra Hotel Nha Trang.<\/p>\n","protected":false},"excerpt":{"rendered":"<p>Ch\u1ec9 t\u1eeb 1.079.000 VN\u0110 \/ 2 kh\u00e1ch \/ \u0111\u00eam N\u1ebfu b\u1ea1n \u0111ang t\u00ecm ki\u1ebfm m\u1ed9t k\u1ef3 ngh\u1ec9 d\u00e0i ng\u00e0y tho\u1ea3i m\u00e1i gi\u1eefa l\u00f2ng th\u00e0nh ph\u1ed1 bi\u1ec3n, Libra Hotel Nha Trang mang \u0111\u1ebfn \u01b0u \u0111\u00e3i Long Stay \u2013 l\u1ef1a ch\u1ecdn l\u00fd t\u01b0\u1edfng cho nh\u1eefng h\u00e0nh tr\u00ecnh t\u1eeb 5 \u0111\u00eam tr\u1edf l\u00ean. Kh\u00f4ng ch\u1ec9 l\u00e0 m\u1ee9c gi\u00e1 [&hellip;]<\/p>\n","protected":false},"author":269,"featured_media":458,"parent":105,"menu_order":0,"comment_status":"closed","ping_status":"closed","template":"template-offers.php","meta":{"footnotes":""},"yoast_head":"<!-- This site is optimized with the Yoast SEO plugin v22.3 - https:\/\/yoast.com\/wordpress\/plugins\/seo\/ -->\n<title>\u01afu \u0111\u00e3i l\u01b0u tr\u00fa d\u00e0i ng\u00e0y - Libra Hotel Nha Trang<\/title>\n<meta name=\"description\" content=\"T\u1eadn h\u01b0\u1edfng \u01b0u \u0111\u00e3i l\u01b0u tr\u00fa d\u00e0i ng\u00e0y t\u1ea1i Libra Hotel Nha Trang, ch\u1ec9 t\u1eeb 1.079.000 VN\u0110\/\u0111\u00eam cho 2 kh\u00e1ch. Nh\u1eadn nhi\u1ec1u \u0111\u1eb7c quy\u1ec1n h\u1ea5p d\u1eabn khi \u0111\u1eb7t t\u1eeb 5\" \/>\n<meta name=\"robots\" content=\"index, follow, max-snippet:-1, max-image-preview:large, max-video-preview:-1\" \/>\n<link rel=\"canonical\" href=\"https:\/\/www.librahotelnhatrang.com\/vi\/chuong-trinh-khuyen-mai\/uu-dai-luu-tru-dai-ngay-nha-trang\/\" \/>\n<meta property=\"og:locale\" content=\"vi_VN\" \/>\n<meta property=\"og:type\" content=\"article\" \/>\n<meta property=\"og:title\" content=\"\u01afu \u0111\u00e3i l\u01b0u tr\u00fa d\u00e0i ng\u00e0y - Libra Hotel Nha Trang\" \/>\n<meta property=\"og:description\" content=\"T\u1eadn h\u01b0\u1edfng \u01b0u \u0111\u00e3i l\u01b0u tr\u00fa d\u00e0i ng\u00e0y t\u1ea1i Libra Hotel Nha Trang, ch\u1ec9 t\u1eeb 1.079.000 VN\u0110\/\u0111\u00eam cho 2 kh\u00e1ch. Nh\u1eadn nhi\u1ec1u \u0111\u1eb7c quy\u1ec1n h\u1ea5p d\u1eabn khi \u0111\u1eb7t t\u1eeb 5\" \/>\n<meta property=\"og:url\" content=\"https:\/\/www.librahotelnhatrang.com\/vi\/chuong-trinh-khuyen-mai\/uu-dai-luu-tru-dai-ngay-nha-trang\/\" \/>\n<meta property=\"og:site_name\" content=\"Libra Hotel Nha Trang\" \/>\n<meta property=\"article:modified_time\" content=\"2026-04-22T09:01:56+00:00\" \/>\n<meta property=\"og:image\" content=\"http:\/\/www.librahotelnhatrang.com\/wp-content\/uploads\/sites\/142\/2026\/04\/Artboard-21-1024x631.png\" \/>\n\t<meta property=\"og:image:width\" content=\"1024\" \/>\n\t<meta property=\"og:image:height\" content=\"631\" \/>\n\t<meta property=\"og:image:type\" content=\"image\/png\" \/>\n<meta name=\"twitter:card\" content=\"summary_large_image\" \/>\n<meta name=\"twitter:label1\" content=\"Est. reading time\" \/>\n\t<meta name=\"twitter:data1\" content=\"2 minutes\" \/>\n<script type=\"application\/ld+json\" class=\"yoast-schema-graph\">{\"@context\":\"https:\/\/schema.org\",\"@graph\":[{\"@type\":\"WebPage\",\"@id\":\"https:\/\/www.librahotelnhatrang.com\/vi\/chuong-trinh-khuyen-mai\/uu-dai-luu-tru-dai-ngay-nha-trang\/\",\"url\":\"https:\/\/www.librahotelnhatrang.com\/vi\/chuong-trinh-khuyen-mai\/uu-dai-luu-tru-dai-ngay-nha-trang\/\",\"name\":\"\u01afu \u0111\u00e3i l\u01b0u tr\u00fa d\u00e0i ng\u00e0y - Libra Hotel Nha Trang\",\"isPartOf\":{\"@id\":\"https:\/\/www.librahotelnhatrang.com\/vi\/#website\"},\"primaryImageOfPage\":{\"@id\":\"https:\/\/www.librahotelnhatrang.com\/vi\/chuong-trinh-khuyen-mai\/uu-dai-luu-tru-dai-ngay-nha-trang\/#primaryimage\"},\"image\":{\"@id\":\"https:\/\/www.librahotelnhatrang.com\/vi\/chuong-trinh-khuyen-mai\/uu-dai-luu-tru-dai-ngay-nha-trang\/#primaryimage\"},\"thumbnailUrl\":\"https:\/\/www.librahotelnhatrang.com\/wp-content\/uploads\/sites\/142\/2026\/04\/Artboard-21.png\",\"datePublished\":\"2026-04-22T08:36:08+00:00\",\"dateModified\":\"2026-04-22T09:01:56+00:00\",\"description\":\"T\u1eadn h\u01b0\u1edfng \u01b0u \u0111\u00e3i l\u01b0u tr\u00fa d\u00e0i ng\u00e0y t\u1ea1i Libra Hotel Nha Trang, ch\u1ec9 t\u1eeb 1.079.000 VN\u0110\/\u0111\u00eam cho 2 kh\u00e1ch. Nh\u1eadn nhi\u1ec1u \u0111\u1eb7c quy\u1ec1n h\u1ea5p d\u1eabn khi \u0111\u1eb7t t\u1eeb 5\",\"breadcrumb\":{\"@id\":\"https:\/\/www.librahotelnhatrang.com\/vi\/chuong-trinh-khuyen-mai\/uu-dai-luu-tru-dai-ngay-nha-trang\/#breadcrumb\"},\"inLanguage\":\"vi-VN\",\"potentialAction\":[{\"@type\":\"ReadAction\",\"target\":[\"https:\/\/www.librahotelnhatrang.com\/vi\/chuong-trinh-khuyen-mai\/uu-dai-luu-tru-dai-ngay-nha-trang\/\"]}]},{\"@type\":\"ImageObject\",\"inLanguage\":\"vi-VN\",\"@id\":\"https:\/\/www.librahotelnhatrang.com\/vi\/chuong-trinh-khuyen-mai\/uu-dai-luu-tru-dai-ngay-nha-trang\/#primaryimage\",\"url\":\"https:\/\/www.librahotelnhatrang.com\/wp-content\/uploads\/sites\/142\/2026\/04\/Artboard-21.png\",\"contentUrl\":\"https:\/\/www.librahotelnhatrang.com\/wp-content\/uploads\/sites\/142\/2026\/04\/Artboard-21.png\",\"width\":2200,\"height\":1355,\"caption\":\"\u01afu \u0111\u00e3i l\u01b0u tr\u00fa d\u00e0i ng\u00e0y\"},{\"@type\":\"BreadcrumbList\",\"@id\":\"https:\/\/www.librahotelnhatrang.com\/vi\/chuong-trinh-khuyen-mai\/uu-dai-luu-tru-dai-ngay-nha-trang\/#breadcrumb\",\"itemListElement\":[{\"@type\":\"ListItem\",\"position\":1,\"name\":\"Home\",\"item\":\"https:\/\/www.librahotelnhatrang.com\/vi\/\"},{\"@type\":\"ListItem\",\"position\":2,\"name\":\"Ch\u01b0\u01a1ng tr\u00ecnh khuy\u1ebfn m\u00e3i\",\"item\":\"https:\/\/www.librahotelnhatrang.com\/vi\/chuong-trinh-khuyen-mai\/\"},{\"@type\":\"ListItem\",\"position\":3,\"name\":\"\u01afu \u0111\u00e3i l\u01b0u tr\u00fa d\u00e0i ng\u00e0y\"}]},{\"@type\":\"WebSite\",\"@id\":\"https:\/\/www.librahotelnhatrang.com\/vi\/#website\",\"url\":\"https:\/\/www.librahotelnhatrang.com\/vi\/\",\"name\":\"Libra Hotel Nha Trang\",\"description\":\"\",\"potentialAction\":[{\"@type\":\"SearchAction\",\"target\":{\"@type\":\"EntryPoint\",\"urlTemplate\":\"https:\/\/www.librahotelnhatrang.com\/vi\/?s={search_term_string}\"},\"query-input\":\"required name=search_term_string\"}],\"inLanguage\":\"vi-VN\"},{\"@type\":\"Person\",\"@id\":\"https:\/\/www.librahotelnhatrang.com\/vi\/#\/schema\/person\/ded1cb8094e085b7a0b645734536a4fc\",\"name\":\"librahotelnhatrang\",\"image\":{\"@type\":\"ImageObject\",\"inLanguage\":\"vi-VN\",\"@id\":\"https:\/\/www.librahotelnhatrang.com\/vi\/#\/schema\/person\/image\/\",\"url\":\"https:\/\/secure.gravatar.com\/avatar\/9082eed847bdedf6346c0ea4526f298c?s=96&d=mm&r=g\",\"contentUrl\":\"https:\/\/secure.gravatar.com\/avatar\/9082eed847bdedf6346c0ea4526f298c?s=96&d=mm&r=g\",\"caption\":\"librahotelnhatrang\"}}]}<\/script>\n<!-- \/ Yoast SEO plugin. -->","yoast_head_json":{"title":"\u01afu \u0111\u00e3i l\u01b0u tr\u00fa d\u00e0i ng\u00e0y - Libra Hotel Nha Trang","description":"T\u1eadn h\u01b0\u1edfng \u01b0u \u0111\u00e3i l\u01b0u tr\u00fa d\u00e0i ng\u00e0y t\u1ea1i Libra Hotel Nha Trang, ch\u1ec9 t\u1eeb 1.079.000 VN\u0110\/\u0111\u00eam cho 2 kh\u00e1ch. Nh\u1eadn nhi\u1ec1u \u0111\u1eb7c quy\u1ec1n h\u1ea5p d\u1eabn khi \u0111\u1eb7t t\u1eeb 5","robots":{"index":"index","follow":"follow","max-snippet":"max-snippet:-1","max-image-preview":"max-image-preview:large","max-video-preview":"max-video-preview:-1"},"canonical":"https:\/\/www.librahotelnhatrang.com\/vi\/chuong-trinh-khuyen-mai\/uu-dai-luu-tru-dai-ngay-nha-trang\/","og_locale":"vi_VN","og_type":"article","og_title":"\u01afu \u0111\u00e3i l\u01b0u tr\u00fa d\u00e0i ng\u00e0y - Libra Hotel Nha Trang","og_description":"T\u1eadn h\u01b0\u1edfng \u01b0u \u0111\u00e3i l\u01b0u tr\u00fa d\u00e0i ng\u00e0y t\u1ea1i Libra Hotel Nha Trang, ch\u1ec9 t\u1eeb 1.079.000 VN\u0110\/\u0111\u00eam cho 2 kh\u00e1ch. Nh\u1eadn nhi\u1ec1u \u0111\u1eb7c quy\u1ec1n h\u1ea5p d\u1eabn khi \u0111\u1eb7t t\u1eeb 5","og_url":"https:\/\/www.librahotelnhatrang.com\/vi\/chuong-trinh-khuyen-mai\/uu-dai-luu-tru-dai-ngay-nha-trang\/","og_site_name":"Libra Hotel Nha Trang","article_modified_time":"2026-04-22T09:01:56+00:00","og_image":[{"width":1024,"height":631,"url":"http:\/\/www.librahotelnhatrang.com\/wp-content\/uploads\/sites\/142\/2026\/04\/Artboard-21-1024x631.png","type":"image\/png"}],"twitter_card":"summary_large_image","twitter_misc":{"Est. reading time":"2 minutes"},"schema":{"@context":"https:\/\/schema.org","@graph":[{"@type":"WebPage","@id":"https:\/\/www.librahotelnhatrang.com\/vi\/chuong-trinh-khuyen-mai\/uu-dai-luu-tru-dai-ngay-nha-trang\/","url":"https:\/\/www.librahotelnhatrang.com\/vi\/chuong-trinh-khuyen-mai\/uu-dai-luu-tru-dai-ngay-nha-trang\/","name":"\u01afu \u0111\u00e3i l\u01b0u tr\u00fa d\u00e0i ng\u00e0y - Libra Hotel Nha Trang","isPartOf":{"@id":"https:\/\/www.librahotelnhatrang.com\/vi\/#website"},"primaryImageOfPage":{"@id":"https:\/\/www.librahotelnhatrang.com\/vi\/chuong-trinh-khuyen-mai\/uu-dai-luu-tru-dai-ngay-nha-trang\/#primaryimage"},"image":{"@id":"https:\/\/www.librahotelnhatrang.com\/vi\/chuong-trinh-khuyen-mai\/uu-dai-luu-tru-dai-ngay-nha-trang\/#primaryimage"},"thumbnailUrl":"https:\/\/www.librahotelnhatrang.com\/wp-content\/uploads\/sites\/142\/2026\/04\/Artboard-21.png","datePublished":"2026-04-22T08:36:08+00:00","dateModified":"2026-04-22T09:01:56+00:00","description":"T\u1eadn h\u01b0\u1edfng \u01b0u \u0111\u00e3i l\u01b0u tr\u00fa d\u00e0i ng\u00e0y t\u1ea1i Libra Hotel Nha Trang, ch\u1ec9 t\u1eeb 1.079.000 VN\u0110\/\u0111\u00eam cho 2 kh\u00e1ch. Nh\u1eadn nhi\u1ec1u \u0111\u1eb7c quy\u1ec1n h\u1ea5p d\u1eabn khi \u0111\u1eb7t t\u1eeb 5","breadcrumb":{"@id":"https:\/\/www.librahotelnhatrang.com\/vi\/chuong-trinh-khuyen-mai\/uu-dai-luu-tru-dai-ngay-nha-trang\/#breadcrumb"},"inLanguage":"vi-VN","potentialAction":[{"@type":"ReadAction","target":["https:\/\/www.librahotelnhatrang.com\/vi\/chuong-trinh-khuyen-mai\/uu-dai-luu-tru-dai-ngay-nha-trang\/"]}]},{"@type":"ImageObject","inLanguage":"vi-VN","@id":"https:\/\/www.librahotelnhatrang.com\/vi\/chuong-trinh-khuyen-mai\/uu-dai-luu-tru-dai-ngay-nha-trang\/#primaryimage","url":"https:\/\/www.librahotelnhatrang.com\/wp-content\/uploads\/sites\/142\/2026\/04\/Artboard-21.png","contentUrl":"https:\/\/www.librahotelnhatrang.com\/wp-content\/uploads\/sites\/142\/2026\/04\/Artboard-21.png","width":2200,"height":1355,"caption":"\u01afu \u0111\u00e3i l\u01b0u tr\u00fa d\u00e0i ng\u00e0y"},{"@type":"BreadcrumbList","@id":"https:\/\/www.librahotelnhatrang.com\/vi\/chuong-trinh-khuyen-mai\/uu-dai-luu-tru-dai-ngay-nha-trang\/#breadcrumb","itemListElement":[{"@type":"ListItem","position":1,"name":"Home","item":"https:\/\/www.librahotelnhatrang.com\/vi\/"},{"@type":"ListItem","position":2,"name":"Ch\u01b0\u01a1ng tr\u00ecnh khuy\u1ebfn m\u00e3i","item":"https:\/\/www.librahotelnhatrang.com\/vi\/chuong-trinh-khuyen-mai\/"},{"@type":"ListItem","position":3,"name":"\u01afu \u0111\u00e3i l\u01b0u tr\u00fa d\u00e0i ng\u00e0y"}]},{"@type":"WebSite","@id":"https:\/\/www.librahotelnhatrang.com\/vi\/#website","url":"https:\/\/www.librahotelnhatrang.com\/vi\/","name":"Libra Hotel Nha Trang","description":"","potentialAction":[{"@type":"SearchAction","target":{"@type":"EntryPoint","urlTemplate":"https:\/\/www.librahotelnhatrang.com\/vi\/?s={search_term_string}"},"query-input":"required name=search_term_string"}],"inLanguage":"vi-VN"},{"@type":"Person","@id":"https:\/\/www.librahotelnhatrang.com\/vi\/#\/schema\/person\/ded1cb8094e085b7a0b645734536a4fc","name":"librahotelnhatrang","image":{"@type":"ImageObject","inLanguage":"vi-VN","@id":"https:\/\/www.librahotelnhatrang.com\/vi\/#\/schema\/person\/image\/","url":"https:\/\/secure.gravatar.com\/avatar\/9082eed847bdedf6346c0ea4526f298c?s=96&d=mm&r=g","contentUrl":"https:\/\/secure.gravatar.com\/avatar\/9082eed847bdedf6346c0ea4526f298c?s=96&d=mm&r=g","caption":"librahotelnhatrang"}}]}},"acf":[],"_links":{"self":[{"href":"https:\/\/www.librahotelnhatrang.com\/vi\/wp-json\/wp\/v2\/pages\/459"}],"collection":[{"href":"https:\/\/www.librahotelnhatrang.com\/vi\/wp-json\/wp\/v2\/pages"}],"about":[{"href":"https:\/\/www.librahotelnhatrang.com\/vi\/wp-json\/wp\/v2\/types\/page"}],"author":[{"embeddable":true,"href":"https:\/\/www.librahotelnhatrang.com\/vi\/wp-json\/wp\/v2\/users\/269"}],"replies":[{"embeddable":true,"href":"https:\/\/www.librahotelnhatrang.com\/vi\/wp-json\/wp\/v2\/comments?post=459"}],"version-history":[{"count":0,"href":"https:\/\/www.librahotelnhatrang.com\/vi\/wp-json\/wp\/v2\/pages\/459\/revisions"}],"up":[{"embeddable":true,"href":"https:\/\/www.librahotelnhatrang.com\/vi\/wp-json\/wp\/v2\/pages\/105"}],"wp:featuredmedia":[{"embeddable":true,"href":"https:\/\/www.librahotelnhatrang.com\/vi\/wp-json\/wp\/v2\/media\/458"}],"wp:attachment":[{"href":"https:\/\/www.librahotelnhatrang.com\/vi\/wp-json\/wp\/v2\/media?parent=459"}],"curies":[{"name":"wp","href":"https:\/\/api.w.org\/{rel}","templated":true}]}}