{"id":466,"date":"2026-04-23T01:49:38","date_gmt":"2026-04-23T01:49:38","guid":{"rendered":"https:\/\/www.librahotelnhatrang.com\/?page_id=466"},"modified":"2026-04-23T04:58:40","modified_gmt":"2026-04-23T04:58:40","slug":"buffet-hai-san-30-04","status":"publish","type":"page","link":"https:\/\/www.librahotelnhatrang.com\/vi\/chuong-trinh-khuyen-mai\/buffet-hai-san-30-04\/","title":{"rendered":"Buffet H\u1ea3i S\u1ea3n 30\/04"},"content":{"rendered":"<p data-start=\"185\" data-end=\"434\">B\u1ea1n \u0111ang t\u00ecm ki\u1ebfm m\u1ed9t \u0111\u1ecba \u0111i\u1ec3m l\u00fd t\u01b0\u1edfng \u0111\u1ec3 t\u1eadn h\u01b0\u1edfng k\u1ef3 ngh\u1ec9 l\u1ec5 t\u1ea1i Libra Hotel Nha Trang? \u0110\u1eebng b\u1ecf l\u1ee1 ch\u01b0\u01a1ng tr\u00ecnh <strong data-start=\"300\" data-end=\"337\">Buffet H\u1ea3i S\u1ea3n BBQ kh\u00f4ng gi\u1edbi h\u1ea1n<\/strong> di\u1ec5n ra duy nh\u1ea5t v\u00e0o ng\u00e0y 30\/04, mang \u0111\u1ebfn tr\u1ea3i nghi\u1ec7m \u1ea9m th\u1ef1c \u0111\u1eb3ng c\u1ea5p gi\u1eefa l\u00f2ng th\u00e0nh ph\u1ed1 bi\u1ec3n.<\/p>\n<hr data-start=\"436\" data-end=\"439\" \/>\n<p data-section-id=\"1gitkwr\" data-start=\"441\" data-end=\"497\"><span role=\"text\"><strong data-start=\"445\" data-end=\"497\">Tr\u1ea3i nghi\u1ec7m buffet h\u1ea3i s\u1ea3n h\u1ea5p d\u1eabn t\u1ea1i Nha Trang<\/strong><\/span><\/p>\n<p data-start=\"498\" data-end=\"775\">Th\u01b0\u1edfng th\u1ee9c b\u1eefa ti\u1ec7c buffet \u0111\u1eb7c s\u1eafc t\u1ea1i <span class=\"hover:entity-accent entity-underline inline cursor-pointer align-baseline\"><span class=\"whitespace-normal\">Athena Restaurant<\/span><\/span> v\u1edbi h\u01a1n <strong data-start=\"584\" data-end=\"605\">50 m\u00f3n \u0103n \u0111a d\u1ea1ng<\/strong>, t\u1eeb h\u1ea3i s\u1ea3n t\u01b0\u01a1i s\u1ed1ng, m\u00f3n n\u01b0\u1edbng BBQ \u0111\u1ebfn c\u00e1c m\u00f3n \u00c1 \u2013 \u00c2u tinh t\u1ebf. Kh\u00f4ng gian sang tr\u1ecdng k\u1ebft h\u1ee3p c\u00f9ng <strong data-start=\"706\" data-end=\"720\">live music<\/strong> s\u1ebd mang \u0111\u1ebfn m\u1ed9t bu\u1ed5i t\u1ed1i tr\u1ecdn v\u1eb9n cho b\u1ea1n v\u00e0 gia \u0111\u00ecnh.<\/p>\n<hr data-start=\"777\" data-end=\"780\" \/>\n<p data-section-id=\"16e5wum\" data-start=\"782\" data-end=\"812\"><span role=\"text\"><strong data-start=\"786\" data-end=\"812\">\u01afu \u0111\u00e3i h\u1ea5p d\u1eabn bao g\u1ed3m<\/strong><\/span><\/p>\n<ul data-start=\"813\" data-end=\"990\">\n<li data-section-id=\"vmzwju\" data-start=\"813\" data-end=\"862\">Th\u01b0\u1edfng th\u1ee9c buffet BBQ h\u1ea3i s\u1ea3n kh\u00f4ng gi\u1edbi h\u1ea1n<\/li>\n<li data-section-id=\"17rpdxu\" data-start=\"863\" data-end=\"895\">Qu\u1ea7y line h\u01a1n 50 m\u00f3n \u0111a d\u1ea1ng<\/li>\n<li data-section-id=\"qp4uk0\" data-start=\"896\" data-end=\"919\">Live music s\u00f4i \u0111\u1ed9ng<\/li>\n<li data-section-id=\"n65q0r\" data-start=\"920\" data-end=\"952\">Mi\u1ec5n ph\u00ed 01 \u0111\u01a1n v\u1ecb n\u01b0\u1edbc u\u1ed1ng<\/li>\n<li data-section-id=\"s7p9gg\" data-start=\"953\" data-end=\"990\">Mi\u1ec5n ph\u00ed s\u1eed d\u1ee5ng h\u1ed3 b\u01a1i kh\u00e1ch s\u1ea1n<\/li>\n<\/ul>\n<p><img loading=\"lazy\" decoding=\"async\" class=\"aligncenter wp-image-485 size-large\" src=\"http:\/\/www.librahotelnhatrang.com\/wp-content\/uploads\/sites\/142\/2026\/04\/608220389_1480216847439686_6603499303995234061_n-1024x683.jpg\" alt=\"\" width=\"1024\" height=\"683\" srcset=\"https:\/\/www.librahotelnhatrang.com\/wp-content\/uploads\/sites\/142\/2026\/04\/608220389_1480216847439686_6603499303995234061_n-1024x683.jpg 1024w, https:\/\/www.librahotelnhatrang.com\/wp-content\/uploads\/sites\/142\/2026\/04\/608220389_1480216847439686_6603499303995234061_n-300x200.jpg 300w, https:\/\/www.librahotelnhatrang.com\/wp-content\/uploads\/sites\/142\/2026\/04\/608220389_1480216847439686_6603499303995234061_n-768x512.jpg 768w, https:\/\/www.librahotelnhatrang.com\/wp-content\/uploads\/sites\/142\/2026\/04\/608220389_1480216847439686_6603499303995234061_n-1536x1024.jpg 1536w, https:\/\/www.librahotelnhatrang.com\/wp-content\/uploads\/sites\/142\/2026\/04\/608220389_1480216847439686_6603499303995234061_n-600x400.jpg 600w, https:\/\/www.librahotelnhatrang.com\/wp-content\/uploads\/sites\/142\/2026\/04\/608220389_1480216847439686_6603499303995234061_n-1000x667.jpg 1000w, https:\/\/www.librahotelnhatrang.com\/wp-content\/uploads\/sites\/142\/2026\/04\/608220389_1480216847439686_6603499303995234061_n.jpg 2048w\" sizes=\"(max-width: 1024px) 100vw, 1024px\" \/><\/p>\n<hr data-start=\"992\" data-end=\"995\" \/>\n<p data-section-id=\"1sk465s\" data-start=\"997\" data-end=\"1018\"><span role=\"text\"><strong data-start=\"1001\" data-end=\"1018\">Gi\u00e1 v\u00e9 buffet<\/strong><\/span><\/p>\n<ul data-start=\"1019\" data-end=\"1192\">\n<li data-section-id=\"txb8a9\" data-start=\"1019\" data-end=\"1059\">Ng\u01b0\u1eddi l\u1edbn: <strong data-start=\"1032\" data-end=\"1057\">549.000 VN\u0110 net\/kh\u00e1ch<\/strong><\/li>\n<li data-section-id=\"n85kk0\" data-start=\"1060\" data-end=\"1096\">Tr\u1ebb em d\u01b0\u1edbi 6 tu\u1ed5i: <strong data-start=\"1082\" data-end=\"1094\">Mi\u1ec5n ph\u00ed<\/strong><\/li>\n<li data-section-id=\"3n5o6s\" data-start=\"1097\" data-end=\"1149\">Tr\u1ebb em t\u1eeb 6 \u2013 12 tu\u1ed5i: <strong data-start=\"1122\" data-end=\"1147\">329.000 VN\u0110 net\/kh\u00e1ch<\/strong><\/li>\n<li data-section-id=\"1mkd5r3\" data-start=\"1150\" data-end=\"1192\">T\u1eeb 12 tu\u1ed5i tr\u1edf l\u00ean: t\u00ednh nh\u01b0 ng\u01b0\u1eddi l\u1edbn<\/li>\n<\/ul>\n<p data-start=\"1194\" data-end=\"1231\"><em data-start=\"1194\" data-end=\"1231\">(Gi\u00e1 \u0111\u00e3 bao g\u1ed3m ph\u00ed ph\u1ee5c v\u1ee5 v\u00e0 VAT)<\/em><\/p>\n<hr data-start=\"1233\" data-end=\"1236\" \/>\n<p data-section-id=\"1tkob5w\" data-start=\"1238\" data-end=\"1266\"><span role=\"text\"><strong data-start=\"1242\" data-end=\"1266\">Th\u1eddi gian &amp; \u0111\u1ecba \u0111i\u1ec3m<\/strong><\/span><\/p>\n<ul data-start=\"1267\" data-end=\"1375\">\n<li data-section-id=\"1wfccqe\" data-start=\"1267\" data-end=\"1310\">Th\u1eddi gian: 18:00 \u2013 21:00 | Ng\u00e0y 30\/04<\/li>\n<li data-section-id=\"1e5n2a7\" data-start=\"1311\" data-end=\"1375\">\u0110\u1ecba \u0111i\u1ec3m: Nh\u00e0 h\u00e0ng Athena \u2013 T\u1ea7ng 3, Libra Hotel Nha Trang<\/li>\n<\/ul>\n<hr data-start=\"1377\" data-end=\"1380\" \/>\n<p data-section-id=\"1mrbduf\" data-start=\"1382\" data-end=\"1433\"><span role=\"text\"><strong data-start=\"1386\" data-end=\"1433\">T\u1eadn h\u01b0\u1edfng k\u1ef3 ngh\u1ec9 l\u1ec5 tr\u1ecdn v\u1eb9n t\u1ea1i Nha Trang<\/strong><\/span><\/p>\n<p data-start=\"1434\" data-end=\"1727\">Kh\u00f4ng ch\u1ec9 l\u00e0 m\u1ed9t b\u1eefa t\u1ed1i, \u0111\u00e2y c\u00f2n l\u00e0 c\u01a1 h\u1ed9i \u0111\u1ec3 b\u1ea1n t\u1eadn h\u01b0\u1edfng kh\u00f4ng kh\u00ed l\u1ec5 h\u1ed9i, th\u01b0 gi\u00e3n v\u00e0 kh\u00e1m ph\u00e1 \u1ea9m th\u1ef1c \u0111\u1eb7c s\u1eafc t\u1ea1i <span class=\"hover:entity-accent entity-underline inline cursor-pointer align-baseline\"><span class=\"whitespace-normal\">Nha Trang<\/span><\/span>. V\u1edbi m\u1ee9c gi\u00e1 h\u1ee3p l\u00fd c\u00f9ng nhi\u1ec1u \u01b0u \u0111\u00e3i h\u1ea5p d\u1eabn, buffet h\u1ea3i s\u1ea3n t\u1ea1i Libra Hotel ch\u1eafc ch\u1eafn s\u1ebd l\u00e0 l\u1ef1a ch\u1ecdn ho\u00e0n h\u1ea3o cho k\u1ef3 ngh\u1ec9 l\u1ec5 c\u1ee7a b\u1ea1n.<\/p>\n","protected":false},"excerpt":{"rendered":"<p>B\u1ea1n \u0111ang t\u00ecm ki\u1ebfm m\u1ed9t \u0111\u1ecba \u0111i\u1ec3m l\u00fd t\u01b0\u1edfng \u0111\u1ec3 t\u1eadn h\u01b0\u1edfng k\u1ef3 ngh\u1ec9 l\u1ec5 t\u1ea1i Libra Hotel Nha Trang? \u0110\u1eebng b\u1ecf l\u1ee1 ch\u01b0\u01a1ng tr\u00ecnh Buffet H\u1ea3i S\u1ea3n BBQ kh\u00f4ng gi\u1edbi h\u1ea1n di\u1ec5n ra duy nh\u1ea5t v\u00e0o ng\u00e0y 30\/04, mang \u0111\u1ebfn tr\u1ea3i nghi\u1ec7m \u1ea9m th\u1ef1c \u0111\u1eb3ng c\u1ea5p gi\u1eefa l\u00f2ng th\u00e0nh ph\u1ed1 bi\u1ec3n. Tr\u1ea3i nghi\u1ec7m buffet [&hellip;]<\/p>\n","protected":false},"author":269,"featured_media":473,"parent":105,"menu_order":0,"comment_status":"closed","ping_status":"closed","template":"template-offers.php","meta":{"footnotes":""},"yoast_head":"<!-- This site is optimized with the Yoast SEO plugin v22.3 - https:\/\/yoast.com\/wordpress\/plugins\/seo\/ -->\n<title>Buffet H\u1ea3i S\u1ea3n 30\/04 - Libra Hotel Nha Trang<\/title>\n<meta name=\"description\" content=\"Buffet h\u1ea3i s\u1ea3n BBQ kh\u00f4ng gi\u1edbi h\u1ea1n t\u1ea1i Libra Hotel Nha Trang ch\u1ec9 549.000 VN\u0110. H\u01a1n 50 m\u00f3n \u0103n, live music, mi\u1ec5n ph\u00ed n\u01b0\u1edbc u\u1ed1ng &amp; h\u1ed3 b\u01a1i\" \/>\n<meta name=\"robots\" content=\"index, follow, max-snippet:-1, max-image-preview:large, max-video-preview:-1\" \/>\n<link rel=\"canonical\" href=\"https:\/\/www.librahotelnhatrang.com\/vi\/chuong-trinh-khuyen-mai\/buffet-hai-san-30-04\/\" \/>\n<meta property=\"og:locale\" content=\"vi_VN\" \/>\n<meta property=\"og:type\" content=\"article\" \/>\n<meta property=\"og:title\" content=\"Buffet H\u1ea3i S\u1ea3n 30\/04 - Libra Hotel Nha Trang\" \/>\n<meta property=\"og:description\" content=\"Buffet h\u1ea3i s\u1ea3n BBQ kh\u00f4ng gi\u1edbi h\u1ea1n t\u1ea1i Libra Hotel Nha Trang ch\u1ec9 549.000 VN\u0110. H\u01a1n 50 m\u00f3n \u0103n, live music, mi\u1ec5n ph\u00ed n\u01b0\u1edbc u\u1ed1ng &amp; h\u1ed3 b\u01a1i\" \/>\n<meta property=\"og:url\" content=\"https:\/\/www.librahotelnhatrang.com\/vi\/chuong-trinh-khuyen-mai\/buffet-hai-san-30-04\/\" \/>\n<meta property=\"og:site_name\" content=\"Libra Hotel Nha Trang\" \/>\n<meta property=\"article:modified_time\" content=\"2026-04-23T04:58:40+00:00\" \/>\n<meta property=\"og:image\" content=\"http:\/\/www.librahotelnhatrang.com\/wp-content\/uploads\/sites\/142\/2026\/04\/liberation-day.png\" \/>\n\t<meta property=\"og:image:width\" content=\"1262\" \/>\n\t<meta property=\"og:image:height\" content=\"879\" \/>\n\t<meta property=\"og:image:type\" content=\"image\/png\" \/>\n<meta name=\"twitter:card\" content=\"summary_large_image\" \/>\n<meta name=\"twitter:label1\" content=\"Est. reading time\" \/>\n\t<meta name=\"twitter:data1\" content=\"2 minutes\" \/>\n<script type=\"application\/ld+json\" class=\"yoast-schema-graph\">{\"@context\":\"https:\/\/schema.org\",\"@graph\":[{\"@type\":\"WebPage\",\"@id\":\"https:\/\/www.librahotelnhatrang.com\/vi\/chuong-trinh-khuyen-mai\/buffet-hai-san-30-04\/\",\"url\":\"https:\/\/www.librahotelnhatrang.com\/vi\/chuong-trinh-khuyen-mai\/buffet-hai-san-30-04\/\",\"name\":\"Buffet H\u1ea3i S\u1ea3n 30\/04 - Libra Hotel Nha Trang\",\"isPartOf\":{\"@id\":\"https:\/\/www.librahotelnhatrang.com\/vi\/#website\"},\"primaryImageOfPage\":{\"@id\":\"https:\/\/www.librahotelnhatrang.com\/vi\/chuong-trinh-khuyen-mai\/buffet-hai-san-30-04\/#primaryimage\"},\"image\":{\"@id\":\"https:\/\/www.librahotelnhatrang.com\/vi\/chuong-trinh-khuyen-mai\/buffet-hai-san-30-04\/#primaryimage\"},\"thumbnailUrl\":\"https:\/\/www.librahotelnhatrang.com\/wp-content\/uploads\/sites\/142\/2026\/04\/liberation-day.png\",\"datePublished\":\"2026-04-23T01:49:38+00:00\",\"dateModified\":\"2026-04-23T04:58:40+00:00\",\"description\":\"Buffet h\u1ea3i s\u1ea3n BBQ kh\u00f4ng gi\u1edbi h\u1ea1n t\u1ea1i Libra Hotel Nha Trang ch\u1ec9 549.000 VN\u0110. H\u01a1n 50 m\u00f3n \u0103n, live music, mi\u1ec5n ph\u00ed n\u01b0\u1edbc u\u1ed1ng & h\u1ed3 b\u01a1i\",\"breadcrumb\":{\"@id\":\"https:\/\/www.librahotelnhatrang.com\/vi\/chuong-trinh-khuyen-mai\/buffet-hai-san-30-04\/#breadcrumb\"},\"inLanguage\":\"vi-VN\",\"potentialAction\":[{\"@type\":\"ReadAction\",\"target\":[\"https:\/\/www.librahotelnhatrang.com\/vi\/chuong-trinh-khuyen-mai\/buffet-hai-san-30-04\/\"]}]},{\"@type\":\"ImageObject\",\"inLanguage\":\"vi-VN\",\"@id\":\"https:\/\/www.librahotelnhatrang.com\/vi\/chuong-trinh-khuyen-mai\/buffet-hai-san-30-04\/#primaryimage\",\"url\":\"https:\/\/www.librahotelnhatrang.com\/wp-content\/uploads\/sites\/142\/2026\/04\/liberation-day.png\",\"contentUrl\":\"https:\/\/www.librahotelnhatrang.com\/wp-content\/uploads\/sites\/142\/2026\/04\/liberation-day.png\",\"width\":1262,\"height\":879},{\"@type\":\"BreadcrumbList\",\"@id\":\"https:\/\/www.librahotelnhatrang.com\/vi\/chuong-trinh-khuyen-mai\/buffet-hai-san-30-04\/#breadcrumb\",\"itemListElement\":[{\"@type\":\"ListItem\",\"position\":1,\"name\":\"Home\",\"item\":\"https:\/\/www.librahotelnhatrang.com\/vi\/\"},{\"@type\":\"ListItem\",\"position\":2,\"name\":\"Ch\u01b0\u01a1ng tr\u00ecnh khuy\u1ebfn m\u00e3i\",\"item\":\"https:\/\/www.librahotelnhatrang.com\/vi\/chuong-trinh-khuyen-mai\/\"},{\"@type\":\"ListItem\",\"position\":3,\"name\":\"Buffet H\u1ea3i S\u1ea3n 30\/04\"}]},{\"@type\":\"WebSite\",\"@id\":\"https:\/\/www.librahotelnhatrang.com\/vi\/#website\",\"url\":\"https:\/\/www.librahotelnhatrang.com\/vi\/\",\"name\":\"Libra Hotel Nha Trang\",\"description\":\"\",\"potentialAction\":[{\"@type\":\"SearchAction\",\"target\":{\"@type\":\"EntryPoint\",\"urlTemplate\":\"https:\/\/www.librahotelnhatrang.com\/vi\/?s={search_term_string}\"},\"query-input\":\"required name=search_term_string\"}],\"inLanguage\":\"vi-VN\"}]}<\/script>\n<!-- \/ Yoast SEO plugin. -->","yoast_head_json":{"title":"Buffet H\u1ea3i S\u1ea3n 30\/04 - Libra Hotel Nha Trang","description":"Buffet h\u1ea3i s\u1ea3n BBQ kh\u00f4ng gi\u1edbi h\u1ea1n t\u1ea1i Libra Hotel Nha Trang ch\u1ec9 549.000 VN\u0110. H\u01a1n 50 m\u00f3n \u0103n, live music, mi\u1ec5n ph\u00ed n\u01b0\u1edbc u\u1ed1ng & h\u1ed3 b\u01a1i","robots":{"index":"index","follow":"follow","max-snippet":"max-snippet:-1","max-image-preview":"max-image-preview:large","max-video-preview":"max-video-preview:-1"},"canonical":"https:\/\/www.librahotelnhatrang.com\/vi\/chuong-trinh-khuyen-mai\/buffet-hai-san-30-04\/","og_locale":"vi_VN","og_type":"article","og_title":"Buffet H\u1ea3i S\u1ea3n 30\/04 - Libra Hotel Nha Trang","og_description":"Buffet h\u1ea3i s\u1ea3n BBQ kh\u00f4ng gi\u1edbi h\u1ea1n t\u1ea1i Libra Hotel Nha Trang ch\u1ec9 549.000 VN\u0110. H\u01a1n 50 m\u00f3n \u0103n, live music, mi\u1ec5n ph\u00ed n\u01b0\u1edbc u\u1ed1ng & h\u1ed3 b\u01a1i","og_url":"https:\/\/www.librahotelnhatrang.com\/vi\/chuong-trinh-khuyen-mai\/buffet-hai-san-30-04\/","og_site_name":"Libra Hotel Nha Trang","article_modified_time":"2026-04-23T04:58:40+00:00","og_image":[{"width":1262,"height":879,"url":"http:\/\/www.librahotelnhatrang.com\/wp-content\/uploads\/sites\/142\/2026\/04\/liberation-day.png","type":"image\/png"}],"twitter_card":"summary_large_image","twitter_misc":{"Est. reading time":"2 minutes"},"schema":{"@context":"https:\/\/schema.org","@graph":[{"@type":"WebPage","@id":"https:\/\/www.librahotelnhatrang.com\/vi\/chuong-trinh-khuyen-mai\/buffet-hai-san-30-04\/","url":"https:\/\/www.librahotelnhatrang.com\/vi\/chuong-trinh-khuyen-mai\/buffet-hai-san-30-04\/","name":"Buffet H\u1ea3i S\u1ea3n 30\/04 - Libra Hotel Nha Trang","isPartOf":{"@id":"https:\/\/www.librahotelnhatrang.com\/vi\/#website"},"primaryImageOfPage":{"@id":"https:\/\/www.librahotelnhatrang.com\/vi\/chuong-trinh-khuyen-mai\/buffet-hai-san-30-04\/#primaryimage"},"image":{"@id":"https:\/\/www.librahotelnhatrang.com\/vi\/chuong-trinh-khuyen-mai\/buffet-hai-san-30-04\/#primaryimage"},"thumbnailUrl":"https:\/\/www.librahotelnhatrang.com\/wp-content\/uploads\/sites\/142\/2026\/04\/liberation-day.png","datePublished":"2026-04-23T01:49:38+00:00","dateModified":"2026-04-23T04:58:40+00:00","description":"Buffet h\u1ea3i s\u1ea3n BBQ kh\u00f4ng gi\u1edbi h\u1ea1n t\u1ea1i Libra Hotel Nha Trang ch\u1ec9 549.000 VN\u0110. H\u01a1n 50 m\u00f3n \u0103n, live music, mi\u1ec5n ph\u00ed n\u01b0\u1edbc u\u1ed1ng & h\u1ed3 b\u01a1i","breadcrumb":{"@id":"https:\/\/www.librahotelnhatrang.com\/vi\/chuong-trinh-khuyen-mai\/buffet-hai-san-30-04\/#breadcrumb"},"inLanguage":"vi-VN","potentialAction":[{"@type":"ReadAction","target":["https:\/\/www.librahotelnhatrang.com\/vi\/chuong-trinh-khuyen-mai\/buffet-hai-san-30-04\/"]}]},{"@type":"ImageObject","inLanguage":"vi-VN","@id":"https:\/\/www.librahotelnhatrang.com\/vi\/chuong-trinh-khuyen-mai\/buffet-hai-san-30-04\/#primaryimage","url":"https:\/\/www.librahotelnhatrang.com\/wp-content\/uploads\/sites\/142\/2026\/04\/liberation-day.png","contentUrl":"https:\/\/www.librahotelnhatrang.com\/wp-content\/uploads\/sites\/142\/2026\/04\/liberation-day.png","width":1262,"height":879},{"@type":"BreadcrumbList","@id":"https:\/\/www.librahotelnhatrang.com\/vi\/chuong-trinh-khuyen-mai\/buffet-hai-san-30-04\/#breadcrumb","itemListElement":[{"@type":"ListItem","position":1,"name":"Home","item":"https:\/\/www.librahotelnhatrang.com\/vi\/"},{"@type":"ListItem","position":2,"name":"Ch\u01b0\u01a1ng tr\u00ecnh khuy\u1ebfn m\u00e3i","item":"https:\/\/www.librahotelnhatrang.com\/vi\/chuong-trinh-khuyen-mai\/"},{"@type":"ListItem","position":3,"name":"Buffet H\u1ea3i S\u1ea3n 30\/04"}]},{"@type":"WebSite","@id":"https:\/\/www.librahotelnhatrang.com\/vi\/#website","url":"https:\/\/www.librahotelnhatrang.com\/vi\/","name":"Libra Hotel Nha Trang","description":"","potentialAction":[{"@type":"SearchAction","target":{"@type":"EntryPoint","urlTemplate":"https:\/\/www.librahotelnhatrang.com\/vi\/?s={search_term_string}"},"query-input":"required name=search_term_string"}],"inLanguage":"vi-VN"}]}},"acf":[],"_links":{"self":[{"href":"https:\/\/www.librahotelnhatrang.com\/vi\/wp-json\/wp\/v2\/pages\/466"}],"collection":[{"href":"https:\/\/www.librahotelnhatrang.com\/vi\/wp-json\/wp\/v2\/pages"}],"about":[{"href":"https:\/\/www.librahotelnhatrang.com\/vi\/wp-json\/wp\/v2\/types\/page"}],"author":[{"embeddable":true,"href":"https:\/\/www.librahotelnhatrang.com\/vi\/wp-json\/wp\/v2\/users\/269"}],"replies":[{"embeddable":true,"href":"https:\/\/www.librahotelnhatrang.com\/vi\/wp-json\/wp\/v2\/comments?post=466"}],"version-history":[{"count":0,"href":"https:\/\/www.librahotelnhatrang.com\/vi\/wp-json\/wp\/v2\/pages\/466\/revisions"}],"up":[{"embeddable":true,"href":"https:\/\/www.librahotelnhatrang.com\/vi\/wp-json\/wp\/v2\/pages\/105"}],"wp:featuredmedia":[{"embeddable":true,"href":"https:\/\/www.librahotelnhatrang.com\/vi\/wp-json\/wp\/v2\/media\/473"}],"wp:attachment":[{"href":"https:\/\/www.librahotelnhatrang.com\/vi\/wp-json\/wp\/v2\/media?parent=466"}],"curies":[{"name":"wp","href":"https:\/\/api.w.org\/{rel}","templated":true}]}}