{"id":478,"date":"2026-04-23T02:37:27","date_gmt":"2026-04-23T02:37:27","guid":{"rendered":"https:\/\/www.librahotelnhatrang.com\/?page_id=478"},"modified":"2026-04-23T07:26:53","modified_gmt":"2026-04-23T07:26:53","slug":"thue-phong-hop-nha-trang","status":"publish","type":"page","link":"https:\/\/www.librahotelnhatrang.com\/vi\/chuong-trinh-khuyen-mai\/thue-phong-hop-nha-trang\/","title":{"rendered":"H\u1ed9i ngh\u1ecb Tr\u1ecdn g\u00f3i"},"content":{"rendered":"<p data-section-id=\"147tcrl\" data-start=\"77\" data-end=\"171\"><span role=\"text\"><strong data-start=\"81\" data-end=\"171\">\u01afu \u0110\u00e3i Ph\u00f2ng H\u1ecdp T\u1ea1i Libra Hotel Nha Trang \u2013 Gi\u1ea3i Ph\u00e1p Ho\u00e0n H\u1ea3o Cho S\u1ef1 Ki\u1ec7n &amp; H\u1ed9i Ngh\u1ecb<\/strong><\/span><\/p>\n<p data-start=\"173\" data-end=\"454\">M\u1ed9t <strong data-start=\"195\" data-end=\"264\">ph\u00f2ng h\u1ecdp chuy\u00ean nghi\u1ec7p t\u1ea1i <span class=\"hover:entity-accent entity-underline inline cursor-pointer align-baseline\"><span class=\"whitespace-normal\">Nha Trang<\/span><\/span><\/strong> v\u1edbi v\u1ecb tr\u00ed trung t\u00e2m, ti\u1ec7n nghi hi\u1ec7n \u0111\u1ea1i v\u00e0 m\u1ee9c gi\u00e1 h\u1ee3p l\u00fd? Libra Hotel Nha Trang mang \u0111\u1ebfn <strong data-start=\"356\" data-end=\"384\">\u01b0u \u0111\u00e3i ph\u00f2ng h\u1ecdp h\u1ea5p d\u1eabn<\/strong>, ph\u00f9 h\u1ee3p cho h\u1ed9i ngh\u1ecb, h\u1ed9i th\u1ea3o, \u0111\u00e0o t\u1ea1o v\u00e0 c\u00e1c s\u1ef1 ki\u1ec7n doanh nghi\u1ec7p.<\/p>\n<hr data-start=\"456\" data-end=\"459\" \/>\n<p data-section-id=\"y2slm0\" data-start=\"461\" data-end=\"510\"><span role=\"text\"><strong data-start=\"465\" data-end=\"510\">Kh\u00f4ng Gian Ph\u00f2ng H\u1ecdp Hi\u1ec7n \u0110\u1ea1i &amp; Linh Ho\u1ea1t<\/strong><\/span><\/p>\n<p data-start=\"511\" data-end=\"780\">T\u1ea1i Libra Hotel, h\u1ec7 th\u1ed1ng ph\u00f2ng h\u1ecdp \u0111\u01b0\u1ee3c thi\u1ebft k\u1ebf sang tr\u1ecdng, d\u1ec5 d\u00e0ng t\u00f9y ch\u1ec9nh theo nhi\u1ec1u ki\u1ec3u setup nh\u01b0 <strong data-start=\"617\" data-end=\"663\">theater, classroom, U-shape ho\u1eb7c boardroom<\/strong>. Kh\u00f4ng gian r\u1ed9ng r\u00e3i, \u00e1nh s\u00e1ng t\u1ef1 nhi\u00ean c\u00f9ng trang thi\u1ebft b\u1ecb ti\u00ean ti\u1ebfn gi\u00fap s\u1ef1 ki\u1ec7n di\u1ec5n ra su\u00f4n s\u1ebb v\u00e0 chuy\u00ean nghi\u1ec7p.<\/p>\n<div id=\"gallery-1\" class=\"gallery galleryid-1 default columns_3 gallery-columns-3  gallery-size-large \">\n<dl class=\"gallery-item gallery-startcol\">\n\t<dt class=\"gallery-icon\">\t\t\t<img loading=\"lazy\" decoding=\"async\" src=\"https:\/\/www.librahotelnhatrang.com\/wp-content\/uploads\/sites\/142\/2026\/04\/Conference-3-1024x726.jpg\" width=\"1024\" height=\"726\" title=\"Conference 3\" class=\"attachment-large\" alt=\"Conference 3\" \/>\t<\/dt>\n\t<\/dl>\n<dl class=\"gallery-item\">\n\t<dt class=\"gallery-icon\">\t\t\t<img loading=\"lazy\" decoding=\"async\" src=\"https:\/\/www.librahotelnhatrang.com\/wp-content\/uploads\/sites\/142\/2026\/04\/Conference-2-1024x705.jpg\" width=\"1024\" height=\"705\" title=\"Conference 2\" class=\"attachment-large\" alt=\"Conference 2\" \/>\t<\/dt>\n\t<\/dl>\n\n\n<\/div>\n<hr data-start=\"782\" data-end=\"785\" \/>\n<p data-section-id=\"1kl90xx\" data-start=\"787\" data-end=\"819\"><span role=\"text\"><strong data-start=\"791\" data-end=\"819\">\u01afu \u0110\u00e3i Ph\u00f2ng H\u1ecdp Bao G\u1ed3m<\/strong><\/span><\/p>\n<ul data-start=\"820\" data-end=\"1055\">\n<li data-section-id=\"v8z9y0\" data-start=\"820\" data-end=\"865\">S\u1eed d\u1ee5ng ph\u00f2ng h\u1ecdp theo gi\u1edd ho\u1eb7c theo ng\u00e0y<\/li>\n<li data-section-id=\"n2ozxg\" data-start=\"866\" data-end=\"934\">Trang thi\u1ebft b\u1ecb ti\u00eau chu\u1ea9n: m\u00e0n chi\u1ebfu, m\u00e1y chi\u1ebfu, \u00e2m thanh, micro<\/li>\n<li data-section-id=\"1jniqst\" data-start=\"935\" data-end=\"964\">Wi-Fi t\u1ed1c \u0111\u1ed9 cao mi\u1ec5n ph\u00ed<\/li>\n<li data-section-id=\"j7v6r3\" data-start=\"965\" data-end=\"1007\">N\u01b0\u1edbc u\u1ed1ng, tr\u00e0 &amp; coffee break gi\u1eefa gi\u1edd<\/li>\n<li data-section-id=\"1assbd7\" data-start=\"1008\" data-end=\"1055\">H\u1ed7 tr\u1ee3 setup v\u00e0 k\u1ef9 thu\u1eadt trong su\u1ed1t s\u1ef1 ki\u1ec7n<\/li>\n<\/ul>\n<div id=\"gallery-2\" class=\"gallery galleryid-2 default columns_2 gallery-columns-2  gallery-size-large \">\n<dl class=\"gallery-item gallery-startcol\">\n\t<dt class=\"gallery-icon\">\t\t\t<img loading=\"lazy\" decoding=\"async\" src=\"https:\/\/www.librahotelnhatrang.com\/wp-content\/uploads\/sites\/142\/2026\/04\/Conference-4.jpg\" width=\"1002\" height=\"1000\" title=\"Conference 4\" class=\"attachment-large\" alt=\"Conference 4\" \/>\t<\/dt>\n\t<\/dl>\n<dl class=\"gallery-item gallery-endcol\">\n\t<dt class=\"gallery-icon\">\t\t\t<img loading=\"lazy\" decoding=\"async\" src=\"https:\/\/www.librahotelnhatrang.com\/wp-content\/uploads\/sites\/142\/2026\/04\/Conference-5.jpg\" width=\"1000\" height=\"1000\" title=\"Conference 5\" class=\"attachment-large\" alt=\"Conference 5\" \/>\t<\/dt>\n\t<\/dl>\n\n<br class='clear' \/>\n\n\n<\/div>\n<hr data-start=\"1057\" data-end=\"1060\" \/>\n<p data-section-id=\"gj64qu\" data-start=\"1062\" data-end=\"1109\"><span role=\"text\"><strong data-start=\"1066\" data-end=\"1109\">L\u00fd Do N\u00ean Ch\u1ecdn Libra Hotel Cho H\u1ed9i Ngh\u1ecb<\/strong><\/span><\/p>\n<ul data-start=\"1110\" data-end=\"1422\">\n<li data-section-id=\"91oxva\" data-start=\"1110\" data-end=\"1199\"><strong data-start=\"1115\" data-end=\"1135\">V\u1ecb tr\u00ed trung t\u00e2m<\/strong> \u2013 d\u1ec5 d\u00e0ng di chuy\u1ec3n t\u1ea1i <span class=\"hover:entity-accent entity-underline inline cursor-pointer align-baseline\"><span class=\"whitespace-normal\">Nha Trang<\/span><\/span><\/li>\n<li data-section-id=\"is0vi7\" data-start=\"1200\" data-end=\"1261\">Kh\u00f4ng gian chuy\u00ean nghi\u1ec7p, ph\u00f9 h\u1ee3p nhi\u1ec1u quy m\u00f4 s\u1ef1 ki\u1ec7n<\/li>\n<li data-section-id=\"1rl9ht9\" data-start=\"1262\" data-end=\"1299\">D\u1ecbch v\u1ee5 t\u1eadn t\u00e2m, h\u1ed7 tr\u1ee3 t\u1eeb A-Z<\/li>\n<li data-section-id=\"111a5va\" data-start=\"1300\" data-end=\"1366\">K\u1ebft h\u1ee3p linh ho\u1ea1t v\u1edbi ti\u1ec7c tea break, set menu ho\u1eb7c buffet<\/li>\n<li data-section-id=\"yna1w3\" data-start=\"1367\" data-end=\"1422\">C\u00f3 th\u1ec3 k\u1ebft h\u1ee3p l\u01b0u tr\u00fa v\u00e0 ngh\u1ec9 d\u01b0\u1ee1ng sau s\u1ef1 ki\u1ec7n<\/li>\n<\/ul>\n<hr data-start=\"1424\" data-end=\"1427\" \/>\n<p data-section-id=\"nrjqiv\" data-start=\"1429\" data-end=\"1479\"><span role=\"text\"><strong data-start=\"1433\" data-end=\"1479\">Gi\u1ea3i Ph\u00e1p Tr\u1ecdn G\u00f3i Cho Doanh Nghi\u1ec7p (MICE)<\/strong><\/span><\/p>\n<p data-start=\"1480\" data-end=\"1689\">Kh\u00f4ng ch\u1ec9 cung c\u1ea5p ph\u00f2ng h\u1ecdp, Libra Hotel Nha Trang c\u00f2n mang \u0111\u1ebfn c\u00e1c <strong data-start=\"1549\" data-end=\"1570\">g\u00f3i MICE tr\u1ecdn g\u00f3i<\/strong>, k\u1ebft h\u1ee3p gi\u1eefa h\u1ed9i h\u1ecdp, l\u01b0u tr\u00fa v\u00e0 \u1ea9m th\u1ef1c, gi\u00fap doanh nghi\u1ec7p t\u1ed1i \u01b0u chi ph\u00ed v\u00e0 n\u00e2ng cao tr\u1ea3i nghi\u1ec7m cho kh\u00e1ch tham d\u1ef1.<\/p>\n<hr data-start=\"1691\" data-end=\"1694\" \/>\n<p data-section-id=\"1gufqnh\" data-start=\"1696\" data-end=\"1725\"><span role=\"text\"><strong data-start=\"1700\" data-end=\"1725\">Li\u00ean H\u1ec7 \u0110\u1eb7t Ph\u00f2ng H\u1ecdp<\/strong><\/span><\/p>\n<p data-start=\"1726\" data-end=\"1838\">H\u00e3y li\u00ean h\u1ec7 ngay \u0111\u1ec3 nh\u1eadn b\u00e1o gi\u00e1 chi ti\u1ebft v\u00e0 t\u01b0 v\u1ea5n g\u00f3i \u01b0u \u0111\u00e3i ph\u00f9 h\u1ee3p nh\u1ea5t cho s\u1ef1 ki\u1ec7n c\u1ee7a b\u1ea1n t\u1ea1i Libra Hotel.<\/p>\n","protected":false},"excerpt":{"rendered":"<p>\u01afu \u0110\u00e3i Ph\u00f2ng H\u1ecdp T\u1ea1i Libra Hotel Nha Trang \u2013 Gi\u1ea3i Ph\u00e1p Ho\u00e0n H\u1ea3o Cho S\u1ef1 Ki\u1ec7n &amp; H\u1ed9i Ngh\u1ecb M\u1ed9t ph\u00f2ng h\u1ecdp chuy\u00ean nghi\u1ec7p t\u1ea1i Nha Trang v\u1edbi v\u1ecb tr\u00ed trung t\u00e2m, ti\u1ec7n nghi hi\u1ec7n \u0111\u1ea1i v\u00e0 m\u1ee9c gi\u00e1 h\u1ee3p l\u00fd? Libra Hotel Nha Trang mang \u0111\u1ebfn \u01b0u \u0111\u00e3i ph\u00f2ng h\u1ecdp h\u1ea5p d\u1eabn, ph\u00f9 [&hellip;]<\/p>\n","protected":false},"author":269,"featured_media":476,"parent":105,"menu_order":0,"comment_status":"closed","ping_status":"closed","template":"template-offers.php","meta":{"footnotes":""},"yoast_head":"<!-- This site is optimized with the Yoast SEO plugin v22.3 - https:\/\/yoast.com\/wordpress\/plugins\/seo\/ -->\n<title>H\u1ed9i ngh\u1ecb Tr\u1ecdn g\u00f3i - Libra Hotel Nha Trang<\/title>\n<meta name=\"description\" content=\"\u01afu \u0111\u00e3i ph\u00f2ng h\u1ecdp t\u1ea1i Libra Hotel Nha Trang v\u1edbi kh\u00f4ng gian hi\u1ec7n \u0111\u1ea1i, \u0111\u1ea7y \u0111\u1ee7 thi\u1ebft b\u1ecb, gi\u00e1 t\u1ed1t. Ph\u00f9 h\u1ee3p h\u1ed9i ngh\u1ecb, h\u1ed9i th\u1ea3o, s\u1ef1 ki\u1ec7n doanh ng\" \/>\n<meta name=\"robots\" content=\"index, follow, max-snippet:-1, max-image-preview:large, max-video-preview:-1\" \/>\n<link rel=\"canonical\" href=\"https:\/\/www.librahotelnhatrang.com\/vi\/chuong-trinh-khuyen-mai\/thue-phong-hop-nha-trang\/\" \/>\n<meta property=\"og:locale\" content=\"vi_VN\" \/>\n<meta property=\"og:type\" content=\"article\" \/>\n<meta property=\"og:title\" content=\"H\u1ed9i ngh\u1ecb Tr\u1ecdn g\u00f3i - Libra Hotel Nha Trang\" \/>\n<meta property=\"og:description\" content=\"\u01afu \u0111\u00e3i ph\u00f2ng h\u1ecdp t\u1ea1i Libra Hotel Nha Trang v\u1edbi kh\u00f4ng gian hi\u1ec7n \u0111\u1ea1i, \u0111\u1ea7y \u0111\u1ee7 thi\u1ebft b\u1ecb, gi\u00e1 t\u1ed1t. Ph\u00f9 h\u1ee3p h\u1ed9i ngh\u1ecb, h\u1ed9i th\u1ea3o, s\u1ef1 ki\u1ec7n doanh ng\" \/>\n<meta property=\"og:url\" content=\"https:\/\/www.librahotelnhatrang.com\/vi\/chuong-trinh-khuyen-mai\/thue-phong-hop-nha-trang\/\" \/>\n<meta property=\"og:site_name\" content=\"Libra Hotel Nha Trang\" \/>\n<meta property=\"article:modified_time\" content=\"2026-04-23T07:26:53+00:00\" \/>\n<meta property=\"og:image\" content=\"http:\/\/www.librahotelnhatrang.com\/wp-content\/uploads\/sites\/142\/2026\/04\/594067334_1454285230032848_8452412551818146286_n-1.jpg\" \/>\n\t<meta property=\"og:image:width\" content=\"1913\" \/>\n\t<meta property=\"og:image:height\" content=\"1284\" \/>\n\t<meta property=\"og:image:type\" content=\"image\/jpeg\" \/>\n<meta name=\"twitter:card\" content=\"summary_large_image\" \/>\n<meta name=\"twitter:label1\" content=\"Est. reading time\" \/>\n\t<meta name=\"twitter:data1\" content=\"2 minutes\" \/>\n<script type=\"application\/ld+json\" class=\"yoast-schema-graph\">{\"@context\":\"https:\/\/schema.org\",\"@graph\":[{\"@type\":\"WebPage\",\"@id\":\"https:\/\/www.librahotelnhatrang.com\/vi\/chuong-trinh-khuyen-mai\/thue-phong-hop-nha-trang\/\",\"url\":\"https:\/\/www.librahotelnhatrang.com\/vi\/chuong-trinh-khuyen-mai\/thue-phong-hop-nha-trang\/\",\"name\":\"H\u1ed9i ngh\u1ecb Tr\u1ecdn g\u00f3i - Libra Hotel Nha Trang\",\"isPartOf\":{\"@id\":\"https:\/\/www.librahotelnhatrang.com\/vi\/#website\"},\"primaryImageOfPage\":{\"@id\":\"https:\/\/www.librahotelnhatrang.com\/vi\/chuong-trinh-khuyen-mai\/thue-phong-hop-nha-trang\/#primaryimage\"},\"image\":{\"@id\":\"https:\/\/www.librahotelnhatrang.com\/vi\/chuong-trinh-khuyen-mai\/thue-phong-hop-nha-trang\/#primaryimage\"},\"thumbnailUrl\":\"https:\/\/www.librahotelnhatrang.com\/wp-content\/uploads\/sites\/142\/2026\/04\/594067334_1454285230032848_8452412551818146286_n-1.jpg\",\"datePublished\":\"2026-04-23T02:37:27+00:00\",\"dateModified\":\"2026-04-23T07:26:53+00:00\",\"description\":\"\u01afu \u0111\u00e3i ph\u00f2ng h\u1ecdp t\u1ea1i Libra Hotel Nha Trang v\u1edbi kh\u00f4ng gian hi\u1ec7n \u0111\u1ea1i, \u0111\u1ea7y \u0111\u1ee7 thi\u1ebft b\u1ecb, gi\u00e1 t\u1ed1t. Ph\u00f9 h\u1ee3p h\u1ed9i ngh\u1ecb, h\u1ed9i th\u1ea3o, s\u1ef1 ki\u1ec7n doanh ng\",\"breadcrumb\":{\"@id\":\"https:\/\/www.librahotelnhatrang.com\/vi\/chuong-trinh-khuyen-mai\/thue-phong-hop-nha-trang\/#breadcrumb\"},\"inLanguage\":\"vi-VN\",\"potentialAction\":[{\"@type\":\"ReadAction\",\"target\":[\"https:\/\/www.librahotelnhatrang.com\/vi\/chuong-trinh-khuyen-mai\/thue-phong-hop-nha-trang\/\"]}]},{\"@type\":\"ImageObject\",\"inLanguage\":\"vi-VN\",\"@id\":\"https:\/\/www.librahotelnhatrang.com\/vi\/chuong-trinh-khuyen-mai\/thue-phong-hop-nha-trang\/#primaryimage\",\"url\":\"https:\/\/www.librahotelnhatrang.com\/wp-content\/uploads\/sites\/142\/2026\/04\/594067334_1454285230032848_8452412551818146286_n-1.jpg\",\"contentUrl\":\"https:\/\/www.librahotelnhatrang.com\/wp-content\/uploads\/sites\/142\/2026\/04\/594067334_1454285230032848_8452412551818146286_n-1.jpg\",\"width\":1913,\"height\":1284},{\"@type\":\"BreadcrumbList\",\"@id\":\"https:\/\/www.librahotelnhatrang.com\/vi\/chuong-trinh-khuyen-mai\/thue-phong-hop-nha-trang\/#breadcrumb\",\"itemListElement\":[{\"@type\":\"ListItem\",\"position\":1,\"name\":\"Home\",\"item\":\"https:\/\/www.librahotelnhatrang.com\/vi\/\"},{\"@type\":\"ListItem\",\"position\":2,\"name\":\"Ch\u01b0\u01a1ng tr\u00ecnh khuy\u1ebfn m\u00e3i\",\"item\":\"https:\/\/www.librahotelnhatrang.com\/vi\/chuong-trinh-khuyen-mai\/\"},{\"@type\":\"ListItem\",\"position\":3,\"name\":\"H\u1ed9i ngh\u1ecb Tr\u1ecdn g\u00f3i\"}]},{\"@type\":\"WebSite\",\"@id\":\"https:\/\/www.librahotelnhatrang.com\/vi\/#website\",\"url\":\"https:\/\/www.librahotelnhatrang.com\/vi\/\",\"name\":\"Libra Hotel Nha Trang\",\"description\":\"\",\"potentialAction\":[{\"@type\":\"SearchAction\",\"target\":{\"@type\":\"EntryPoint\",\"urlTemplate\":\"https:\/\/www.librahotelnhatrang.com\/vi\/?s={search_term_string}\"},\"query-input\":\"required name=search_term_string\"}],\"inLanguage\":\"vi-VN\"}]}<\/script>\n<!-- \/ Yoast SEO plugin. -->","yoast_head_json":{"title":"H\u1ed9i ngh\u1ecb Tr\u1ecdn g\u00f3i - Libra Hotel Nha Trang","description":"\u01afu \u0111\u00e3i ph\u00f2ng h\u1ecdp t\u1ea1i Libra Hotel Nha Trang v\u1edbi kh\u00f4ng gian hi\u1ec7n \u0111\u1ea1i, \u0111\u1ea7y \u0111\u1ee7 thi\u1ebft b\u1ecb, gi\u00e1 t\u1ed1t. Ph\u00f9 h\u1ee3p h\u1ed9i ngh\u1ecb, h\u1ed9i th\u1ea3o, s\u1ef1 ki\u1ec7n doanh ng","robots":{"index":"index","follow":"follow","max-snippet":"max-snippet:-1","max-image-preview":"max-image-preview:large","max-video-preview":"max-video-preview:-1"},"canonical":"https:\/\/www.librahotelnhatrang.com\/vi\/chuong-trinh-khuyen-mai\/thue-phong-hop-nha-trang\/","og_locale":"vi_VN","og_type":"article","og_title":"H\u1ed9i ngh\u1ecb Tr\u1ecdn g\u00f3i - Libra Hotel Nha Trang","og_description":"\u01afu \u0111\u00e3i ph\u00f2ng h\u1ecdp t\u1ea1i Libra Hotel Nha Trang v\u1edbi kh\u00f4ng gian hi\u1ec7n \u0111\u1ea1i, \u0111\u1ea7y \u0111\u1ee7 thi\u1ebft b\u1ecb, gi\u00e1 t\u1ed1t. Ph\u00f9 h\u1ee3p h\u1ed9i ngh\u1ecb, h\u1ed9i th\u1ea3o, s\u1ef1 ki\u1ec7n doanh ng","og_url":"https:\/\/www.librahotelnhatrang.com\/vi\/chuong-trinh-khuyen-mai\/thue-phong-hop-nha-trang\/","og_site_name":"Libra Hotel Nha Trang","article_modified_time":"2026-04-23T07:26:53+00:00","og_image":[{"width":1913,"height":1284,"url":"http:\/\/www.librahotelnhatrang.com\/wp-content\/uploads\/sites\/142\/2026\/04\/594067334_1454285230032848_8452412551818146286_n-1.jpg","type":"image\/jpeg"}],"twitter_card":"summary_large_image","twitter_misc":{"Est. reading time":"2 minutes"},"schema":{"@context":"https:\/\/schema.org","@graph":[{"@type":"WebPage","@id":"https:\/\/www.librahotelnhatrang.com\/vi\/chuong-trinh-khuyen-mai\/thue-phong-hop-nha-trang\/","url":"https:\/\/www.librahotelnhatrang.com\/vi\/chuong-trinh-khuyen-mai\/thue-phong-hop-nha-trang\/","name":"H\u1ed9i ngh\u1ecb Tr\u1ecdn g\u00f3i - Libra Hotel Nha Trang","isPartOf":{"@id":"https:\/\/www.librahotelnhatrang.com\/vi\/#website"},"primaryImageOfPage":{"@id":"https:\/\/www.librahotelnhatrang.com\/vi\/chuong-trinh-khuyen-mai\/thue-phong-hop-nha-trang\/#primaryimage"},"image":{"@id":"https:\/\/www.librahotelnhatrang.com\/vi\/chuong-trinh-khuyen-mai\/thue-phong-hop-nha-trang\/#primaryimage"},"thumbnailUrl":"https:\/\/www.librahotelnhatrang.com\/wp-content\/uploads\/sites\/142\/2026\/04\/594067334_1454285230032848_8452412551818146286_n-1.jpg","datePublished":"2026-04-23T02:37:27+00:00","dateModified":"2026-04-23T07:26:53+00:00","description":"\u01afu \u0111\u00e3i ph\u00f2ng h\u1ecdp t\u1ea1i Libra Hotel Nha Trang v\u1edbi kh\u00f4ng gian hi\u1ec7n \u0111\u1ea1i, \u0111\u1ea7y \u0111\u1ee7 thi\u1ebft b\u1ecb, gi\u00e1 t\u1ed1t. Ph\u00f9 h\u1ee3p h\u1ed9i ngh\u1ecb, h\u1ed9i th\u1ea3o, s\u1ef1 ki\u1ec7n doanh ng","breadcrumb":{"@id":"https:\/\/www.librahotelnhatrang.com\/vi\/chuong-trinh-khuyen-mai\/thue-phong-hop-nha-trang\/#breadcrumb"},"inLanguage":"vi-VN","potentialAction":[{"@type":"ReadAction","target":["https:\/\/www.librahotelnhatrang.com\/vi\/chuong-trinh-khuyen-mai\/thue-phong-hop-nha-trang\/"]}]},{"@type":"ImageObject","inLanguage":"vi-VN","@id":"https:\/\/www.librahotelnhatrang.com\/vi\/chuong-trinh-khuyen-mai\/thue-phong-hop-nha-trang\/#primaryimage","url":"https:\/\/www.librahotelnhatrang.com\/wp-content\/uploads\/sites\/142\/2026\/04\/594067334_1454285230032848_8452412551818146286_n-1.jpg","contentUrl":"https:\/\/www.librahotelnhatrang.com\/wp-content\/uploads\/sites\/142\/2026\/04\/594067334_1454285230032848_8452412551818146286_n-1.jpg","width":1913,"height":1284},{"@type":"BreadcrumbList","@id":"https:\/\/www.librahotelnhatrang.com\/vi\/chuong-trinh-khuyen-mai\/thue-phong-hop-nha-trang\/#breadcrumb","itemListElement":[{"@type":"ListItem","position":1,"name":"Home","item":"https:\/\/www.librahotelnhatrang.com\/vi\/"},{"@type":"ListItem","position":2,"name":"Ch\u01b0\u01a1ng tr\u00ecnh khuy\u1ebfn m\u00e3i","item":"https:\/\/www.librahotelnhatrang.com\/vi\/chuong-trinh-khuyen-mai\/"},{"@type":"ListItem","position":3,"name":"H\u1ed9i ngh\u1ecb Tr\u1ecdn g\u00f3i"}]},{"@type":"WebSite","@id":"https:\/\/www.librahotelnhatrang.com\/vi\/#website","url":"https:\/\/www.librahotelnhatrang.com\/vi\/","name":"Libra Hotel Nha Trang","description":"","potentialAction":[{"@type":"SearchAction","target":{"@type":"EntryPoint","urlTemplate":"https:\/\/www.librahotelnhatrang.com\/vi\/?s={search_term_string}"},"query-input":"required name=search_term_string"}],"inLanguage":"vi-VN"}]}},"acf":[],"_links":{"self":[{"href":"https:\/\/www.librahotelnhatrang.com\/vi\/wp-json\/wp\/v2\/pages\/478"}],"collection":[{"href":"https:\/\/www.librahotelnhatrang.com\/vi\/wp-json\/wp\/v2\/pages"}],"about":[{"href":"https:\/\/www.librahotelnhatrang.com\/vi\/wp-json\/wp\/v2\/types\/page"}],"author":[{"embeddable":true,"href":"https:\/\/www.librahotelnhatrang.com\/vi\/wp-json\/wp\/v2\/users\/269"}],"replies":[{"embeddable":true,"href":"https:\/\/www.librahotelnhatrang.com\/vi\/wp-json\/wp\/v2\/comments?post=478"}],"version-history":[{"count":0,"href":"https:\/\/www.librahotelnhatrang.com\/vi\/wp-json\/wp\/v2\/pages\/478\/revisions"}],"up":[{"embeddable":true,"href":"https:\/\/www.librahotelnhatrang.com\/vi\/wp-json\/wp\/v2\/pages\/105"}],"wp:featuredmedia":[{"embeddable":true,"href":"https:\/\/www.librahotelnhatrang.com\/vi\/wp-json\/wp\/v2\/media\/476"}],"wp:attachment":[{"href":"https:\/\/www.librahotelnhatrang.com\/vi\/wp-json\/wp\/v2\/media?parent=478"}],"curies":[{"name":"wp","href":"https:\/\/api.w.org\/{rel}","templated":true}]}}