{"id":482,"date":"2026-04-23T03:09:13","date_gmt":"2026-04-23T03:09:13","guid":{"rendered":"https:\/\/www.librahotelnhatrang.com\/?page_id=482"},"modified":"2026-04-23T07:20:12","modified_gmt":"2026-04-23T07:20:12","slug":"exclusive-may-offer-senior-ocean-view","status":"publish","type":"page","link":"https:\/\/www.librahotelnhatrang.com\/vi\/chuong-trinh-khuyen-mai\/exclusive-may-offer-senior-ocean-view\/","title":{"rendered":"\u01afu \u0111\u00e3i \u0111\u1eb7c bi\u1ec7t th\u00e1ng 5"},"content":{"rendered":"<section class=\"text-token-text-primary w-full focus:outline-none [--shadow-height:45px] has-data-writing-block:pointer-events-none has-data-writing-block:-mt-(--shadow-height) has-data-writing-block:pt-(--shadow-height) [&amp;:has([data-writing-block])&gt;*]:pointer-events-auto R6Vx5W_threadScrollVars scroll-mb-[calc(var(--scroll-root-safe-area-inset-bottom,0px)+var(--thread-response-height))] scroll-mt-(--header-height)\" dir=\"auto\" data-turn-id=\"82b0c065-5686-4549-b0a3-4940e8f990e9\" data-testid=\"conversation-turn-35\" data-scroll-anchor=\"false\" data-turn=\"user\"><\/section>\n<section class=\"text-token-text-primary w-full focus:outline-none [--shadow-height:45px] has-data-writing-block:pointer-events-none has-data-writing-block:-mt-(--shadow-height) has-data-writing-block:pt-(--shadow-height) [&amp;:has([data-writing-block])&gt;*]:pointer-events-auto [content-visibility:auto] supports-[content-visibility:auto]:[contain-intrinsic-size:auto_100lvh] R6Vx5W_threadScrollVars scroll-mb-[calc(var(--scroll-root-safe-area-inset-bottom,0px)+var(--thread-response-height))] scroll-mt-[calc(var(--header-height)+min(200px,max(70px,20svh)))]\" dir=\"auto\" data-turn-id=\"request-WEB:5792bde7-7847-471a-a5fd-d72b9baa4bb0-18\" data-testid=\"conversation-turn-36\" data-scroll-anchor=\"false\" data-turn=\"assistant\">\n<div class=\"text-base my-auto mx-auto pb-10 [--thread-content-margin:var(--thread-content-margin-xs,calc(var(--spacing)*4))] @w-sm\/main:[--thread-content-margin:var(--thread-content-margin-sm,calc(var(--spacing)*6))] @w-lg\/main:[--thread-content-margin:var(--thread-content-margin-lg,calc(var(--spacing)*16))] px-(--thread-content-margin)\">\n<div class=\"[--thread-content-max-width:40rem] @w-lg\/main:[--thread-content-max-width:48rem] mx-auto max-w-(--thread-content-max-width) flex-1 group\/turn-messages focus-visible:outline-hidden relative flex w-full min-w-0 flex-col agent-turn\">\n<div class=\"flex max-w-full flex-col gap-4 grow\">\n<div class=\"min-h-8 text-message relative flex w-full flex-col items-end gap-2 text-start break-words whitespace-normal outline-none keyboard-focused:focus-ring [.text-message+&amp;]:mt-1\" dir=\"auto\" data-message-author-role=\"assistant\" data-message-id=\"78af7c50-7c44-4cba-a2a6-560cca2afd4a\" data-message-model-slug=\"gpt-5-3\" data-turn-start-message=\"true\">\n<div class=\"flex w-full flex-col gap-1 empty:hidden\">\n<div class=\"markdown prose dark:prose-invert w-full wrap-break-word light markdown-new-styling\">\n<p data-section-id=\"x6d1xw\" data-start=\"0\" data-end=\"76\"><strong>\u01afu \u0111\u00e3i \u0111\u1eb7c bi\u1ec7t th\u00e1ng 5 \u2013 Senior Ocean View: K\u1ef3 ngh\u1ec9 b\u1ea5t t\u1eadn t\u1ea1i Nha Trang<\/strong><\/p>\n<p data-start=\"78\" data-end=\"324\">Th\u00e1ng 5 n\u00e0y, h\u00e3y n\u00e2ng t\u1ea7m k\u1ef3 ngh\u1ec9 b\u00ean bi\u1ec3n c\u1ee7a b\u1ea1n v\u1edbi <strong data-start=\"133\" data-end=\"174\">Senior Ocean View \u2013 An Endless Escape<\/strong>, \u01b0u \u0111\u00e3i \u0111\u1ed9c quy\u1ec1n d\u00e0nh cho nh\u1eefng du kh\u00e1ch y\u00eau th\u00edch s\u1ef1 tinh t\u1ebf, tho\u1ea3i m\u00e1i v\u00e0 t\u1ea7m nh\u00ecn h\u01b0\u1edbng bi\u1ec3n tuy\u1ec7t \u0111\u1eb9p t\u1ea1i <span class=\"hover:entity-accent entity-underline inline cursor-pointer align-baseline\"><span class=\"whitespace-normal\">Nha Trang<\/span><\/span>.<\/p>\n<p data-start=\"78\" data-end=\"324\"><img loading=\"lazy\" decoding=\"async\" class=\"aligncenter wp-image-272 size-large\" src=\"http:\/\/www.librahotelnhatrang.com\/wp-content\/uploads\/sites\/142\/2026\/01\/Libra-Senior-Ocean-View-1-1024x634.jpg\" alt=\"\" width=\"1024\" height=\"634\" srcset=\"https:\/\/www.librahotelnhatrang.com\/wp-content\/uploads\/sites\/142\/2026\/01\/Libra-Senior-Ocean-View-1-1024x634.jpg 1024w, https:\/\/www.librahotelnhatrang.com\/wp-content\/uploads\/sites\/142\/2026\/01\/Libra-Senior-Ocean-View-1-300x186.jpg 300w, https:\/\/www.librahotelnhatrang.com\/wp-content\/uploads\/sites\/142\/2026\/01\/Libra-Senior-Ocean-View-1-768x475.jpg 768w, https:\/\/www.librahotelnhatrang.com\/wp-content\/uploads\/sites\/142\/2026\/01\/Libra-Senior-Ocean-View-1-1536x951.jpg 1536w, https:\/\/www.librahotelnhatrang.com\/wp-content\/uploads\/sites\/142\/2026\/01\/Libra-Senior-Ocean-View-1-2048x1268.jpg 2048w, https:\/\/www.librahotelnhatrang.com\/wp-content\/uploads\/sites\/142\/2026\/01\/Libra-Senior-Ocean-View-1-600x371.jpg 600w, https:\/\/www.librahotelnhatrang.com\/wp-content\/uploads\/sites\/142\/2026\/01\/Libra-Senior-Ocean-View-1-1000x619.jpg 1000w\" sizes=\"(max-width: 1024px) 100vw, 1024px\" \/><\/p>\n<p data-start=\"326\" data-end=\"504\">\u0110\u01b0\u1ee3c thi\u1ebft k\u1ebf \u0111\u1ec3 mang l\u1ea1i tr\u1ea3i nghi\u1ec7m th\u01b0 gi\u00e3n tr\u1ecdn v\u1eb9n, h\u1ea1ng ph\u00f2ng Senior Ocean View l\u00e0 l\u1ef1a ch\u1ecdn l\u00fd t\u01b0\u1edfng cho m\u1ed9t k\u1ef3 ngh\u1ec9 \u0111\u1eb3ng c\u1ea5p, n\u01a1i m\u1ecdi chi ti\u1ebft \u0111\u1ec1u \u0111\u01b0\u1ee3c ch\u0103m ch\u00fat ho\u00e0n h\u1ea3o.<\/p>\n<hr data-start=\"506\" data-end=\"509\" \/>\n<p data-section-id=\"1w04wv5\" data-start=\"511\" data-end=\"543\"><strong>\u01afu \u0111\u00e3i \u0111\u1eb7c bi\u1ec7t th\u00e1ng 05\/2026<\/strong><\/p>\n<p data-start=\"545\" data-end=\"618\">T\u1eadn h\u01b0\u1edfng g\u00f3i ngh\u1ec9 d\u01b0\u1ee1ng \u0111\u01b0\u1ee3c thi\u1ebft k\u1ebf ri\u00eang v\u1edbi nhi\u1ec1u \u0111\u1eb7c quy\u1ec1n h\u1ea5p d\u1eabn:<\/p>\n<ul data-start=\"620\" data-end=\"915\">\n<li data-section-id=\"foscyc\" data-start=\"620\" data-end=\"658\">Th\u1ee9c u\u1ed1ng ch\u00e0o m\u1eebng khi nh\u1eadn ph\u00f2ng<\/li>\n<li data-section-id=\"y26xmg\" data-start=\"659\" data-end=\"715\">Nh\u1eadn ph\u00f2ng s\u1edbm t\u1eeb 12:00 (t\u00f9y thu\u1ed9c t\u00ecnh tr\u1ea1ng ph\u00f2ng)<\/li>\n<li data-section-id=\"1odjphn\" data-start=\"716\" data-end=\"773\">Tr\u1ea3 ph\u00f2ng mu\u1ed9n \u0111\u1ebfn 14:00 (t\u00f9y thu\u1ed9c t\u00ecnh tr\u1ea1ng ph\u00f2ng)<\/li>\n<li data-section-id=\"187h1lg\" data-start=\"774\" data-end=\"832\">01 b\u1eefa tr\u01b0a ho\u1eb7c t\u1ed1i cho 2 kh\u00e1ch t\u1ea1i Athena Restaurant<\/li>\n<li data-section-id=\"bjng1g\" data-start=\"833\" data-end=\"861\">Trang tr\u00ed ph\u00f2ng mi\u1ec5n ph\u00ed<\/li>\n<li data-section-id=\"tbi5tn\" data-start=\"862\" data-end=\"886\">Gi\u1ea3m 30% d\u1ecbch v\u1ee5 Spa<\/li>\n<li data-section-id=\"q2f390\" data-start=\"887\" data-end=\"915\">Gi\u1ea3m 15% d\u1ecbch v\u1ee5 \u1ea9m th\u1ef1c<\/li>\n<\/ul>\n<hr data-start=\"917\" data-end=\"920\" \/>\n<p data-section-id=\"65ya3d\" data-start=\"922\" data-end=\"978\"><strong>Tr\u1ea3i nghi\u1ec7m ngh\u1ec9 d\u01b0\u1ee1ng \u0111\u1eb3ng c\u1ea5p t\u1ea1i Senior Ocean View<\/strong><\/p>\n<p data-start=\"980\" data-end=\"1126\">H\u1ea1ng ph\u00f2ng Senior Ocean View kh\u00f4ng ch\u1ec9 l\u00e0 n\u01a1i l\u01b0u tr\u00fa m\u00e0 c\u00f2n l\u00e0 kh\u00f4ng gian ngh\u1ec9 d\u01b0\u1ee1ng ri\u00eang t\u01b0, n\u01a1i b\u1ea1n c\u00f3 th\u1ec3 t\u1eadn h\u01b0\u1edfng tr\u1ecdn v\u1eb9n v\u1ebb \u0111\u1eb9p c\u1ee7a bi\u1ec3n:<\/p>\n<ul data-start=\"1128\" data-end=\"1331\">\n<li data-section-id=\"4j76ox\" data-start=\"1128\" data-end=\"1178\">Ban c\u00f4ng ri\u00eang v\u1edbi t\u1ea7m nh\u00ecn h\u01b0\u1edbng bi\u1ec3n r\u1ed9ng m\u1edf<\/li>\n<li data-section-id=\"18fyi7z\" data-start=\"1179\" data-end=\"1212\">N\u1ed9i th\u1ea5t hi\u1ec7n \u0111\u1ea1i, sang tr\u1ecdng<\/li>\n<li data-section-id=\"a5m1h5\" data-start=\"1213\" data-end=\"1255\">Kh\u00f4ng gian tr\u00e0n ng\u1eadp \u00e1nh s\u00e1ng t\u1ef1 nhi\u00ean<\/li>\n<li data-section-id=\"15p8lkg\" data-start=\"1256\" data-end=\"1331\">Kh\u00f4ng kh\u00ed y\u00ean t\u0129nh, ph\u00f9 h\u1ee3p cho c\u1eb7p \u0111\u00f4i, gia \u0111\u00ecnh ho\u1eb7c k\u1ef3 ngh\u1ec9 th\u01b0 gi\u00e3n<\/li>\n<\/ul>\n<p data-start=\"1333\" data-end=\"1444\">Th\u1ee9c d\u1eady m\u1ed7i s\u00e1ng v\u1edbi ti\u1ebfng s\u00f3ng v\u00e0 \u00e1nh n\u1eafng d\u1ecbu nh\u1eb9, b\u1ea1n s\u1ebd c\u1ea3m nh\u1eadn r\u00f5 r\u00e0ng m\u1ed9t k\u1ef3 ngh\u1ec9 \u201cb\u1ea5t t\u1eadn\u201d \u0111\u00fang ngh\u0129a.<\/p>\n<hr data-start=\"1446\" data-end=\"1449\" \/>\n<p data-section-id=\"c0ijbb\" data-start=\"1451\" data-end=\"1495\"><strong>Tr\u1ea3i nghi\u1ec7m \u1ea9m th\u1ef1c t\u1ea1i Athena Restaurant<\/strong><\/p>\n<p data-start=\"1497\" data-end=\"1623\">K\u1ef3 ngh\u1ec9 c\u1ee7a b\u1ea1n s\u1ebd tr\u1edf n\u00ean tr\u1ecdn v\u1eb9n h\u01a1n v\u1edbi b\u1eefa \u0103n t\u1ea1i <a href=\"https:\/\/www.librahotelnhatrang.com\/restaurant\/athena-restaurant\/\">Athena Restaurant<\/a> \u2013 n\u01a1i k\u1ebft h\u1ee3p tinh hoa \u1ea9m th\u1ef1c \u0111\u1ecba ph\u01b0\u01a1ng v\u00e0 qu\u1ed1c t\u1ebf.<\/p>\n<p data-start=\"1625\" data-end=\"1775\">D\u00f9 l\u00e0 b\u1eefa tr\u01b0a nh\u1eb9 nh\u00e0ng hay b\u1eefa t\u1ed1i \u1ea5m c\u00fang, m\u1ed7i m\u00f3n \u0103n \u0111\u1ec1u \u0111\u01b0\u1ee3c ch\u1ebf bi\u1ebfn tinh t\u1ebf, mang \u0111\u1ebfn tr\u1ea3i nghi\u1ec7m \u1ea9m th\u1ef1c \u0111\u00e1ng nh\u1edb trong kh\u00f4ng gian sang tr\u1ecdng.<\/p>\n<p data-start=\"1625\" data-end=\"1775\"><img loading=\"lazy\" decoding=\"async\" class=\"aligncenter wp-image-322 size-large\" src=\"http:\/\/www.librahotelnhatrang.com\/wp-content\/uploads\/sites\/142\/2026\/01\/Restaurant-9-1024x683.jpg\" alt=\"\" width=\"1024\" height=\"683\" srcset=\"https:\/\/www.librahotelnhatrang.com\/wp-content\/uploads\/sites\/142\/2026\/01\/Restaurant-9-1024x683.jpg 1024w, https:\/\/www.librahotelnhatrang.com\/wp-content\/uploads\/sites\/142\/2026\/01\/Restaurant-9-300x200.jpg 300w, https:\/\/www.librahotelnhatrang.com\/wp-content\/uploads\/sites\/142\/2026\/01\/Restaurant-9-768x512.jpg 768w, https:\/\/www.librahotelnhatrang.com\/wp-content\/uploads\/sites\/142\/2026\/01\/Restaurant-9-1536x1024.jpg 1536w, https:\/\/www.librahotelnhatrang.com\/wp-content\/uploads\/sites\/142\/2026\/01\/Restaurant-9-2048x1366.jpg 2048w, https:\/\/www.librahotelnhatrang.com\/wp-content\/uploads\/sites\/142\/2026\/01\/Restaurant-9-600x400.jpg 600w, https:\/\/www.librahotelnhatrang.com\/wp-content\/uploads\/sites\/142\/2026\/01\/Restaurant-9-1000x667.jpg 1000w\" sizes=\"(max-width: 1024px) 100vw, 1024px\" \/><\/p>\n<hr data-start=\"1777\" data-end=\"1780\" \/>\n<p data-section-id=\"13laz4q\" data-start=\"1782\" data-end=\"1802\"><strong>\u0110i\u1ec1u ki\u1ec7n \u00e1p d\u1ee5ng<\/strong><\/p>\n<ul data-start=\"1804\" data-end=\"1955\">\n<li data-section-id=\"rhvrti\" data-start=\"1804\" data-end=\"1848\">Ch\u01b0\u01a1ng tr\u00ecnh \u00e1p d\u1ee5ng trong th\u00e1ng 05\/2026<\/li>\n<li data-section-id=\"7zjpm9\" data-start=\"1849\" data-end=\"1919\">Gi\u00e1 t\u00ednh theo m\u1ed7i kh\u00e1ch, \u00e1p d\u1ee5ng cho \u0111\u1eb7t ph\u00f2ng t\u1eeb 02 kh\u00e1ch tr\u1edf l\u00ean<\/li>\n<li data-section-id=\"1eqiyez\" data-start=\"1920\" data-end=\"1955\">Mi\u1ec5n ph\u00ed 01 tr\u1ebb em d\u01b0\u1edbi 06 tu\u1ed5i<\/li>\n<\/ul>\n<hr data-start=\"1957\" data-end=\"1960\" \/>\n<p data-section-id=\"86oj2o\" data-start=\"1962\" data-end=\"1999\"><strong>Ch\u00ednh s\u00e1ch thanh to\u00e1n v\u00e0 h\u1ee7y ph\u00f2ng<\/strong><\/p>\n<ul data-start=\"2001\" data-end=\"2325\">\n<li data-section-id=\"5ya44v\" data-start=\"2001\" data-end=\"2078\">Thanh to\u00e1n 100% gi\u00e1 tr\u1ecb \u0111\u1eb7t ph\u00f2ng trong v\u00f2ng 24 gi\u1edd sau khi nh\u1eadn x\u00e1c nh\u1eadn<\/li>\n<li data-section-id=\"1ji5yvy\" data-start=\"2079\" data-end=\"2124\">H\u1ee7y tr\u01b0\u1edbc 10 ng\u00e0y tr\u1edf l\u00ean: Kh\u00f4ng t\u00ednh ph\u00ed<\/li>\n<li data-section-id=\"1fvdz52\" data-start=\"2125\" data-end=\"2191\">H\u1ee7y t\u1eeb 09 \u2013 05 ng\u00e0y tr\u01b0\u1edbc ng\u00e0y \u0111\u1ebfn: T\u00ednh 50% gi\u00e1 tr\u1ecb \u0111\u1eb7t ph\u00f2ng<\/li>\n<li data-section-id=\"14fai96\" data-start=\"2192\" data-end=\"2258\">H\u1ee7y t\u1eeb 04 \u2013 03 ng\u00e0y tr\u01b0\u1edbc ng\u00e0y \u0111\u1ebfn: T\u00ednh 75% gi\u00e1 tr\u1ecb \u0111\u1eb7t ph\u00f2ng<\/li>\n<li data-section-id=\"1sb26wz\" data-start=\"2259\" data-end=\"2325\">H\u1ee7y trong v\u00f2ng 48 gi\u1edd ho\u1eb7c \u00edt h\u01a1n: T\u00ednh 100% gi\u00e1 tr\u1ecb \u0111\u1eb7t ph\u00f2ng<\/li>\n<\/ul>\n<hr data-start=\"2327\" data-end=\"2330\" \/>\n<p data-section-id=\"1wrpt1t\" data-start=\"2332\" data-end=\"2353\"><strong>\u0110i\u1ec1u kho\u1ea3n b\u1ed5 sung<\/strong><\/p>\n<ul data-start=\"2355\" data-end=\"2561\">\n<li data-section-id=\"1ti3au2\" data-start=\"2355\" data-end=\"2388\">\u00c1p d\u1ee5ng cho c\u00e1c \u0111\u1eb7t ph\u00f2ng m\u1edbi<\/li>\n<li data-section-id=\"5zueoo\" data-start=\"2389\" data-end=\"2431\">Kh\u00f4ng \u00e1p d\u1ee5ng cho nh\u00f3m tr\u00ean 8\u201310 ph\u00f2ng<\/li>\n<li data-section-id=\"1b2cxzb\" data-start=\"2432\" data-end=\"2496\">Vi\u1ec7c x\u00e1c nh\u1eadn \u0111\u1eb7t ph\u00f2ng ph\u1ee5 thu\u1ed9c v\u00e0o t\u00ecnh tr\u1ea1ng ph\u00f2ng tr\u1ed1ng<\/li>\n<li data-section-id=\"1vpgqdq\" data-start=\"2497\" data-end=\"2561\">Kh\u00f4ng \u00e1p d\u1ee5ng \u0111\u1ed3ng th\u1eddi v\u1edbi c\u00e1c ch\u01b0\u01a1ng tr\u00ecnh khuy\u1ebfn m\u00e3i kh\u00e1c<\/li>\n<\/ul>\n<hr data-start=\"2563\" data-end=\"2566\" \/>\n<p data-section-id=\"51e15v\" data-start=\"2568\" data-end=\"2593\"><strong>\u0110\u1eb7t ph\u00f2ng ngay h\u00f4m nay<\/strong><\/p>\n<p data-start=\"2595\" data-end=\"2724\">\u0110\u1eebng b\u1ecf l\u1ee1 c\u01a1 h\u1ed9i t\u1eadn h\u01b0\u1edfng k\u1ef3 ngh\u1ec9 \u0111\u1eb3ng c\u1ea5p b\u00ean bi\u1ec3n v\u1edbi \u01b0u \u0111\u00e3i h\u1ea5p d\u1eabn trong th\u00e1ng 5 t\u1ea1i <span class=\"hover:entity-accent entity-underline inline cursor-pointer align-baseline\"><span class=\"whitespace-normal\">Nha Trang<\/span><\/span>.<\/p>\n<p data-start=\"2726\" data-end=\"2833\" data-is-last-node=\"\" data-is-only-node=\"\">H\u00e3y \u0111\u1eb7t ph\u00f2ng Senior Ocean View ngay h\u00f4m nay \u0111\u1ec3 tr\u1ea3i nghi\u1ec7m m\u1ed9t h\u00e0nh tr\u00ecnh ngh\u1ec9 d\u01b0\u1ee1ng \u0111\u00e1ng nh\u1edb v\u00e0 tr\u1ecdn v\u1eb9n.<\/p>\n<\/div>\n<\/div>\n<\/div>\n<\/div>\n<\/div>\n<\/div>\n<\/section>\n","protected":false},"excerpt":{"rendered":"<p>\u01afu \u0111\u00e3i \u0111\u1eb7c bi\u1ec7t th\u00e1ng 5 \u2013 Senior Ocean View: K\u1ef3 ngh\u1ec9 b\u1ea5t t\u1eadn t\u1ea1i Nha Trang Th\u00e1ng 5 n\u00e0y, h\u00e3y n\u00e2ng t\u1ea7m k\u1ef3 ngh\u1ec9 b\u00ean bi\u1ec3n c\u1ee7a b\u1ea1n v\u1edbi Senior Ocean View \u2013 An Endless Escape, \u01b0u \u0111\u00e3i \u0111\u1ed9c quy\u1ec1n d\u00e0nh cho nh\u1eefng du kh\u00e1ch y\u00eau th\u00edch s\u1ef1 tinh t\u1ebf, tho\u1ea3i m\u00e1i v\u00e0 t\u1ea7m [&hellip;]<\/p>\n","protected":false},"author":269,"featured_media":480,"parent":105,"menu_order":0,"comment_status":"closed","ping_status":"closed","template":"template-offers.php","meta":{"footnotes":""},"yoast_head":"<!-- This site is optimized with the Yoast SEO plugin v22.3 - https:\/\/yoast.com\/wordpress\/plugins\/seo\/ -->\n<title>\u01afu \u0111\u00e3i \u0111\u1eb7c bi\u1ec7t th\u00e1ng 5 - Libra Hotel Nha Trang<\/title>\n<meta name=\"description\" content=\"\u01afu \u0111\u00e3i th\u00e1ng 5 t\u1ea1i Nha Trang v\u1edbi ph\u00f2ng Senior Ocean View, bao g\u1ed3m b\u1eefa \u0103n, gi\u1ea3m gi\u00e1 spa v\u00e0 nhi\u1ec1u \u0111\u1eb7c quy\u1ec1n ngh\u1ec9 d\u01b0\u1ee1ng h\u1ea5p d\u1eabn.\" \/>\n<meta name=\"robots\" content=\"index, follow, max-snippet:-1, max-image-preview:large, max-video-preview:-1\" \/>\n<link rel=\"canonical\" href=\"https:\/\/www.librahotelnhatrang.com\/vi\/chuong-trinh-khuyen-mai\/exclusive-may-offer-senior-ocean-view\/\" \/>\n<meta property=\"og:locale\" content=\"vi_VN\" \/>\n<meta property=\"og:type\" content=\"article\" \/>\n<meta property=\"og:title\" content=\"\u01afu \u0111\u00e3i \u0111\u1eb7c bi\u1ec7t th\u00e1ng 5 - Libra Hotel Nha Trang\" \/>\n<meta property=\"og:description\" content=\"\u01afu \u0111\u00e3i th\u00e1ng 5 t\u1ea1i Nha Trang v\u1edbi ph\u00f2ng Senior Ocean View, bao g\u1ed3m b\u1eefa \u0103n, gi\u1ea3m gi\u00e1 spa v\u00e0 nhi\u1ec1u \u0111\u1eb7c quy\u1ec1n ngh\u1ec9 d\u01b0\u1ee1ng h\u1ea5p d\u1eabn.\" \/>\n<meta property=\"og:url\" content=\"https:\/\/www.librahotelnhatrang.com\/vi\/chuong-trinh-khuyen-mai\/exclusive-may-offer-senior-ocean-view\/\" \/>\n<meta property=\"og:site_name\" content=\"Libra Hotel Nha Trang\" \/>\n<meta property=\"article:modified_time\" content=\"2026-04-23T07:20:12+00:00\" \/>\n<meta property=\"og:image\" content=\"http:\/\/www.librahotelnhatrang.com\/wp-content\/uploads\/sites\/142\/2026\/04\/da.png\" \/>\n\t<meta property=\"og:image:width\" content=\"1262\" \/>\n\t<meta property=\"og:image:height\" content=\"879\" \/>\n\t<meta property=\"og:image:type\" content=\"image\/png\" \/>\n<meta name=\"twitter:card\" content=\"summary_large_image\" \/>\n<meta name=\"twitter:label1\" content=\"Est. reading time\" \/>\n\t<meta name=\"twitter:data1\" content=\"4 minutes\" \/>\n<script type=\"application\/ld+json\" class=\"yoast-schema-graph\">{\"@context\":\"https:\/\/schema.org\",\"@graph\":[{\"@type\":\"WebPage\",\"@id\":\"https:\/\/www.librahotelnhatrang.com\/vi\/chuong-trinh-khuyen-mai\/exclusive-may-offer-senior-ocean-view\/\",\"url\":\"https:\/\/www.librahotelnhatrang.com\/vi\/chuong-trinh-khuyen-mai\/exclusive-may-offer-senior-ocean-view\/\",\"name\":\"\u01afu \u0111\u00e3i \u0111\u1eb7c bi\u1ec7t th\u00e1ng 5 - Libra Hotel Nha Trang\",\"isPartOf\":{\"@id\":\"https:\/\/www.librahotelnhatrang.com\/vi\/#website\"},\"primaryImageOfPage\":{\"@id\":\"https:\/\/www.librahotelnhatrang.com\/vi\/chuong-trinh-khuyen-mai\/exclusive-may-offer-senior-ocean-view\/#primaryimage\"},\"image\":{\"@id\":\"https:\/\/www.librahotelnhatrang.com\/vi\/chuong-trinh-khuyen-mai\/exclusive-may-offer-senior-ocean-view\/#primaryimage\"},\"thumbnailUrl\":\"https:\/\/www.librahotelnhatrang.com\/wp-content\/uploads\/sites\/142\/2026\/04\/da.png\",\"datePublished\":\"2026-04-23T03:09:13+00:00\",\"dateModified\":\"2026-04-23T07:20:12+00:00\",\"description\":\"\u01afu \u0111\u00e3i th\u00e1ng 5 t\u1ea1i Nha Trang v\u1edbi ph\u00f2ng Senior Ocean View, bao g\u1ed3m b\u1eefa \u0103n, gi\u1ea3m gi\u00e1 spa v\u00e0 nhi\u1ec1u \u0111\u1eb7c quy\u1ec1n ngh\u1ec9 d\u01b0\u1ee1ng h\u1ea5p d\u1eabn.\",\"breadcrumb\":{\"@id\":\"https:\/\/www.librahotelnhatrang.com\/vi\/chuong-trinh-khuyen-mai\/exclusive-may-offer-senior-ocean-view\/#breadcrumb\"},\"inLanguage\":\"vi-VN\",\"potentialAction\":[{\"@type\":\"ReadAction\",\"target\":[\"https:\/\/www.librahotelnhatrang.com\/vi\/chuong-trinh-khuyen-mai\/exclusive-may-offer-senior-ocean-view\/\"]}]},{\"@type\":\"ImageObject\",\"inLanguage\":\"vi-VN\",\"@id\":\"https:\/\/www.librahotelnhatrang.com\/vi\/chuong-trinh-khuyen-mai\/exclusive-may-offer-senior-ocean-view\/#primaryimage\",\"url\":\"https:\/\/www.librahotelnhatrang.com\/wp-content\/uploads\/sites\/142\/2026\/04\/da.png\",\"contentUrl\":\"https:\/\/www.librahotelnhatrang.com\/wp-content\/uploads\/sites\/142\/2026\/04\/da.png\",\"width\":1262,\"height\":879},{\"@type\":\"BreadcrumbList\",\"@id\":\"https:\/\/www.librahotelnhatrang.com\/vi\/chuong-trinh-khuyen-mai\/exclusive-may-offer-senior-ocean-view\/#breadcrumb\",\"itemListElement\":[{\"@type\":\"ListItem\",\"position\":1,\"name\":\"Home\",\"item\":\"https:\/\/www.librahotelnhatrang.com\/vi\/\"},{\"@type\":\"ListItem\",\"position\":2,\"name\":\"Ch\u01b0\u01a1ng tr\u00ecnh khuy\u1ebfn m\u00e3i\",\"item\":\"https:\/\/www.librahotelnhatrang.com\/vi\/chuong-trinh-khuyen-mai\/\"},{\"@type\":\"ListItem\",\"position\":3,\"name\":\"\u01afu \u0111\u00e3i \u0111\u1eb7c bi\u1ec7t th\u00e1ng 5\"}]},{\"@type\":\"WebSite\",\"@id\":\"https:\/\/www.librahotelnhatrang.com\/vi\/#website\",\"url\":\"https:\/\/www.librahotelnhatrang.com\/vi\/\",\"name\":\"Libra Hotel Nha Trang\",\"description\":\"\",\"potentialAction\":[{\"@type\":\"SearchAction\",\"target\":{\"@type\":\"EntryPoint\",\"urlTemplate\":\"https:\/\/www.librahotelnhatrang.com\/vi\/?s={search_term_string}\"},\"query-input\":\"required name=search_term_string\"}],\"inLanguage\":\"vi-VN\"}]}<\/script>\n<!-- \/ Yoast SEO plugin. -->","yoast_head_json":{"title":"\u01afu \u0111\u00e3i \u0111\u1eb7c bi\u1ec7t th\u00e1ng 5 - Libra Hotel Nha Trang","description":"\u01afu \u0111\u00e3i th\u00e1ng 5 t\u1ea1i Nha Trang v\u1edbi ph\u00f2ng Senior Ocean View, bao g\u1ed3m b\u1eefa \u0103n, gi\u1ea3m gi\u00e1 spa v\u00e0 nhi\u1ec1u \u0111\u1eb7c quy\u1ec1n ngh\u1ec9 d\u01b0\u1ee1ng h\u1ea5p d\u1eabn.","robots":{"index":"index","follow":"follow","max-snippet":"max-snippet:-1","max-image-preview":"max-image-preview:large","max-video-preview":"max-video-preview:-1"},"canonical":"https:\/\/www.librahotelnhatrang.com\/vi\/chuong-trinh-khuyen-mai\/exclusive-may-offer-senior-ocean-view\/","og_locale":"vi_VN","og_type":"article","og_title":"\u01afu \u0111\u00e3i \u0111\u1eb7c bi\u1ec7t th\u00e1ng 5 - Libra Hotel Nha Trang","og_description":"\u01afu \u0111\u00e3i th\u00e1ng 5 t\u1ea1i Nha Trang v\u1edbi ph\u00f2ng Senior Ocean View, bao g\u1ed3m b\u1eefa \u0103n, gi\u1ea3m gi\u00e1 spa v\u00e0 nhi\u1ec1u \u0111\u1eb7c quy\u1ec1n ngh\u1ec9 d\u01b0\u1ee1ng h\u1ea5p d\u1eabn.","og_url":"https:\/\/www.librahotelnhatrang.com\/vi\/chuong-trinh-khuyen-mai\/exclusive-may-offer-senior-ocean-view\/","og_site_name":"Libra Hotel Nha Trang","article_modified_time":"2026-04-23T07:20:12+00:00","og_image":[{"width":1262,"height":879,"url":"http:\/\/www.librahotelnhatrang.com\/wp-content\/uploads\/sites\/142\/2026\/04\/da.png","type":"image\/png"}],"twitter_card":"summary_large_image","twitter_misc":{"Est. reading time":"4 minutes"},"schema":{"@context":"https:\/\/schema.org","@graph":[{"@type":"WebPage","@id":"https:\/\/www.librahotelnhatrang.com\/vi\/chuong-trinh-khuyen-mai\/exclusive-may-offer-senior-ocean-view\/","url":"https:\/\/www.librahotelnhatrang.com\/vi\/chuong-trinh-khuyen-mai\/exclusive-may-offer-senior-ocean-view\/","name":"\u01afu \u0111\u00e3i \u0111\u1eb7c bi\u1ec7t th\u00e1ng 5 - Libra Hotel Nha Trang","isPartOf":{"@id":"https:\/\/www.librahotelnhatrang.com\/vi\/#website"},"primaryImageOfPage":{"@id":"https:\/\/www.librahotelnhatrang.com\/vi\/chuong-trinh-khuyen-mai\/exclusive-may-offer-senior-ocean-view\/#primaryimage"},"image":{"@id":"https:\/\/www.librahotelnhatrang.com\/vi\/chuong-trinh-khuyen-mai\/exclusive-may-offer-senior-ocean-view\/#primaryimage"},"thumbnailUrl":"https:\/\/www.librahotelnhatrang.com\/wp-content\/uploads\/sites\/142\/2026\/04\/da.png","datePublished":"2026-04-23T03:09:13+00:00","dateModified":"2026-04-23T07:20:12+00:00","description":"\u01afu \u0111\u00e3i th\u00e1ng 5 t\u1ea1i Nha Trang v\u1edbi ph\u00f2ng Senior Ocean View, bao g\u1ed3m b\u1eefa \u0103n, gi\u1ea3m gi\u00e1 spa v\u00e0 nhi\u1ec1u \u0111\u1eb7c quy\u1ec1n ngh\u1ec9 d\u01b0\u1ee1ng h\u1ea5p d\u1eabn.","breadcrumb":{"@id":"https:\/\/www.librahotelnhatrang.com\/vi\/chuong-trinh-khuyen-mai\/exclusive-may-offer-senior-ocean-view\/#breadcrumb"},"inLanguage":"vi-VN","potentialAction":[{"@type":"ReadAction","target":["https:\/\/www.librahotelnhatrang.com\/vi\/chuong-trinh-khuyen-mai\/exclusive-may-offer-senior-ocean-view\/"]}]},{"@type":"ImageObject","inLanguage":"vi-VN","@id":"https:\/\/www.librahotelnhatrang.com\/vi\/chuong-trinh-khuyen-mai\/exclusive-may-offer-senior-ocean-view\/#primaryimage","url":"https:\/\/www.librahotelnhatrang.com\/wp-content\/uploads\/sites\/142\/2026\/04\/da.png","contentUrl":"https:\/\/www.librahotelnhatrang.com\/wp-content\/uploads\/sites\/142\/2026\/04\/da.png","width":1262,"height":879},{"@type":"BreadcrumbList","@id":"https:\/\/www.librahotelnhatrang.com\/vi\/chuong-trinh-khuyen-mai\/exclusive-may-offer-senior-ocean-view\/#breadcrumb","itemListElement":[{"@type":"ListItem","position":1,"name":"Home","item":"https:\/\/www.librahotelnhatrang.com\/vi\/"},{"@type":"ListItem","position":2,"name":"Ch\u01b0\u01a1ng tr\u00ecnh khuy\u1ebfn m\u00e3i","item":"https:\/\/www.librahotelnhatrang.com\/vi\/chuong-trinh-khuyen-mai\/"},{"@type":"ListItem","position":3,"name":"\u01afu \u0111\u00e3i \u0111\u1eb7c bi\u1ec7t th\u00e1ng 5"}]},{"@type":"WebSite","@id":"https:\/\/www.librahotelnhatrang.com\/vi\/#website","url":"https:\/\/www.librahotelnhatrang.com\/vi\/","name":"Libra Hotel Nha Trang","description":"","potentialAction":[{"@type":"SearchAction","target":{"@type":"EntryPoint","urlTemplate":"https:\/\/www.librahotelnhatrang.com\/vi\/?s={search_term_string}"},"query-input":"required name=search_term_string"}],"inLanguage":"vi-VN"}]}},"acf":[],"_links":{"self":[{"href":"https:\/\/www.librahotelnhatrang.com\/vi\/wp-json\/wp\/v2\/pages\/482"}],"collection":[{"href":"https:\/\/www.librahotelnhatrang.com\/vi\/wp-json\/wp\/v2\/pages"}],"about":[{"href":"https:\/\/www.librahotelnhatrang.com\/vi\/wp-json\/wp\/v2\/types\/page"}],"author":[{"embeddable":true,"href":"https:\/\/www.librahotelnhatrang.com\/vi\/wp-json\/wp\/v2\/users\/269"}],"replies":[{"embeddable":true,"href":"https:\/\/www.librahotelnhatrang.com\/vi\/wp-json\/wp\/v2\/comments?post=482"}],"version-history":[{"count":0,"href":"https:\/\/www.librahotelnhatrang.com\/vi\/wp-json\/wp\/v2\/pages\/482\/revisions"}],"up":[{"embeddable":true,"href":"https:\/\/www.librahotelnhatrang.com\/vi\/wp-json\/wp\/v2\/pages\/105"}],"wp:featuredmedia":[{"embeddable":true,"href":"https:\/\/www.librahotelnhatrang.com\/vi\/wp-json\/wp\/v2\/media\/480"}],"wp:attachment":[{"href":"https:\/\/www.librahotelnhatrang.com\/vi\/wp-json\/wp\/v2\/media?parent=482"}],"curies":[{"name":"wp","href":"https:\/\/api.w.org\/{rel}","templated":true}]}}