{"id":488,"date":"2026-04-23T05:31:33","date_gmt":"2026-04-23T05:31:33","guid":{"rendered":"https:\/\/www.librahotelnhatrang.com\/?page_id=488"},"modified":"2026-04-23T07:29:30","modified_gmt":"2026-04-23T07:29:30","slug":"happy-hour-libra-hotel-nha-trang-giam-15-fnb","status":"publish","type":"page","link":"https:\/\/www.librahotelnhatrang.com\/vi\/chuong-trinh-khuyen-mai\/happy-hour-libra-hotel-nha-trang-giam-15-fnb\/","title":{"rendered":"Happy Hour | Gi\u1ea3m 15% F&amp;B"},"content":{"rendered":"<p data-start=\"0\" data-end=\"88\"><strong data-start=\"0\" data-end=\"88\">HAPPY HOUR T\u1ea0I LIBRA HOTEL NHA TRANG \u2013 GI\u1ea2M 15% TO\u00c0N B\u1ed8 D\u1ecaCH V\u1ee4 F&amp;B T\u1eea 11:00 \u2013 21:30<\/strong><\/p>\n<p data-start=\"90\" data-end=\"540\">N\u1ebfu b\u1ea1n \u0111ang t\u00ecm ki\u1ebfm m\u1ed9t \u0111i\u1ec3m h\u1eb9n l\u00fd t\u01b0\u1edfng \u0111\u1ec3 v\u1eeba th\u01b0\u1edfng th\u1ee9c \u1ea9m th\u1ef1c ch\u1ea5t l\u01b0\u1ee3ng, v\u1eeba t\u1eadn h\u01b0\u1edfng kh\u00f4ng gian sang tr\u1ecdng v\u1edbi m\u1ee9c gi\u00e1 h\u1ea5p d\u1eabn, th\u00ec ch\u01b0\u01a1ng tr\u00ecnh Happy Hour t\u1ea1i Libra Hotel Nha Trang ch\u00ednh l\u00e0 l\u1ef1a ch\u1ecdn kh\u00f4ng n\u00ean b\u1ecf l\u1ee1. V\u1edbi \u01b0u \u0111\u00e3i gi\u1ea3m 15% to\u00e0n b\u1ed9 d\u1ecbch v\u1ee5 F&amp;B \u00e1p d\u1ee5ng xuy\u00ean su\u1ed1t t\u1eeb 11:00 s\u00e1ng \u0111\u1ebfn 21:30 t\u1ed1i m\u1ed7i ng\u00e0y, \u0111\u00e2y l\u00e0 c\u01a1 h\u1ed9i ho\u00e0n h\u1ea3o \u0111\u1ec3 b\u1ea1n tr\u1ea3i nghi\u1ec7m tr\u1ecdn v\u1eb9n tinh hoa \u1ea9m th\u1ef1c trong kh\u00f4ng gian \u0111\u1eb3ng c\u1ea5p ngay gi\u1eefa l\u00f2ng th\u00e0nh ph\u1ed1 bi\u1ec3n.<\/p>\n<p data-start=\"90\" data-end=\"540\"><img loading=\"lazy\" decoding=\"async\" class=\"aligncenter wp-image-335 size-large\" src=\"http:\/\/www.librahotelnhatrang.com\/wp-content\/uploads\/sites\/142\/2026\/01\/Pool-4-768x1024.jpg\" alt=\"\" width=\"768\" height=\"1024\" srcset=\"https:\/\/www.librahotelnhatrang.com\/wp-content\/uploads\/sites\/142\/2026\/01\/Pool-4-768x1023.jpg 768w, https:\/\/www.librahotelnhatrang.com\/wp-content\/uploads\/sites\/142\/2026\/01\/Pool-4-225x300.jpg 225w, https:\/\/www.librahotelnhatrang.com\/wp-content\/uploads\/sites\/142\/2026\/01\/Pool-4-1153x1536.jpg 1153w, https:\/\/www.librahotelnhatrang.com\/wp-content\/uploads\/sites\/142\/2026\/01\/Pool-4-1537x2048.jpg 1537w, https:\/\/www.librahotelnhatrang.com\/wp-content\/uploads\/sites\/142\/2026\/01\/Pool-4-600x800.jpg 600w, https:\/\/www.librahotelnhatrang.com\/wp-content\/uploads\/sites\/142\/2026\/01\/Pool-4-1000x1333.jpg 1000w, https:\/\/www.librahotelnhatrang.com\/wp-content\/uploads\/sites\/142\/2026\/01\/Pool-4.jpg 1651w\" sizes=\"(max-width: 768px) 100vw, 768px\" \/><\/p>\n<hr data-start=\"542\" data-end=\"545\" \/>\n<p data-section-id=\"17h1p29\" data-start=\"547\" data-end=\"601\"><strong>Kh\u00f4ng gian l\u00fd t\u01b0\u1edfng cho m\u1ecdi kho\u1ea3nh kh\u1eafc trong ng\u00e0y<\/strong><\/p>\n<p data-start=\"603\" data-end=\"937\">T\u1ecda l\u1ea1c t\u1ea1i v\u1ecb tr\u00ed \u0111\u1eafc \u0111\u1ecba, Libra Hotel Nha Trang mang \u0111\u1ebfn kh\u00f4ng gian \u1ea9m th\u1ef1c tinh t\u1ebf, ph\u00f9 h\u1ee3p cho nhi\u1ec1u m\u1ee5c \u0111\u00edch kh\u00e1c nhau: t\u1eeb b\u1eefa tr\u01b0a nh\u1eb9 nh\u00e0ng, bu\u1ed5i g\u1eb7p g\u1ee1 \u0111\u1ed1i t\u00e1c, cho \u0111\u1ebfn nh\u1eefng bu\u1ed5i t\u1ed1i th\u01b0 gi\u00e3n c\u00f9ng gia \u0111\u00ecnh v\u00e0 b\u1ea1n b\u00e8. V\u1edbi thi\u1ebft k\u1ebf hi\u1ec7n \u0111\u1ea1i, \u1ea5m c\u00fang v\u00e0 t\u1ea7m nh\u00ecn th\u00e0nh ph\u1ed1 \u1ea5n t\u01b0\u1ee3ng, m\u1ed7i kho\u1ea3nh kh\u1eafc t\u1ea1i \u0111\u00e2y \u0111\u1ec1u tr\u1edf n\u00ean \u0111\u00e1ng nh\u1edb.<\/p>\n<p data-start=\"939\" data-end=\"1192\">Ch\u01b0\u01a1ng tr\u00ecnh Happy Hour k\u00e9o d\u00e0i t\u1eeb 11:00 \u0111\u1ebfn 21:30 gi\u00fap b\u1ea1n d\u1ec5 d\u00e0ng s\u1eafp x\u1ebfp th\u1eddi gian, kh\u00f4ng c\u00f2n b\u1ecb gi\u1edbi h\u1ea1n trong nh\u1eefng khung gi\u1edd ng\u1eafn nh\u01b0 th\u00f4ng th\u01b0\u1eddng. D\u00f9 l\u00e0 b\u1eefa tr\u01b0a c\u00f4ng vi\u1ec7c hay bu\u1ed5i t\u1ed1i chill nh\u1eb9 nh\u00e0ng, b\u1ea1n \u0111\u1ec1u c\u00f3 th\u1ec3 t\u1eadn h\u01b0\u1edfng \u01b0u \u0111\u00e3i h\u1ea5p d\u1eabn n\u00e0y.<\/p>\n<hr data-start=\"1194\" data-end=\"1197\" \/>\n<p data-section-id=\"1mh3kye\" data-start=\"1199\" data-end=\"1245\"><strong>\u01afu \u0111\u00e3i h\u1ea5p d\u1eabn \u2013 Gi\u1ea3m 15% to\u00e0n b\u1ed9 menu F&amp;B<\/strong><\/p>\n<p data-start=\"1247\" data-end=\"1362\">\u0110i\u1ec3m \u0111\u1eb7c bi\u1ec7t c\u1ee7a Happy Hour t\u1ea1i Libra Hotel Nha Trang ch\u00ednh l\u00e0 \u00e1p d\u1ee5ng gi\u1ea3m 15% cho to\u00e0n b\u1ed9 th\u1ef1c \u0111\u01a1n F&amp;B, bao g\u1ed3m:<\/p>\n<ul data-start=\"1364\" data-end=\"1574\">\n<li data-section-id=\"1tot8mm\" data-start=\"1364\" data-end=\"1407\">C\u00e1c m\u00f3n \u0103n \u00c1 \u2013 \u00c2u \u0111\u01b0\u1ee3c ch\u1ebf bi\u1ebfn tinh t\u1ebf<\/li>\n<li data-section-id=\"1tdkkj\" data-start=\"1408\" data-end=\"1459\">H\u1ea3i s\u1ea3n t\u01b0\u01a1i ngon \u0111\u1eb7c tr\u01b0ng v\u00f9ng bi\u1ec3n Nha Trang<\/li>\n<li data-section-id=\"160rvgc\" data-start=\"1460\" data-end=\"1517\">\u0110\u1ed3 u\u1ed1ng \u0111a d\u1ea1ng t\u1eeb c\u00e0 ph\u00ea, tr\u00e0 \u0111\u1ebfn cocktail, mocktail<\/li>\n<li data-section-id=\"qhqfbg\" data-start=\"1518\" data-end=\"1574\">C\u00e1c set menu \u0111\u1eb7c bi\u1ec7t d\u00e0nh cho c\u1eb7p \u0111\u00f4i v\u00e0 nh\u00f3m kh\u00e1ch<\/li>\n<\/ul>\n<p data-start=\"1576\" data-end=\"1736\">Kh\u00f4ng ch\u1ec9 l\u00e0 \u01b0u \u0111\u00e3i v\u1ec1 gi\u00e1, \u0111\u00e2y c\u00f2n l\u00e0 c\u01a1 h\u1ed9i \u0111\u1ec3 b\u1ea1n kh\u00e1m ph\u00e1 tr\u1ecdn v\u1eb9n menu \u0111\u1eb7c s\u1eafc c\u1ee7a kh\u00e1ch s\u1ea1n v\u1edbi ch\u1ea5t l\u01b0\u1ee3ng \u0111\u01b0\u1ee3c \u0111\u1ea3m b\u1ea3o b\u1edfi \u0111\u1ed9i ng\u0169 \u0111\u1ea7u b\u1ebfp chuy\u00ean nghi\u1ec7p.<\/p>\n<hr data-start=\"1738\" data-end=\"1741\" \/>\n<p data-section-id=\"s0dnt2\" data-start=\"1743\" data-end=\"1794\"><strong>Tr\u1ea3i nghi\u1ec7m \u1ea9m th\u1ef1c \u0111\u1eb3ng c\u1ea5p v\u1edbi chi ph\u00ed h\u1ee3p l\u00fd<\/strong><\/p>\n<p data-start=\"1796\" data-end=\"2074\">Trong b\u1ed1i c\u1ea3nh kh\u00e1ch h\u00e0ng ng\u00e0y c\u00e0ng \u01b0u ti\u00ean nh\u1eefng tr\u1ea3i nghi\u1ec7m \u201c\u0111\u00e1ng ti\u1ec1n\u201d, Happy Hour t\u1ea1i Libra mang \u0111\u1ebfn s\u1ef1 c\u00e2n b\u1eb1ng ho\u00e0n h\u1ea3o gi\u1eefa ch\u1ea5t l\u01b0\u1ee3ng v\u00e0 chi ph\u00ed. V\u1edbi m\u1ee9c gi\u1ea3m 15%, b\u1ea1n ho\u00e0n to\u00e0n c\u00f3 th\u1ec3 th\u01b0\u1edfng th\u1ee9c nhi\u1ec1u m\u00f3n \u0103n h\u01a1n, tr\u1ea3i nghi\u1ec7m nhi\u1ec1u h\u01b0\u01a1ng v\u1ecb h\u01a1n m\u00e0 v\u1eabn t\u1ed1i \u01b0u ng\u00e2n s\u00e1ch.<\/p>\n<p data-start=\"2076\" data-end=\"2110\">\u0110\u00e2y c\u0169ng l\u00e0 l\u1ef1a ch\u1ecdn l\u00fd t\u01b0\u1edfng cho:<\/p>\n<ul data-start=\"2112\" data-end=\"2344\">\n<li data-section-id=\"1vtp1pi\" data-start=\"2112\" data-end=\"2166\">D\u00e2n v\u0103n ph\u00f2ng t\u00ecm ki\u1ebfm \u0111\u1ecba \u0111i\u1ec3m \u0103n tr\u01b0a ch\u1ea5t l\u01b0\u1ee3ng<\/li>\n<li data-section-id=\"1bz1h44\" data-start=\"2167\" data-end=\"2226\">C\u1eb7p \u0111\u00f4i mu\u1ed1n c\u00f3 bu\u1ed5i h\u1eb9n h\u00f2 l\u00e3ng m\u1ea1n v\u1edbi chi ph\u00ed h\u1ee3p l\u00fd<\/li>\n<li data-section-id=\"1eooys2\" data-start=\"2227\" data-end=\"2280\">Nh\u00f3m b\u1ea1n c\u1ea7n kh\u00f4ng gian \u0111\u1eb9p \u0111\u1ec3 g\u1eb7p g\u1ee1, tr\u00f2 chuy\u1ec7n<\/li>\n<li data-section-id=\"1ba81zg\" data-start=\"2281\" data-end=\"2344\">Du kh\u00e1ch mu\u1ed1n kh\u00e1m ph\u00e1 \u1ea9m th\u1ef1c kh\u00e1ch s\u1ea1n v\u1edbi m\u1ee9c gi\u00e1 \u01b0u \u0111\u00e3i<\/li>\n<\/ul>\n<hr data-start=\"2346\" data-end=\"2349\" \/>\n<p data-section-id=\"j7xduc\" data-start=\"2351\" data-end=\"2399\"><strong>D\u1ecbch v\u1ee5 chuy\u00ean nghi\u1ec7p \u2013 Tr\u1ea3i nghi\u1ec7m tr\u1ecdn v\u1eb9n<\/strong><\/p>\n<p data-start=\"2401\" data-end=\"2587\">B\u00ean c\u1ea1nh \u1ea9m th\u1ef1c, Libra Hotel Nha Trang c\u00f2n ghi \u0111i\u1ec3m v\u1edbi phong c\u00e1ch ph\u1ee5c v\u1ee5 chuy\u00ean nghi\u1ec7p, t\u1eadn t\u00e2m. M\u1ed7i kh\u00e1ch h\u00e0ng \u0111\u1ec1u \u0111\u01b0\u1ee3c ch\u0103m s\u00f3c chu \u0111\u00e1o t\u1eeb khi b\u01b0\u1edbc v\u00e0o \u0111\u1ebfn khi k\u1ebft th\u00fac tr\u1ea3i nghi\u1ec7m.<\/p>\n<p data-start=\"2589\" data-end=\"2736\">Kh\u00f4ng gian s\u1ea1ch s\u1ebd, b\u1ed1 tr\u00ed h\u1ee3p l\u00fd c\u00f9ng \u0111\u1ed9i ng\u0169 nh\u00e2n vi\u00ean th\u00e2n thi\u1ec7n s\u1ebd mang \u0111\u1ebfn cho b\u1ea1n c\u1ea3m gi\u00e1c tho\u1ea3i m\u00e1i v\u00e0 d\u1ec5 ch\u1ecbu trong su\u1ed1t th\u1eddi gian l\u01b0u l\u1ea1i.<\/p>\n<hr data-start=\"2738\" data-end=\"2741\" \/>\n<p data-section-id=\"13bfyyj\" data-start=\"2743\" data-end=\"2780\"><strong>Th\u00f4ng tin ch\u01b0\u01a1ng tr\u00ecnh Happy Hour<\/strong><\/p>\n<ul data-start=\"2782\" data-end=\"2931\">\n<li data-section-id=\"1dgq9ma\" data-start=\"2782\" data-end=\"2827\">Th\u1eddi gian \u00e1p d\u1ee5ng: 11:00 \u2013 21:30 m\u1ed7i ng\u00e0y<\/li>\n<li data-section-id=\"1iwxw09\" data-start=\"2828\" data-end=\"2868\">\u01afu \u0111\u00e3i: Gi\u1ea3m 15% to\u00e0n b\u1ed9 d\u1ecbch v\u1ee5 F&amp;B<\/li>\n<li data-section-id=\"1qkryvo\" data-start=\"2869\" data-end=\"2931\">\u0110\u1ecba \u0111i\u1ec3m: Nh\u00e0 h\u00e0ng &amp; khu v\u1ef1c F&amp;B t\u1ea1i Libra Hotel Nha Trang<\/li>\n<\/ul>\n<hr data-start=\"2933\" data-end=\"2936\" \/>\n<h3 data-section-id=\"1vr32ik\" data-start=\"2938\" data-end=\"2950\"><\/h3>\n<p data-start=\"2952\" data-end=\"3263\">Happy Hour t\u1ea1i Libra Hotel Nha Trang kh\u00f4ng ch\u1ec9 l\u00e0 m\u1ed9t ch\u01b0\u01a1ng tr\u00ecnh \u01b0u \u0111\u00e3i, m\u00e0 c\u00f2n l\u00e0 l\u1eddi m\u1eddi g\u1ecdi b\u1ea1n t\u1eadn h\u01b0\u1edfng nh\u1eefng kho\u1ea3nh kh\u1eafc \u1ea9m th\u1ef1c tr\u1ecdn v\u1eb9n trong kh\u00f4ng gian sang tr\u1ecdng, v\u1edbi m\u1ee9c gi\u00e1 h\u1ee3p l\u00fd. D\u00f9 l\u00e0 m\u1ed9t bu\u1ed5i tr\u01b0a nhanh g\u1ecdn hay m\u1ed9t bu\u1ed5i t\u1ed1i th\u01b0 gi\u00e3n, Libra lu\u00f4n s\u1eb5n s\u00e0ng mang \u0111\u1ebfn tr\u1ea3i nghi\u1ec7m x\u1ee9ng \u0111\u00e1ng cho b\u1ea1n.<\/p>\n<p data-start=\"3265\" data-end=\"3358\" data-is-last-node=\"\" data-is-only-node=\"\">H\u00e3y l\u00ean k\u1ebf ho\u1ea1ch v\u00e0 gh\u00e9 Libra Hotel Nha Trang ngay h\u00f4m nay \u0111\u1ec3 kh\u00f4ng b\u1ecf l\u1ee1 \u01b0u \u0111\u00e3i h\u1ea5p d\u1eabn n\u00e0y.<\/p>\n","protected":false},"excerpt":{"rendered":"<p>HAPPY HOUR T\u1ea0I LIBRA HOTEL NHA TRANG \u2013 GI\u1ea2M 15% TO\u00c0N B\u1ed8 D\u1ecaCH V\u1ee4 F&amp;B T\u1eea 11:00 \u2013 21:30 N\u1ebfu b\u1ea1n \u0111ang t\u00ecm ki\u1ebfm m\u1ed9t \u0111i\u1ec3m h\u1eb9n l\u00fd t\u01b0\u1edfng \u0111\u1ec3 v\u1eeba th\u01b0\u1edfng th\u1ee9c \u1ea9m th\u1ef1c ch\u1ea5t l\u01b0\u1ee3ng, v\u1eeba t\u1eadn h\u01b0\u1edfng kh\u00f4ng gian sang tr\u1ecdng v\u1edbi m\u1ee9c gi\u00e1 h\u1ea5p d\u1eabn, th\u00ec ch\u01b0\u01a1ng tr\u00ecnh Happy Hour t\u1ea1i [&hellip;]<\/p>\n","protected":false},"author":269,"featured_media":489,"parent":105,"menu_order":0,"comment_status":"closed","ping_status":"closed","template":"template-offers.php","meta":{"footnotes":""},"yoast_head":"<!-- This site is optimized with the Yoast SEO plugin v22.3 - https:\/\/yoast.com\/wordpress\/plugins\/seo\/ -->\n<title>Happy Hour | Gi\u1ea3m 15% F&amp;B - Libra Hotel Nha Trang<\/title>\n<meta name=\"description\" content=\"Th\u01b0\u1edfng th\u1ee9c Happy Hour t\u1ea1i Libra Hotel Nha Trang v\u1edbi \u01b0u \u0111\u00e3i gi\u1ea3m 15% to\u00e0n b\u1ed9 d\u1ecbch v\u1ee5 F&amp;B t\u1eeb 11h \u0111\u1ebfn 21h30 m\u1ed7i ng\u00e0y. Kh\u00f4ng gian h\u1ed3 b\u01a1i\" \/>\n<meta name=\"robots\" content=\"index, follow, max-snippet:-1, max-image-preview:large, max-video-preview:-1\" \/>\n<link rel=\"canonical\" href=\"https:\/\/www.librahotelnhatrang.com\/vi\/chuong-trinh-khuyen-mai\/happy-hour-libra-hotel-nha-trang-giam-15-fnb\/\" \/>\n<meta property=\"og:locale\" content=\"vi_VN\" \/>\n<meta property=\"og:type\" content=\"article\" \/>\n<meta property=\"og:title\" content=\"Happy Hour | Gi\u1ea3m 15% F&amp;B - Libra Hotel Nha Trang\" \/>\n<meta property=\"og:description\" content=\"Th\u01b0\u1edfng th\u1ee9c Happy Hour t\u1ea1i Libra Hotel Nha Trang v\u1edbi \u01b0u \u0111\u00e3i gi\u1ea3m 15% to\u00e0n b\u1ed9 d\u1ecbch v\u1ee5 F&amp;B t\u1eeb 11h \u0111\u1ebfn 21h30 m\u1ed7i ng\u00e0y. Kh\u00f4ng gian h\u1ed3 b\u01a1i\" \/>\n<meta property=\"og:url\" content=\"https:\/\/www.librahotelnhatrang.com\/vi\/chuong-trinh-khuyen-mai\/happy-hour-libra-hotel-nha-trang-giam-15-fnb\/\" \/>\n<meta property=\"og:site_name\" content=\"Libra Hotel Nha Trang\" \/>\n<meta property=\"article:modified_time\" content=\"2026-04-23T07:29:30+00:00\" \/>\n<meta property=\"og:image\" content=\"http:\/\/www.librahotelnhatrang.com\/wp-content\/uploads\/sites\/142\/2026\/04\/ad.png\" \/>\n\t<meta property=\"og:image:width\" content=\"1262\" \/>\n\t<meta property=\"og:image:height\" content=\"879\" \/>\n\t<meta property=\"og:image:type\" content=\"image\/png\" \/>\n<meta name=\"twitter:card\" content=\"summary_large_image\" \/>\n<meta name=\"twitter:label1\" content=\"Est. reading time\" \/>\n\t<meta name=\"twitter:data1\" content=\"4 minutes\" \/>\n<script type=\"application\/ld+json\" class=\"yoast-schema-graph\">{\"@context\":\"https:\/\/schema.org\",\"@graph\":[{\"@type\":\"WebPage\",\"@id\":\"https:\/\/www.librahotelnhatrang.com\/vi\/chuong-trinh-khuyen-mai\/happy-hour-libra-hotel-nha-trang-giam-15-fnb\/\",\"url\":\"https:\/\/www.librahotelnhatrang.com\/vi\/chuong-trinh-khuyen-mai\/happy-hour-libra-hotel-nha-trang-giam-15-fnb\/\",\"name\":\"Happy Hour | Gi\u1ea3m 15% F&amp;B - Libra Hotel Nha Trang\",\"isPartOf\":{\"@id\":\"https:\/\/www.librahotelnhatrang.com\/vi\/#website\"},\"primaryImageOfPage\":{\"@id\":\"https:\/\/www.librahotelnhatrang.com\/vi\/chuong-trinh-khuyen-mai\/happy-hour-libra-hotel-nha-trang-giam-15-fnb\/#primaryimage\"},\"image\":{\"@id\":\"https:\/\/www.librahotelnhatrang.com\/vi\/chuong-trinh-khuyen-mai\/happy-hour-libra-hotel-nha-trang-giam-15-fnb\/#primaryimage\"},\"thumbnailUrl\":\"https:\/\/www.librahotelnhatrang.com\/wp-content\/uploads\/sites\/142\/2026\/04\/ad.png\",\"datePublished\":\"2026-04-23T05:31:33+00:00\",\"dateModified\":\"2026-04-23T07:29:30+00:00\",\"description\":\"Th\u01b0\u1edfng th\u1ee9c Happy Hour t\u1ea1i Libra Hotel Nha Trang v\u1edbi \u01b0u \u0111\u00e3i gi\u1ea3m 15% to\u00e0n b\u1ed9 d\u1ecbch v\u1ee5 F&B t\u1eeb 11h \u0111\u1ebfn 21h30 m\u1ed7i ng\u00e0y. Kh\u00f4ng gian h\u1ed3 b\u01a1i\",\"breadcrumb\":{\"@id\":\"https:\/\/www.librahotelnhatrang.com\/vi\/chuong-trinh-khuyen-mai\/happy-hour-libra-hotel-nha-trang-giam-15-fnb\/#breadcrumb\"},\"inLanguage\":\"vi-VN\",\"potentialAction\":[{\"@type\":\"ReadAction\",\"target\":[\"https:\/\/www.librahotelnhatrang.com\/vi\/chuong-trinh-khuyen-mai\/happy-hour-libra-hotel-nha-trang-giam-15-fnb\/\"]}]},{\"@type\":\"ImageObject\",\"inLanguage\":\"vi-VN\",\"@id\":\"https:\/\/www.librahotelnhatrang.com\/vi\/chuong-trinh-khuyen-mai\/happy-hour-libra-hotel-nha-trang-giam-15-fnb\/#primaryimage\",\"url\":\"https:\/\/www.librahotelnhatrang.com\/wp-content\/uploads\/sites\/142\/2026\/04\/ad.png\",\"contentUrl\":\"https:\/\/www.librahotelnhatrang.com\/wp-content\/uploads\/sites\/142\/2026\/04\/ad.png\",\"width\":1262,\"height\":879},{\"@type\":\"BreadcrumbList\",\"@id\":\"https:\/\/www.librahotelnhatrang.com\/vi\/chuong-trinh-khuyen-mai\/happy-hour-libra-hotel-nha-trang-giam-15-fnb\/#breadcrumb\",\"itemListElement\":[{\"@type\":\"ListItem\",\"position\":1,\"name\":\"Home\",\"item\":\"https:\/\/www.librahotelnhatrang.com\/vi\/\"},{\"@type\":\"ListItem\",\"position\":2,\"name\":\"Ch\u01b0\u01a1ng tr\u00ecnh khuy\u1ebfn m\u00e3i\",\"item\":\"https:\/\/www.librahotelnhatrang.com\/vi\/chuong-trinh-khuyen-mai\/\"},{\"@type\":\"ListItem\",\"position\":3,\"name\":\"Happy Hour | Gi\u1ea3m 15% F&amp;B\"}]},{\"@type\":\"WebSite\",\"@id\":\"https:\/\/www.librahotelnhatrang.com\/vi\/#website\",\"url\":\"https:\/\/www.librahotelnhatrang.com\/vi\/\",\"name\":\"Libra Hotel Nha Trang\",\"description\":\"\",\"potentialAction\":[{\"@type\":\"SearchAction\",\"target\":{\"@type\":\"EntryPoint\",\"urlTemplate\":\"https:\/\/www.librahotelnhatrang.com\/vi\/?s={search_term_string}\"},\"query-input\":\"required name=search_term_string\"}],\"inLanguage\":\"vi-VN\"}]}<\/script>\n<!-- \/ Yoast SEO plugin. -->","yoast_head_json":{"title":"Happy Hour | Gi\u1ea3m 15% F&amp;B - Libra Hotel Nha Trang","description":"Th\u01b0\u1edfng th\u1ee9c Happy Hour t\u1ea1i Libra Hotel Nha Trang v\u1edbi \u01b0u \u0111\u00e3i gi\u1ea3m 15% to\u00e0n b\u1ed9 d\u1ecbch v\u1ee5 F&B t\u1eeb 11h \u0111\u1ebfn 21h30 m\u1ed7i ng\u00e0y. Kh\u00f4ng gian h\u1ed3 b\u01a1i","robots":{"index":"index","follow":"follow","max-snippet":"max-snippet:-1","max-image-preview":"max-image-preview:large","max-video-preview":"max-video-preview:-1"},"canonical":"https:\/\/www.librahotelnhatrang.com\/vi\/chuong-trinh-khuyen-mai\/happy-hour-libra-hotel-nha-trang-giam-15-fnb\/","og_locale":"vi_VN","og_type":"article","og_title":"Happy Hour | Gi\u1ea3m 15% F&amp;B - Libra Hotel Nha Trang","og_description":"Th\u01b0\u1edfng th\u1ee9c Happy Hour t\u1ea1i Libra Hotel Nha Trang v\u1edbi \u01b0u \u0111\u00e3i gi\u1ea3m 15% to\u00e0n b\u1ed9 d\u1ecbch v\u1ee5 F&B t\u1eeb 11h \u0111\u1ebfn 21h30 m\u1ed7i ng\u00e0y. Kh\u00f4ng gian h\u1ed3 b\u01a1i","og_url":"https:\/\/www.librahotelnhatrang.com\/vi\/chuong-trinh-khuyen-mai\/happy-hour-libra-hotel-nha-trang-giam-15-fnb\/","og_site_name":"Libra Hotel Nha Trang","article_modified_time":"2026-04-23T07:29:30+00:00","og_image":[{"width":1262,"height":879,"url":"http:\/\/www.librahotelnhatrang.com\/wp-content\/uploads\/sites\/142\/2026\/04\/ad.png","type":"image\/png"}],"twitter_card":"summary_large_image","twitter_misc":{"Est. reading time":"4 minutes"},"schema":{"@context":"https:\/\/schema.org","@graph":[{"@type":"WebPage","@id":"https:\/\/www.librahotelnhatrang.com\/vi\/chuong-trinh-khuyen-mai\/happy-hour-libra-hotel-nha-trang-giam-15-fnb\/","url":"https:\/\/www.librahotelnhatrang.com\/vi\/chuong-trinh-khuyen-mai\/happy-hour-libra-hotel-nha-trang-giam-15-fnb\/","name":"Happy Hour | Gi\u1ea3m 15% F&amp;B - Libra Hotel Nha Trang","isPartOf":{"@id":"https:\/\/www.librahotelnhatrang.com\/vi\/#website"},"primaryImageOfPage":{"@id":"https:\/\/www.librahotelnhatrang.com\/vi\/chuong-trinh-khuyen-mai\/happy-hour-libra-hotel-nha-trang-giam-15-fnb\/#primaryimage"},"image":{"@id":"https:\/\/www.librahotelnhatrang.com\/vi\/chuong-trinh-khuyen-mai\/happy-hour-libra-hotel-nha-trang-giam-15-fnb\/#primaryimage"},"thumbnailUrl":"https:\/\/www.librahotelnhatrang.com\/wp-content\/uploads\/sites\/142\/2026\/04\/ad.png","datePublished":"2026-04-23T05:31:33+00:00","dateModified":"2026-04-23T07:29:30+00:00","description":"Th\u01b0\u1edfng th\u1ee9c Happy Hour t\u1ea1i Libra Hotel Nha Trang v\u1edbi \u01b0u \u0111\u00e3i gi\u1ea3m 15% to\u00e0n b\u1ed9 d\u1ecbch v\u1ee5 F&B t\u1eeb 11h \u0111\u1ebfn 21h30 m\u1ed7i ng\u00e0y. Kh\u00f4ng gian h\u1ed3 b\u01a1i","breadcrumb":{"@id":"https:\/\/www.librahotelnhatrang.com\/vi\/chuong-trinh-khuyen-mai\/happy-hour-libra-hotel-nha-trang-giam-15-fnb\/#breadcrumb"},"inLanguage":"vi-VN","potentialAction":[{"@type":"ReadAction","target":["https:\/\/www.librahotelnhatrang.com\/vi\/chuong-trinh-khuyen-mai\/happy-hour-libra-hotel-nha-trang-giam-15-fnb\/"]}]},{"@type":"ImageObject","inLanguage":"vi-VN","@id":"https:\/\/www.librahotelnhatrang.com\/vi\/chuong-trinh-khuyen-mai\/happy-hour-libra-hotel-nha-trang-giam-15-fnb\/#primaryimage","url":"https:\/\/www.librahotelnhatrang.com\/wp-content\/uploads\/sites\/142\/2026\/04\/ad.png","contentUrl":"https:\/\/www.librahotelnhatrang.com\/wp-content\/uploads\/sites\/142\/2026\/04\/ad.png","width":1262,"height":879},{"@type":"BreadcrumbList","@id":"https:\/\/www.librahotelnhatrang.com\/vi\/chuong-trinh-khuyen-mai\/happy-hour-libra-hotel-nha-trang-giam-15-fnb\/#breadcrumb","itemListElement":[{"@type":"ListItem","position":1,"name":"Home","item":"https:\/\/www.librahotelnhatrang.com\/vi\/"},{"@type":"ListItem","position":2,"name":"Ch\u01b0\u01a1ng tr\u00ecnh khuy\u1ebfn m\u00e3i","item":"https:\/\/www.librahotelnhatrang.com\/vi\/chuong-trinh-khuyen-mai\/"},{"@type":"ListItem","position":3,"name":"Happy Hour | Gi\u1ea3m 15% F&amp;B"}]},{"@type":"WebSite","@id":"https:\/\/www.librahotelnhatrang.com\/vi\/#website","url":"https:\/\/www.librahotelnhatrang.com\/vi\/","name":"Libra Hotel Nha Trang","description":"","potentialAction":[{"@type":"SearchAction","target":{"@type":"EntryPoint","urlTemplate":"https:\/\/www.librahotelnhatrang.com\/vi\/?s={search_term_string}"},"query-input":"required name=search_term_string"}],"inLanguage":"vi-VN"}]}},"acf":[],"_links":{"self":[{"href":"https:\/\/www.librahotelnhatrang.com\/vi\/wp-json\/wp\/v2\/pages\/488"}],"collection":[{"href":"https:\/\/www.librahotelnhatrang.com\/vi\/wp-json\/wp\/v2\/pages"}],"about":[{"href":"https:\/\/www.librahotelnhatrang.com\/vi\/wp-json\/wp\/v2\/types\/page"}],"author":[{"embeddable":true,"href":"https:\/\/www.librahotelnhatrang.com\/vi\/wp-json\/wp\/v2\/users\/269"}],"replies":[{"embeddable":true,"href":"https:\/\/www.librahotelnhatrang.com\/vi\/wp-json\/wp\/v2\/comments?post=488"}],"version-history":[{"count":0,"href":"https:\/\/www.librahotelnhatrang.com\/vi\/wp-json\/wp\/v2\/pages\/488\/revisions"}],"up":[{"embeddable":true,"href":"https:\/\/www.librahotelnhatrang.com\/vi\/wp-json\/wp\/v2\/pages\/105"}],"wp:featuredmedia":[{"embeddable":true,"href":"https:\/\/www.librahotelnhatrang.com\/vi\/wp-json\/wp\/v2\/media\/489"}],"wp:attachment":[{"href":"https:\/\/www.librahotelnhatrang.com\/vi\/wp-json\/wp\/v2\/media?parent=488"}],"curies":[{"name":"wp","href":"https:\/\/api.w.org\/{rel}","templated":true}]}}