{"id":494,"date":"2026-04-23T05:43:06","date_gmt":"2026-04-23T05:43:06","guid":{"rendered":"https:\/\/www.librahotelnhatrang.com\/?page_id=494"},"modified":"2026-04-23T06:41:15","modified_gmt":"2026-04-23T06:41:15","slug":"love-paradise-package-chi-tu-790-000-vnd","status":"publish","type":"page","link":"https:\/\/www.librahotelnhatrang.com\/vi\/chuong-trinh-khuyen-mai\/love-paradise-package-chi-tu-790-000-vnd\/","title":{"rendered":"Love Paradise Package"},"content":{"rendered":"<p data-start=\"626\" data-end=\"700\"><strong data-start=\"626\" data-end=\"700\">Love Paradise Package \u2013 H\u00e0nh tr\u00ecnh th\u01b0 gi\u00e3n ho\u00e0n h\u1ea3o t\u1ea1i spa Nha Trang<\/strong><\/p>\n<p data-start=\"702\" data-end=\"959\">V\u1edbi m\u1ee9c gi\u00e1 \u01b0u \u0111\u00e3i ch\u1ec9 t\u1eeb 790.000 VN\u0110, g\u00f3i tr\u1ecb li\u1ec7u k\u1ebft h\u1ee3p ho\u00e0n h\u1ea3o gi\u1eefa ch\u0103m s\u00f3c c\u01a1 th\u1ec3 v\u00e0 th\u01b0 gi\u00e3n tinh th\u1ea7n s\u1ebd gi\u00fap b\u1ea1n t\u1eadn h\u01b0\u1edfng nh\u1eefng gi\u00e2y ph\u00fat th\u1ea3 l\u1ecfng c\u01a1 th\u1ec3 t\u1ed1i \u01b0u nh\u1ea5t<\/p>\n<hr data-start=\"961\" data-end=\"964\" \/>\n<p data-section-id=\"10u445\" data-start=\"966\" data-end=\"1023\"><span role=\"text\"><strong data-start=\"970\" data-end=\"1023\">Tr\u1ea3i nghi\u1ec7m spa \u0111\u1eb3ng c\u1ea5p gi\u1eefa l\u00f2ng th\u00e0nh ph\u1ed1 bi\u1ec3n<\/strong><\/span><\/p>\n<p data-start=\"1025\" data-end=\"1150\">Spa Nha Trang lu\u00f4n n\u1ed5i ti\u1ebfng v\u1edbi c\u00e1c li\u1ec7u tr\u00ecnh chuy\u00ean s\u00e2u v\u00e0 kh\u00f4ng gian th\u01b0 gi\u00e3n sang tr\u1ecdng. Love Paradise Package mang \u0111\u1ebfn:<\/p>\n<ul data-start=\"1152\" data-end=\"1283\">\n<li data-section-id=\"yfghv6\" data-start=\"1152\" data-end=\"1190\">60 ph\u00fat ch\u0103m s\u00f3c da m\u1eb7t chuy\u00ean s\u00e2u<\/li>\n<li data-section-id=\"wb67q9\" data-start=\"1191\" data-end=\"1237\">60 ph\u00fat massage body th\u01b0 gi\u00e3n v\u1edbi tinh d\u1ea7u<\/li>\n<li data-section-id=\"ikdwfq\" data-start=\"1238\" data-end=\"1283\">Li\u1ec7u tr\u00ecnh x\u00f4ng h\u01a1i gi\u00fap thanh l\u1ecdc c\u01a1 th\u1ec3<\/li>\n<\/ul>\n<p data-start=\"1285\" data-end=\"1398\">T\u1ea5t c\u1ea3 \u0111\u01b0\u1ee3c th\u1ef1c hi\u1ec7n b\u1edfi \u0111\u1ed9i ng\u0169 k\u1ef9 thu\u1eadt vi\u00ean chuy\u00ean nghi\u1ec7p, mang l\u1ea1i c\u1ea3m gi\u00e1c nh\u1eb9 nh\u00e0ng v\u00e0 t\u00e1i t\u1ea1o n\u0103ng l\u01b0\u1ee3ng.<\/p>\n<hr data-start=\"1400\" data-end=\"1403\" \/>\n<p data-section-id=\"15ua8b\" data-start=\"1405\" data-end=\"1463\"><span role=\"text\"><strong data-start=\"1409\" data-end=\"1463\">V\u00ec sao n\u00ean ch\u1ecdn spa Nha Trang cho k\u1ef3 ngh\u1ec9 c\u1ee7a b\u1ea1n?<\/strong><\/span><\/p>\n<p data-start=\"1465\" data-end=\"1617\">Kh\u00f4ng ch\u1ec9 l\u00e0 \u0111i\u1ec3m \u0111\u1ebfn du l\u1ecbch, spa Nha Trang c\u00f2n l\u00e0 n\u01a1i gi\u00fap b\u1ea1n c\u00e2n b\u1eb1ng l\u1ea1i c\u01a1 th\u1ec3 sau nh\u1eefng ng\u00e0y l\u00e0m vi\u1ec7c c\u0103ng th\u1eb3ng. Love Paradise Package gi\u00fap b\u1ea1n:<\/p>\n<ul data-start=\"1619\" data-end=\"1708\">\n<li data-section-id=\"gge7fs\" data-start=\"1619\" data-end=\"1646\">Gi\u1ea3m stress nhanh ch\u00f3ng<\/li>\n<li data-section-id=\"hvtavd\" data-start=\"1647\" data-end=\"1675\">T\u0103ng c\u01b0\u1eddng tu\u1ea7n ho\u00e0n m\u00e1u<\/li>\n<li data-section-id=\"12pt0h6\" data-start=\"1676\" data-end=\"1708\">C\u1ea3i thi\u1ec7n l\u00e0n da v\u00e0 gi\u1ea5c ng\u1ee7<\/li>\n<\/ul>\n<hr data-start=\"1710\" data-end=\"1713\" \/>\n<p data-section-id=\"mufca2\" data-start=\"1715\" data-end=\"1749\"><span role=\"text\"><strong data-start=\"1719\" data-end=\"1749\">\u01afu \u0111\u00e3i \u0111\u1eb7c bi\u1ec7t Happy Hour<\/strong><\/span><\/p>\n<p data-start=\"1751\" data-end=\"1911\">Ngo\u00e0i g\u00f3i Love Paradise, spa Nha Trang c\u00f2n \u00e1p d\u1ee5ng \u01b0u \u0111\u00e3i gi\u1ea3m th\u00eam 20% trong khung gi\u1edd 12:00 \u2013 16:00, gi\u00fap b\u1ea1n t\u1ed1i \u01b0u chi ph\u00ed m\u00e0 v\u1eabn t\u1eadn h\u01b0\u1edfng d\u1ecbch v\u1ee5 cao c\u1ea5p.<\/p>\n<hr data-start=\"1913\" data-end=\"1916\" \/>\n<h3 data-section-id=\"bf5zek\" data-start=\"1918\" data-end=\"1934\"><\/h3>\n<p data-start=\"1936\" data-end=\"2162\">Love Paradise Package kh\u00f4ng ch\u1ec9 l\u00e0 m\u1ed9t li\u1ec7u tr\u00ecnh spa, m\u00e0 c\u00f2n l\u00e0 h\u00e0nh tr\u00ecnh ch\u0103m s\u00f3c b\u1ea3n th\u00e2n \u0111\u00fang ngh\u0129a t\u1ea1i spa Nha Trang. \u0110\u00e2y l\u00e0 l\u1ef1a ch\u1ecdn ho\u00e0n h\u1ea3o cho nh\u1eefng ai mu\u1ed1n th\u01b0 gi\u00e3n v\u00e0 t\u00e1i t\u1ea1o n\u0103ng l\u01b0\u1ee3ng trong kh\u00f4ng gian sang tr\u1ecdng.<\/p>\n","protected":false},"excerpt":{"rendered":"<p>Love Paradise Package \u2013 H\u00e0nh tr\u00ecnh th\u01b0 gi\u00e3n ho\u00e0n h\u1ea3o t\u1ea1i spa Nha Trang V\u1edbi m\u1ee9c gi\u00e1 \u01b0u \u0111\u00e3i ch\u1ec9 t\u1eeb 790.000 VN\u0110, g\u00f3i tr\u1ecb li\u1ec7u k\u1ebft h\u1ee3p ho\u00e0n h\u1ea3o gi\u1eefa ch\u0103m s\u00f3c c\u01a1 th\u1ec3 v\u00e0 th\u01b0 gi\u00e3n tinh th\u1ea7n s\u1ebd gi\u00fap b\u1ea1n t\u1eadn h\u01b0\u1edfng nh\u1eefng gi\u00e2y ph\u00fat th\u1ea3 l\u1ecfng c\u01a1 th\u1ec3 t\u1ed1i \u01b0u nh\u1ea5t [&hellip;]<\/p>\n","protected":false},"author":269,"featured_media":396,"parent":105,"menu_order":0,"comment_status":"closed","ping_status":"closed","template":"template-offers.php","meta":{"footnotes":""},"yoast_head":"<!-- This site is optimized with the Yoast SEO plugin v22.3 - https:\/\/yoast.com\/wordpress\/plugins\/seo\/ -->\n<title>Love Paradise Package - Libra Hotel Nha Trang<\/title>\n<meta name=\"description\" content=\"Th\u01b0 gi\u00e3n v\u1edbi Love Paradise Package t\u1ea1i spa Nha Trang v\u1edbi li\u1ec7u tr\u00ecnh 60 ph\u00fat body v\u00e0 x\u00f4ng h\u01a1i ch\u1ec9 t\u1eeb 790.000 VN\u0110. Tr\u1ea3i nghi\u1ec7m spa cao c\u1ea5p, kh\u00f4\" \/>\n<meta name=\"robots\" content=\"index, follow, max-snippet:-1, max-image-preview:large, max-video-preview:-1\" \/>\n<link rel=\"canonical\" href=\"https:\/\/www.librahotelnhatrang.com\/vi\/chuong-trinh-khuyen-mai\/love-paradise-package-chi-tu-790-000-vnd\/\" \/>\n<meta property=\"og:locale\" content=\"vi_VN\" \/>\n<meta property=\"og:type\" content=\"article\" \/>\n<meta property=\"og:title\" content=\"Love Paradise Package - Libra Hotel Nha Trang\" \/>\n<meta property=\"og:description\" content=\"Th\u01b0 gi\u00e3n v\u1edbi Love Paradise Package t\u1ea1i spa Nha Trang v\u1edbi li\u1ec7u tr\u00ecnh 60 ph\u00fat body v\u00e0 x\u00f4ng h\u01a1i ch\u1ec9 t\u1eeb 790.000 VN\u0110. Tr\u1ea3i nghi\u1ec7m spa cao c\u1ea5p, kh\u00f4\" \/>\n<meta property=\"og:url\" content=\"https:\/\/www.librahotelnhatrang.com\/vi\/chuong-trinh-khuyen-mai\/love-paradise-package-chi-tu-790-000-vnd\/\" \/>\n<meta property=\"og:site_name\" content=\"Libra Hotel Nha Trang\" \/>\n<meta property=\"article:modified_time\" content=\"2026-04-23T06:41:15+00:00\" \/>\n<meta property=\"og:image\" content=\"http:\/\/www.librahotelnhatrang.com\/wp-content\/uploads\/sites\/142\/2026\/02\/Libra_30.jpg\" \/>\n\t<meta property=\"og:image:width\" content=\"1200\" \/>\n\t<meta property=\"og:image:height\" content=\"2200\" \/>\n\t<meta property=\"og:image:type\" content=\"image\/jpeg\" \/>\n<meta name=\"twitter:card\" content=\"summary_large_image\" \/>\n<meta name=\"twitter:label1\" content=\"Est. reading time\" \/>\n\t<meta name=\"twitter:data1\" content=\"2 minutes\" \/>\n<script type=\"application\/ld+json\" class=\"yoast-schema-graph\">{\"@context\":\"https:\/\/schema.org\",\"@graph\":[{\"@type\":\"WebPage\",\"@id\":\"https:\/\/www.librahotelnhatrang.com\/vi\/chuong-trinh-khuyen-mai\/love-paradise-package-chi-tu-790-000-vnd\/\",\"url\":\"https:\/\/www.librahotelnhatrang.com\/vi\/chuong-trinh-khuyen-mai\/love-paradise-package-chi-tu-790-000-vnd\/\",\"name\":\"Love Paradise Package - Libra Hotel Nha Trang\",\"isPartOf\":{\"@id\":\"https:\/\/www.librahotelnhatrang.com\/vi\/#website\"},\"primaryImageOfPage\":{\"@id\":\"https:\/\/www.librahotelnhatrang.com\/vi\/chuong-trinh-khuyen-mai\/love-paradise-package-chi-tu-790-000-vnd\/#primaryimage\"},\"image\":{\"@id\":\"https:\/\/www.librahotelnhatrang.com\/vi\/chuong-trinh-khuyen-mai\/love-paradise-package-chi-tu-790-000-vnd\/#primaryimage\"},\"thumbnailUrl\":\"https:\/\/www.librahotelnhatrang.com\/wp-content\/uploads\/sites\/142\/2026\/02\/Libra_30.jpg\",\"datePublished\":\"2026-04-23T05:43:06+00:00\",\"dateModified\":\"2026-04-23T06:41:15+00:00\",\"description\":\"Th\u01b0 gi\u00e3n v\u1edbi Love Paradise Package t\u1ea1i spa Nha Trang v\u1edbi li\u1ec7u tr\u00ecnh 60 ph\u00fat body v\u00e0 x\u00f4ng h\u01a1i ch\u1ec9 t\u1eeb 790.000 VN\u0110. Tr\u1ea3i nghi\u1ec7m spa cao c\u1ea5p, kh\u00f4\",\"breadcrumb\":{\"@id\":\"https:\/\/www.librahotelnhatrang.com\/vi\/chuong-trinh-khuyen-mai\/love-paradise-package-chi-tu-790-000-vnd\/#breadcrumb\"},\"inLanguage\":\"vi-VN\",\"potentialAction\":[{\"@type\":\"ReadAction\",\"target\":[\"https:\/\/www.librahotelnhatrang.com\/vi\/chuong-trinh-khuyen-mai\/love-paradise-package-chi-tu-790-000-vnd\/\"]}]},{\"@type\":\"ImageObject\",\"inLanguage\":\"vi-VN\",\"@id\":\"https:\/\/www.librahotelnhatrang.com\/vi\/chuong-trinh-khuyen-mai\/love-paradise-package-chi-tu-790-000-vnd\/#primaryimage\",\"url\":\"https:\/\/www.librahotelnhatrang.com\/wp-content\/uploads\/sites\/142\/2026\/02\/Libra_30.jpg\",\"contentUrl\":\"https:\/\/www.librahotelnhatrang.com\/wp-content\/uploads\/sites\/142\/2026\/02\/Libra_30.jpg\",\"width\":1200,\"height\":2200},{\"@type\":\"BreadcrumbList\",\"@id\":\"https:\/\/www.librahotelnhatrang.com\/vi\/chuong-trinh-khuyen-mai\/love-paradise-package-chi-tu-790-000-vnd\/#breadcrumb\",\"itemListElement\":[{\"@type\":\"ListItem\",\"position\":1,\"name\":\"Home\",\"item\":\"https:\/\/www.librahotelnhatrang.com\/vi\/\"},{\"@type\":\"ListItem\",\"position\":2,\"name\":\"Ch\u01b0\u01a1ng tr\u00ecnh khuy\u1ebfn m\u00e3i\",\"item\":\"https:\/\/www.librahotelnhatrang.com\/vi\/chuong-trinh-khuyen-mai\/\"},{\"@type\":\"ListItem\",\"position\":3,\"name\":\"Love Paradise Package\"}]},{\"@type\":\"WebSite\",\"@id\":\"https:\/\/www.librahotelnhatrang.com\/vi\/#website\",\"url\":\"https:\/\/www.librahotelnhatrang.com\/vi\/\",\"name\":\"Libra Hotel Nha Trang\",\"description\":\"\",\"potentialAction\":[{\"@type\":\"SearchAction\",\"target\":{\"@type\":\"EntryPoint\",\"urlTemplate\":\"https:\/\/www.librahotelnhatrang.com\/vi\/?s={search_term_string}\"},\"query-input\":\"required name=search_term_string\"}],\"inLanguage\":\"vi-VN\"}]}<\/script>\n<!-- \/ Yoast SEO plugin. -->","yoast_head_json":{"title":"Love Paradise Package - Libra Hotel Nha Trang","description":"Th\u01b0 gi\u00e3n v\u1edbi Love Paradise Package t\u1ea1i spa Nha Trang v\u1edbi li\u1ec7u tr\u00ecnh 60 ph\u00fat body v\u00e0 x\u00f4ng h\u01a1i ch\u1ec9 t\u1eeb 790.000 VN\u0110. Tr\u1ea3i nghi\u1ec7m spa cao c\u1ea5p, kh\u00f4","robots":{"index":"index","follow":"follow","max-snippet":"max-snippet:-1","max-image-preview":"max-image-preview:large","max-video-preview":"max-video-preview:-1"},"canonical":"https:\/\/www.librahotelnhatrang.com\/vi\/chuong-trinh-khuyen-mai\/love-paradise-package-chi-tu-790-000-vnd\/","og_locale":"vi_VN","og_type":"article","og_title":"Love Paradise Package - Libra Hotel Nha Trang","og_description":"Th\u01b0 gi\u00e3n v\u1edbi Love Paradise Package t\u1ea1i spa Nha Trang v\u1edbi li\u1ec7u tr\u00ecnh 60 ph\u00fat body v\u00e0 x\u00f4ng h\u01a1i ch\u1ec9 t\u1eeb 790.000 VN\u0110. Tr\u1ea3i nghi\u1ec7m spa cao c\u1ea5p, kh\u00f4","og_url":"https:\/\/www.librahotelnhatrang.com\/vi\/chuong-trinh-khuyen-mai\/love-paradise-package-chi-tu-790-000-vnd\/","og_site_name":"Libra Hotel Nha Trang","article_modified_time":"2026-04-23T06:41:15+00:00","og_image":[{"width":1200,"height":2200,"url":"http:\/\/www.librahotelnhatrang.com\/wp-content\/uploads\/sites\/142\/2026\/02\/Libra_30.jpg","type":"image\/jpeg"}],"twitter_card":"summary_large_image","twitter_misc":{"Est. reading time":"2 minutes"},"schema":{"@context":"https:\/\/schema.org","@graph":[{"@type":"WebPage","@id":"https:\/\/www.librahotelnhatrang.com\/vi\/chuong-trinh-khuyen-mai\/love-paradise-package-chi-tu-790-000-vnd\/","url":"https:\/\/www.librahotelnhatrang.com\/vi\/chuong-trinh-khuyen-mai\/love-paradise-package-chi-tu-790-000-vnd\/","name":"Love Paradise Package - Libra Hotel Nha Trang","isPartOf":{"@id":"https:\/\/www.librahotelnhatrang.com\/vi\/#website"},"primaryImageOfPage":{"@id":"https:\/\/www.librahotelnhatrang.com\/vi\/chuong-trinh-khuyen-mai\/love-paradise-package-chi-tu-790-000-vnd\/#primaryimage"},"image":{"@id":"https:\/\/www.librahotelnhatrang.com\/vi\/chuong-trinh-khuyen-mai\/love-paradise-package-chi-tu-790-000-vnd\/#primaryimage"},"thumbnailUrl":"https:\/\/www.librahotelnhatrang.com\/wp-content\/uploads\/sites\/142\/2026\/02\/Libra_30.jpg","datePublished":"2026-04-23T05:43:06+00:00","dateModified":"2026-04-23T06:41:15+00:00","description":"Th\u01b0 gi\u00e3n v\u1edbi Love Paradise Package t\u1ea1i spa Nha Trang v\u1edbi li\u1ec7u tr\u00ecnh 60 ph\u00fat body v\u00e0 x\u00f4ng h\u01a1i ch\u1ec9 t\u1eeb 790.000 VN\u0110. Tr\u1ea3i nghi\u1ec7m spa cao c\u1ea5p, kh\u00f4","breadcrumb":{"@id":"https:\/\/www.librahotelnhatrang.com\/vi\/chuong-trinh-khuyen-mai\/love-paradise-package-chi-tu-790-000-vnd\/#breadcrumb"},"inLanguage":"vi-VN","potentialAction":[{"@type":"ReadAction","target":["https:\/\/www.librahotelnhatrang.com\/vi\/chuong-trinh-khuyen-mai\/love-paradise-package-chi-tu-790-000-vnd\/"]}]},{"@type":"ImageObject","inLanguage":"vi-VN","@id":"https:\/\/www.librahotelnhatrang.com\/vi\/chuong-trinh-khuyen-mai\/love-paradise-package-chi-tu-790-000-vnd\/#primaryimage","url":"https:\/\/www.librahotelnhatrang.com\/wp-content\/uploads\/sites\/142\/2026\/02\/Libra_30.jpg","contentUrl":"https:\/\/www.librahotelnhatrang.com\/wp-content\/uploads\/sites\/142\/2026\/02\/Libra_30.jpg","width":1200,"height":2200},{"@type":"BreadcrumbList","@id":"https:\/\/www.librahotelnhatrang.com\/vi\/chuong-trinh-khuyen-mai\/love-paradise-package-chi-tu-790-000-vnd\/#breadcrumb","itemListElement":[{"@type":"ListItem","position":1,"name":"Home","item":"https:\/\/www.librahotelnhatrang.com\/vi\/"},{"@type":"ListItem","position":2,"name":"Ch\u01b0\u01a1ng tr\u00ecnh khuy\u1ebfn m\u00e3i","item":"https:\/\/www.librahotelnhatrang.com\/vi\/chuong-trinh-khuyen-mai\/"},{"@type":"ListItem","position":3,"name":"Love Paradise Package"}]},{"@type":"WebSite","@id":"https:\/\/www.librahotelnhatrang.com\/vi\/#website","url":"https:\/\/www.librahotelnhatrang.com\/vi\/","name":"Libra Hotel Nha Trang","description":"","potentialAction":[{"@type":"SearchAction","target":{"@type":"EntryPoint","urlTemplate":"https:\/\/www.librahotelnhatrang.com\/vi\/?s={search_term_string}"},"query-input":"required name=search_term_string"}],"inLanguage":"vi-VN"}]}},"acf":[],"_links":{"self":[{"href":"https:\/\/www.librahotelnhatrang.com\/vi\/wp-json\/wp\/v2\/pages\/494"}],"collection":[{"href":"https:\/\/www.librahotelnhatrang.com\/vi\/wp-json\/wp\/v2\/pages"}],"about":[{"href":"https:\/\/www.librahotelnhatrang.com\/vi\/wp-json\/wp\/v2\/types\/page"}],"author":[{"embeddable":true,"href":"https:\/\/www.librahotelnhatrang.com\/vi\/wp-json\/wp\/v2\/users\/269"}],"replies":[{"embeddable":true,"href":"https:\/\/www.librahotelnhatrang.com\/vi\/wp-json\/wp\/v2\/comments?post=494"}],"version-history":[{"count":0,"href":"https:\/\/www.librahotelnhatrang.com\/vi\/wp-json\/wp\/v2\/pages\/494\/revisions"}],"up":[{"embeddable":true,"href":"https:\/\/www.librahotelnhatrang.com\/vi\/wp-json\/wp\/v2\/pages\/105"}],"wp:featuredmedia":[{"embeddable":true,"href":"https:\/\/www.librahotelnhatrang.com\/vi\/wp-json\/wp\/v2\/media\/396"}],"wp:attachment":[{"href":"https:\/\/www.librahotelnhatrang.com\/vi\/wp-json\/wp\/v2\/media?parent=494"}],"curies":[{"name":"wp","href":"https:\/\/api.w.org\/{rel}","templated":true}]}}