{"id":501,"date":"2026-04-23T05:54:05","date_gmt":"2026-04-23T05:54:05","guid":{"rendered":"https:\/\/www.librahotelnhatrang.com\/?page_id=501"},"modified":"2026-04-23T06:39:57","modified_gmt":"2026-04-23T06:39:57","slug":"vietnam-melody-package-spa-nha-trang","status":"publish","type":"page","link":"https:\/\/www.librahotelnhatrang.com\/vi\/chuong-trinh-khuyen-mai\/vietnam-melody-package-spa-nha-trang\/","title":{"rendered":"VIETNAM MELODY PACKAGE"},"content":{"rendered":"<p data-start=\"2605\" data-end=\"2669\"><strong data-start=\"2605\" data-end=\"2669\">Vietnam Melody Package \u2013 Tinh hoa tr\u1ecb li\u1ec7u t\u1ea1i spa Nha Trang<\/strong><\/p>\n<p data-start=\"2671\" data-end=\"2822\">Ch\u1ec9 v\u1edbi 690.000 VN\u0110, Vietnam Melody Package l\u00e0 s\u1ef1 k\u1ebft h\u1ee3p gi\u1eefa k\u1ef9 thu\u1eadt massage truy\u1ec1n th\u1ed1ng v\u00e0 li\u1ec7u ph\u00e1p hi\u1ec7n \u0111\u1ea1i, mang \u0111\u1ebfn tr\u1ea3i nghi\u1ec7m th\u01b0 gi\u00e3n \u0111\u1ed9c \u0111\u00e1o t\u1ea1i spa Nha Trang.<\/p>\n<hr data-start=\"2824\" data-end=\"2827\" \/>\n<p data-section-id=\"1vv2uf0\" data-start=\"2829\" data-end=\"2867\"><span role=\"text\"><strong data-start=\"2833\" data-end=\"2867\">Li\u1ec7u tr\u00ecnh ch\u0103m s\u00f3c chuy\u00ean s\u00e2u<\/strong><\/span><\/p>\n<p data-start=\"2869\" data-end=\"2889\">G\u00f3i d\u1ecbch v\u1ee5 bao g\u1ed3m:<\/p>\n<ul data-start=\"2891\" data-end=\"3028\">\n<li data-section-id=\"5jz9yw\" data-start=\"2891\" data-end=\"2931\">60 ph\u00fat massage body k\u1ebft h\u1ee3p \u0111\u00e1 n\u00f3ng<\/li>\n<li data-section-id=\"1p7aoew\" data-start=\"2932\" data-end=\"2985\">60 ph\u00fat ch\u0103m s\u00f3c da m\u1eb7t b\u1eb1ng tinh d\u1ea7u thi\u00ean nhi\u00ean<\/li>\n<li data-section-id=\"1irdn0g\" data-start=\"2986\" data-end=\"3028\">X\u00f4ng h\u01a1i th\u01b0 gi\u00e3n gi\u00fap \u0111\u00e0o th\u1ea3i \u0111\u1ed9c t\u1ed1<\/li>\n<\/ul>\n<p data-start=\"3030\" data-end=\"3114\">\u0110\u00e2y l\u00e0 li\u1ec7u tr\u00ecnh \u0111\u1eb7c tr\u01b0ng t\u1ea1i spa Nha Trang, gi\u00fap ph\u1ee5c h\u1ed3i n\u0103ng l\u01b0\u1ee3ng nhanh ch\u00f3ng.<\/p>\n<hr data-start=\"3116\" data-end=\"3119\" \/>\n<p data-section-id=\"oiqjew\" data-start=\"3121\" data-end=\"3166\"><span role=\"text\"><strong data-start=\"3125\" data-end=\"3166\">Tr\u1ea3i nghi\u1ec7m v\u0103n h\u00f3a th\u01b0 gi\u00e3n Vi\u1ec7t Nam<\/strong><\/span><\/p>\n<p data-start=\"3168\" data-end=\"3289\">Spa Nha Trang kh\u00f4ng ch\u1ec9 n\u1ed5i b\u1eadt v\u1edbi d\u1ecbch v\u1ee5 cao c\u1ea5p m\u00e0 c\u00f2n mang \u0111\u1eadm d\u1ea5u \u1ea5n truy\u1ec1n th\u1ed1ng. Vietnam Melody Package gi\u00fap b\u1ea1n:<\/p>\n<ul data-start=\"3291\" data-end=\"3416\">\n<li data-section-id=\"fbjdy6\" data-start=\"3291\" data-end=\"3330\">C\u1ea3m nh\u1eadn k\u1ef9 thu\u1eadt massage c\u1ed5 truy\u1ec1n<\/li>\n<li data-section-id=\"1rkmc4w\" data-start=\"3331\" data-end=\"3372\">Th\u01b0 gi\u00e3n s\u00e2u v\u1edbi tinh d\u1ea7u thi\u00ean nhi\u00ean<\/li>\n<li data-section-id=\"lf3gt4\" data-start=\"3373\" data-end=\"3416\">T\u1eadn h\u01b0\u1edfng kh\u00f4ng gian y\u00ean t\u0129nh, ri\u00eang t\u01b0<\/li>\n<\/ul>\n<hr data-start=\"3418\" data-end=\"3421\" \/>\n<p data-section-id=\"1xcvhe7\" data-start=\"3423\" data-end=\"3446\"><span role=\"text\"><strong data-start=\"3427\" data-end=\"3446\">Ph\u00f9 h\u1ee3p cho ai?<\/strong><\/span><\/p>\n<ul data-start=\"3448\" data-end=\"3594\">\n<li data-section-id=\"302zub\" data-start=\"3448\" data-end=\"3510\">Kh\u00e1ch du l\u1ecbch mu\u1ed1n tr\u1ea3i nghi\u1ec7m spa Nha Trang chu\u1ea9n b\u1ea3n \u0111\u1ecba<\/li>\n<li data-section-id=\"t0ktal\" data-start=\"3511\" data-end=\"3553\">Ng\u01b0\u1eddi c\u1ea7n ph\u1ee5c h\u1ed3i c\u01a1 th\u1ec3 sau v\u1eadn \u0111\u1ed9ng<\/li>\n<li data-section-id=\"dv1knr\" data-start=\"3554\" data-end=\"3594\">Kh\u00e1ch h\u00e0ng y\u00eau th\u00edch massage \u0111\u00e1 n\u00f3ng<\/li>\n<\/ul>\n<hr data-start=\"3596\" data-end=\"3599\" \/>\n<h3 data-section-id=\"bf5zek\" data-start=\"3601\" data-end=\"3617\"><\/h3>\n<p data-start=\"3619\" data-end=\"3758\">Vietnam Melody Package l\u00e0 l\u1ef1a ch\u1ecdn l\u00fd t\u01b0\u1edfng n\u1ebfu b\u1ea1n mu\u1ed1n kh\u00e1m ph\u00e1 n\u00e9t \u0111\u1eb7c tr\u01b0ng c\u1ee7a spa Nha Trang trong m\u1ed9t li\u1ec7u tr\u00ecnh tr\u1ecdn v\u1eb9n v\u00e0 tinh t\u1ebf.<\/p>\n","protected":false},"excerpt":{"rendered":"<p>Vietnam Melody Package \u2013 Tinh hoa tr\u1ecb li\u1ec7u t\u1ea1i spa Nha Trang Ch\u1ec9 v\u1edbi 690.000 VN\u0110, Vietnam Melody Package l\u00e0 s\u1ef1 k\u1ebft h\u1ee3p gi\u1eefa k\u1ef9 thu\u1eadt massage truy\u1ec1n th\u1ed1ng v\u00e0 li\u1ec7u ph\u00e1p hi\u1ec7n \u0111\u1ea1i, mang \u0111\u1ebfn tr\u1ea3i nghi\u1ec7m th\u01b0 gi\u00e3n \u0111\u1ed9c \u0111\u00e1o t\u1ea1i spa Nha Trang. Li\u1ec7u tr\u00ecnh ch\u0103m s\u00f3c chuy\u00ean s\u00e2u G\u00f3i d\u1ecbch v\u1ee5 [&hellip;]<\/p>\n","protected":false},"author":269,"featured_media":358,"parent":105,"menu_order":0,"comment_status":"closed","ping_status":"closed","template":"template-offers.php","meta":{"footnotes":""},"yoast_head":"<!-- This site is optimized with the Yoast SEO plugin v22.3 - https:\/\/yoast.com\/wordpress\/plugins\/seo\/ -->\n<title>VIETNAM MELODY PACKAGE - Libra Hotel Nha Trang<\/title>\n<meta name=\"description\" content=\"Kh\u00e1m ph\u00e1 Vietnam Melody Package t\u1ea1i spa Nha Trang v\u1edbi massage \u0111\u00e1 n\u00f3ng, tinh d\u1ea7u v\u00e0 x\u00f4ng h\u01a1i ch\u1ec9 690.000 VN\u0110. Tr\u1ea3i nghi\u1ec7m th\u01b0 gi\u00e3n chu\u00e2n\" \/>\n<meta name=\"robots\" content=\"index, follow, max-snippet:-1, max-image-preview:large, max-video-preview:-1\" \/>\n<link rel=\"canonical\" href=\"https:\/\/www.librahotelnhatrang.com\/vi\/chuong-trinh-khuyen-mai\/vietnam-melody-package-spa-nha-trang\/\" \/>\n<meta property=\"og:locale\" content=\"vi_VN\" \/>\n<meta property=\"og:type\" content=\"article\" \/>\n<meta property=\"og:title\" content=\"VIETNAM MELODY PACKAGE - Libra Hotel Nha Trang\" \/>\n<meta property=\"og:description\" content=\"Kh\u00e1m ph\u00e1 Vietnam Melody Package t\u1ea1i spa Nha Trang v\u1edbi massage \u0111\u00e1 n\u00f3ng, tinh d\u1ea7u v\u00e0 x\u00f4ng h\u01a1i ch\u1ec9 690.000 VN\u0110. Tr\u1ea3i nghi\u1ec7m th\u01b0 gi\u00e3n chu\u00e2n\" \/>\n<meta property=\"og:url\" content=\"https:\/\/www.librahotelnhatrang.com\/vi\/chuong-trinh-khuyen-mai\/vietnam-melody-package-spa-nha-trang\/\" \/>\n<meta property=\"og:site_name\" content=\"Libra Hotel Nha Trang\" \/>\n<meta property=\"article:modified_time\" content=\"2026-04-23T06:39:57+00:00\" \/>\n<meta property=\"og:image\" content=\"http:\/\/www.librahotelnhatrang.com\/wp-content\/uploads\/sites\/142\/2026\/01\/Hera-Spa-6.jpg\" \/>\n\t<meta property=\"og:image:width\" content=\"2200\" \/>\n\t<meta property=\"og:image:height\" content=\"1467\" \/>\n\t<meta property=\"og:image:type\" content=\"image\/jpeg\" \/>\n<meta name=\"twitter:card\" content=\"summary_large_image\" \/>\n<meta name=\"twitter:label1\" content=\"Est. reading time\" \/>\n\t<meta name=\"twitter:data1\" content=\"2 minutes\" \/>\n<script type=\"application\/ld+json\" class=\"yoast-schema-graph\">{\"@context\":\"https:\/\/schema.org\",\"@graph\":[{\"@type\":\"WebPage\",\"@id\":\"https:\/\/www.librahotelnhatrang.com\/vi\/chuong-trinh-khuyen-mai\/vietnam-melody-package-spa-nha-trang\/\",\"url\":\"https:\/\/www.librahotelnhatrang.com\/vi\/chuong-trinh-khuyen-mai\/vietnam-melody-package-spa-nha-trang\/\",\"name\":\"VIETNAM MELODY PACKAGE - Libra Hotel Nha Trang\",\"isPartOf\":{\"@id\":\"https:\/\/www.librahotelnhatrang.com\/vi\/#website\"},\"primaryImageOfPage\":{\"@id\":\"https:\/\/www.librahotelnhatrang.com\/vi\/chuong-trinh-khuyen-mai\/vietnam-melody-package-spa-nha-trang\/#primaryimage\"},\"image\":{\"@id\":\"https:\/\/www.librahotelnhatrang.com\/vi\/chuong-trinh-khuyen-mai\/vietnam-melody-package-spa-nha-trang\/#primaryimage\"},\"thumbnailUrl\":\"https:\/\/www.librahotelnhatrang.com\/wp-content\/uploads\/sites\/142\/2026\/01\/Hera-Spa-6.jpg\",\"datePublished\":\"2026-04-23T05:54:05+00:00\",\"dateModified\":\"2026-04-23T06:39:57+00:00\",\"description\":\"Kh\u00e1m ph\u00e1 Vietnam Melody Package t\u1ea1i spa Nha Trang v\u1edbi massage \u0111\u00e1 n\u00f3ng, tinh d\u1ea7u v\u00e0 x\u00f4ng h\u01a1i ch\u1ec9 690.000 VN\u0110. Tr\u1ea3i nghi\u1ec7m th\u01b0 gi\u00e3n chu\u00e2n\",\"breadcrumb\":{\"@id\":\"https:\/\/www.librahotelnhatrang.com\/vi\/chuong-trinh-khuyen-mai\/vietnam-melody-package-spa-nha-trang\/#breadcrumb\"},\"inLanguage\":\"vi-VN\",\"potentialAction\":[{\"@type\":\"ReadAction\",\"target\":[\"https:\/\/www.librahotelnhatrang.com\/vi\/chuong-trinh-khuyen-mai\/vietnam-melody-package-spa-nha-trang\/\"]}]},{\"@type\":\"ImageObject\",\"inLanguage\":\"vi-VN\",\"@id\":\"https:\/\/www.librahotelnhatrang.com\/vi\/chuong-trinh-khuyen-mai\/vietnam-melody-package-spa-nha-trang\/#primaryimage\",\"url\":\"https:\/\/www.librahotelnhatrang.com\/wp-content\/uploads\/sites\/142\/2026\/01\/Hera-Spa-6.jpg\",\"contentUrl\":\"https:\/\/www.librahotelnhatrang.com\/wp-content\/uploads\/sites\/142\/2026\/01\/Hera-Spa-6.jpg\",\"width\":2200,\"height\":1467},{\"@type\":\"BreadcrumbList\",\"@id\":\"https:\/\/www.librahotelnhatrang.com\/vi\/chuong-trinh-khuyen-mai\/vietnam-melody-package-spa-nha-trang\/#breadcrumb\",\"itemListElement\":[{\"@type\":\"ListItem\",\"position\":1,\"name\":\"Home\",\"item\":\"https:\/\/www.librahotelnhatrang.com\/vi\/\"},{\"@type\":\"ListItem\",\"position\":2,\"name\":\"Ch\u01b0\u01a1ng tr\u00ecnh khuy\u1ebfn m\u00e3i\",\"item\":\"https:\/\/www.librahotelnhatrang.com\/vi\/chuong-trinh-khuyen-mai\/\"},{\"@type\":\"ListItem\",\"position\":3,\"name\":\"VIETNAM MELODY PACKAGE\"}]},{\"@type\":\"WebSite\",\"@id\":\"https:\/\/www.librahotelnhatrang.com\/vi\/#website\",\"url\":\"https:\/\/www.librahotelnhatrang.com\/vi\/\",\"name\":\"Libra Hotel Nha Trang\",\"description\":\"\",\"potentialAction\":[{\"@type\":\"SearchAction\",\"target\":{\"@type\":\"EntryPoint\",\"urlTemplate\":\"https:\/\/www.librahotelnhatrang.com\/vi\/?s={search_term_string}\"},\"query-input\":\"required name=search_term_string\"}],\"inLanguage\":\"vi-VN\"}]}<\/script>\n<!-- \/ Yoast SEO plugin. -->","yoast_head_json":{"title":"VIETNAM MELODY PACKAGE - Libra Hotel Nha Trang","description":"Kh\u00e1m ph\u00e1 Vietnam Melody Package t\u1ea1i spa Nha Trang v\u1edbi massage \u0111\u00e1 n\u00f3ng, tinh d\u1ea7u v\u00e0 x\u00f4ng h\u01a1i ch\u1ec9 690.000 VN\u0110. Tr\u1ea3i nghi\u1ec7m th\u01b0 gi\u00e3n chu\u00e2n","robots":{"index":"index","follow":"follow","max-snippet":"max-snippet:-1","max-image-preview":"max-image-preview:large","max-video-preview":"max-video-preview:-1"},"canonical":"https:\/\/www.librahotelnhatrang.com\/vi\/chuong-trinh-khuyen-mai\/vietnam-melody-package-spa-nha-trang\/","og_locale":"vi_VN","og_type":"article","og_title":"VIETNAM MELODY PACKAGE - Libra Hotel Nha Trang","og_description":"Kh\u00e1m ph\u00e1 Vietnam Melody Package t\u1ea1i spa Nha Trang v\u1edbi massage \u0111\u00e1 n\u00f3ng, tinh d\u1ea7u v\u00e0 x\u00f4ng h\u01a1i ch\u1ec9 690.000 VN\u0110. Tr\u1ea3i nghi\u1ec7m th\u01b0 gi\u00e3n chu\u00e2n","og_url":"https:\/\/www.librahotelnhatrang.com\/vi\/chuong-trinh-khuyen-mai\/vietnam-melody-package-spa-nha-trang\/","og_site_name":"Libra Hotel Nha Trang","article_modified_time":"2026-04-23T06:39:57+00:00","og_image":[{"width":2200,"height":1467,"url":"http:\/\/www.librahotelnhatrang.com\/wp-content\/uploads\/sites\/142\/2026\/01\/Hera-Spa-6.jpg","type":"image\/jpeg"}],"twitter_card":"summary_large_image","twitter_misc":{"Est. reading time":"2 minutes"},"schema":{"@context":"https:\/\/schema.org","@graph":[{"@type":"WebPage","@id":"https:\/\/www.librahotelnhatrang.com\/vi\/chuong-trinh-khuyen-mai\/vietnam-melody-package-spa-nha-trang\/","url":"https:\/\/www.librahotelnhatrang.com\/vi\/chuong-trinh-khuyen-mai\/vietnam-melody-package-spa-nha-trang\/","name":"VIETNAM MELODY PACKAGE - Libra Hotel Nha Trang","isPartOf":{"@id":"https:\/\/www.librahotelnhatrang.com\/vi\/#website"},"primaryImageOfPage":{"@id":"https:\/\/www.librahotelnhatrang.com\/vi\/chuong-trinh-khuyen-mai\/vietnam-melody-package-spa-nha-trang\/#primaryimage"},"image":{"@id":"https:\/\/www.librahotelnhatrang.com\/vi\/chuong-trinh-khuyen-mai\/vietnam-melody-package-spa-nha-trang\/#primaryimage"},"thumbnailUrl":"https:\/\/www.librahotelnhatrang.com\/wp-content\/uploads\/sites\/142\/2026\/01\/Hera-Spa-6.jpg","datePublished":"2026-04-23T05:54:05+00:00","dateModified":"2026-04-23T06:39:57+00:00","description":"Kh\u00e1m ph\u00e1 Vietnam Melody Package t\u1ea1i spa Nha Trang v\u1edbi massage \u0111\u00e1 n\u00f3ng, tinh d\u1ea7u v\u00e0 x\u00f4ng h\u01a1i ch\u1ec9 690.000 VN\u0110. Tr\u1ea3i nghi\u1ec7m th\u01b0 gi\u00e3n chu\u00e2n","breadcrumb":{"@id":"https:\/\/www.librahotelnhatrang.com\/vi\/chuong-trinh-khuyen-mai\/vietnam-melody-package-spa-nha-trang\/#breadcrumb"},"inLanguage":"vi-VN","potentialAction":[{"@type":"ReadAction","target":["https:\/\/www.librahotelnhatrang.com\/vi\/chuong-trinh-khuyen-mai\/vietnam-melody-package-spa-nha-trang\/"]}]},{"@type":"ImageObject","inLanguage":"vi-VN","@id":"https:\/\/www.librahotelnhatrang.com\/vi\/chuong-trinh-khuyen-mai\/vietnam-melody-package-spa-nha-trang\/#primaryimage","url":"https:\/\/www.librahotelnhatrang.com\/wp-content\/uploads\/sites\/142\/2026\/01\/Hera-Spa-6.jpg","contentUrl":"https:\/\/www.librahotelnhatrang.com\/wp-content\/uploads\/sites\/142\/2026\/01\/Hera-Spa-6.jpg","width":2200,"height":1467},{"@type":"BreadcrumbList","@id":"https:\/\/www.librahotelnhatrang.com\/vi\/chuong-trinh-khuyen-mai\/vietnam-melody-package-spa-nha-trang\/#breadcrumb","itemListElement":[{"@type":"ListItem","position":1,"name":"Home","item":"https:\/\/www.librahotelnhatrang.com\/vi\/"},{"@type":"ListItem","position":2,"name":"Ch\u01b0\u01a1ng tr\u00ecnh khuy\u1ebfn m\u00e3i","item":"https:\/\/www.librahotelnhatrang.com\/vi\/chuong-trinh-khuyen-mai\/"},{"@type":"ListItem","position":3,"name":"VIETNAM MELODY PACKAGE"}]},{"@type":"WebSite","@id":"https:\/\/www.librahotelnhatrang.com\/vi\/#website","url":"https:\/\/www.librahotelnhatrang.com\/vi\/","name":"Libra Hotel Nha Trang","description":"","potentialAction":[{"@type":"SearchAction","target":{"@type":"EntryPoint","urlTemplate":"https:\/\/www.librahotelnhatrang.com\/vi\/?s={search_term_string}"},"query-input":"required name=search_term_string"}],"inLanguage":"vi-VN"}]}},"acf":[],"_links":{"self":[{"href":"https:\/\/www.librahotelnhatrang.com\/vi\/wp-json\/wp\/v2\/pages\/501"}],"collection":[{"href":"https:\/\/www.librahotelnhatrang.com\/vi\/wp-json\/wp\/v2\/pages"}],"about":[{"href":"https:\/\/www.librahotelnhatrang.com\/vi\/wp-json\/wp\/v2\/types\/page"}],"author":[{"embeddable":true,"href":"https:\/\/www.librahotelnhatrang.com\/vi\/wp-json\/wp\/v2\/users\/269"}],"replies":[{"embeddable":true,"href":"https:\/\/www.librahotelnhatrang.com\/vi\/wp-json\/wp\/v2\/comments?post=501"}],"version-history":[{"count":0,"href":"https:\/\/www.librahotelnhatrang.com\/vi\/wp-json\/wp\/v2\/pages\/501\/revisions"}],"up":[{"embeddable":true,"href":"https:\/\/www.librahotelnhatrang.com\/vi\/wp-json\/wp\/v2\/pages\/105"}],"wp:featuredmedia":[{"embeddable":true,"href":"https:\/\/www.librahotelnhatrang.com\/vi\/wp-json\/wp\/v2\/media\/358"}],"wp:attachment":[{"href":"https:\/\/www.librahotelnhatrang.com\/vi\/wp-json\/wp\/v2\/media?parent=501"}],"curies":[{"name":"wp","href":"https:\/\/api.w.org\/{rel}","templated":true}]}}