{"id":51,"date":"2026-01-06T08:46:52","date_gmt":"2026-01-06T08:46:52","guid":{"rendered":"https:\/\/librahotelnhatrang.ms2.decms.asia\/?page_id=51"},"modified":"2026-04-14T08:03:43","modified_gmt":"2026-04-14T08:03:43","slug":"deluxe-sea-view","status":"publish","type":"page","link":"https:\/\/www.librahotelnhatrang.com\/vi\/rooms\/deluxe-sea-view\/","title":{"rendered":"Deluxe Sea View"},"content":{"rendered":"<p>Ph\u00f2ng Deluxe Sea View t\u1ea1i Libra Hotel Nha Trang l\u00e0 kh\u00f4ng gian ngh\u1ec9 d\u01b0\u1ee1ng l\u00fd t\u01b0\u1edfng cho k\u1ef3 ngh\u1ec9 c\u00f9ng b\u1ea1n th\u00e2n ho\u1eb7c gia \u0111\u00ecnh nh\u1ecf.<\/p>\n<p>Deluxe Sea View s\u1edf h\u1eefu t\u1ea7m nh\u00ecn hai h\u01b0\u1edbng g\u1ed3m g\u00f3c bi\u1ec3n v\u00e0 th\u00e0nh ph\u1ed1 Nha Trang th\u01a1 m\u1ed9ng, \u0111\u1ed3ng th\u1eddi c\u00f3 khung c\u1eeda s\u1ed5 r\u1ed9ng mang \u00e1nh s\u00e1ng t\u1ef1 nhi\u00ean chan h\u00f2a. Ph\u00f2ng \u0111\u01b0\u1ee3c trang b\u1ecb hai gi\u01b0\u1eddng \u0111\u01a1n \u00eam \u00e1i, \u0111\u1ea7y \u0111\u1ee7 ti\u1ec7n nghi c\u01a1 b\u1ea3n, mang \u0111\u1ebfn s\u1ef1 tho\u1ea3i m\u00e1i xuy\u00ean su\u1ed1t nh\u1eefng ng\u00e0y l\u01b0u tr\u00fa.<\/p>\n<p>T\u1ecda l\u1ea1c ngay gi\u1eefa trung t\u00e2m Nha Trang, \u0111\u00e2y l\u00e0 l\u1ef1a ch\u1ecdn ho\u00e0n h\u1ea3o cho chuy\u1ebfn du l\u1ecbch c\u1ee7a b\u1ea1n.<\/p>\n","protected":false},"excerpt":{"rendered":"<p>Ph\u00f2ng Deluxe Sea View t\u1ea1i Libra Hotel Nha Trang l\u00e0 kh\u00f4ng gian ngh\u1ec9 d\u01b0\u1ee1ng l\u00fd t\u01b0\u1edfng cho k\u1ef3 ngh\u1ec9 c\u00f9ng b\u1ea1n th\u00e2n ho\u1eb7c gia \u0111\u00ecnh nh\u1ecf. Deluxe Sea View s\u1edf h\u1eefu t\u1ea7m nh\u00ecn hai h\u01b0\u1edbng g\u1ed3m g\u00f3c bi\u1ec3n v\u00e0 th\u00e0nh ph\u1ed1 Nha Trang th\u01a1 m\u1ed9ng, \u0111\u1ed3ng th\u1eddi c\u00f3 khung c\u1eeda s\u1ed5 r\u1ed9ng mang \u00e1nh s\u00e1ng [&hellip;]<\/p>\n","protected":false},"author":90,"featured_media":53,"parent":8,"menu_order":3,"comment_status":"closed","ping_status":"closed","template":"template-single-room.php","meta":{"footnotes":""},"yoast_head":"<!-- This site is optimized with the Yoast SEO plugin v22.3 - https:\/\/yoast.com\/wordpress\/plugins\/seo\/ -->\n<title>Perfect Stay in Nha Trang| Deluxe Sea View at Libra Hotel<\/title>\n<meta name=\"description\" content=\"Tr\u1ea3i nghi\u1ec7m kh\u00f4ng gian ngh\u1ec9 d\u01b0\u1ee1ng tho\u00e1ng \u0111\u00e3ng t\u1ea1i ph\u00f2ng Deluxe Sea View c\u1ee7a Libra Hotel Nha Trang \u2013 l\u1ef1a ch\u1ecdn l\u00fd t\u01b0\u1edfng cho chuy\u1ebfn du l\u1ecbch bi\u1ec3n\" \/>\n<meta name=\"robots\" content=\"index, follow, max-snippet:-1, max-image-preview:large, max-video-preview:-1\" \/>\n<link rel=\"canonical\" href=\"https:\/\/www.librahotelnhatrang.com\/vi\/rooms\/deluxe-sea-view\/\" \/>\n<meta property=\"og:locale\" content=\"vi_VN\" \/>\n<meta property=\"og:type\" content=\"article\" \/>\n<meta property=\"og:title\" content=\"Perfect Stay in Nha Trang| Deluxe Sea View at Libra Hotel\" \/>\n<meta property=\"og:description\" content=\"Tr\u1ea3i nghi\u1ec7m kh\u00f4ng gian ngh\u1ec9 d\u01b0\u1ee1ng tho\u00e1ng \u0111\u00e3ng t\u1ea1i ph\u00f2ng Deluxe Sea View c\u1ee7a Libra Hotel Nha Trang \u2013 l\u1ef1a ch\u1ecdn l\u00fd t\u01b0\u1edfng cho chuy\u1ebfn du l\u1ecbch bi\u1ec3n\" \/>\n<meta property=\"og:url\" content=\"https:\/\/www.librahotelnhatrang.com\/vi\/rooms\/deluxe-sea-view\/\" \/>\n<meta property=\"og:site_name\" content=\"Libra Hotel Nha Trang\" \/>\n<meta property=\"article:modified_time\" content=\"2026-04-14T08:03:43+00:00\" \/>\n<meta property=\"og:image\" content=\"http:\/\/www.librahotelnhatrang.com\/wp-content\/uploads\/sites\/142\/2026\/01\/LIBRA-DELUXE-SEA-VIEW-11.jpg\" \/>\n\t<meta property=\"og:image:width\" content=\"2200\" \/>\n\t<meta property=\"og:image:height\" content=\"1586\" \/>\n\t<meta property=\"og:image:type\" content=\"image\/jpeg\" \/>\n<meta name=\"twitter:card\" content=\"summary_large_image\" \/>\n<meta name=\"twitter:label1\" content=\"Est. reading time\" \/>\n\t<meta name=\"twitter:data1\" content=\"1 minute\" \/>\n<script type=\"application\/ld+json\" class=\"yoast-schema-graph\">{\"@context\":\"https:\/\/schema.org\",\"@graph\":[{\"@type\":\"WebPage\",\"@id\":\"https:\/\/www.librahotelnhatrang.com\/vi\/rooms\/deluxe-sea-view\/\",\"url\":\"https:\/\/www.librahotelnhatrang.com\/vi\/rooms\/deluxe-sea-view\/\",\"name\":\"Perfect Stay in Nha Trang| Deluxe Sea View at Libra Hotel\",\"isPartOf\":{\"@id\":\"https:\/\/www.librahotelnhatrang.com\/vi\/#website\"},\"primaryImageOfPage\":{\"@id\":\"https:\/\/www.librahotelnhatrang.com\/vi\/rooms\/deluxe-sea-view\/#primaryimage\"},\"image\":{\"@id\":\"https:\/\/www.librahotelnhatrang.com\/vi\/rooms\/deluxe-sea-view\/#primaryimage\"},\"thumbnailUrl\":\"https:\/\/www.librahotelnhatrang.com\/wp-content\/uploads\/sites\/142\/2026\/01\/LIBRA-DELUXE-SEA-VIEW-11.jpg\",\"datePublished\":\"2026-01-06T08:46:52+00:00\",\"dateModified\":\"2026-04-14T08:03:43+00:00\",\"description\":\"Tr\u1ea3i nghi\u1ec7m kh\u00f4ng gian ngh\u1ec9 d\u01b0\u1ee1ng tho\u00e1ng \u0111\u00e3ng t\u1ea1i ph\u00f2ng Deluxe Sea View c\u1ee7a Libra Hotel Nha Trang \u2013 l\u1ef1a ch\u1ecdn l\u00fd t\u01b0\u1edfng cho chuy\u1ebfn du l\u1ecbch bi\u1ec3n\",\"breadcrumb\":{\"@id\":\"https:\/\/www.librahotelnhatrang.com\/vi\/rooms\/deluxe-sea-view\/#breadcrumb\"},\"inLanguage\":\"vi-VN\",\"potentialAction\":[{\"@type\":\"ReadAction\",\"target\":[\"https:\/\/www.librahotelnhatrang.com\/vi\/rooms\/deluxe-sea-view\/\"]}]},{\"@type\":\"ImageObject\",\"inLanguage\":\"vi-VN\",\"@id\":\"https:\/\/www.librahotelnhatrang.com\/vi\/rooms\/deluxe-sea-view\/#primaryimage\",\"url\":\"https:\/\/www.librahotelnhatrang.com\/wp-content\/uploads\/sites\/142\/2026\/01\/LIBRA-DELUXE-SEA-VIEW-11.jpg\",\"contentUrl\":\"https:\/\/www.librahotelnhatrang.com\/wp-content\/uploads\/sites\/142\/2026\/01\/LIBRA-DELUXE-SEA-VIEW-11.jpg\",\"width\":2200,\"height\":1586},{\"@type\":\"BreadcrumbList\",\"@id\":\"https:\/\/www.librahotelnhatrang.com\/vi\/rooms\/deluxe-sea-view\/#breadcrumb\",\"itemListElement\":[{\"@type\":\"ListItem\",\"position\":1,\"name\":\"Home\",\"item\":\"https:\/\/www.librahotelnhatrang.com\/vi\/\"},{\"@type\":\"ListItem\",\"position\":2,\"name\":\"C\u00e1c h\u1ea1ng ph\u00f2ng\",\"item\":\"https:\/\/www.librahotelnhatrang.com\/vi\/rooms\/\"},{\"@type\":\"ListItem\",\"position\":3,\"name\":\"Deluxe Sea View\"}]},{\"@type\":\"WebSite\",\"@id\":\"https:\/\/www.librahotelnhatrang.com\/vi\/#website\",\"url\":\"https:\/\/www.librahotelnhatrang.com\/vi\/\",\"name\":\"Libra Hotel Nha Trang\",\"description\":\"\",\"potentialAction\":[{\"@type\":\"SearchAction\",\"target\":{\"@type\":\"EntryPoint\",\"urlTemplate\":\"https:\/\/www.librahotelnhatrang.com\/vi\/?s={search_term_string}\"},\"query-input\":\"required name=search_term_string\"}],\"inLanguage\":\"vi-VN\"}]}<\/script>\n<!-- \/ Yoast SEO plugin. -->","yoast_head_json":{"title":"Perfect Stay in Nha Trang| Deluxe Sea View at Libra Hotel","description":"Tr\u1ea3i nghi\u1ec7m kh\u00f4ng gian ngh\u1ec9 d\u01b0\u1ee1ng tho\u00e1ng \u0111\u00e3ng t\u1ea1i ph\u00f2ng Deluxe Sea View c\u1ee7a Libra Hotel Nha Trang \u2013 l\u1ef1a ch\u1ecdn l\u00fd t\u01b0\u1edfng cho chuy\u1ebfn du l\u1ecbch bi\u1ec3n","robots":{"index":"index","follow":"follow","max-snippet":"max-snippet:-1","max-image-preview":"max-image-preview:large","max-video-preview":"max-video-preview:-1"},"canonical":"https:\/\/www.librahotelnhatrang.com\/vi\/rooms\/deluxe-sea-view\/","og_locale":"vi_VN","og_type":"article","og_title":"Perfect Stay in Nha Trang| Deluxe Sea View at Libra Hotel","og_description":"Tr\u1ea3i nghi\u1ec7m kh\u00f4ng gian ngh\u1ec9 d\u01b0\u1ee1ng tho\u00e1ng \u0111\u00e3ng t\u1ea1i ph\u00f2ng Deluxe Sea View c\u1ee7a Libra Hotel Nha Trang \u2013 l\u1ef1a ch\u1ecdn l\u00fd t\u01b0\u1edfng cho chuy\u1ebfn du l\u1ecbch bi\u1ec3n","og_url":"https:\/\/www.librahotelnhatrang.com\/vi\/rooms\/deluxe-sea-view\/","og_site_name":"Libra Hotel Nha Trang","article_modified_time":"2026-04-14T08:03:43+00:00","og_image":[{"width":2200,"height":1586,"url":"http:\/\/www.librahotelnhatrang.com\/wp-content\/uploads\/sites\/142\/2026\/01\/LIBRA-DELUXE-SEA-VIEW-11.jpg","type":"image\/jpeg"}],"twitter_card":"summary_large_image","twitter_misc":{"Est. reading time":"1 minute"},"schema":{"@context":"https:\/\/schema.org","@graph":[{"@type":"WebPage","@id":"https:\/\/www.librahotelnhatrang.com\/vi\/rooms\/deluxe-sea-view\/","url":"https:\/\/www.librahotelnhatrang.com\/vi\/rooms\/deluxe-sea-view\/","name":"Perfect Stay in Nha Trang| Deluxe Sea View at Libra Hotel","isPartOf":{"@id":"https:\/\/www.librahotelnhatrang.com\/vi\/#website"},"primaryImageOfPage":{"@id":"https:\/\/www.librahotelnhatrang.com\/vi\/rooms\/deluxe-sea-view\/#primaryimage"},"image":{"@id":"https:\/\/www.librahotelnhatrang.com\/vi\/rooms\/deluxe-sea-view\/#primaryimage"},"thumbnailUrl":"https:\/\/www.librahotelnhatrang.com\/wp-content\/uploads\/sites\/142\/2026\/01\/LIBRA-DELUXE-SEA-VIEW-11.jpg","datePublished":"2026-01-06T08:46:52+00:00","dateModified":"2026-04-14T08:03:43+00:00","description":"Tr\u1ea3i nghi\u1ec7m kh\u00f4ng gian ngh\u1ec9 d\u01b0\u1ee1ng tho\u00e1ng \u0111\u00e3ng t\u1ea1i ph\u00f2ng Deluxe Sea View c\u1ee7a Libra Hotel Nha Trang \u2013 l\u1ef1a ch\u1ecdn l\u00fd t\u01b0\u1edfng cho chuy\u1ebfn du l\u1ecbch bi\u1ec3n","breadcrumb":{"@id":"https:\/\/www.librahotelnhatrang.com\/vi\/rooms\/deluxe-sea-view\/#breadcrumb"},"inLanguage":"vi-VN","potentialAction":[{"@type":"ReadAction","target":["https:\/\/www.librahotelnhatrang.com\/vi\/rooms\/deluxe-sea-view\/"]}]},{"@type":"ImageObject","inLanguage":"vi-VN","@id":"https:\/\/www.librahotelnhatrang.com\/vi\/rooms\/deluxe-sea-view\/#primaryimage","url":"https:\/\/www.librahotelnhatrang.com\/wp-content\/uploads\/sites\/142\/2026\/01\/LIBRA-DELUXE-SEA-VIEW-11.jpg","contentUrl":"https:\/\/www.librahotelnhatrang.com\/wp-content\/uploads\/sites\/142\/2026\/01\/LIBRA-DELUXE-SEA-VIEW-11.jpg","width":2200,"height":1586},{"@type":"BreadcrumbList","@id":"https:\/\/www.librahotelnhatrang.com\/vi\/rooms\/deluxe-sea-view\/#breadcrumb","itemListElement":[{"@type":"ListItem","position":1,"name":"Home","item":"https:\/\/www.librahotelnhatrang.com\/vi\/"},{"@type":"ListItem","position":2,"name":"C\u00e1c h\u1ea1ng ph\u00f2ng","item":"https:\/\/www.librahotelnhatrang.com\/vi\/rooms\/"},{"@type":"ListItem","position":3,"name":"Deluxe Sea View"}]},{"@type":"WebSite","@id":"https:\/\/www.librahotelnhatrang.com\/vi\/#website","url":"https:\/\/www.librahotelnhatrang.com\/vi\/","name":"Libra Hotel Nha Trang","description":"","potentialAction":[{"@type":"SearchAction","target":{"@type":"EntryPoint","urlTemplate":"https:\/\/www.librahotelnhatrang.com\/vi\/?s={search_term_string}"},"query-input":"required name=search_term_string"}],"inLanguage":"vi-VN"}]}},"acf":[],"_links":{"self":[{"href":"https:\/\/www.librahotelnhatrang.com\/vi\/wp-json\/wp\/v2\/pages\/51"}],"collection":[{"href":"https:\/\/www.librahotelnhatrang.com\/vi\/wp-json\/wp\/v2\/pages"}],"about":[{"href":"https:\/\/www.librahotelnhatrang.com\/vi\/wp-json\/wp\/v2\/types\/page"}],"author":[{"embeddable":true,"href":"https:\/\/www.librahotelnhatrang.com\/vi\/wp-json\/wp\/v2\/users\/90"}],"replies":[{"embeddable":true,"href":"https:\/\/www.librahotelnhatrang.com\/vi\/wp-json\/wp\/v2\/comments?post=51"}],"version-history":[{"count":0,"href":"https:\/\/www.librahotelnhatrang.com\/vi\/wp-json\/wp\/v2\/pages\/51\/revisions"}],"up":[{"embeddable":true,"href":"https:\/\/www.librahotelnhatrang.com\/vi\/wp-json\/wp\/v2\/pages\/8"}],"wp:featuredmedia":[{"embeddable":true,"href":"https:\/\/www.librahotelnhatrang.com\/vi\/wp-json\/wp\/v2\/media\/53"}],"wp:attachment":[{"href":"https:\/\/www.librahotelnhatrang.com\/vi\/wp-json\/wp\/v2\/media?parent=51"}],"curies":[{"name":"wp","href":"https:\/\/api.w.org\/{rel}","templated":true}]}}