{"id":510,"date":"2026-04-23T06:04:30","date_gmt":"2026-04-23T06:04:30","guid":{"rendered":"https:\/\/www.librahotelnhatrang.com\/?page_id=510"},"modified":"2026-04-23T06:44:07","modified_gmt":"2026-04-23T06:44:07","slug":"signature-romantic-set-menu","status":"publish","type":"page","link":"https:\/\/www.librahotelnhatrang.com\/vi\/chuong-trinh-khuyen-mai\/signature-romantic-set-menu\/","title":{"rendered":"Signature Romantic Set Menu"},"content":{"rendered":"<p data-section-id=\"1oo7fvi\" data-start=\"571\" data-end=\"653\"><span role=\"text\"><strong data-start=\"574\" data-end=\"653\">Signature Romantic Set Menu \u2013 D\u1ea5u \u1ea5n \u1ea9m th\u1ef1c cho m\u1ecdi kho\u1ea3nh kh\u1eafc y\u00eau th\u01b0\u01a1ng<\/strong><\/span><\/p>\n<p data-start=\"655\" data-end=\"963\">V\u1edbi m\u1ee9c gi\u00e1 ch\u1ec9 <strong data-start=\"981\" data-end=\"1012\">500.000 VN\u0110\/set cho 2 ng\u01b0\u1eddi<\/strong>, \u0111\u00e2y l\u00e0 l\u1ef1a ch\u1ecdn ho\u00e0n h\u1ea3o \u0111\u1ec3 b\u1ea1n c\u00f9ng ng\u01b0\u1eddi th\u01b0\u01a1ng t\u1eadn h\u01b0\u1edfng nh\u1eefng kho\u1ea3nh kh\u1eafc ng\u1ecdt ng\u00e0o.<\/p>\n<p data-start=\"655\" data-end=\"963\">Kh\u00f4ng c\u1ea7n ch\u1edd \u0111\u1ebfn nh\u1eefng d\u1ecbp \u0111\u1eb7c bi\u1ec7t nh\u01b0 Valentine, gi\u1edd \u0111\u00e2y b\u1ea1n c\u00f3 th\u1ec3 t\u1eadn h\u01b0\u1edfng m\u1ed9t b\u1eefa t\u1ed1i l\u00e3ng m\u1ea1n b\u1ea5t c\u1ee9 khi n\u00e0o v\u1edbi <strong data-start=\"776\" data-end=\"807\">Signature Romantic Set Menu<\/strong> t\u1ea1i Libra Hotel Nha Trang. \u0110\u01b0\u1ee3c thi\u1ebft k\u1ebf d\u00e0nh ri\u00eang cho c\u00e1c c\u1eb7p \u0111\u00f4i, set menu mang \u0111\u1ebfn tr\u1ea3i nghi\u1ec7m \u1ea9m th\u1ef1c tinh t\u1ebf trong kh\u00f4ng gian \u1ea5m c\u00fang v\u00e0 \u0111\u1ea7y c\u1ea3m x\u00fac.<\/p>\n<hr data-start=\"1136\" data-end=\"1139\" \/>\n<p data-section-id=\"mf2d0s\" data-start=\"1141\" data-end=\"1202\"><span role=\"text\"><strong data-start=\"1144\" data-end=\"1202\">Kh\u00f4ng gian l\u00fd t\u01b0\u1edfng cho b\u1eefa t\u1ed1i l\u00e3ng m\u1ea1n t\u1ea1i Nha Trang<\/strong><\/span><\/p>\n<p data-start=\"1204\" data-end=\"1481\">Libra Hotel Nha Trang mang \u0111\u1ebfn kh\u00f4ng gian nh\u00e0 h\u00e0ng sang tr\u1ecdng nh\u01b0ng v\u1eabn gi\u1eef \u0111\u01b0\u1ee3c s\u1ef1 \u1ea5m \u00e1p v\u00e0 ri\u00eang t\u01b0 \u2013 y\u1ebfu t\u1ed1 quan tr\u1ecdng cho m\u1ed9t bu\u1ed5i h\u1eb9n h\u00f2 tr\u1ecdn v\u1eb9n. \u00c1nh \u0111\u00e8n d\u1ecbu nh\u1eb9, c\u00e1ch b\u00e0i tr\u00ed tinh t\u1ebf c\u00f9ng phong c\u00e1ch ph\u1ee5c v\u1ee5 chuy\u00ean nghi\u1ec7p t\u1ea1o n\u00ean m\u1ed9t tr\u1ea3i nghi\u1ec7m \u0111\u00e1ng nh\u1edb cho m\u1ecdi c\u1eb7p \u0111\u00f4i.<\/p>\n<p data-start=\"1483\" data-end=\"1628\">D\u00f9 l\u00e0 k\u1ef7 ni\u1ec7m, sinh nh\u1eadt, c\u1ea7u h\u00f4n hay \u0111\u01a1n gi\u1ea3n ch\u1ec9 l\u00e0 m\u1ed9t bu\u1ed5i t\u1ed1i mu\u1ed1n \u201c\u0111\u1ed5i gi\u00f3\u201d, set menu l\u00e3ng m\u1ea1n t\u1ea1i Nha Trang n\u00e0y lu\u00f4n l\u00e0 l\u1ef1a ch\u1ecdn l\u00fd t\u01b0\u1edfng.<\/p>\n<hr data-start=\"1630\" data-end=\"1633\" \/>\n<p data-section-id=\"kwypqs\" data-start=\"1635\" data-end=\"1681\"><span role=\"text\"><strong data-start=\"1638\" data-end=\"1681\">Th\u1ef1c \u0111\u01a1n tinh t\u1ebf \u2013 Chu\u1ea9n v\u1ecb \u00c2u hi\u1ec7n \u0111\u1ea1i<\/strong><\/span><\/p>\n<p data-start=\"1683\" data-end=\"1817\">Signature Romantic Set Menu l\u00e0 s\u1ef1 k\u1ebft h\u1ee3p h\u00e0i h\u00f2a gi\u1eefa c\u00e1c m\u00f3n \u0103n phong c\u00e1ch ch\u00e2u \u00c2u, \u0111\u01b0\u1ee3c ch\u1ebf bi\u1ebfn b\u1edfi \u0111\u1ed9i ng\u0169 \u0111\u1ea7u b\u1ebfp chuy\u00ean nghi\u1ec7p:<\/p>\n<ul data-start=\"1819\" data-end=\"2019\">\n<li data-section-id=\"1ecjerz\" data-start=\"1819\" data-end=\"1862\">Salad c\u00e1 ng\u1eeb t\u01b0\u01a1i m\u00e1t, c\u00e2n b\u1eb1ng v\u1ecb gi\u00e1c<\/li>\n<li data-section-id=\"1hk9koq\" data-start=\"1863\" data-end=\"1896\">S\u00fap kem b\u00ed \u0111\u1ecf m\u1ecbn m\u00e0ng, \u1ea5m \u00e1p<\/li>\n<li data-section-id=\"xhkcr2\" data-start=\"1897\" data-end=\"1961\">C\u00e1 h\u1ed3i \u00e1p ch\u1ea3o x\u1ed1t th\u00ec l\u00e0, d\u00f9ng k\u00e8m khoai t\u00e2y nghi\u1ec1n b\u00e9o nh\u1eb9<\/li>\n<li data-section-id=\"xx3oif\" data-start=\"1962\" data-end=\"2019\">Tr\u00e1ng mi\u1ec7ng v\u1edbi b\u00e1nh ng\u1ecdt ho\u1eb7c tr\u00e1i c\u00e2y t\u01b0\u01a1i theo m\u00f9a<\/li>\n<\/ul>\n<p data-start=\"2021\" data-end=\"2151\">M\u1ed7i m\u00f3n \u0103n \u0111\u1ec1u \u0111\u01b0\u1ee3c ch\u0103m ch\u00fat t\u1eeb nguy\u00ean li\u1ec7u \u0111\u1ebfn c\u00e1ch tr\u00ecnh b\u00e0y, mang \u0111\u1ebfn tr\u1ea3i nghi\u1ec7m \u1ea9m th\u1ef1c tr\u1ecdn v\u1eb9n c\u1ea3 v\u1ec1 h\u01b0\u01a1ng v\u1ecb l\u1eabn c\u1ea3m x\u00fac.<\/p>\n<hr data-start=\"2153\" data-end=\"2156\" \/>\n<p data-section-id=\"15mfqc1\" data-start=\"2158\" data-end=\"2225\"><span role=\"text\"><strong data-start=\"2161\" data-end=\"2225\">V\u00ec sao n\u00ean ch\u1ecdn set menu l\u00e3ng m\u1ea1n t\u1ea1i Libra Hotel Nha Trang?<\/strong><\/span><\/p>\n<ul data-start=\"2227\" data-end=\"2406\">\n<li data-section-id=\"16wc25z\" data-start=\"2227\" data-end=\"2269\">Gi\u00e1 h\u1ee3p l\u00fd ch\u1ec9 500.000 VN\u0110 cho 2 ng\u01b0\u1eddi<\/li>\n<li data-section-id=\"7ngabi\" data-start=\"2270\" data-end=\"2305\">Kh\u00f4ng gian sang tr\u1ecdng, ri\u00eang t\u01b0<\/li>\n<li data-section-id=\"1t5i2fa\" data-start=\"2306\" data-end=\"2335\">Th\u1ef1c \u0111\u01a1n chu\u1ea9n \u00c2u tinh t\u1ebf<\/li>\n<li data-section-id=\"g3um4y\" data-start=\"2336\" data-end=\"2371\">Ph\u00f9 h\u1ee3p cho nhi\u1ec1u d\u1ecbp trong n\u0103m<\/li>\n<li data-section-id=\"c7wkv7\" data-start=\"2372\" data-end=\"2406\">D\u1ecbch v\u1ee5 chuy\u00ean nghi\u1ec7p, t\u1eadn t\u00e2m<\/li>\n<\/ul>\n<p data-start=\"2408\" data-end=\"2508\">\u0110\u00e2y kh\u00f4ng ch\u1ec9 l\u00e0 m\u1ed9t b\u1eefa \u0103n, m\u00e0 c\u00f2n l\u00e0 c\u00e1ch \u0111\u1ec3 b\u1ea1n t\u1ea1o n\u00ean nh\u1eefng k\u1ef7 ni\u1ec7m \u0111\u00e1ng nh\u1edb c\u00f9ng ng\u01b0\u1eddi th\u01b0\u01a1ng.<\/p>\n<p data-start=\"2408\" data-end=\"2508\"><img loading=\"lazy\" decoding=\"async\" class=\"aligncenter wp-image-506 size-medium\" src=\"http:\/\/www.librahotelnhatrang.com\/wp-content\/uploads\/sites\/142\/2026\/04\/ST_01127-300x200.jpg\" alt=\"\" width=\"300\" height=\"200\" srcset=\"https:\/\/www.librahotelnhatrang.com\/wp-content\/uploads\/sites\/142\/2026\/04\/ST_01127-300x200.jpg 300w, https:\/\/www.librahotelnhatrang.com\/wp-content\/uploads\/sites\/142\/2026\/04\/ST_01127-1024x683.jpg 1024w, https:\/\/www.librahotelnhatrang.com\/wp-content\/uploads\/sites\/142\/2026\/04\/ST_01127-768x512.jpg 768w, https:\/\/www.librahotelnhatrang.com\/wp-content\/uploads\/sites\/142\/2026\/04\/ST_01127-1536x1024.jpg 1536w, https:\/\/www.librahotelnhatrang.com\/wp-content\/uploads\/sites\/142\/2026\/04\/ST_01127-2048x1366.jpg 2048w, https:\/\/www.librahotelnhatrang.com\/wp-content\/uploads\/sites\/142\/2026\/04\/ST_01127-600x400.jpg 600w, https:\/\/www.librahotelnhatrang.com\/wp-content\/uploads\/sites\/142\/2026\/04\/ST_01127-1000x667.jpg 1000w\" sizes=\"(max-width: 300px) 100vw, 300px\" \/> <img loading=\"lazy\" decoding=\"async\" class=\"aligncenter wp-image-509 size-medium\" src=\"http:\/\/www.librahotelnhatrang.com\/wp-content\/uploads\/sites\/142\/2026\/04\/ST_01126-200x300.jpg\" alt=\"\" width=\"200\" height=\"300\" srcset=\"https:\/\/www.librahotelnhatrang.com\/wp-content\/uploads\/sites\/142\/2026\/04\/ST_01126-200x300.jpg 200w, https:\/\/www.librahotelnhatrang.com\/wp-content\/uploads\/sites\/142\/2026\/04\/ST_01126-683x1024.jpg 683w, https:\/\/www.librahotelnhatrang.com\/wp-content\/uploads\/sites\/142\/2026\/04\/ST_01126-768x1152.jpg 768w, https:\/\/www.librahotelnhatrang.com\/wp-content\/uploads\/sites\/142\/2026\/04\/ST_01126-1024x1536.jpg 1024w, https:\/\/www.librahotelnhatrang.com\/wp-content\/uploads\/sites\/142\/2026\/04\/ST_01126-1366x2048.jpg 1366w, https:\/\/www.librahotelnhatrang.com\/wp-content\/uploads\/sites\/142\/2026\/04\/ST_01126-600x900.jpg 600w, https:\/\/www.librahotelnhatrang.com\/wp-content\/uploads\/sites\/142\/2026\/04\/ST_01126-1000x1500.jpg 1000w, https:\/\/www.librahotelnhatrang.com\/wp-content\/uploads\/sites\/142\/2026\/04\/ST_01126.jpg 1467w\" sizes=\"(max-width: 200px) 100vw, 200px\" \/> <img loading=\"lazy\" decoding=\"async\" class=\"aligncenter wp-image-508 size-medium\" src=\"http:\/\/www.librahotelnhatrang.com\/wp-content\/uploads\/sites\/142\/2026\/04\/ST_01123-200x300.jpg\" alt=\"\" width=\"200\" height=\"300\" srcset=\"https:\/\/www.librahotelnhatrang.com\/wp-content\/uploads\/sites\/142\/2026\/04\/ST_01123-200x300.jpg 200w, https:\/\/www.librahotelnhatrang.com\/wp-content\/uploads\/sites\/142\/2026\/04\/ST_01123-683x1024.jpg 683w, https:\/\/www.librahotelnhatrang.com\/wp-content\/uploads\/sites\/142\/2026\/04\/ST_01123-768x1152.jpg 768w, https:\/\/www.librahotelnhatrang.com\/wp-content\/uploads\/sites\/142\/2026\/04\/ST_01123-1024x1536.jpg 1024w, https:\/\/www.librahotelnhatrang.com\/wp-content\/uploads\/sites\/142\/2026\/04\/ST_01123-1366x2048.jpg 1366w, https:\/\/www.librahotelnhatrang.com\/wp-content\/uploads\/sites\/142\/2026\/04\/ST_01123-600x900.jpg 600w, https:\/\/www.librahotelnhatrang.com\/wp-content\/uploads\/sites\/142\/2026\/04\/ST_01123-1000x1500.jpg 1000w, https:\/\/www.librahotelnhatrang.com\/wp-content\/uploads\/sites\/142\/2026\/04\/ST_01123.jpg 1467w\" sizes=\"(max-width: 200px) 100vw, 200px\" \/> <img loading=\"lazy\" decoding=\"async\" class=\"aligncenter wp-image-507 size-medium\" src=\"http:\/\/www.librahotelnhatrang.com\/wp-content\/uploads\/sites\/142\/2026\/04\/ST_01116-1-300x200.jpg\" alt=\"\" width=\"300\" height=\"200\" srcset=\"https:\/\/www.librahotelnhatrang.com\/wp-content\/uploads\/sites\/142\/2026\/04\/ST_01116-1-300x200.jpg 300w, https:\/\/www.librahotelnhatrang.com\/wp-content\/uploads\/sites\/142\/2026\/04\/ST_01116-1-1024x683.jpg 1024w, https:\/\/www.librahotelnhatrang.com\/wp-content\/uploads\/sites\/142\/2026\/04\/ST_01116-1-768x512.jpg 768w, https:\/\/www.librahotelnhatrang.com\/wp-content\/uploads\/sites\/142\/2026\/04\/ST_01116-1-1536x1024.jpg 1536w, https:\/\/www.librahotelnhatrang.com\/wp-content\/uploads\/sites\/142\/2026\/04\/ST_01116-1-2048x1366.jpg 2048w, https:\/\/www.librahotelnhatrang.com\/wp-content\/uploads\/sites\/142\/2026\/04\/ST_01116-1-600x400.jpg 600w, https:\/\/www.librahotelnhatrang.com\/wp-content\/uploads\/sites\/142\/2026\/04\/ST_01116-1-1000x667.jpg 1000w\" sizes=\"(max-width: 300px) 100vw, 300px\" \/><\/p>\n<hr data-start=\"2510\" data-end=\"2513\" \/>\n<p data-section-id=\"1bjpz19\" data-start=\"2515\" data-end=\"2550\"><span role=\"text\"><strong data-start=\"2518\" data-end=\"2550\">Ph\u00f9 h\u1ee3p cho m\u1ecdi m\u00f9a, m\u1ecdi d\u1ecbp<\/strong><\/span><\/p>\n<p data-start=\"2552\" data-end=\"2792\">Kh\u00f4ng c\u00f2n gi\u1edbi h\u1ea1n trong ng\u00e0y Valentine, Signature Romantic Set Menu \u0111\u01b0\u1ee3c thi\u1ebft k\u1ebf \u0111\u1ec3 ph\u1ee5c v\u1ee5 quanh n\u0103m. D\u00f9 l\u00e0 m\u00f9a h\u00e8 s\u00f4i \u0111\u1ed9ng hay nh\u1eefng ng\u00e0y cu\u1ed1i n\u0103m \u1ea5m \u00e1p, b\u1ea1n \u0111\u1ec1u c\u00f3 th\u1ec3 t\u1eadn h\u01b0\u1edfng tr\u1ecdn v\u1eb9n kh\u00f4ng gian v\u00e0 \u1ea9m th\u1ef1c t\u1ea1i Libra Hotel Nha Trang.<\/p>\n<hr data-start=\"2794\" data-end=\"2797\" \/>\n<p data-section-id=\"1l6v7gs\" data-start=\"2799\" data-end=\"2826\"><span role=\"text\"><strong data-start=\"2802\" data-end=\"2826\">\u0110\u1eb7t b\u00e0n ngay h\u00f4m nay<\/strong><\/span><\/p>\n<p data-start=\"2828\" data-end=\"3024\">H\u00e3y d\u00e0nh t\u1eb7ng ng\u01b0\u1eddi th\u01b0\u01a1ng m\u1ed9t bu\u1ed5i t\u1ed1i th\u1eadt \u00fd ngh\u0129a v\u1edbi <strong data-start=\"2885\" data-end=\"2920\">set menu l\u00e3ng m\u1ea1n t\u1ea1i Nha Trang<\/strong>.<br data-start=\"2921\" data-end=\"2924\" \/>Qu\u00fd kh\u00e1ch vui l\u00f2ng li\u00ean h\u1ec7 tr\u1ef1c ti\u1ebfp qua Fanpage ho\u1eb7c hotline \u0111\u1ec3 \u0111\u01b0\u1ee3c t\u01b0 v\u1ea5n v\u00e0 \u0111\u1eb7t b\u00e0n nhanh ch\u00f3ng.<\/p>\n<hr data-start=\"3026\" data-end=\"3029\" \/>\n<h2 data-section-id=\"bh4eov\" data-start=\"3031\" data-end=\"3046\"><\/h2>\n<p data-start=\"3048\" data-end=\"3307\">Signature Romantic Set Menu t\u1ea1i Libra Hotel Nha Trang l\u00e0 l\u1ef1a ch\u1ecdn ho\u00e0n h\u1ea3o cho nh\u1eefng ai \u0111ang t\u00ecm ki\u1ebfm m\u1ed9t tr\u1ea3i nghi\u1ec7m \u1ea9m th\u1ef1c l\u00e3ng m\u1ea1n, tinh t\u1ebf v\u00e0 h\u1ee3p l\u00fd v\u1ec1 chi ph\u00ed. Kh\u00f4ng c\u1ea7n ch\u1edd d\u1ecbp \u0111\u1eb7c bi\u1ec7t, b\u1ea1n ho\u00e0n to\u00e0n c\u00f3 th\u1ec3 bi\u1ebfn b\u1ea5t k\u1ef3 ng\u00e0y n\u00e0o th\u00e0nh k\u1ef7 ni\u1ec7m \u0111\u00e1ng nh\u1edb.<\/p>\n","protected":false},"excerpt":{"rendered":"<p>Signature Romantic Set Menu \u2013 D\u1ea5u \u1ea5n \u1ea9m th\u1ef1c cho m\u1ecdi kho\u1ea3nh kh\u1eafc y\u00eau th\u01b0\u01a1ng V\u1edbi m\u1ee9c gi\u00e1 ch\u1ec9 500.000 VN\u0110\/set cho 2 ng\u01b0\u1eddi, \u0111\u00e2y l\u00e0 l\u1ef1a ch\u1ecdn ho\u00e0n h\u1ea3o \u0111\u1ec3 b\u1ea1n c\u00f9ng ng\u01b0\u1eddi th\u01b0\u01a1ng t\u1eadn h\u01b0\u1edfng nh\u1eefng kho\u1ea3nh kh\u1eafc ng\u1ecdt ng\u00e0o. Kh\u00f4ng c\u1ea7n ch\u1edd \u0111\u1ebfn nh\u1eefng d\u1ecbp \u0111\u1eb7c bi\u1ec7t nh\u01b0 Valentine, gi\u1edd \u0111\u00e2y b\u1ea1n [&hellip;]<\/p>\n","protected":false},"author":269,"featured_media":505,"parent":105,"menu_order":0,"comment_status":"closed","ping_status":"closed","template":"template-offers.php","meta":{"footnotes":""},"yoast_head":"<!-- This site is optimized with the Yoast SEO plugin v22.3 - https:\/\/yoast.com\/wordpress\/plugins\/seo\/ -->\n<title>Signature Romantic Set Menu - Libra Hotel Nha Trang<\/title>\n<meta name=\"robots\" content=\"index, follow, max-snippet:-1, max-image-preview:large, max-video-preview:-1\" \/>\n<link rel=\"canonical\" href=\"https:\/\/www.librahotelnhatrang.com\/vi\/chuong-trinh-khuyen-mai\/signature-romantic-set-menu\/\" \/>\n<meta property=\"og:locale\" content=\"vi_VN\" \/>\n<meta property=\"og:type\" content=\"article\" \/>\n<meta property=\"og:title\" content=\"Signature Romantic Set Menu - Libra Hotel Nha Trang\" \/>\n<meta property=\"og:description\" content=\"Signature Romantic Set Menu \u2013 D\u1ea5u \u1ea5n \u1ea9m th\u1ef1c cho m\u1ecdi kho\u1ea3nh kh\u1eafc y\u00eau th\u01b0\u01a1ng V\u1edbi m\u1ee9c gi\u00e1 ch\u1ec9 500.000 VN\u0110\/set cho 2 ng\u01b0\u1eddi, \u0111\u00e2y l\u00e0 l\u1ef1a ch\u1ecdn ho\u00e0n h\u1ea3o \u0111\u1ec3 b\u1ea1n c\u00f9ng ng\u01b0\u1eddi th\u01b0\u01a1ng t\u1eadn h\u01b0\u1edfng nh\u1eefng kho\u1ea3nh kh\u1eafc ng\u1ecdt ng\u00e0o. Kh\u00f4ng c\u1ea7n ch\u1edd \u0111\u1ebfn nh\u1eefng d\u1ecbp \u0111\u1eb7c bi\u1ec7t nh\u01b0 Valentine, gi\u1edd \u0111\u00e2y b\u1ea1n [&hellip;]\" \/>\n<meta property=\"og:url\" content=\"https:\/\/www.librahotelnhatrang.com\/vi\/chuong-trinh-khuyen-mai\/signature-romantic-set-menu\/\" \/>\n<meta property=\"og:site_name\" content=\"Libra Hotel Nha Trang\" \/>\n<meta property=\"article:modified_time\" content=\"2026-04-23T06:44:07+00:00\" \/>\n<meta property=\"og:image\" content=\"http:\/\/www.librahotelnhatrang.com\/wp-content\/uploads\/sites\/142\/2026\/04\/ST_01131.jpg\" \/>\n\t<meta property=\"og:image:width\" content=\"1467\" \/>\n\t<meta property=\"og:image:height\" content=\"2200\" \/>\n\t<meta property=\"og:image:type\" content=\"image\/jpeg\" \/>\n<meta name=\"twitter:card\" content=\"summary_large_image\" \/>\n<meta name=\"twitter:label1\" content=\"Est. reading time\" \/>\n\t<meta name=\"twitter:data1\" content=\"4 minutes\" \/>\n<script type=\"application\/ld+json\" class=\"yoast-schema-graph\">{\"@context\":\"https:\/\/schema.org\",\"@graph\":[{\"@type\":\"WebPage\",\"@id\":\"https:\/\/www.librahotelnhatrang.com\/vi\/chuong-trinh-khuyen-mai\/signature-romantic-set-menu\/\",\"url\":\"https:\/\/www.librahotelnhatrang.com\/vi\/chuong-trinh-khuyen-mai\/signature-romantic-set-menu\/\",\"name\":\"Signature Romantic Set Menu - Libra Hotel Nha Trang\",\"isPartOf\":{\"@id\":\"https:\/\/www.librahotelnhatrang.com\/vi\/#website\"},\"primaryImageOfPage\":{\"@id\":\"https:\/\/www.librahotelnhatrang.com\/vi\/chuong-trinh-khuyen-mai\/signature-romantic-set-menu\/#primaryimage\"},\"image\":{\"@id\":\"https:\/\/www.librahotelnhatrang.com\/vi\/chuong-trinh-khuyen-mai\/signature-romantic-set-menu\/#primaryimage\"},\"thumbnailUrl\":\"https:\/\/www.librahotelnhatrang.com\/wp-content\/uploads\/sites\/142\/2026\/04\/ST_01131.jpg\",\"datePublished\":\"2026-04-23T06:04:30+00:00\",\"dateModified\":\"2026-04-23T06:44:07+00:00\",\"breadcrumb\":{\"@id\":\"https:\/\/www.librahotelnhatrang.com\/vi\/chuong-trinh-khuyen-mai\/signature-romantic-set-menu\/#breadcrumb\"},\"inLanguage\":\"vi-VN\",\"potentialAction\":[{\"@type\":\"ReadAction\",\"target\":[\"https:\/\/www.librahotelnhatrang.com\/vi\/chuong-trinh-khuyen-mai\/signature-romantic-set-menu\/\"]}]},{\"@type\":\"ImageObject\",\"inLanguage\":\"vi-VN\",\"@id\":\"https:\/\/www.librahotelnhatrang.com\/vi\/chuong-trinh-khuyen-mai\/signature-romantic-set-menu\/#primaryimage\",\"url\":\"https:\/\/www.librahotelnhatrang.com\/wp-content\/uploads\/sites\/142\/2026\/04\/ST_01131.jpg\",\"contentUrl\":\"https:\/\/www.librahotelnhatrang.com\/wp-content\/uploads\/sites\/142\/2026\/04\/ST_01131.jpg\",\"width\":1467,\"height\":2200},{\"@type\":\"BreadcrumbList\",\"@id\":\"https:\/\/www.librahotelnhatrang.com\/vi\/chuong-trinh-khuyen-mai\/signature-romantic-set-menu\/#breadcrumb\",\"itemListElement\":[{\"@type\":\"ListItem\",\"position\":1,\"name\":\"Home\",\"item\":\"https:\/\/www.librahotelnhatrang.com\/vi\/\"},{\"@type\":\"ListItem\",\"position\":2,\"name\":\"Ch\u01b0\u01a1ng tr\u00ecnh khuy\u1ebfn m\u00e3i\",\"item\":\"https:\/\/www.librahotelnhatrang.com\/vi\/chuong-trinh-khuyen-mai\/\"},{\"@type\":\"ListItem\",\"position\":3,\"name\":\"Signature Romantic Set Menu\"}]},{\"@type\":\"WebSite\",\"@id\":\"https:\/\/www.librahotelnhatrang.com\/vi\/#website\",\"url\":\"https:\/\/www.librahotelnhatrang.com\/vi\/\",\"name\":\"Libra Hotel Nha Trang\",\"description\":\"\",\"potentialAction\":[{\"@type\":\"SearchAction\",\"target\":{\"@type\":\"EntryPoint\",\"urlTemplate\":\"https:\/\/www.librahotelnhatrang.com\/vi\/?s={search_term_string}\"},\"query-input\":\"required name=search_term_string\"}],\"inLanguage\":\"vi-VN\"}]}<\/script>\n<!-- \/ Yoast SEO plugin. -->","yoast_head_json":{"title":"Signature Romantic Set Menu - Libra Hotel Nha Trang","robots":{"index":"index","follow":"follow","max-snippet":"max-snippet:-1","max-image-preview":"max-image-preview:large","max-video-preview":"max-video-preview:-1"},"canonical":"https:\/\/www.librahotelnhatrang.com\/vi\/chuong-trinh-khuyen-mai\/signature-romantic-set-menu\/","og_locale":"vi_VN","og_type":"article","og_title":"Signature Romantic Set Menu - Libra Hotel Nha Trang","og_description":"Signature Romantic Set Menu \u2013 D\u1ea5u \u1ea5n \u1ea9m th\u1ef1c cho m\u1ecdi kho\u1ea3nh kh\u1eafc y\u00eau th\u01b0\u01a1ng V\u1edbi m\u1ee9c gi\u00e1 ch\u1ec9 500.000 VN\u0110\/set cho 2 ng\u01b0\u1eddi, \u0111\u00e2y l\u00e0 l\u1ef1a ch\u1ecdn ho\u00e0n h\u1ea3o \u0111\u1ec3 b\u1ea1n c\u00f9ng ng\u01b0\u1eddi th\u01b0\u01a1ng t\u1eadn h\u01b0\u1edfng nh\u1eefng kho\u1ea3nh kh\u1eafc ng\u1ecdt ng\u00e0o. Kh\u00f4ng c\u1ea7n ch\u1edd \u0111\u1ebfn nh\u1eefng d\u1ecbp \u0111\u1eb7c bi\u1ec7t nh\u01b0 Valentine, gi\u1edd \u0111\u00e2y b\u1ea1n [&hellip;]","og_url":"https:\/\/www.librahotelnhatrang.com\/vi\/chuong-trinh-khuyen-mai\/signature-romantic-set-menu\/","og_site_name":"Libra Hotel Nha Trang","article_modified_time":"2026-04-23T06:44:07+00:00","og_image":[{"width":1467,"height":2200,"url":"http:\/\/www.librahotelnhatrang.com\/wp-content\/uploads\/sites\/142\/2026\/04\/ST_01131.jpg","type":"image\/jpeg"}],"twitter_card":"summary_large_image","twitter_misc":{"Est. reading time":"4 minutes"},"schema":{"@context":"https:\/\/schema.org","@graph":[{"@type":"WebPage","@id":"https:\/\/www.librahotelnhatrang.com\/vi\/chuong-trinh-khuyen-mai\/signature-romantic-set-menu\/","url":"https:\/\/www.librahotelnhatrang.com\/vi\/chuong-trinh-khuyen-mai\/signature-romantic-set-menu\/","name":"Signature Romantic Set Menu - Libra Hotel Nha Trang","isPartOf":{"@id":"https:\/\/www.librahotelnhatrang.com\/vi\/#website"},"primaryImageOfPage":{"@id":"https:\/\/www.librahotelnhatrang.com\/vi\/chuong-trinh-khuyen-mai\/signature-romantic-set-menu\/#primaryimage"},"image":{"@id":"https:\/\/www.librahotelnhatrang.com\/vi\/chuong-trinh-khuyen-mai\/signature-romantic-set-menu\/#primaryimage"},"thumbnailUrl":"https:\/\/www.librahotelnhatrang.com\/wp-content\/uploads\/sites\/142\/2026\/04\/ST_01131.jpg","datePublished":"2026-04-23T06:04:30+00:00","dateModified":"2026-04-23T06:44:07+00:00","breadcrumb":{"@id":"https:\/\/www.librahotelnhatrang.com\/vi\/chuong-trinh-khuyen-mai\/signature-romantic-set-menu\/#breadcrumb"},"inLanguage":"vi-VN","potentialAction":[{"@type":"ReadAction","target":["https:\/\/www.librahotelnhatrang.com\/vi\/chuong-trinh-khuyen-mai\/signature-romantic-set-menu\/"]}]},{"@type":"ImageObject","inLanguage":"vi-VN","@id":"https:\/\/www.librahotelnhatrang.com\/vi\/chuong-trinh-khuyen-mai\/signature-romantic-set-menu\/#primaryimage","url":"https:\/\/www.librahotelnhatrang.com\/wp-content\/uploads\/sites\/142\/2026\/04\/ST_01131.jpg","contentUrl":"https:\/\/www.librahotelnhatrang.com\/wp-content\/uploads\/sites\/142\/2026\/04\/ST_01131.jpg","width":1467,"height":2200},{"@type":"BreadcrumbList","@id":"https:\/\/www.librahotelnhatrang.com\/vi\/chuong-trinh-khuyen-mai\/signature-romantic-set-menu\/#breadcrumb","itemListElement":[{"@type":"ListItem","position":1,"name":"Home","item":"https:\/\/www.librahotelnhatrang.com\/vi\/"},{"@type":"ListItem","position":2,"name":"Ch\u01b0\u01a1ng tr\u00ecnh khuy\u1ebfn m\u00e3i","item":"https:\/\/www.librahotelnhatrang.com\/vi\/chuong-trinh-khuyen-mai\/"},{"@type":"ListItem","position":3,"name":"Signature Romantic Set Menu"}]},{"@type":"WebSite","@id":"https:\/\/www.librahotelnhatrang.com\/vi\/#website","url":"https:\/\/www.librahotelnhatrang.com\/vi\/","name":"Libra Hotel Nha Trang","description":"","potentialAction":[{"@type":"SearchAction","target":{"@type":"EntryPoint","urlTemplate":"https:\/\/www.librahotelnhatrang.com\/vi\/?s={search_term_string}"},"query-input":"required name=search_term_string"}],"inLanguage":"vi-VN"}]}},"acf":[],"_links":{"self":[{"href":"https:\/\/www.librahotelnhatrang.com\/vi\/wp-json\/wp\/v2\/pages\/510"}],"collection":[{"href":"https:\/\/www.librahotelnhatrang.com\/vi\/wp-json\/wp\/v2\/pages"}],"about":[{"href":"https:\/\/www.librahotelnhatrang.com\/vi\/wp-json\/wp\/v2\/types\/page"}],"author":[{"embeddable":true,"href":"https:\/\/www.librahotelnhatrang.com\/vi\/wp-json\/wp\/v2\/users\/269"}],"replies":[{"embeddable":true,"href":"https:\/\/www.librahotelnhatrang.com\/vi\/wp-json\/wp\/v2\/comments?post=510"}],"version-history":[{"count":0,"href":"https:\/\/www.librahotelnhatrang.com\/vi\/wp-json\/wp\/v2\/pages\/510\/revisions"}],"up":[{"embeddable":true,"href":"https:\/\/www.librahotelnhatrang.com\/vi\/wp-json\/wp\/v2\/pages\/105"}],"wp:featuredmedia":[{"embeddable":true,"href":"https:\/\/www.librahotelnhatrang.com\/vi\/wp-json\/wp\/v2\/media\/505"}],"wp:attachment":[{"href":"https:\/\/www.librahotelnhatrang.com\/vi\/wp-json\/wp\/v2\/media?parent=510"}],"curies":[{"name":"wp","href":"https:\/\/api.w.org\/{rel}","templated":true}]}}