{"id":62,"date":"2026-01-06T08:51:06","date_gmt":"2026-01-06T08:51:06","guid":{"rendered":"https:\/\/librahotelnhatrang.ms2.decms.asia\/?page_id=62"},"modified":"2026-04-14T08:03:50","modified_gmt":"2026-04-14T08:03:50","slug":"deluxe-city-view","status":"publish","type":"page","link":"https:\/\/www.librahotelnhatrang.com\/vi\/rooms\/deluxe-city-view\/","title":{"rendered":"Deluxe City View"},"content":{"rendered":"<p>Ph\u00f2ng Deluxe City View t\u1ea1i Libra Hotel Nha Trang m\u1edf ra kh\u00f4ng gian l\u01b0u tr\u00fa th\u01b0 gi\u00e3n. V\u1edbi khung c\u1eeda s\u1ed5 r\u1ed9ng, c\u0103n ph\u00f2ng ng\u1eadp tr\u00e0n \u00e1nh s\u00e1ng t\u1ef1 nhi\u00ean, mang l\u1ea1i c\u1ea3m gi\u00e1c d\u1ec5 ch\u1ecbu v\u00e0 g\u1ea7n g\u0169i.<\/p>\n<p>Kh\u00f4ng gian \u0111\u01b0\u1ee3c thi\u1ebft k\u1ebf hi\u1ec7n \u0111\u1ea1i v\u1edbi \u0111\u01b0\u1eddng n\u00e9t tinh gi\u1ea3n nh\u01b0ng v\u1eabn to\u00e1t l\u00ean v\u1ebb trang nh\u00e3. L\u1ef1a ch\u1ecdn linh ho\u1ea1t gi\u1eefa hai gi\u01b0\u1eddng Twin ho\u1eb7c m\u1ed9t gi\u01b0\u1eddng Queen, ph\u00f9 h\u1ee3p v\u1edbi t\u1eebng m\u1ee5c ti\u00eau ri\u00eang. <\/p>\n<p>T\u1eeb ph\u00f2ng ngh\u1ec9, b\u1ea1n c\u00f3 th\u1ec3 ph\u00f3ng t\u1ea7m m\u1eaft ra to\u00e0n c\u1ea3nh th\u00e0nh ph\u1ed1 r\u1ef1c r\u1ee1 \u00e1nh \u0111\u00e8n v\u1ec1 \u0111\u00eam ho\u1eb7c ng\u1eafm nh\u00ecn nh\u1ecbp s\u1ed1ng s\u00f4i \u0111\u1ed9ng v\u00e0o m\u1ed7i bu\u1ed5i s\u00e1ng. \u0110\u00e2y l\u00e0 l\u1ef1a ch\u1ecdn l\u00fd t\u01b0\u1edfng cho nh\u1eefng ai mong mu\u1ed1n c\u00f3 nh\u1eefng ph\u00fat gi\u00e2y th\u01b0 gi\u00e3n trong kh\u00f4ng gian ri\u00eang.<\/p>\n","protected":false},"excerpt":{"rendered":"<p>Ph\u00f2ng Deluxe City View t\u1ea1i Libra Hotel Nha Trang m\u1edf ra kh\u00f4ng gian l\u01b0u tr\u00fa th\u01b0 gi\u00e3n. V\u1edbi khung c\u1eeda s\u1ed5 r\u1ed9ng, c\u0103n ph\u00f2ng ng\u1eadp tr\u00e0n \u00e1nh s\u00e1ng t\u1ef1 nhi\u00ean, mang l\u1ea1i c\u1ea3m gi\u00e1c d\u1ec5 ch\u1ecbu v\u00e0 g\u1ea7n g\u0169i. Kh\u00f4ng gian \u0111\u01b0\u1ee3c thi\u1ebft k\u1ebf hi\u1ec7n \u0111\u1ea1i v\u1edbi \u0111\u01b0\u1eddng n\u00e9t tinh gi\u1ea3n nh\u01b0ng v\u1eabn to\u00e1t l\u00ean [&hellip;]<\/p>\n","protected":false},"author":90,"featured_media":66,"parent":8,"menu_order":4,"comment_status":"closed","ping_status":"closed","template":"template-single-room.php","meta":{"footnotes":""},"yoast_head":"<!-- This site is optimized with the Yoast SEO plugin v22.3 - https:\/\/yoast.com\/wordpress\/plugins\/seo\/ -->\n<title>Relaxing Stay in Nha Trang| Deluxe City View at Libra Hotel<\/title>\n<meta name=\"description\" content=\"Tr\u1ea3i nghi\u1ec7m k\u1ef3 ngh\u1ec9 th\u01b0 th\u00e1i trong kh\u00f4ng gian ngh\u1ec9 d\u01b0\u1ee1ng hi\u1ec7n \u0111\u1ea1i ngay trung t\u00e2m th\u00e0nh ph\u1ed1 t\u1ea1i ph\u00f2ng Deluxe City View. Ch\u1ecdn l\u01b0u tr\u00fa Libra Hotel v\u1edbi v\u1ecb tr\u00ed t\u1ecda l\u1ea1c gi\u1eefa l\u00f2ng ph\u1ed1 bi\u1ec3n.\" \/>\n<meta name=\"robots\" content=\"index, follow, max-snippet:-1, max-image-preview:large, max-video-preview:-1\" \/>\n<link rel=\"canonical\" href=\"https:\/\/www.librahotelnhatrang.com\/vi\/rooms\/deluxe-city-view\/\" \/>\n<meta property=\"og:locale\" content=\"vi_VN\" \/>\n<meta property=\"og:type\" content=\"article\" \/>\n<meta property=\"og:title\" content=\"Relaxing Stay in Nha Trang| Deluxe City View at Libra Hotel\" \/>\n<meta property=\"og:description\" content=\"Tr\u1ea3i nghi\u1ec7m k\u1ef3 ngh\u1ec9 th\u01b0 th\u00e1i trong kh\u00f4ng gian ngh\u1ec9 d\u01b0\u1ee1ng hi\u1ec7n \u0111\u1ea1i ngay trung t\u00e2m th\u00e0nh ph\u1ed1 t\u1ea1i ph\u00f2ng Deluxe City View. Ch\u1ecdn l\u01b0u tr\u00fa Libra Hotel v\u1edbi v\u1ecb tr\u00ed t\u1ecda l\u1ea1c gi\u1eefa l\u00f2ng ph\u1ed1 bi\u1ec3n.\" \/>\n<meta property=\"og:url\" content=\"https:\/\/www.librahotelnhatrang.com\/vi\/rooms\/deluxe-city-view\/\" \/>\n<meta property=\"og:site_name\" content=\"Libra Hotel Nha Trang\" \/>\n<meta property=\"article:modified_time\" content=\"2026-04-14T08:03:50+00:00\" \/>\n<meta property=\"og:image\" content=\"http:\/\/www.librahotelnhatrang.com\/wp-content\/uploads\/sites\/142\/2026\/01\/LIBRA-DELUXE-CITY-VIEW-4.jpg\" \/>\n\t<meta property=\"og:image:width\" content=\"2200\" \/>\n\t<meta property=\"og:image:height\" content=\"1467\" \/>\n\t<meta property=\"og:image:type\" content=\"image\/jpeg\" \/>\n<meta name=\"twitter:card\" content=\"summary_large_image\" \/>\n<meta name=\"twitter:label1\" content=\"Est. reading time\" \/>\n\t<meta name=\"twitter:data1\" content=\"1 minute\" \/>\n<script type=\"application\/ld+json\" class=\"yoast-schema-graph\">{\"@context\":\"https:\/\/schema.org\",\"@graph\":[{\"@type\":\"WebPage\",\"@id\":\"https:\/\/www.librahotelnhatrang.com\/vi\/rooms\/deluxe-city-view\/\",\"url\":\"https:\/\/www.librahotelnhatrang.com\/vi\/rooms\/deluxe-city-view\/\",\"name\":\"Relaxing Stay in Nha Trang| Deluxe City View at Libra Hotel\",\"isPartOf\":{\"@id\":\"https:\/\/www.librahotelnhatrang.com\/vi\/#website\"},\"primaryImageOfPage\":{\"@id\":\"https:\/\/www.librahotelnhatrang.com\/vi\/rooms\/deluxe-city-view\/#primaryimage\"},\"image\":{\"@id\":\"https:\/\/www.librahotelnhatrang.com\/vi\/rooms\/deluxe-city-view\/#primaryimage\"},\"thumbnailUrl\":\"https:\/\/www.librahotelnhatrang.com\/wp-content\/uploads\/sites\/142\/2026\/01\/LIBRA-DELUXE-CITY-VIEW-4.jpg\",\"datePublished\":\"2026-01-06T08:51:06+00:00\",\"dateModified\":\"2026-04-14T08:03:50+00:00\",\"description\":\"Tr\u1ea3i nghi\u1ec7m k\u1ef3 ngh\u1ec9 th\u01b0 th\u00e1i trong kh\u00f4ng gian ngh\u1ec9 d\u01b0\u1ee1ng hi\u1ec7n \u0111\u1ea1i ngay trung t\u00e2m th\u00e0nh ph\u1ed1 t\u1ea1i ph\u00f2ng Deluxe City View. Ch\u1ecdn l\u01b0u tr\u00fa Libra Hotel v\u1edbi v\u1ecb tr\u00ed t\u1ecda l\u1ea1c gi\u1eefa l\u00f2ng ph\u1ed1 bi\u1ec3n.\",\"breadcrumb\":{\"@id\":\"https:\/\/www.librahotelnhatrang.com\/vi\/rooms\/deluxe-city-view\/#breadcrumb\"},\"inLanguage\":\"vi-VN\",\"potentialAction\":[{\"@type\":\"ReadAction\",\"target\":[\"https:\/\/www.librahotelnhatrang.com\/vi\/rooms\/deluxe-city-view\/\"]}]},{\"@type\":\"ImageObject\",\"inLanguage\":\"vi-VN\",\"@id\":\"https:\/\/www.librahotelnhatrang.com\/vi\/rooms\/deluxe-city-view\/#primaryimage\",\"url\":\"https:\/\/www.librahotelnhatrang.com\/wp-content\/uploads\/sites\/142\/2026\/01\/LIBRA-DELUXE-CITY-VIEW-4.jpg\",\"contentUrl\":\"https:\/\/www.librahotelnhatrang.com\/wp-content\/uploads\/sites\/142\/2026\/01\/LIBRA-DELUXE-CITY-VIEW-4.jpg\",\"width\":2200,\"height\":1467},{\"@type\":\"BreadcrumbList\",\"@id\":\"https:\/\/www.librahotelnhatrang.com\/vi\/rooms\/deluxe-city-view\/#breadcrumb\",\"itemListElement\":[{\"@type\":\"ListItem\",\"position\":1,\"name\":\"Home\",\"item\":\"https:\/\/www.librahotelnhatrang.com\/vi\/\"},{\"@type\":\"ListItem\",\"position\":2,\"name\":\"C\u00e1c h\u1ea1ng ph\u00f2ng\",\"item\":\"https:\/\/www.librahotelnhatrang.com\/vi\/rooms\/\"},{\"@type\":\"ListItem\",\"position\":3,\"name\":\"Deluxe City View\"}]},{\"@type\":\"WebSite\",\"@id\":\"https:\/\/www.librahotelnhatrang.com\/vi\/#website\",\"url\":\"https:\/\/www.librahotelnhatrang.com\/vi\/\",\"name\":\"Libra Hotel Nha Trang\",\"description\":\"\",\"potentialAction\":[{\"@type\":\"SearchAction\",\"target\":{\"@type\":\"EntryPoint\",\"urlTemplate\":\"https:\/\/www.librahotelnhatrang.com\/vi\/?s={search_term_string}\"},\"query-input\":\"required name=search_term_string\"}],\"inLanguage\":\"vi-VN\"}]}<\/script>\n<!-- \/ Yoast SEO plugin. -->","yoast_head_json":{"title":"Relaxing Stay in Nha Trang| Deluxe City View at Libra Hotel","description":"Tr\u1ea3i nghi\u1ec7m k\u1ef3 ngh\u1ec9 th\u01b0 th\u00e1i trong kh\u00f4ng gian ngh\u1ec9 d\u01b0\u1ee1ng hi\u1ec7n \u0111\u1ea1i ngay trung t\u00e2m th\u00e0nh ph\u1ed1 t\u1ea1i ph\u00f2ng Deluxe City View. Ch\u1ecdn l\u01b0u tr\u00fa Libra Hotel v\u1edbi v\u1ecb tr\u00ed t\u1ecda l\u1ea1c gi\u1eefa l\u00f2ng ph\u1ed1 bi\u1ec3n.","robots":{"index":"index","follow":"follow","max-snippet":"max-snippet:-1","max-image-preview":"max-image-preview:large","max-video-preview":"max-video-preview:-1"},"canonical":"https:\/\/www.librahotelnhatrang.com\/vi\/rooms\/deluxe-city-view\/","og_locale":"vi_VN","og_type":"article","og_title":"Relaxing Stay in Nha Trang| Deluxe City View at Libra Hotel","og_description":"Tr\u1ea3i nghi\u1ec7m k\u1ef3 ngh\u1ec9 th\u01b0 th\u00e1i trong kh\u00f4ng gian ngh\u1ec9 d\u01b0\u1ee1ng hi\u1ec7n \u0111\u1ea1i ngay trung t\u00e2m th\u00e0nh ph\u1ed1 t\u1ea1i ph\u00f2ng Deluxe City View. Ch\u1ecdn l\u01b0u tr\u00fa Libra Hotel v\u1edbi v\u1ecb tr\u00ed t\u1ecda l\u1ea1c gi\u1eefa l\u00f2ng ph\u1ed1 bi\u1ec3n.","og_url":"https:\/\/www.librahotelnhatrang.com\/vi\/rooms\/deluxe-city-view\/","og_site_name":"Libra Hotel Nha Trang","article_modified_time":"2026-04-14T08:03:50+00:00","og_image":[{"width":2200,"height":1467,"url":"http:\/\/www.librahotelnhatrang.com\/wp-content\/uploads\/sites\/142\/2026\/01\/LIBRA-DELUXE-CITY-VIEW-4.jpg","type":"image\/jpeg"}],"twitter_card":"summary_large_image","twitter_misc":{"Est. reading time":"1 minute"},"schema":{"@context":"https:\/\/schema.org","@graph":[{"@type":"WebPage","@id":"https:\/\/www.librahotelnhatrang.com\/vi\/rooms\/deluxe-city-view\/","url":"https:\/\/www.librahotelnhatrang.com\/vi\/rooms\/deluxe-city-view\/","name":"Relaxing Stay in Nha Trang| Deluxe City View at Libra Hotel","isPartOf":{"@id":"https:\/\/www.librahotelnhatrang.com\/vi\/#website"},"primaryImageOfPage":{"@id":"https:\/\/www.librahotelnhatrang.com\/vi\/rooms\/deluxe-city-view\/#primaryimage"},"image":{"@id":"https:\/\/www.librahotelnhatrang.com\/vi\/rooms\/deluxe-city-view\/#primaryimage"},"thumbnailUrl":"https:\/\/www.librahotelnhatrang.com\/wp-content\/uploads\/sites\/142\/2026\/01\/LIBRA-DELUXE-CITY-VIEW-4.jpg","datePublished":"2026-01-06T08:51:06+00:00","dateModified":"2026-04-14T08:03:50+00:00","description":"Tr\u1ea3i nghi\u1ec7m k\u1ef3 ngh\u1ec9 th\u01b0 th\u00e1i trong kh\u00f4ng gian ngh\u1ec9 d\u01b0\u1ee1ng hi\u1ec7n \u0111\u1ea1i ngay trung t\u00e2m th\u00e0nh ph\u1ed1 t\u1ea1i ph\u00f2ng Deluxe City View. Ch\u1ecdn l\u01b0u tr\u00fa Libra Hotel v\u1edbi v\u1ecb tr\u00ed t\u1ecda l\u1ea1c gi\u1eefa l\u00f2ng ph\u1ed1 bi\u1ec3n.","breadcrumb":{"@id":"https:\/\/www.librahotelnhatrang.com\/vi\/rooms\/deluxe-city-view\/#breadcrumb"},"inLanguage":"vi-VN","potentialAction":[{"@type":"ReadAction","target":["https:\/\/www.librahotelnhatrang.com\/vi\/rooms\/deluxe-city-view\/"]}]},{"@type":"ImageObject","inLanguage":"vi-VN","@id":"https:\/\/www.librahotelnhatrang.com\/vi\/rooms\/deluxe-city-view\/#primaryimage","url":"https:\/\/www.librahotelnhatrang.com\/wp-content\/uploads\/sites\/142\/2026\/01\/LIBRA-DELUXE-CITY-VIEW-4.jpg","contentUrl":"https:\/\/www.librahotelnhatrang.com\/wp-content\/uploads\/sites\/142\/2026\/01\/LIBRA-DELUXE-CITY-VIEW-4.jpg","width":2200,"height":1467},{"@type":"BreadcrumbList","@id":"https:\/\/www.librahotelnhatrang.com\/vi\/rooms\/deluxe-city-view\/#breadcrumb","itemListElement":[{"@type":"ListItem","position":1,"name":"Home","item":"https:\/\/www.librahotelnhatrang.com\/vi\/"},{"@type":"ListItem","position":2,"name":"C\u00e1c h\u1ea1ng ph\u00f2ng","item":"https:\/\/www.librahotelnhatrang.com\/vi\/rooms\/"},{"@type":"ListItem","position":3,"name":"Deluxe City View"}]},{"@type":"WebSite","@id":"https:\/\/www.librahotelnhatrang.com\/vi\/#website","url":"https:\/\/www.librahotelnhatrang.com\/vi\/","name":"Libra Hotel Nha Trang","description":"","potentialAction":[{"@type":"SearchAction","target":{"@type":"EntryPoint","urlTemplate":"https:\/\/www.librahotelnhatrang.com\/vi\/?s={search_term_string}"},"query-input":"required name=search_term_string"}],"inLanguage":"vi-VN"}]}},"acf":[],"_links":{"self":[{"href":"https:\/\/www.librahotelnhatrang.com\/vi\/wp-json\/wp\/v2\/pages\/62"}],"collection":[{"href":"https:\/\/www.librahotelnhatrang.com\/vi\/wp-json\/wp\/v2\/pages"}],"about":[{"href":"https:\/\/www.librahotelnhatrang.com\/vi\/wp-json\/wp\/v2\/types\/page"}],"author":[{"embeddable":true,"href":"https:\/\/www.librahotelnhatrang.com\/vi\/wp-json\/wp\/v2\/users\/90"}],"replies":[{"embeddable":true,"href":"https:\/\/www.librahotelnhatrang.com\/vi\/wp-json\/wp\/v2\/comments?post=62"}],"version-history":[{"count":0,"href":"https:\/\/www.librahotelnhatrang.com\/vi\/wp-json\/wp\/v2\/pages\/62\/revisions"}],"up":[{"embeddable":true,"href":"https:\/\/www.librahotelnhatrang.com\/vi\/wp-json\/wp\/v2\/pages\/8"}],"wp:featuredmedia":[{"embeddable":true,"href":"https:\/\/www.librahotelnhatrang.com\/vi\/wp-json\/wp\/v2\/media\/66"}],"wp:attachment":[{"href":"https:\/\/www.librahotelnhatrang.com\/vi\/wp-json\/wp\/v2\/media?parent=62"}],"curies":[{"name":"wp","href":"https:\/\/api.w.org\/{rel}","templated":true}]}}