{"id":624,"date":"2026-05-05T07:14:56","date_gmt":"2026-05-05T07:14:56","guid":{"rendered":"https:\/\/www.librahotelnhatrang.com\/stay-longer-enjoy-more\/"},"modified":"2026-05-05T07:46:48","modified_gmt":"2026-05-05T07:46:48","slug":"stay-longer-enjoy-more","status":"publish","type":"page","link":"https:\/\/www.librahotelnhatrang.com\/vi\/chuong-trinh-khuyen-mai\/luu-tru\/stay-longer-enjoy-more\/","title":{"rendered":"\u01afu \u0111\u00e3i l\u01b0u tr\u00fa d\u00e0i ng\u00e0y"},"content":{"rendered":"<p style=\"text-align: left\" data-start=\"203\" data-end=\"243\"><strong data-start=\"203\" data-end=\"243\">Ch\u1ec9 t\u1eeb 1.079.000 VN\u0110 \/ 2 kh\u00e1ch \/ \u0111\u00eam<\/strong><\/p>\n<p style=\"text-align: left\">N\u1ebfu b\u1ea1n \u0111ang t\u00ecm ki\u1ebfm m\u1ed9t k\u1ef3 ngh\u1ec9 d\u00e0i ng\u00e0y tho\u1ea3i m\u00e1i gi\u1eefa l\u00f2ng th\u00e0nh ph\u1ed1 bi\u1ec3n, Libra Hotel Nha Trang mang \u0111\u1ebfn \u01b0u \u0111\u00e3i <strong data-start=\"362\" data-end=\"375\">Long Stay<\/strong> \u2013 l\u1ef1a ch\u1ecdn l\u00fd t\u01b0\u1edfng cho nh\u1eefng h\u00e0nh tr\u00ecnh t\u1eeb 5 \u0111\u00eam tr\u1edf l\u00ean. Kh\u00f4ng ch\u1ec9 l\u00e0 m\u1ee9c gi\u00e1 h\u1ea5p d\u1eabn, \u0111\u00e2y c\u00f2n l\u00e0 c\u01a1 h\u1ed9i \u0111\u1ec3 b\u1ea1n t\u1eadn h\u01b0\u1edfng tr\u1ecdn v\u1eb9n kh\u00f4ng gian ngh\u1ec9 d\u01b0\u1ee1ng c\u00f9ng nh\u1eefng \u0111\u1eb7c quy\u1ec1n \u0111\u01b0\u1ee3c ch\u0103m ch\u00fat tinh t\u1ebf.<\/p>\n<div id=\"attachment_264\" style=\"width: 2210px\" class=\"wp-caption aligncenter\"><img loading=\"lazy\" decoding=\"async\" aria-describedby=\"caption-attachment-264\" class=\"size-full wp-image-264\" src=\"http:\/\/www.librahotelnhatrang.com\/wp-content\/uploads\/sites\/142\/2026\/01\/Libra-Deluxe-Sea-View-9-1.jpg\" alt=\"Deluxe City View - Libra Hotel Nha Trang\" width=\"2200\" height=\"1768\" srcset=\"https:\/\/www.librahotelnhatrang.com\/wp-content\/uploads\/sites\/142\/2026\/01\/Libra-Deluxe-Sea-View-9-1.jpg 2200w, https:\/\/www.librahotelnhatrang.com\/wp-content\/uploads\/sites\/142\/2026\/01\/Libra-Deluxe-Sea-View-9-1-300x241.jpg 300w, https:\/\/www.librahotelnhatrang.com\/wp-content\/uploads\/sites\/142\/2026\/01\/Libra-Deluxe-Sea-View-9-1-1024x823.jpg 1024w, https:\/\/www.librahotelnhatrang.com\/wp-content\/uploads\/sites\/142\/2026\/01\/Libra-Deluxe-Sea-View-9-1-768x617.jpg 768w, https:\/\/www.librahotelnhatrang.com\/wp-content\/uploads\/sites\/142\/2026\/01\/Libra-Deluxe-Sea-View-9-1-1536x1234.jpg 1536w, https:\/\/www.librahotelnhatrang.com\/wp-content\/uploads\/sites\/142\/2026\/01\/Libra-Deluxe-Sea-View-9-1-2048x1646.jpg 2048w, https:\/\/www.librahotelnhatrang.com\/wp-content\/uploads\/sites\/142\/2026\/01\/Libra-Deluxe-Sea-View-9-1-600x482.jpg 600w, https:\/\/www.librahotelnhatrang.com\/wp-content\/uploads\/sites\/142\/2026\/01\/Libra-Deluxe-Sea-View-9-1-1000x804.jpg 1000w\" sizes=\"(max-width: 2200px) 100vw, 2200px\" \/><p id=\"caption-attachment-264\" class=\"wp-caption-text\">Deluxe City View &#8211; Libra Hotel Nha Trang<\/p><\/div>\n<p style=\"text-align: left\" data-section-id=\"19uctsi\" data-start=\"582\" data-end=\"604\"><span role=\"text\"><strong data-start=\"586\" data-end=\"604\">\u01afu \u0111\u00e3i bao g\u1ed3m<\/strong><\/span><\/p>\n<ul style=\"text-align: left\">\n<li>01 \u0111\u00eam ngh\u1ec9 d\u01b0\u1ee1ng t\u1ea1i h\u1ea1ng ph\u00f2ng <a href=\"https:\/\/www.librahotelnhatrang.com\/vi\/rooms\/deluxe-city-view\/\">Deluxe City View<\/a><\/li>\n<li>Mi\u1ec5n ph\u00ed gi\u1eb7t \u1ee7i 4 m\u00f3n m\u1ed7i ng\u00e0y<\/li>\n<li>Mi\u1ec5n ph\u00ed Minibar 1 l\u1ea7n m\u1ed7i ng\u00e0y<\/li>\n<li>Gi\u1ea3m 15% to\u00e0n b\u1ed9 d\u1ecbch v\u1ee5 \u1ea8m th\u1ef1c (F&amp;B)<\/li>\n<li>Gi\u1ea3m 35% to\u00e0n b\u1ed9 d\u1ecbch v\u1ee5 Spa<\/li>\n<li>\u01afu ti\u00ean nh\u1eadn ph\u00f2ng s\u1edbm \/ tr\u1ea3 ph\u00f2ng mu\u1ed9n (t\u00f9y t\u00ecnh tr\u1ea1ng ph\u00f2ng)<\/li>\n<\/ul>\n<p style=\"text-align: left\" data-section-id=\"1j6dzt\" data-start=\"1194\" data-end=\"1219\"><span role=\"text\"><strong data-start=\"1198\" data-end=\"1219\">\u0110i\u1ec1u ki\u1ec7n \u00e1p d\u1ee5ng<\/strong><\/span><\/p>\n<ul style=\"text-align: left\">\n<li data-start=\"1220\" data-end=\"1457\">\u00c1p d\u1ee5ng cho \u0111\u1eb7t ph\u00f2ng t\u1eeb 5 \u0111\u00eam tr\u1edf l\u00ean<\/li>\n<li data-start=\"1220\" data-end=\"1457\">Th\u1eddi gian \u0111\u1eb7t ph\u00f2ng: \u00e1p d\u1ee5ng \u0111\u1ebfn h\u1ebft 15\/12\/2026<\/li>\n<li data-start=\"1220\" data-end=\"1457\">Th\u1eddi gian l\u01b0u tr\u00fa: \u00e1p d\u1ee5ng \u0111\u1ebfn h\u1ebft 31\/12\/2026<\/li>\n<li data-start=\"1220\" data-end=\"1457\">Ph\u1ee5 thu 300.000 VN\u0110\/ph\u00f2ng\/\u0111\u00eam v\u00e0o c\u00e1c d\u1ecbp l\u1ec5, T\u1ebft: 18\/02 \u2013 21\/02 | 30\/04 \u2013 01\/05 | 31\/08 \u2013 02\/09 | 30\/12 \u2013 31\/12<\/li>\n<\/ul>\n<p style=\"text-align: left\" data-section-id=\"1p4e0gz\" data-start=\"1464\" data-end=\"1488\"><span role=\"text\"><strong data-start=\"1468\" data-end=\"1488\">\u0110\u1eb7t ngay h\u00f4m nay!<\/strong><\/span><\/p>\n","protected":false},"excerpt":{"rendered":"<p>Ch\u1ec9 t\u1eeb 1.079.000 VN\u0110 \/ 2 kh\u00e1ch \/ \u0111\u00eam N\u1ebfu b\u1ea1n \u0111ang t\u00ecm ki\u1ebfm m\u1ed9t k\u1ef3 ngh\u1ec9 d\u00e0i ng\u00e0y tho\u1ea3i m\u00e1i gi\u1eefa l\u00f2ng th\u00e0nh ph\u1ed1 bi\u1ec3n, Libra Hotel Nha Trang mang \u0111\u1ebfn \u01b0u \u0111\u00e3i Long Stay \u2013 l\u1ef1a ch\u1ecdn l\u00fd t\u01b0\u1edfng cho nh\u1eefng h\u00e0nh tr\u00ecnh t\u1eeb 5 \u0111\u00eam tr\u1edf l\u00ean. Kh\u00f4ng ch\u1ec9 l\u00e0 m\u1ee9c gi\u00e1 [&hellip;]<\/p>\n","protected":false},"author":269,"featured_media":58,"parent":545,"menu_order":0,"comment_status":"closed","ping_status":"closed","template":"template-single-offers.php","meta":{"footnotes":""},"yoast_head":"<!-- This site is optimized with the Yoast SEO plugin v22.3 - https:\/\/yoast.com\/wordpress\/plugins\/seo\/ -->\n<title>\u01afu \u0111\u00e3i l\u01b0u tr\u00fa d\u00e0i ng\u00e0y - Libra Hotel Nha Trang<\/title>\n<meta name=\"robots\" content=\"index, follow, max-snippet:-1, max-image-preview:large, max-video-preview:-1\" \/>\n<link rel=\"canonical\" href=\"https:\/\/www.librahotelnhatrang.com\/vi\/chuong-trinh-khuyen-mai\/luu-tru\/stay-longer-enjoy-more\/\" \/>\n<meta property=\"og:locale\" content=\"vi_VN\" \/>\n<meta property=\"og:type\" content=\"article\" \/>\n<meta property=\"og:title\" content=\"\u01afu \u0111\u00e3i l\u01b0u tr\u00fa d\u00e0i ng\u00e0y - Libra Hotel Nha Trang\" \/>\n<meta property=\"og:description\" content=\"Ch\u1ec9 t\u1eeb 1.079.000 VN\u0110 \/ 2 kh\u00e1ch \/ \u0111\u00eam N\u1ebfu b\u1ea1n \u0111ang t\u00ecm ki\u1ebfm m\u1ed9t k\u1ef3 ngh\u1ec9 d\u00e0i ng\u00e0y tho\u1ea3i m\u00e1i gi\u1eefa l\u00f2ng th\u00e0nh ph\u1ed1 bi\u1ec3n, Libra Hotel Nha Trang mang \u0111\u1ebfn \u01b0u \u0111\u00e3i Long Stay \u2013 l\u1ef1a ch\u1ecdn l\u00fd t\u01b0\u1edfng cho nh\u1eefng h\u00e0nh tr\u00ecnh t\u1eeb 5 \u0111\u00eam tr\u1edf l\u00ean. Kh\u00f4ng ch\u1ec9 l\u00e0 m\u1ee9c gi\u00e1 [&hellip;]\" \/>\n<meta property=\"og:url\" content=\"https:\/\/www.librahotelnhatrang.com\/vi\/chuong-trinh-khuyen-mai\/luu-tru\/stay-longer-enjoy-more\/\" \/>\n<meta property=\"og:site_name\" content=\"Libra Hotel Nha Trang\" \/>\n<meta property=\"article:modified_time\" content=\"2026-05-05T07:46:48+00:00\" \/>\n<meta property=\"og:image\" content=\"http:\/\/www.librahotelnhatrang.com\/wp-content\/uploads\/sites\/142\/2026\/01\/LIBRA-DELUXE-SEA-VIEW-10.jpg\" \/>\n\t<meta property=\"og:image:width\" content=\"2200\" \/>\n\t<meta property=\"og:image:height\" content=\"1467\" \/>\n\t<meta property=\"og:image:type\" content=\"image\/jpeg\" \/>\n<meta name=\"twitter:card\" content=\"summary_large_image\" \/>\n<meta name=\"twitter:label1\" content=\"Est. reading time\" \/>\n\t<meta name=\"twitter:data1\" content=\"2 minutes\" \/>\n<script type=\"application\/ld+json\" class=\"yoast-schema-graph\">{\"@context\":\"https:\/\/schema.org\",\"@graph\":[{\"@type\":\"WebPage\",\"@id\":\"https:\/\/www.librahotelnhatrang.com\/vi\/chuong-trinh-khuyen-mai\/luu-tru\/stay-longer-enjoy-more\/\",\"url\":\"https:\/\/www.librahotelnhatrang.com\/vi\/chuong-trinh-khuyen-mai\/luu-tru\/stay-longer-enjoy-more\/\",\"name\":\"\u01afu \u0111\u00e3i l\u01b0u tr\u00fa d\u00e0i ng\u00e0y - Libra Hotel Nha Trang\",\"isPartOf\":{\"@id\":\"https:\/\/www.librahotelnhatrang.com\/vi\/#website\"},\"primaryImageOfPage\":{\"@id\":\"https:\/\/www.librahotelnhatrang.com\/vi\/chuong-trinh-khuyen-mai\/luu-tru\/stay-longer-enjoy-more\/#primaryimage\"},\"image\":{\"@id\":\"https:\/\/www.librahotelnhatrang.com\/vi\/chuong-trinh-khuyen-mai\/luu-tru\/stay-longer-enjoy-more\/#primaryimage\"},\"thumbnailUrl\":\"https:\/\/www.librahotelnhatrang.com\/wp-content\/uploads\/sites\/142\/2026\/01\/LIBRA-DELUXE-SEA-VIEW-10.jpg\",\"datePublished\":\"2026-05-05T07:14:56+00:00\",\"dateModified\":\"2026-05-05T07:46:48+00:00\",\"breadcrumb\":{\"@id\":\"https:\/\/www.librahotelnhatrang.com\/vi\/chuong-trinh-khuyen-mai\/luu-tru\/stay-longer-enjoy-more\/#breadcrumb\"},\"inLanguage\":\"vi-VN\",\"potentialAction\":[{\"@type\":\"ReadAction\",\"target\":[\"https:\/\/www.librahotelnhatrang.com\/vi\/chuong-trinh-khuyen-mai\/luu-tru\/stay-longer-enjoy-more\/\"]}]},{\"@type\":\"ImageObject\",\"inLanguage\":\"vi-VN\",\"@id\":\"https:\/\/www.librahotelnhatrang.com\/vi\/chuong-trinh-khuyen-mai\/luu-tru\/stay-longer-enjoy-more\/#primaryimage\",\"url\":\"https:\/\/www.librahotelnhatrang.com\/wp-content\/uploads\/sites\/142\/2026\/01\/LIBRA-DELUXE-SEA-VIEW-10.jpg\",\"contentUrl\":\"https:\/\/www.librahotelnhatrang.com\/wp-content\/uploads\/sites\/142\/2026\/01\/LIBRA-DELUXE-SEA-VIEW-10.jpg\",\"width\":2200,\"height\":1467},{\"@type\":\"BreadcrumbList\",\"@id\":\"https:\/\/www.librahotelnhatrang.com\/vi\/chuong-trinh-khuyen-mai\/luu-tru\/stay-longer-enjoy-more\/#breadcrumb\",\"itemListElement\":[{\"@type\":\"ListItem\",\"position\":1,\"name\":\"Home\",\"item\":\"https:\/\/www.librahotelnhatrang.com\/vi\/\"},{\"@type\":\"ListItem\",\"position\":2,\"name\":\"\u01afu \u0111\u00e3i\",\"item\":\"https:\/\/www.librahotelnhatrang.com\/vi\/chuong-trinh-khuyen-mai\/\"},{\"@type\":\"ListItem\",\"position\":3,\"name\":\"L\u01b0u tr\u00fa\",\"item\":\"https:\/\/www.librahotelnhatrang.com\/vi\/chuong-trinh-khuyen-mai\/luu-tru\/\"},{\"@type\":\"ListItem\",\"position\":4,\"name\":\"\u01afu \u0111\u00e3i l\u01b0u tr\u00fa d\u00e0i ng\u00e0y\"}]},{\"@type\":\"WebSite\",\"@id\":\"https:\/\/www.librahotelnhatrang.com\/vi\/#website\",\"url\":\"https:\/\/www.librahotelnhatrang.com\/vi\/\",\"name\":\"Libra Hotel Nha Trang\",\"description\":\"\",\"potentialAction\":[{\"@type\":\"SearchAction\",\"target\":{\"@type\":\"EntryPoint\",\"urlTemplate\":\"https:\/\/www.librahotelnhatrang.com\/vi\/?s={search_term_string}\"},\"query-input\":\"required name=search_term_string\"}],\"inLanguage\":\"vi-VN\"}]}<\/script>\n<!-- \/ Yoast SEO plugin. -->","yoast_head_json":{"title":"\u01afu \u0111\u00e3i l\u01b0u tr\u00fa d\u00e0i ng\u00e0y - Libra Hotel Nha Trang","robots":{"index":"index","follow":"follow","max-snippet":"max-snippet:-1","max-image-preview":"max-image-preview:large","max-video-preview":"max-video-preview:-1"},"canonical":"https:\/\/www.librahotelnhatrang.com\/vi\/chuong-trinh-khuyen-mai\/luu-tru\/stay-longer-enjoy-more\/","og_locale":"vi_VN","og_type":"article","og_title":"\u01afu \u0111\u00e3i l\u01b0u tr\u00fa d\u00e0i ng\u00e0y - Libra Hotel Nha Trang","og_description":"Ch\u1ec9 t\u1eeb 1.079.000 VN\u0110 \/ 2 kh\u00e1ch \/ \u0111\u00eam N\u1ebfu b\u1ea1n \u0111ang t\u00ecm ki\u1ebfm m\u1ed9t k\u1ef3 ngh\u1ec9 d\u00e0i ng\u00e0y tho\u1ea3i m\u00e1i gi\u1eefa l\u00f2ng th\u00e0nh ph\u1ed1 bi\u1ec3n, Libra Hotel Nha Trang mang \u0111\u1ebfn \u01b0u \u0111\u00e3i Long Stay \u2013 l\u1ef1a ch\u1ecdn l\u00fd t\u01b0\u1edfng cho nh\u1eefng h\u00e0nh tr\u00ecnh t\u1eeb 5 \u0111\u00eam tr\u1edf l\u00ean. Kh\u00f4ng ch\u1ec9 l\u00e0 m\u1ee9c gi\u00e1 [&hellip;]","og_url":"https:\/\/www.librahotelnhatrang.com\/vi\/chuong-trinh-khuyen-mai\/luu-tru\/stay-longer-enjoy-more\/","og_site_name":"Libra Hotel Nha Trang","article_modified_time":"2026-05-05T07:46:48+00:00","og_image":[{"width":2200,"height":1467,"url":"http:\/\/www.librahotelnhatrang.com\/wp-content\/uploads\/sites\/142\/2026\/01\/LIBRA-DELUXE-SEA-VIEW-10.jpg","type":"image\/jpeg"}],"twitter_card":"summary_large_image","twitter_misc":{"Est. reading time":"2 minutes"},"schema":{"@context":"https:\/\/schema.org","@graph":[{"@type":"WebPage","@id":"https:\/\/www.librahotelnhatrang.com\/vi\/chuong-trinh-khuyen-mai\/luu-tru\/stay-longer-enjoy-more\/","url":"https:\/\/www.librahotelnhatrang.com\/vi\/chuong-trinh-khuyen-mai\/luu-tru\/stay-longer-enjoy-more\/","name":"\u01afu \u0111\u00e3i l\u01b0u tr\u00fa d\u00e0i ng\u00e0y - Libra Hotel Nha Trang","isPartOf":{"@id":"https:\/\/www.librahotelnhatrang.com\/vi\/#website"},"primaryImageOfPage":{"@id":"https:\/\/www.librahotelnhatrang.com\/vi\/chuong-trinh-khuyen-mai\/luu-tru\/stay-longer-enjoy-more\/#primaryimage"},"image":{"@id":"https:\/\/www.librahotelnhatrang.com\/vi\/chuong-trinh-khuyen-mai\/luu-tru\/stay-longer-enjoy-more\/#primaryimage"},"thumbnailUrl":"https:\/\/www.librahotelnhatrang.com\/wp-content\/uploads\/sites\/142\/2026\/01\/LIBRA-DELUXE-SEA-VIEW-10.jpg","datePublished":"2026-05-05T07:14:56+00:00","dateModified":"2026-05-05T07:46:48+00:00","breadcrumb":{"@id":"https:\/\/www.librahotelnhatrang.com\/vi\/chuong-trinh-khuyen-mai\/luu-tru\/stay-longer-enjoy-more\/#breadcrumb"},"inLanguage":"vi-VN","potentialAction":[{"@type":"ReadAction","target":["https:\/\/www.librahotelnhatrang.com\/vi\/chuong-trinh-khuyen-mai\/luu-tru\/stay-longer-enjoy-more\/"]}]},{"@type":"ImageObject","inLanguage":"vi-VN","@id":"https:\/\/www.librahotelnhatrang.com\/vi\/chuong-trinh-khuyen-mai\/luu-tru\/stay-longer-enjoy-more\/#primaryimage","url":"https:\/\/www.librahotelnhatrang.com\/wp-content\/uploads\/sites\/142\/2026\/01\/LIBRA-DELUXE-SEA-VIEW-10.jpg","contentUrl":"https:\/\/www.librahotelnhatrang.com\/wp-content\/uploads\/sites\/142\/2026\/01\/LIBRA-DELUXE-SEA-VIEW-10.jpg","width":2200,"height":1467},{"@type":"BreadcrumbList","@id":"https:\/\/www.librahotelnhatrang.com\/vi\/chuong-trinh-khuyen-mai\/luu-tru\/stay-longer-enjoy-more\/#breadcrumb","itemListElement":[{"@type":"ListItem","position":1,"name":"Home","item":"https:\/\/www.librahotelnhatrang.com\/vi\/"},{"@type":"ListItem","position":2,"name":"\u01afu \u0111\u00e3i","item":"https:\/\/www.librahotelnhatrang.com\/vi\/chuong-trinh-khuyen-mai\/"},{"@type":"ListItem","position":3,"name":"L\u01b0u tr\u00fa","item":"https:\/\/www.librahotelnhatrang.com\/vi\/chuong-trinh-khuyen-mai\/luu-tru\/"},{"@type":"ListItem","position":4,"name":"\u01afu \u0111\u00e3i l\u01b0u tr\u00fa d\u00e0i ng\u00e0y"}]},{"@type":"WebSite","@id":"https:\/\/www.librahotelnhatrang.com\/vi\/#website","url":"https:\/\/www.librahotelnhatrang.com\/vi\/","name":"Libra Hotel Nha Trang","description":"","potentialAction":[{"@type":"SearchAction","target":{"@type":"EntryPoint","urlTemplate":"https:\/\/www.librahotelnhatrang.com\/vi\/?s={search_term_string}"},"query-input":"required name=search_term_string"}],"inLanguage":"vi-VN"}]}},"acf":[],"_links":{"self":[{"href":"https:\/\/www.librahotelnhatrang.com\/vi\/wp-json\/wp\/v2\/pages\/624"}],"collection":[{"href":"https:\/\/www.librahotelnhatrang.com\/vi\/wp-json\/wp\/v2\/pages"}],"about":[{"href":"https:\/\/www.librahotelnhatrang.com\/vi\/wp-json\/wp\/v2\/types\/page"}],"author":[{"embeddable":true,"href":"https:\/\/www.librahotelnhatrang.com\/vi\/wp-json\/wp\/v2\/users\/269"}],"replies":[{"embeddable":true,"href":"https:\/\/www.librahotelnhatrang.com\/vi\/wp-json\/wp\/v2\/comments?post=624"}],"version-history":[{"count":0,"href":"https:\/\/www.librahotelnhatrang.com\/vi\/wp-json\/wp\/v2\/pages\/624\/revisions"}],"up":[{"embeddable":true,"href":"https:\/\/www.librahotelnhatrang.com\/vi\/wp-json\/wp\/v2\/pages\/545"}],"wp:featuredmedia":[{"embeddable":true,"href":"https:\/\/www.librahotelnhatrang.com\/vi\/wp-json\/wp\/v2\/media\/58"}],"wp:attachment":[{"href":"https:\/\/www.librahotelnhatrang.com\/vi\/wp-json\/wp\/v2\/media?parent=624"}],"curies":[{"name":"wp","href":"https:\/\/api.w.org\/{rel}","templated":true}]}}