{"id":644,"date":"2026-05-06T02:50:00","date_gmt":"2026-05-06T02:50:00","guid":{"rendered":"https:\/\/www.librahotelnhatrang.com\/?page_id=644"},"modified":"2026-05-06T02:50:00","modified_gmt":"2026-05-06T02:50:00","slug":"dieu-khoan-chung","status":"publish","type":"page","link":"https:\/\/www.librahotelnhatrang.com\/vi\/dieu-khoan-chung\/","title":{"rendered":"\u0110i\u1ec1u kho\u1ea3n chung"},"content":{"rendered":"<p><strong>1. Gi\u1edbi thi\u1ec7u<\/strong><\/p>\n<p class=\"isSelectedEnd\">Ch\u00e0o m\u1eebng b\u1ea1n \u0111\u1ebfn v\u1edbi Libra Hotel Nha Trang. C\u00e1c \u0110i\u1ec1u kho\u1ea3n chung n\u00e0y quy \u0111\u1ecbnh vi\u1ec7c truy c\u1eadp v\u00e0 s\u1eed d\u1ee5ng website c\u0169ng nh\u01b0 c\u00e1c d\u1ecbch v\u1ee5 do kh\u00e1ch s\u1ea1n cung c\u1ea5p. Khi truy c\u1eadp website ho\u1eb7c th\u1ef1c hi\u1ec7n \u0111\u1eb7t ph\u00f2ng, b\u1ea1n \u0111\u1ed3ng \u00fd tu\u00e2n th\u1ee7 c\u00e1c \u0111i\u1ec1u kho\u1ea3n n\u00e0y.<\/p>\n<p class=\"isSelectedEnd\">N\u1ebfu b\u1ea1n kh\u00f4ng \u0111\u1ed3ng \u00fd v\u1edbi b\u1ea5t k\u1ef3 n\u1ed9i dung n\u00e0o, vui l\u00f2ng ng\u1eebng s\u1eed d\u1ee5ng website ho\u1eb7c d\u1ecbch v\u1ee5 c\u1ee7a ch\u00fang t\u00f4i.<\/p>\n<div>\n<hr \/>\n<\/div>\n<p><strong>2. \u0110\u1ecbnh ngh\u0129a<\/strong><\/p>\n<ul data-spread=\"false\">\n<li><strong>\u201cKh\u00e1ch s\u1ea1n\u201d<\/strong>: Libra Hotel Nha Trang<\/li>\n<li><strong>\u201cKh\u00e1ch h\u00e0ng\u201d \/ \u201cKh\u00e1ch l\u01b0u tr\u00fa\u201d<\/strong>: C\u00e1 nh\u00e2n ho\u1eb7c t\u1ed5 ch\u1ee9c s\u1eed d\u1ee5ng d\u1ecbch v\u1ee5<\/li>\n<li><strong>\u201cWebsite\u201d<\/strong>: Trang web ch\u00ednh th\u1ee9c c\u1ee7a Libra Hotel Nha Trang<\/li>\n<li><strong>\u201cD\u1ecbch v\u1ee5\u201d<\/strong>: Bao g\u1ed3m l\u01b0u tr\u00fa, \u1ea9m th\u1ef1c v\u00e0 c\u00e1c ti\u1ec7n \u00edch kh\u00e1c<\/li>\n<\/ul>\n<div>\n<hr \/>\n<\/div>\n<p><strong>3. Ph\u1ea1m vi \u00e1p d\u1ee5ng<\/strong><\/p>\n<p class=\"isSelectedEnd\">\u0110i\u1ec1u kho\u1ea3n n\u00e0y \u00e1p d\u1ee5ng cho:<\/p>\n<ul data-spread=\"false\">\n<li>Vi\u1ec7c truy c\u1eadp v\u00e0 s\u1eed d\u1ee5ng website<\/li>\n<li>\u0110\u1eb7t ph\u00f2ng tr\u1ef1c tuy\u1ebfn<\/li>\n<li>\u0110\u1eb7t ph\u00f2ng qua \u0111i\u1ec7n tho\u1ea1i, email ho\u1eb7c \u0111\u1ed1i t\u00e1c<\/li>\n<li>T\u1ea5t c\u1ea3 d\u1ecbch v\u1ee5 t\u1ea1i Libra Hotel Nha Trang<\/li>\n<\/ul>\n<div>\n<hr \/>\n<\/div>\n<p><strong>4. S\u1eed d\u1ee5ng website<\/strong><\/p>\n<p class=\"isSelectedEnd\">Khi s\u1eed d\u1ee5ng website, b\u1ea1n cam k\u1ebft:<\/p>\n<ul data-spread=\"false\">\n<li>Cung c\u1ea5p th\u00f4ng tin ch\u00ednh x\u00e1c v\u00e0 \u0111\u1ea7y \u0111\u1ee7<\/li>\n<li>Kh\u00f4ng s\u1eed d\u1ee5ng website cho m\u1ee5c \u0111\u00edch tr\u00e1i ph\u00e1p lu\u1eadt<\/li>\n<li>Kh\u00f4ng can thi\u1ec7p v\u00e0o h\u1ec7 th\u1ed1ng ho\u1eb7c b\u1ea3o m\u1eadt website<\/li>\n<li>Kh\u00f4ng sao ch\u00e9p, ph\u00e2n ph\u1ed1i n\u1ed9i dung khi ch\u01b0a \u0111\u01b0\u1ee3c cho ph\u00e9p<\/li>\n<\/ul>\n<p class=\"isSelectedEnd\">Ch\u00fang t\u00f4i c\u00f3 quy\u1ec1n h\u1ea1n ch\u1ebf ho\u1eb7c ch\u1ea5m d\u1ee9t quy\u1ec1n truy c\u1eadp n\u1ebfu ph\u00e1t hi\u1ec7n vi ph\u1ea1m.<\/p>\n<div>\n<hr \/>\n<\/div>\n<p><strong>5. \u0110\u1eb7t ph\u00f2ng<\/strong><\/p>\n<p><strong>5.1. X\u00e1c nh\u1eadn \u0111\u1eb7t ph\u00f2ng<\/strong><\/p>\n<p class=\"isSelectedEnd\">M\u1ecdi \u0111\u1eb7t ph\u00f2ng \u0111\u1ec1u ph\u1ee5 thu\u1ed9c v\u00e0o t\u00ecnh tr\u1ea1ng ph\u00f2ng tr\u1ed1ng. Vi\u1ec7c \u0111\u1eb7t ph\u00f2ng ch\u1ec9 \u0111\u01b0\u1ee3c x\u00e1c nh\u1eadn khi b\u1ea1n nh\u1eadn \u0111\u01b0\u1ee3c email ho\u1eb7c th\u00f4ng b\u00e1o ch\u00ednh th\u1ee9c t\u1eeb kh\u00e1ch s\u1ea1n.<\/p>\n<p><strong>5.2. Th\u00f4ng tin cung c\u1ea5p<\/strong><\/p>\n<p class=\"isSelectedEnd\">Kh\u00e1ch h\u00e0ng c\u1ea7n cung c\u1ea5p \u0111\u1ea7y \u0111\u1ee7 v\u00e0 ch\u00ednh x\u00e1c th\u00f4ng tin c\u00e1 nh\u00e2n v\u00e0 thanh to\u00e1n.<\/p>\n<p><strong>5.3. Y\u00eau c\u1ea7u \u0111\u1eb7c bi\u1ec7t<\/strong><\/p>\n<p class=\"isSelectedEnd\">C\u00e1c y\u00eau c\u1ea7u nh\u01b0 lo\u1ea1i ph\u00f2ng, check-in s\u1edbm\u2026 s\u1ebd ph\u1ee5 thu\u1ed9c v\u00e0o t\u00ecnh tr\u1ea1ng th\u1ef1c t\u1ebf v\u00e0 kh\u00f4ng \u0111\u01b0\u1ee3c \u0111\u1ea3m b\u1ea3o.<\/p>\n<div>\n<hr \/>\n<\/div>\n<p><strong>6. Gi\u00e1 v\u00e0 thanh to\u00e1n<\/strong><\/p>\n<ul data-spread=\"false\">\n<li>Gi\u00e1 \u0111\u01b0\u1ee3c t\u00ednh b\u1eb1ng VND (tr\u1eeb khi c\u00f3 th\u00f4ng b\u00e1o kh\u00e1c)<\/li>\n<li>Gi\u00e1 c\u00f3 th\u1ec3 thay \u0111\u1ed5i theo th\u1eddi \u0111i\u1ec3m, ch\u01b0\u01a1ng tr\u00ecnh khuy\u1ebfn m\u00e3i<\/li>\n<li>C\u00f3 th\u1ec3 y\u00eau c\u1ea7u thanh to\u00e1n tr\u01b0\u1edbc m\u1ed9t ph\u1ea7n ho\u1eb7c to\u00e0n b\u1ed9<\/li>\n<li>Ch\u1ea5p nh\u1eadn nhi\u1ec1u ph\u01b0\u01a1ng th\u1ee9c thanh to\u00e1n<\/li>\n<\/ul>\n<p class=\"isSelectedEnd\">Kh\u00e1ch s\u1ea1n c\u00f3 quy\u1ec1n \u0111i\u1ec1u ch\u1ec9nh gi\u00e1 ho\u1eb7c s\u1eeda l\u1ed7i th\u00f4ng tin b\u1ea5t k\u1ef3 l\u00fac n\u00e0o.<\/p>\n<div>\n<hr \/>\n<\/div>\n<p><strong>7. Ch\u00ednh s\u00e1ch h\u1ee7y v\u00e0 thay \u0111\u1ed5i<\/strong><\/p>\n<p class=\"isSelectedEnd\">Ch\u00ednh s\u00e1ch h\u1ee7y v\u00e0 thay \u0111\u1ed5i ph\u1ee5 thu\u1ed9c v\u00e0o lo\u1ea1i gi\u00e1 ho\u1eb7c ch\u01b0\u01a1ng tr\u00ecnh:<\/p>\n<ul data-spread=\"false\">\n<li>C\u00f3 th\u1ec3 mi\u1ec5n ph\u00ed h\u1ee7y trong th\u1eddi h\u1ea1n nh\u1ea5t \u0111\u1ecbnh<\/li>\n<li>H\u1ee7y tr\u1ec5 ho\u1eb7c kh\u00f4ng \u0111\u1ebfn c\u00f3 th\u1ec3 b\u1ecb t\u00ednh ph\u00ed<\/li>\n<li>Vi\u1ec7c thay \u0111\u1ed5i ph\u1ee5 thu\u1ed9c v\u00e0o t\u00ecnh tr\u1ea1ng ph\u00f2ng<\/li>\n<\/ul>\n<p class=\"isSelectedEnd\">Kh\u00e1ch h\u00e0ng n\u00ean ki\u1ec3m tra k\u1ef9 \u0111i\u1ec1u ki\u1ec7n khi \u0111\u1eb7t ph\u00f2ng.<\/p>\n<div>\n<hr \/>\n<\/div>\n<p><strong>8. Nh\u1eadn v\u00e0 tr\u1ea3 ph\u00f2ng<\/strong><\/p>\n<ul data-spread=\"false\">\n<li>Gi\u1edd nh\u1eadn ph\u00f2ng: t\u1eeb 15:00<\/li>\n<li>Gi\u1edd tr\u1ea3 ph\u00f2ng: tr\u01b0\u1edbc 12:00<\/li>\n<\/ul>\n<p class=\"isSelectedEnd\">Nh\u1eadn s\u1edbm ho\u1eb7c tr\u1ea3 mu\u1ed9n c\u00f3 th\u1ec3 ph\u00e1t sinh ph\u00ed.<\/p>\n<p class=\"isSelectedEnd\">Kh\u00e1ch c\u1ea7n cung c\u1ea5p gi\u1ea5y t\u1edd t\u00f9y th\u00e2n h\u1ee3p l\u1ec7 khi nh\u1eadn ph\u00f2ng.<\/p>\n<div>\n<hr \/>\n<\/div>\n<p><strong>9. Tr\u00e1ch nhi\u1ec7m kh\u00e1ch h\u00e0ng<\/strong><\/p>\n<p class=\"isSelectedEnd\">Kh\u00e1ch h\u00e0ng c\u00f3 tr\u00e1ch nhi\u1ec7m:<\/p>\n<ul data-spread=\"false\">\n<li>Tu\u00e2n th\u1ee7 quy \u0111\u1ecbnh kh\u00e1ch s\u1ea1n<\/li>\n<li>T\u00f4n tr\u1ecdng nh\u00e2n vi\u00ean v\u00e0 kh\u00e1ch kh\u00e1c<\/li>\n<li>Gi\u1eef g\u00ecn t\u00e0i s\u1ea3n<\/li>\n<li>B\u1ed3i th\u01b0\u1eddng thi\u1ec7t h\u1ea1i n\u1ebfu g\u00e2y h\u01b0 h\u1ecfng<\/li>\n<\/ul>\n<p class=\"isSelectedEnd\">Kh\u00e1ch s\u1ea1n c\u00f3 quy\u1ec1n t\u1eeb ch\u1ed1i ph\u1ee5c v\u1ee5 n\u1ebfu vi ph\u1ea1m quy \u0111\u1ecbnh.<\/p>\n<div>\n<hr \/>\n<\/div>\n<p><strong>10. Quy\u1ec1n c\u1ee7a kh\u00e1ch s\u1ea1n<\/strong><\/p>\n<p class=\"isSelectedEnd\">Libra Hotel Nha Trang c\u00f3 quy\u1ec1n:<\/p>\n<ul data-spread=\"false\">\n<li>T\u1eeb ch\u1ed1i ho\u1eb7c h\u1ee7y \u0111\u1eb7t ph\u00f2ng trong m\u1ed9t s\u1ed1 tr\u01b0\u1eddng h\u1ee3p<\/li>\n<li>Thay \u0111\u1ed5i ho\u1eb7c ng\u1eebng cung c\u1ea5p d\u1ecbch v\u1ee5<\/li>\n<li>Y\u00eau c\u1ea7u kh\u00e1ch r\u1eddi kh\u1ecfi kh\u00e1ch s\u1ea1n n\u1ebfu vi ph\u1ea1m<\/li>\n<li>T\u00ednh ph\u00ed \u0111\u1ed1i v\u1edbi thi\u1ec7t h\u1ea1i ho\u1eb7c d\u1ecbch v\u1ee5 ph\u00e1t sinh<\/li>\n<\/ul>\n<div>\n<hr \/>\n<\/div>\n<p><strong>11. Gi\u1edbi h\u1ea1n tr\u00e1ch nhi\u1ec7m<\/strong><\/p>\n<p class=\"isSelectedEnd\">Kh\u00e1ch s\u1ea1n kh\u00f4ng ch\u1ecbu tr\u00e1ch nhi\u1ec7m \u0111\u1ed1i v\u1edbi:<\/p>\n<ul data-spread=\"false\">\n<li>M\u1ea5t m\u00e1t t\u00e0i s\u1ea3n c\u00e1 nh\u00e2n<\/li>\n<li>S\u1ef1 c\u1ed1 do y\u1ebfu t\u1ed1 b\u1ea5t kh\u1ea3 kh\u00e1ng<\/li>\n<li>L\u1ed7i k\u1ef9 thu\u1eadt ngo\u00e0i t\u1ea7m ki\u1ec3m so\u00e1t<\/li>\n<\/ul>\n<p class=\"isSelectedEnd\">Kh\u00e1ch \u0111\u01b0\u1ee3c khuy\u1ebfn ngh\u1ecb s\u1eed d\u1ee5ng k\u00e9t an to\u00e0n trong ph\u00f2ng.<\/p>\n<div>\n<hr \/>\n<\/div>\n<p><strong>12. B\u1ea3o m\u1eadt th\u00f4ng tin<\/strong><\/p>\n<p class=\"isSelectedEnd\">Th\u00f4ng tin kh\u00e1ch h\u00e0ng \u0111\u01b0\u1ee3c x\u1eed l\u00fd theo Ch\u00ednh s\u00e1ch b\u1ea3o m\u1eadt. Khi s\u1eed d\u1ee5ng d\u1ecbch v\u1ee5, b\u1ea1n \u0111\u1ed3ng \u00fd v\u1edbi vi\u1ec7c thu th\u1eadp v\u00e0 s\u1eed d\u1ee5ng d\u1eef li\u1ec7u.<\/p>\n<div>\n<hr \/>\n<\/div>\n<p><strong>13. Quy\u1ec1n s\u1edf h\u1eefu tr\u00ed tu\u1ec7<\/strong><\/p>\n<p class=\"isSelectedEnd\">T\u1ea5t c\u1ea3 n\u1ed9i dung website thu\u1ed9c quy\u1ec1n s\u1edf h\u1eefu c\u1ee7a Libra Hotel Nha Trang v\u00e0 \u0111\u01b0\u1ee3c b\u1ea3o v\u1ec7 theo ph\u00e1p lu\u1eadt.<\/p>\n<p class=\"isSelectedEnd\">Nghi\u00eam c\u1ea5m sao ch\u00e9p tr\u00e1i ph\u00e9p.<\/p>\n<div>\n<hr \/>\n<\/div>\n<p><strong>14. D\u1ecbch v\u1ee5 b\u00ean th\u1ee9 ba<\/strong><\/p>\n<p class=\"isSelectedEnd\">Website c\u00f3 th\u1ec3 li\u00ean k\u1ebft \u0111\u1ebfn d\u1ecbch v\u1ee5 b\u00ean th\u1ee9 ba. Ch\u00fang t\u00f4i kh\u00f4ng ch\u1ecbu tr\u00e1ch nhi\u1ec7m v\u1ec1 n\u1ed9i dung ho\u1eb7c ch\u00ednh s\u00e1ch c\u1ee7a c\u00e1c b\u00ean n\u00e0y.<\/p>\n<div>\n<hr \/>\n<\/div>\n<p><strong>15. B\u1ea5t kh\u1ea3 kh\u00e1ng<\/strong><\/p>\n<p class=\"isSelectedEnd\">Kh\u00e1ch s\u1ea1n kh\u00f4ng ch\u1ecbu tr\u00e1ch nhi\u1ec7m n\u1ebfu kh\u00f4ng th\u1ef1c hi\u1ec7n \u0111\u01b0\u1ee3c ngh\u0129a v\u1ee5 do c\u00e1c s\u1ef1 ki\u1ec7n ngo\u00e0i t\u1ea7m ki\u1ec3m so\u00e1t nh\u01b0 thi\u00ean tai, d\u1ecbch b\u1ec7nh, ch\u00ednh s\u00e1ch nh\u00e0 n\u01b0\u1edbc\u2026<\/p>\n<div>\n<hr \/>\n<\/div>\n<p><strong>16. C\u1eadp nh\u1eadt \u0111i\u1ec1u kho\u1ea3n<\/strong><\/p>\n<p class=\"isSelectedEnd\">\u0110i\u1ec1u kho\u1ea3n c\u00f3 th\u1ec3 \u0111\u01b0\u1ee3c c\u1eadp nh\u1eadt b\u1ea5t k\u1ef3 l\u00fac n\u00e0o. Vi\u1ec7c ti\u1ebfp t\u1ee5c s\u1eed d\u1ee5ng d\u1ecbch v\u1ee5 \u0111\u1ed3ng ngh\u0129a v\u1edbi vi\u1ec7c b\u1ea1n ch\u1ea5p nh\u1eadn c\u00e1c thay \u0111\u1ed5i.<\/p>\n<div>\n<hr \/>\n<\/div>\n<p><strong>17. Lu\u1eadt \u00e1p d\u1ee5ng<\/strong><\/p>\n<p class=\"isSelectedEnd\">C\u00e1c \u0111i\u1ec1u kho\u1ea3n n\u00e0y tu\u00e2n theo ph\u00e1p lu\u1eadt Vi\u1ec7t Nam. M\u1ecdi tranh ch\u1ea5p s\u1ebd \u0111\u01b0\u1ee3c gi\u1ea3i quy\u1ebft theo quy \u0111\u1ecbnh hi\u1ec7n h\u00e0nh.<\/p>\n<div>\n<hr \/>\n<\/div>\n<p><strong>18. Th\u00f4ng tin li\u00ean h\u1ec7<\/strong><\/p>\n<p class=\"isSelectedEnd\"><strong>Libra Hotel Nha Trang<\/strong><br \/>\nEmail:\u00a0info@librahotelnhatrang.com<br \/>\nS\u1ed1 \u0111i\u1ec7n tho\u1ea1i:\u00a0<span class=\"element element_phone\"><span class=\"element_data\">+84 (0) 824 417 388<\/span><\/span><br \/>\n\u0110\u1ecba ch\u1ec9: 14 H\u00f9ng V\u01b0\u01a1ng, Ph\u01b0\u1eddng Nha Trang, T\u1ec9nh Kh\u00e1nh H\u00f2a, Vi\u1ec7t Nam<\/p>\n<div>\n<hr \/>\n<\/div>\n<p><strong>19. Cam k\u1ebft<\/strong><\/p>\n<p class=\"isSelectedEnd\">Ch\u00fang t\u00f4i cam k\u1ebft x\u00e2y d\u1ef1ng h\u1ec7 th\u1ed1ng \u0111i\u1ec1u kho\u1ea3n minh b\u1ea1ch, r\u00f5 r\u00e0ng v\u00e0 th\u00e2n thi\u1ec7n v\u1edbi kh\u00e1ch h\u00e0ng nh\u1eb1m mang l\u1ea1i tr\u1ea3i nghi\u1ec7m t\u1ed1t nh\u1ea5t.<\/p>\n<div>\n<hr \/>\n<\/div>\n<p>&nbsp;<\/p>\n<p class=\"isSelectedEnd\">V\u1edbi h\u1ec7 th\u1ed1ng \u0111\u1eb7t ph\u00f2ng tr\u1ef1c tuy\u1ebfn ti\u1ec7n l\u1ee3i, kh\u00e1ch h\u00e0ng c\u00f3 th\u1ec3 d\u1ec5 d\u00e0ng t\u00ecm ki\u1ebfm, l\u1ef1a ch\u1ecdn v\u00e0 \u0111\u1eb7t ph\u00f2ng ph\u00f9 h\u1ee3p v\u1edbi nhu c\u1ea7u. C\u00e1c ch\u00ednh s\u00e1ch v\u1ec1 gi\u00e1, thanh to\u00e1n v\u00e0 h\u1ee7y ph\u00f2ng \u0111\u01b0\u1ee3c thi\u1ebft k\u1ebf linh ho\u1ea1t, gi\u00fap kh\u00e1ch h\u00e0ng ch\u1ee7 \u0111\u1ed9ng trong k\u1ebf ho\u1ea1ch l\u01b0u tr\u00fa. Ch\u00fang t\u00f4i lu\u00f4n \u0111\u1eb7t tr\u1ea3i nghi\u1ec7m kh\u00e1ch h\u00e0ng l\u00ean h\u00e0ng \u0111\u1ea7u, v\u00ec v\u1eady m\u1ecdi quy \u0111\u1ecbnh \u0111\u1ec1u h\u01b0\u1edbng \u0111\u1ebfn s\u1ef1 r\u00f5 r\u00e0ng, d\u1ec5 hi\u1ec3u v\u00e0 c\u00f4ng b\u1eb1ng. T\u1eeb quy tr\u00ecnh check-in, check-out \u0111\u1ebfn vi\u1ec7c s\u1eed d\u1ee5ng c\u00e1c ti\u1ec7n \u00edch nh\u01b0 nh\u00e0 h\u00e0ng, h\u1ed3 b\u01a1i hay d\u1ecbch v\u1ee5 ph\u00f2ng \u0111\u1ec1u \u0111\u01b0\u1ee3c ti\u00eau chu\u1ea9n h\u00f3a.<\/p>\n<p class=\"isSelectedEnd\">Ngo\u00e0i ra, Libra Hotel Nha Trang c\u0169ng ch\u00fa tr\u1ecdng \u0111\u1ebfn y\u1ebfu t\u1ed1 an to\u00e0n v\u00e0 b\u1ea3o m\u1eadt, \u0111\u1ea3m b\u1ea3o kh\u00e1ch h\u00e0ng c\u00f3 th\u1ec3 y\u00ean t\u00e2m khi s\u1eed d\u1ee5ng d\u1ecbch v\u1ee5. C\u00e1c \u0111i\u1ec1u kho\u1ea3n \u0111\u01b0\u1ee3c c\u1eadp nh\u1eadt th\u01b0\u1eddng xuy\u00ean \u0111\u1ec3 ph\u00f9 h\u1ee3p v\u1edbi th\u1ef1c t\u1ebf v\u1eadn h\u00e0nh v\u00e0 quy \u0111\u1ecbnh ph\u00e1p lu\u1eadt. V\u1edbi \u0111\u1ecbnh h\u01b0\u1edbng ph\u00e1t tri\u1ec3n b\u1ec1n v\u1eefng, Libra Hotel Nha Trang kh\u00f4ng ng\u1eebng n\u00e2ng cao ch\u1ea5t l\u01b0\u1ee3ng d\u1ecbch v\u1ee5 v\u00e0 ho\u00e0n thi\u1ec7n h\u1ec7 th\u1ed1ng ch\u00ednh s\u00e1ch nh\u1eb1m mang \u0111\u1ebfn tr\u1ea3i nghi\u1ec7m l\u01b0u tr\u00fa tr\u1ecdn v\u1eb9n v\u00e0 \u0111\u00e1ng tin c\u1eady cho m\u1ecdi kh\u00e1ch h\u00e0ng.<\/p>\n<div>\n<hr \/>\n<\/div>\n<p><strong>C\u1eadp nh\u1eadt l\u1ea7n cu\u1ed1i:<\/strong> <span class=\"text-token-text-primary cursor-text rounded-sm\" data-placeholder-token=\"true\">06\/05\/2026<\/span><\/p>\n","protected":false},"excerpt":{"rendered":"<p>1. Gi\u1edbi thi\u1ec7u Ch\u00e0o m\u1eebng b\u1ea1n \u0111\u1ebfn v\u1edbi Libra Hotel Nha Trang. C\u00e1c \u0110i\u1ec1u kho\u1ea3n chung n\u00e0y quy \u0111\u1ecbnh vi\u1ec7c truy c\u1eadp v\u00e0 s\u1eed d\u1ee5ng website c\u0169ng nh\u01b0 c\u00e1c d\u1ecbch v\u1ee5 do kh\u00e1ch s\u1ea1n cung c\u1ea5p. Khi truy c\u1eadp website ho\u1eb7c th\u1ef1c hi\u1ec7n \u0111\u1eb7t ph\u00f2ng, b\u1ea1n \u0111\u1ed3ng \u00fd tu\u00e2n th\u1ee7 c\u00e1c \u0111i\u1ec1u kho\u1ea3n n\u00e0y. N\u1ebfu [&hellip;]<\/p>\n","protected":false},"author":269,"featured_media":0,"parent":0,"menu_order":0,"comment_status":"closed","ping_status":"closed","template":"template-legal-pages.php","meta":{"footnotes":""},"yoast_head":"<!-- This site is optimized with the Yoast SEO plugin v22.3 - https:\/\/yoast.com\/wordpress\/plugins\/seo\/ -->\n<title>\u0110i\u1ec1u kho\u1ea3n chung | Libra Hotel Nha Trang<\/title>\n<meta name=\"description\" content=\"C\u00e1c \u0111i\u1ec1u kho\u1ea3n minh b\u1ea1ch v\u00e0 r\u00f5 r\u00e0ng trong vi\u1ec7c s\u1eed d\u1ee5ng website, \u0111\u1eb7t ph\u00f2ng, thanh to\u00e1n v\u00e0 tr\u00e1ch nhi\u1ec7m kh\u00e1ch h\u00e0ng v\u00e0 d\u1ecbch v\u1ee5 t\u1ea1i Libra Hotel Nha Trang\" \/>\n<meta name=\"robots\" content=\"index, follow, max-snippet:-1, max-image-preview:large, max-video-preview:-1\" \/>\n<link rel=\"canonical\" href=\"https:\/\/www.librahotelnhatrang.com\/vi\/dieu-khoan-chung\/\" \/>\n<meta property=\"og:locale\" content=\"vi_VN\" \/>\n<meta property=\"og:type\" content=\"article\" \/>\n<meta property=\"og:title\" content=\"\u0110i\u1ec1u kho\u1ea3n chung | Libra Hotel Nha Trang\" \/>\n<meta property=\"og:description\" content=\"C\u00e1c \u0111i\u1ec1u kho\u1ea3n minh b\u1ea1ch v\u00e0 r\u00f5 r\u00e0ng trong vi\u1ec7c s\u1eed d\u1ee5ng website, \u0111\u1eb7t ph\u00f2ng, thanh to\u00e1n v\u00e0 tr\u00e1ch nhi\u1ec7m kh\u00e1ch h\u00e0ng v\u00e0 d\u1ecbch v\u1ee5 t\u1ea1i Libra Hotel Nha Trang\" \/>\n<meta property=\"og:url\" content=\"https:\/\/www.librahotelnhatrang.com\/vi\/dieu-khoan-chung\/\" \/>\n<meta property=\"og:site_name\" content=\"Libra Hotel Nha Trang\" \/>\n<meta name=\"twitter:card\" content=\"summary_large_image\" \/>\n<meta name=\"twitter:label1\" content=\"Est. reading time\" \/>\n\t<meta name=\"twitter:data1\" content=\"5 minutes\" \/>\n<script type=\"application\/ld+json\" class=\"yoast-schema-graph\">{\"@context\":\"https:\/\/schema.org\",\"@graph\":[{\"@type\":\"WebPage\",\"@id\":\"https:\/\/www.librahotelnhatrang.com\/vi\/dieu-khoan-chung\/\",\"url\":\"https:\/\/www.librahotelnhatrang.com\/vi\/dieu-khoan-chung\/\",\"name\":\"\u0110i\u1ec1u kho\u1ea3n chung | Libra Hotel Nha Trang\",\"isPartOf\":{\"@id\":\"https:\/\/www.librahotelnhatrang.com\/vi\/#website\"},\"datePublished\":\"2026-05-06T02:50:00+00:00\",\"dateModified\":\"2026-05-06T02:50:00+00:00\",\"description\":\"C\u00e1c \u0111i\u1ec1u kho\u1ea3n minh b\u1ea1ch v\u00e0 r\u00f5 r\u00e0ng trong vi\u1ec7c s\u1eed d\u1ee5ng website, \u0111\u1eb7t ph\u00f2ng, thanh to\u00e1n v\u00e0 tr\u00e1ch nhi\u1ec7m kh\u00e1ch h\u00e0ng v\u00e0 d\u1ecbch v\u1ee5 t\u1ea1i Libra Hotel Nha Trang\",\"breadcrumb\":{\"@id\":\"https:\/\/www.librahotelnhatrang.com\/vi\/dieu-khoan-chung\/#breadcrumb\"},\"inLanguage\":\"vi-VN\",\"potentialAction\":[{\"@type\":\"ReadAction\",\"target\":[\"https:\/\/www.librahotelnhatrang.com\/vi\/dieu-khoan-chung\/\"]}]},{\"@type\":\"BreadcrumbList\",\"@id\":\"https:\/\/www.librahotelnhatrang.com\/vi\/dieu-khoan-chung\/#breadcrumb\",\"itemListElement\":[{\"@type\":\"ListItem\",\"position\":1,\"name\":\"Home\",\"item\":\"https:\/\/www.librahotelnhatrang.com\/vi\/\"},{\"@type\":\"ListItem\",\"position\":2,\"name\":\"\u0110i\u1ec1u kho\u1ea3n chung\"}]},{\"@type\":\"WebSite\",\"@id\":\"https:\/\/www.librahotelnhatrang.com\/vi\/#website\",\"url\":\"https:\/\/www.librahotelnhatrang.com\/vi\/\",\"name\":\"Libra Hotel Nha Trang\",\"description\":\"\",\"potentialAction\":[{\"@type\":\"SearchAction\",\"target\":{\"@type\":\"EntryPoint\",\"urlTemplate\":\"https:\/\/www.librahotelnhatrang.com\/vi\/?s={search_term_string}\"},\"query-input\":\"required name=search_term_string\"}],\"inLanguage\":\"vi-VN\"}]}<\/script>\n<!-- \/ Yoast SEO plugin. -->","yoast_head_json":{"title":"\u0110i\u1ec1u kho\u1ea3n chung | Libra Hotel Nha Trang","description":"C\u00e1c \u0111i\u1ec1u kho\u1ea3n minh b\u1ea1ch v\u00e0 r\u00f5 r\u00e0ng trong vi\u1ec7c s\u1eed d\u1ee5ng website, \u0111\u1eb7t ph\u00f2ng, thanh to\u00e1n v\u00e0 tr\u00e1ch nhi\u1ec7m kh\u00e1ch h\u00e0ng v\u00e0 d\u1ecbch v\u1ee5 t\u1ea1i Libra Hotel Nha Trang","robots":{"index":"index","follow":"follow","max-snippet":"max-snippet:-1","max-image-preview":"max-image-preview:large","max-video-preview":"max-video-preview:-1"},"canonical":"https:\/\/www.librahotelnhatrang.com\/vi\/dieu-khoan-chung\/","og_locale":"vi_VN","og_type":"article","og_title":"\u0110i\u1ec1u kho\u1ea3n chung | Libra Hotel Nha Trang","og_description":"C\u00e1c \u0111i\u1ec1u kho\u1ea3n minh b\u1ea1ch v\u00e0 r\u00f5 r\u00e0ng trong vi\u1ec7c s\u1eed d\u1ee5ng website, \u0111\u1eb7t ph\u00f2ng, thanh to\u00e1n v\u00e0 tr\u00e1ch nhi\u1ec7m kh\u00e1ch h\u00e0ng v\u00e0 d\u1ecbch v\u1ee5 t\u1ea1i Libra Hotel Nha Trang","og_url":"https:\/\/www.librahotelnhatrang.com\/vi\/dieu-khoan-chung\/","og_site_name":"Libra Hotel Nha Trang","twitter_card":"summary_large_image","twitter_misc":{"Est. reading time":"5 minutes"},"schema":{"@context":"https:\/\/schema.org","@graph":[{"@type":"WebPage","@id":"https:\/\/www.librahotelnhatrang.com\/vi\/dieu-khoan-chung\/","url":"https:\/\/www.librahotelnhatrang.com\/vi\/dieu-khoan-chung\/","name":"\u0110i\u1ec1u kho\u1ea3n chung | Libra Hotel Nha Trang","isPartOf":{"@id":"https:\/\/www.librahotelnhatrang.com\/vi\/#website"},"datePublished":"2026-05-06T02:50:00+00:00","dateModified":"2026-05-06T02:50:00+00:00","description":"C\u00e1c \u0111i\u1ec1u kho\u1ea3n minh b\u1ea1ch v\u00e0 r\u00f5 r\u00e0ng trong vi\u1ec7c s\u1eed d\u1ee5ng website, \u0111\u1eb7t ph\u00f2ng, thanh to\u00e1n v\u00e0 tr\u00e1ch nhi\u1ec7m kh\u00e1ch h\u00e0ng v\u00e0 d\u1ecbch v\u1ee5 t\u1ea1i Libra Hotel Nha Trang","breadcrumb":{"@id":"https:\/\/www.librahotelnhatrang.com\/vi\/dieu-khoan-chung\/#breadcrumb"},"inLanguage":"vi-VN","potentialAction":[{"@type":"ReadAction","target":["https:\/\/www.librahotelnhatrang.com\/vi\/dieu-khoan-chung\/"]}]},{"@type":"BreadcrumbList","@id":"https:\/\/www.librahotelnhatrang.com\/vi\/dieu-khoan-chung\/#breadcrumb","itemListElement":[{"@type":"ListItem","position":1,"name":"Home","item":"https:\/\/www.librahotelnhatrang.com\/vi\/"},{"@type":"ListItem","position":2,"name":"\u0110i\u1ec1u kho\u1ea3n chung"}]},{"@type":"WebSite","@id":"https:\/\/www.librahotelnhatrang.com\/vi\/#website","url":"https:\/\/www.librahotelnhatrang.com\/vi\/","name":"Libra Hotel Nha Trang","description":"","potentialAction":[{"@type":"SearchAction","target":{"@type":"EntryPoint","urlTemplate":"https:\/\/www.librahotelnhatrang.com\/vi\/?s={search_term_string}"},"query-input":"required name=search_term_string"}],"inLanguage":"vi-VN"}]}},"acf":[],"_links":{"self":[{"href":"https:\/\/www.librahotelnhatrang.com\/vi\/wp-json\/wp\/v2\/pages\/644"}],"collection":[{"href":"https:\/\/www.librahotelnhatrang.com\/vi\/wp-json\/wp\/v2\/pages"}],"about":[{"href":"https:\/\/www.librahotelnhatrang.com\/vi\/wp-json\/wp\/v2\/types\/page"}],"author":[{"embeddable":true,"href":"https:\/\/www.librahotelnhatrang.com\/vi\/wp-json\/wp\/v2\/users\/269"}],"replies":[{"embeddable":true,"href":"https:\/\/www.librahotelnhatrang.com\/vi\/wp-json\/wp\/v2\/comments?post=644"}],"version-history":[{"count":0,"href":"https:\/\/www.librahotelnhatrang.com\/vi\/wp-json\/wp\/v2\/pages\/644\/revisions"}],"wp:attachment":[{"href":"https:\/\/www.librahotelnhatrang.com\/vi\/wp-json\/wp\/v2\/media?parent=644"}],"curies":[{"name":"wp","href":"https:\/\/api.w.org\/{rel}","templated":true}]}}