{"id":652,"date":"2026-05-06T03:18:21","date_gmt":"2026-05-06T03:18:21","guid":{"rendered":"https:\/\/www.librahotelnhatrang.com\/?page_id=652"},"modified":"2026-05-06T03:23:03","modified_gmt":"2026-05-06T03:23:03","slug":"phuong-thuc-thanh-toan","status":"publish","type":"page","link":"https:\/\/www.librahotelnhatrang.com\/vi\/phuong-thuc-thanh-toan\/","title":{"rendered":"Ph\u01b0\u01a1ng th\u1ee9c thanh to\u00e1n"},"content":{"rendered":"<p><strong>1. Gi\u1edbi thi\u1ec7u<\/strong><\/p>\n<p class=\"isSelectedEnd\">T\u1ea1i Libra Hotel Nha Trang, ch\u00fang t\u00f4i cung c\u1ea5p \u0111a d\u1ea1ng c\u00e1c ph\u01b0\u01a1ng th\u1ee9c thanh to\u00e1n nh\u1eb1m mang \u0111\u1ebfn s\u1ef1 thu\u1eadn ti\u1ec7n, linh ho\u1ea1t v\u00e0 an to\u00e0n cho kh\u00e1ch h\u00e0ng trong qu\u00e1 tr\u00ecnh \u0111\u1eb7t ph\u00f2ng v\u00e0 s\u1eed d\u1ee5ng d\u1ecbch v\u1ee5.<\/p>\n<p class=\"isSelectedEnd\">Ch\u00ednh s\u00e1ch n\u00e0y gi\u00fap b\u1ea1n hi\u1ec3u r\u00f5 c\u00e1c h\u00ecnh th\u1ee9c thanh to\u00e1n \u0111\u01b0\u1ee3c ch\u1ea5p nh\u1eadn, quy tr\u00ecnh th\u1ef1c hi\u1ec7n c\u0169ng nh\u01b0 c\u00e1c \u0111i\u1ec1u ki\u1ec7n li\u00ean quan.<\/p>\n<div>\n<hr \/>\n<\/div>\n<p><strong>2. C\u00e1c ph\u01b0\u01a1ng th\u1ee9c thanh to\u00e1n \u0111\u01b0\u1ee3c ch\u1ea5p nh\u1eadn<\/strong><\/p>\n<p><strong>2.1. Thanh to\u00e1n ti\u1ec1n m\u1eb7t<\/strong><\/p>\n<p class=\"isSelectedEnd\">Kh\u00e1ch h\u00e0ng c\u00f3 th\u1ec3 thanh to\u00e1n tr\u1ef1c ti\u1ebfp b\u1eb1ng ti\u1ec1n m\u1eb7t t\u1ea1i kh\u00e1ch s\u1ea1n khi:<\/p>\n<ul data-spread=\"false\">\n<li>Nh\u1eadn ph\u00f2ng (check-in)<\/li>\n<li>S\u1eed d\u1ee5ng c\u00e1c d\u1ecbch v\u1ee5 ph\u00e1t sinh<\/li>\n<\/ul>\n<p class=\"isSelectedEnd\">\u00c1p d\u1ee5ng cho c\u1ea3 kh\u00e1ch trong n\u01b0\u1edbc v\u00e0 qu\u1ed1c t\u1ebf (theo quy \u0111\u1ecbnh ti\u1ec1n t\u1ec7 hi\u1ec7n h\u00e0nh).<\/p>\n<div>\n<hr \/>\n<\/div>\n<p><strong>2.2. Thanh to\u00e1n b\u1eb1ng th\u1ebb<\/strong><\/p>\n<p class=\"isSelectedEnd\">Ch\u00fang t\u00f4i ch\u1ea5p nh\u1eadn c\u00e1c lo\u1ea1i th\u1ebb:<\/p>\n<ul data-spread=\"false\">\n<li>Th\u1ebb t\u00edn d\u1ee5ng (Credit Card)<\/li>\n<li>Th\u1ebb ghi n\u1ee3 (Debit Card)<\/li>\n<\/ul>\n<p class=\"isSelectedEnd\">C\u00e1c th\u01b0\u01a1ng hi\u1ec7u ph\u1ed5 bi\u1ebfn: Visa, MasterCard, JCB (t\u00f9y theo h\u1ec7 th\u1ed1ng thanh to\u00e1n t\u1ea1i kh\u00e1ch s\u1ea1n).<\/p>\n<p class=\"isSelectedEnd\"><strong>L\u01b0u \u00fd:<\/strong><\/p>\n<ul data-spread=\"false\">\n<li>Ch\u1ee7 th\u1ebb c\u1ea7n xu\u1ea5t tr\u00ecnh th\u1ebb v\u00e0 gi\u1ea5y t\u1edd t\u00f9y th\u00e2n khi thanh to\u00e1n<\/li>\n<li>C\u00f3 th\u1ec3 \u00e1p d\u1ee5ng x\u00e1c th\u1ef1c ch\u1eef k\u00fd ho\u1eb7c m\u00e3 PIN<\/li>\n<\/ul>\n<div>\n<hr \/>\n<\/div>\n<p><strong>2.3. Chuy\u1ec3n kho\u1ea3n ng\u00e2n h\u00e0ng<\/strong><\/p>\n<p class=\"isSelectedEnd\">Kh\u00e1ch h\u00e0ng c\u00f3 th\u1ec3 thanh to\u00e1n qua chuy\u1ec3n kho\u1ea3n v\u1edbi th\u00f4ng tin:<\/p>\n<ul data-spread=\"false\">\n<li>T\u00ean t\u00e0i kho\u1ea3n: C\u00f4ng ty CP Libra Nha Trang<\/li>\n<li>S\u1ed1 t\u00e0i kho\u1ea3n: 116607545555<\/li>\n<li>Ng\u00e2n h\u00e0ng: <span class=\"text-token-text-primary cursor-text rounded-sm\" data-placeholder-token=\"true\">Viettin Bank<\/span><\/li>\n<li>N\u1ed9i dung chuy\u1ec3n kho\u1ea3n: T\u00ean kh\u00e1ch + M\u00e3 \u0111\u1eb7t ph\u00f2ng<\/li>\n<\/ul>\n<p class=\"isSelectedEnd\"><strong>L\u01b0u \u00fd:<\/strong><\/p>\n<ul data-spread=\"false\">\n<li>Thanh to\u00e1n ch\u1ec9 \u0111\u01b0\u1ee3c x\u00e1c nh\u1eadn khi ti\u1ec1n \u0111\u00e3 v\u1ec1 t\u00e0i kho\u1ea3n<\/li>\n<li>Kh\u00e1ch h\u00e0ng c\u1ea7n g\u1eedi x\u00e1c nh\u1eadn chuy\u1ec3n kho\u1ea3n (n\u1ebfu c\u1ea7n)<\/li>\n<\/ul>\n<div>\n<hr \/>\n<\/div>\n<p><strong>2.4. Thanh to\u00e1n tr\u1ef1c tuy\u1ebfn<\/strong><\/p>\n<p class=\"isSelectedEnd\">Kh\u00e1ch h\u00e0ng \u0111\u1eb7t ph\u00f2ng qua website c\u00f3 th\u1ec3 thanh to\u00e1n tr\u1ef1c tuy\u1ebfn th\u00f4ng qua:<\/p>\n<ul data-spread=\"false\">\n<li>C\u1ed5ng thanh to\u00e1n t\u00edch h\u1ee3p<\/li>\n<li>V\u00ed \u0111i\u1ec7n t\u1eed (n\u1ebfu c\u00f3 h\u1ed7 tr\u1ee3)<\/li>\n<\/ul>\n<p class=\"isSelectedEnd\">H\u1ec7 th\u1ed1ng thanh to\u00e1n \u0111\u01b0\u1ee3c b\u1ea3o m\u1eadt theo ti\u00eau chu\u1ea9n an to\u00e0n, \u0111\u1ea3m b\u1ea3o th\u00f4ng tin giao d\u1ecbch \u0111\u01b0\u1ee3c m\u00e3 h\u00f3a.<\/p>\n<div>\n<hr \/>\n<\/div>\n<p><strong>2.5. Thanh to\u00e1n qua \u0111\u1ed1i t\u00e1c<\/strong><\/p>\n<p class=\"isSelectedEnd\">Trong tr\u01b0\u1eddng h\u1ee3p \u0111\u1eb7t ph\u00f2ng qua c\u00e1c n\u1ec1n t\u1ea3ng b\u00ean th\u1ee9 ba (OTA, \u0111\u1ea1i l\u00fd du l\u1ecbch), ph\u01b0\u01a1ng th\u1ee9c thanh to\u00e1n s\u1ebd tu\u00e2n theo ch\u00ednh s\u00e1ch c\u1ee7a \u0111\u1ed1i t\u00e1c \u0111\u00f3.<\/p>\n<div>\n<hr \/>\n<\/div>\n<p><strong>3. Th\u1eddi \u0111i\u1ec3m thanh to\u00e1n<\/strong><\/p>\n<p class=\"isSelectedEnd\">T\u00f9y theo lo\u1ea1i \u0111\u1eb7t ph\u00f2ng v\u00e0 ch\u01b0\u01a1ng tr\u00ecnh \u01b0u \u0111\u00e3i:<\/p>\n<ul data-spread=\"false\">\n<li>Thanh to\u00e1n ngay khi \u0111\u1eb7t ph\u00f2ng (prepaid)<\/li>\n<li>Thanh to\u00e1n m\u1ed9t ph\u1ea7n \u0111\u1ec3 gi\u1eef ch\u1ed7<\/li>\n<li>Thanh to\u00e1n t\u1ea1i kh\u00e1ch s\u1ea1n khi nh\u1eadn ph\u00f2ng<\/li>\n<\/ul>\n<p class=\"isSelectedEnd\">Chi ti\u1ebft s\u1ebd \u0111\u01b0\u1ee3c hi\u1ec3n th\u1ecb r\u00f5 trong qu\u00e1 tr\u00ecnh \u0111\u1eb7t ph\u00f2ng.<\/p>\n<div>\n<hr \/>\n<\/div>\n<p><strong>4. Ch\u00ednh s\u00e1ch \u0111\u1eb7t c\u1ecdc<\/strong><\/p>\n<p class=\"isSelectedEnd\">M\u1ed9t s\u1ed1 tr\u01b0\u1eddng h\u1ee3p y\u00eau c\u1ea7u \u0111\u1eb7t c\u1ecdc:<\/p>\n<ul data-spread=\"false\">\n<li>\u0110\u1eb7t ph\u00f2ng v\u00e0o m\u00f9a cao \u0111i\u1ec3m<\/li>\n<li>\u0110\u1eb7t ph\u00f2ng theo nh\u00f3m ho\u1eb7c \u0111o\u00e0n<\/li>\n<li>C\u00e1c ch\u01b0\u01a1ng tr\u00ecnh \u01b0u \u0111\u00e3i \u0111\u1eb7c bi\u1ec7t<\/li>\n<\/ul>\n<p class=\"isSelectedEnd\">Kho\u1ea3n \u0111\u1eb7t c\u1ecdc s\u1ebd \u0111\u01b0\u1ee3c tr\u1eeb v\u00e0o t\u1ed5ng chi ph\u00ed thanh to\u00e1n cu\u1ed1i c\u00f9ng.<\/p>\n<div>\n<hr \/>\n<\/div>\n<p><strong>5. Ho\u00e0n ti\u1ec1n<\/strong><\/p>\n<p class=\"isSelectedEnd\">Vi\u1ec7c ho\u00e0n ti\u1ec1n s\u1ebd \u00e1p d\u1ee5ng theo:<\/p>\n<ul data-spread=\"false\">\n<li>Ch\u00ednh s\u00e1ch h\u1ee7y ph\u00f2ng c\u1ee7a t\u1eebng lo\u1ea1i gi\u00e1<\/li>\n<li>Th\u1eddi gian x\u1eed l\u00fd c\u1ee7a ng\u00e2n h\u00e0ng ho\u1eb7c c\u1ed5ng thanh to\u00e1n<\/li>\n<\/ul>\n<p class=\"isSelectedEnd\">Th\u1eddi gian ho\u00e0n ti\u1ec1n th\u00f4ng th\u01b0\u1eddng:<\/p>\n<ul data-spread=\"false\">\n<li>Th\u1ebb: 7 \u2013 14 ng\u00e0y l\u00e0m vi\u1ec7c<\/li>\n<li>Chuy\u1ec3n kho\u1ea3n: 3 \u2013 7 ng\u00e0y l\u00e0m vi\u1ec7c<\/li>\n<\/ul>\n<div>\n<hr \/>\n<\/div>\n<p><strong>6. B\u1ea3o m\u1eadt thanh to\u00e1n<\/strong><\/p>\n<p class=\"isSelectedEnd\">Ch\u00fang t\u00f4i cam k\u1ebft:<\/p>\n<ul data-spread=\"false\">\n<li>Kh\u00f4ng l\u01b0u tr\u1eef th\u00f4ng tin th\u1ebb nh\u1ea1y c\u1ea3m<\/li>\n<li>S\u1eed d\u1ee5ng c\u00f4ng ngh\u1ec7 m\u00e3 h\u00f3a trong giao d\u1ecbch<\/li>\n<li>Tu\u00e2n th\u1ee7 c\u00e1c ti\u00eau chu\u1ea9n b\u1ea3o m\u1eadt thanh to\u00e1n<\/li>\n<\/ul>\n<p class=\"isSelectedEnd\">M\u1ecdi giao d\u1ecbch \u0111\u1ec1u \u0111\u01b0\u1ee3c ki\u1ec3m so\u00e1t nh\u1eb1m h\u1ea1n ch\u1ebf gian l\u1eadn v\u00e0 r\u1ee7i ro.<\/p>\n<div>\n<hr \/>\n<\/div>\n<p><strong>7. X\u1eed l\u00fd l\u1ed7i thanh to\u00e1n<\/strong><\/p>\n<p class=\"isSelectedEnd\">Trong tr\u01b0\u1eddng h\u1ee3p ph\u00e1t sinh l\u1ed7i:<\/p>\n<ul data-spread=\"false\">\n<li>Giao d\u1ecbch kh\u00f4ng th\u00e0nh c\u00f4ng<\/li>\n<li>Thanh to\u00e1n b\u1ecb tr\u1eeb ti\u1ec1n nh\u01b0ng ch\u01b0a x\u00e1c nh\u1eadn<\/li>\n<li>Sai th\u00f4ng tin chuy\u1ec3n kho\u1ea3n<\/li>\n<\/ul>\n<p class=\"isSelectedEnd\">Kh\u00e1ch h\u00e0ng vui l\u00f2ng li\u00ean h\u1ec7 ngay v\u1edbi ch\u00fang t\u00f4i \u0111\u1ec3 \u0111\u01b0\u1ee3c h\u1ed7 tr\u1ee3 k\u1ecbp th\u1eddi.<\/p>\n<div>\n<hr \/>\n<\/div>\n<p><strong>8. \u0110i\u1ec1u ch\u1ec9nh v\u00e0 thay \u0111\u1ed5i<\/strong><\/p>\n<p class=\"isSelectedEnd\">Libra Hotel Nha Trang c\u00f3 quy\u1ec1n:<\/p>\n<ul data-spread=\"false\">\n<li>Thay \u0111\u1ed5i ph\u01b0\u01a1ng th\u1ee9c thanh to\u00e1n<\/li>\n<li>C\u1eadp nh\u1eadt ch\u00ednh s\u00e1ch khi c\u1ea7n thi\u1ebft<\/li>\n<li>T\u1eeb ch\u1ed1i giao d\u1ecbch kh\u00f4ng h\u1ee3p l\u1ec7<\/li>\n<\/ul>\n<p class=\"isSelectedEnd\">M\u1ecdi thay \u0111\u1ed5i s\u1ebd \u0111\u01b0\u1ee3c c\u1eadp nh\u1eadt tr\u00ean website.<\/p>\n<div>\n<hr \/>\n<\/div>\n<p><strong>9. Th\u00f4ng tin li\u00ean h\u1ec7<\/strong><\/p>\n<p class=\"isSelectedEnd\">N\u1ebfu b\u1ea1n c\u1ea7n h\u1ed7 tr\u1ee3 v\u1ec1 thanh to\u00e1n, vui l\u00f2ng li\u00ean h\u1ec7:<\/p>\n<p class=\"isSelectedEnd\"><strong>Libra Hotel Nha Trang<\/strong><br \/>\nEmail:\u00a0info@librahotelnhatrang.com<br \/>\nS\u1ed1 \u0111i\u1ec7n tho\u1ea1i:\u00a0<span class=\"element element_phone\"><span class=\"element_data\">+84 (0) 824 417 388<\/span><\/span><br \/>\n\u0110\u1ecba ch\u1ec9: 14 H\u00f9ng V\u01b0\u01a1ng, Ph\u01b0\u1eddng Nha Trang, T\u1ec9nh Kh\u00e1nh H\u00f2a, Vi\u1ec7t Nam<\/p>\n<div>\n<hr \/>\n<\/div>\n<p><strong>10. Cam k\u1ebft<\/strong><\/p>\n<p class=\"isSelectedEnd\">Ch\u00fang t\u00f4i lu\u00f4n n\u1ed7 l\u1ef1c mang \u0111\u1ebfn h\u1ec7 th\u1ed1ng thanh to\u00e1n:<\/p>\n<ul data-spread=\"false\">\n<li>Nhanh ch\u00f3ng<\/li>\n<li>An to\u00e0n<\/li>\n<li>Minh b\u1ea1ch<\/li>\n<li>Thu\u1eadn ti\u1ec7n cho m\u1ecdi kh\u00e1ch h\u00e0ng<\/li>\n<\/ul>\n<div>\n<hr \/>\n<\/div>\n<p class=\"isSelectedEnd\">Libra Hotel Nha Trang cung c\u1ea5p h\u1ec7 th\u1ed1ng thanh to\u00e1n linh ho\u1ea1t, \u0111\u00e1p \u1ee9ng nhu c\u1ea7u \u0111a d\u1ea1ng c\u1ee7a kh\u00e1ch h\u00e0ng trong v\u00e0 ngo\u00e0i n\u01b0\u1edbc. T\u1eeb thanh to\u00e1n ti\u1ec1n m\u1eb7t, th\u1ebb ng\u00e2n h\u00e0ng \u0111\u1ebfn chuy\u1ec3n kho\u1ea3n v\u00e0 thanh to\u00e1n tr\u1ef1c tuy\u1ebfn, m\u1ecdi h\u00ecnh th\u1ee9c \u0111\u1ec1u \u0111\u01b0\u1ee3c thi\u1ebft k\u1ebf nh\u1eb1m t\u1ed1i \u01b0u tr\u1ea3i nghi\u1ec7m ng\u01b0\u1eddi d\u00f9ng. Kh\u00e1ch h\u00e0ng c\u00f3 th\u1ec3 d\u1ec5 d\u00e0ng l\u1ef1a ch\u1ecdn ph\u01b0\u01a1ng th\u1ee9c ph\u00f9 h\u1ee3p khi \u0111\u1eb7t ph\u00f2ng tr\u1ef1c tuy\u1ebfn ho\u1eb7c s\u1eed d\u1ee5ng d\u1ecbch v\u1ee5 t\u1ea1i kh\u00e1ch s\u1ea1n. H\u1ec7 th\u1ed1ng thanh to\u00e1n \u0111\u01b0\u1ee3c t\u00edch h\u1ee3p c\u00f4ng ngh\u1ec7 b\u1ea3o m\u1eadt hi\u1ec7n \u0111\u1ea1i, gi\u00fap b\u1ea3o v\u1ec7 th\u00f4ng tin v\u00e0 \u0111\u1ea3m b\u1ea3o giao d\u1ecbch an to\u00e0n.<\/p>\n<p class=\"isSelectedEnd\">Ngo\u00e0i ra, ch\u00ednh s\u00e1ch thanh to\u00e1n c\u1ee7a Libra Hotel Nha Trang c\u0169ng \u0111\u01b0\u1ee3c x\u00e2y d\u1ef1ng minh b\u1ea1ch, r\u00f5 r\u00e0ng v\u1ec1 th\u1eddi \u0111i\u1ec3m thanh to\u00e1n, \u0111i\u1ec1u ki\u1ec7n \u0111\u1eb7t c\u1ecdc v\u00e0 quy tr\u00ecnh ho\u00e0n ti\u1ec1n. \u0110i\u1ec1u n\u00e0y gi\u00fap kh\u00e1ch h\u00e0ng ch\u1ee7 \u0111\u1ed9ng h\u01a1n trong k\u1ebf ho\u1ea1ch t\u00e0i ch\u00ednh khi l\u01b0u tr\u00fa. Ch\u00fang t\u00f4i kh\u00f4ng ng\u1eebng c\u1ea3i ti\u1ebfn h\u1ec7 th\u1ed1ng thanh to\u00e1n nh\u1eb1m mang l\u1ea1i s\u1ef1 ti\u1ec7n l\u1ee3i t\u1ed1i \u0111a, \u0111\u1ed3ng th\u1eddi tu\u00e2n th\u1ee7 c\u00e1c ti\u00eau chu\u1ea9n b\u1ea3o m\u1eadt v\u00e0 quy \u0111\u1ecbnh ph\u00e1p lu\u1eadt hi\u1ec7n h\u00e0nh.<\/p>\n<p class=\"isSelectedEnd\">V\u1edbi s\u1ef1 chuy\u00ean nghi\u1ec7p v\u00e0 uy t\u00edn, Libra Hotel Nha Trang cam k\u1ebft mang \u0111\u1ebfn tr\u1ea3i nghi\u1ec7m thanh to\u00e1n an to\u00e0n, nhanh ch\u00f3ng v\u00e0 \u0111\u00e1ng tin c\u1eady cho m\u1ecdi kh\u00e1ch h\u00e0ng.<\/p>\n<div>\n<hr \/>\n<\/div>\n<p><strong>C\u1eadp nh\u1eadt l\u1ea7n cu\u1ed1i:<\/strong> <span class=\"text-token-text-primary cursor-text rounded-sm\" data-placeholder-token=\"true\">06\/05\/2026<\/span><\/p>\n","protected":false},"excerpt":{"rendered":"<p>1. Gi\u1edbi thi\u1ec7u T\u1ea1i Libra Hotel Nha Trang, ch\u00fang t\u00f4i cung c\u1ea5p \u0111a d\u1ea1ng c\u00e1c ph\u01b0\u01a1ng th\u1ee9c thanh to\u00e1n nh\u1eb1m mang \u0111\u1ebfn s\u1ef1 thu\u1eadn ti\u1ec7n, linh ho\u1ea1t v\u00e0 an to\u00e0n cho kh\u00e1ch h\u00e0ng trong qu\u00e1 tr\u00ecnh \u0111\u1eb7t ph\u00f2ng v\u00e0 s\u1eed d\u1ee5ng d\u1ecbch v\u1ee5. Ch\u00ednh s\u00e1ch n\u00e0y gi\u00fap b\u1ea1n hi\u1ec3u r\u00f5 c\u00e1c h\u00ecnh th\u1ee9c thanh to\u00e1n [&hellip;]<\/p>\n","protected":false},"author":269,"featured_media":0,"parent":0,"menu_order":0,"comment_status":"closed","ping_status":"closed","template":"template-legal-pages.php","meta":{"footnotes":""},"yoast_head":"<!-- This site is optimized with the Yoast SEO plugin v22.3 - https:\/\/yoast.com\/wordpress\/plugins\/seo\/ -->\n<title>\u0110i\u1ec1u kho\u1ea3n chung | Libra Hotel Nha Trang<\/title>\n<meta name=\"description\" content=\"C\u00e1c \u0111i\u1ec1u kho\u1ea3n minh b\u1ea1ch v\u00e0 r\u00f5 r\u00e0ng trong vi\u1ec7c s\u1eed d\u1ee5ng website, \u0111\u1eb7t ph\u00f2ng, thanh to\u00e1n v\u00e0 tr\u00e1ch nhi\u1ec7m kh\u00e1ch h\u00e0ng v\u00e0 d\u1ecbch v\u1ee5 t\u1ea1i Libra Hotel Nha Trang\" \/>\n<meta name=\"robots\" content=\"index, follow, max-snippet:-1, max-image-preview:large, max-video-preview:-1\" \/>\n<link rel=\"canonical\" href=\"https:\/\/www.librahotelnhatrang.com\/vi\/phuong-thuc-thanh-toan\/\" \/>\n<meta property=\"og:locale\" content=\"vi_VN\" \/>\n<meta property=\"og:type\" content=\"article\" \/>\n<meta property=\"og:title\" content=\"\u0110i\u1ec1u kho\u1ea3n chung | Libra Hotel Nha Trang\" \/>\n<meta property=\"og:description\" content=\"C\u00e1c \u0111i\u1ec1u kho\u1ea3n minh b\u1ea1ch v\u00e0 r\u00f5 r\u00e0ng trong vi\u1ec7c s\u1eed d\u1ee5ng website, \u0111\u1eb7t ph\u00f2ng, thanh to\u00e1n v\u00e0 tr\u00e1ch nhi\u1ec7m kh\u00e1ch h\u00e0ng v\u00e0 d\u1ecbch v\u1ee5 t\u1ea1i Libra Hotel Nha Trang\" \/>\n<meta property=\"og:url\" content=\"https:\/\/www.librahotelnhatrang.com\/vi\/phuong-thuc-thanh-toan\/\" \/>\n<meta property=\"og:site_name\" content=\"Libra Hotel Nha Trang\" \/>\n<meta property=\"article:modified_time\" content=\"2026-05-06T03:23:03+00:00\" \/>\n<meta name=\"twitter:card\" content=\"summary_large_image\" \/>\n<meta name=\"twitter:label1\" content=\"Est. reading time\" \/>\n\t<meta name=\"twitter:data1\" content=\"5 minutes\" \/>\n<script type=\"application\/ld+json\" class=\"yoast-schema-graph\">{\"@context\":\"https:\/\/schema.org\",\"@graph\":[{\"@type\":\"WebPage\",\"@id\":\"https:\/\/www.librahotelnhatrang.com\/vi\/phuong-thuc-thanh-toan\/\",\"url\":\"https:\/\/www.librahotelnhatrang.com\/vi\/phuong-thuc-thanh-toan\/\",\"name\":\"\u0110i\u1ec1u kho\u1ea3n chung | Libra Hotel Nha Trang\",\"isPartOf\":{\"@id\":\"https:\/\/www.librahotelnhatrang.com\/vi\/#website\"},\"datePublished\":\"2026-05-06T03:18:21+00:00\",\"dateModified\":\"2026-05-06T03:23:03+00:00\",\"description\":\"C\u00e1c \u0111i\u1ec1u kho\u1ea3n minh b\u1ea1ch v\u00e0 r\u00f5 r\u00e0ng trong vi\u1ec7c s\u1eed d\u1ee5ng website, \u0111\u1eb7t ph\u00f2ng, thanh to\u00e1n v\u00e0 tr\u00e1ch nhi\u1ec7m kh\u00e1ch h\u00e0ng v\u00e0 d\u1ecbch v\u1ee5 t\u1ea1i Libra Hotel Nha Trang\",\"breadcrumb\":{\"@id\":\"https:\/\/www.librahotelnhatrang.com\/vi\/phuong-thuc-thanh-toan\/#breadcrumb\"},\"inLanguage\":\"vi-VN\",\"potentialAction\":[{\"@type\":\"ReadAction\",\"target\":[\"https:\/\/www.librahotelnhatrang.com\/vi\/phuong-thuc-thanh-toan\/\"]}]},{\"@type\":\"BreadcrumbList\",\"@id\":\"https:\/\/www.librahotelnhatrang.com\/vi\/phuong-thuc-thanh-toan\/#breadcrumb\",\"itemListElement\":[{\"@type\":\"ListItem\",\"position\":1,\"name\":\"Home\",\"item\":\"https:\/\/www.librahotelnhatrang.com\/vi\/\"},{\"@type\":\"ListItem\",\"position\":2,\"name\":\"Ph\u01b0\u01a1ng th\u1ee9c thanh to\u00e1n\"}]},{\"@type\":\"WebSite\",\"@id\":\"https:\/\/www.librahotelnhatrang.com\/vi\/#website\",\"url\":\"https:\/\/www.librahotelnhatrang.com\/vi\/\",\"name\":\"Libra Hotel Nha Trang\",\"description\":\"\",\"potentialAction\":[{\"@type\":\"SearchAction\",\"target\":{\"@type\":\"EntryPoint\",\"urlTemplate\":\"https:\/\/www.librahotelnhatrang.com\/vi\/?s={search_term_string}\"},\"query-input\":\"required name=search_term_string\"}],\"inLanguage\":\"vi-VN\"}]}<\/script>\n<!-- \/ Yoast SEO plugin. -->","yoast_head_json":{"title":"\u0110i\u1ec1u kho\u1ea3n chung | Libra Hotel Nha Trang","description":"C\u00e1c \u0111i\u1ec1u kho\u1ea3n minh b\u1ea1ch v\u00e0 r\u00f5 r\u00e0ng trong vi\u1ec7c s\u1eed d\u1ee5ng website, \u0111\u1eb7t ph\u00f2ng, thanh to\u00e1n v\u00e0 tr\u00e1ch nhi\u1ec7m kh\u00e1ch h\u00e0ng v\u00e0 d\u1ecbch v\u1ee5 t\u1ea1i Libra Hotel Nha Trang","robots":{"index":"index","follow":"follow","max-snippet":"max-snippet:-1","max-image-preview":"max-image-preview:large","max-video-preview":"max-video-preview:-1"},"canonical":"https:\/\/www.librahotelnhatrang.com\/vi\/phuong-thuc-thanh-toan\/","og_locale":"vi_VN","og_type":"article","og_title":"\u0110i\u1ec1u kho\u1ea3n chung | Libra Hotel Nha Trang","og_description":"C\u00e1c \u0111i\u1ec1u kho\u1ea3n minh b\u1ea1ch v\u00e0 r\u00f5 r\u00e0ng trong vi\u1ec7c s\u1eed d\u1ee5ng website, \u0111\u1eb7t ph\u00f2ng, thanh to\u00e1n v\u00e0 tr\u00e1ch nhi\u1ec7m kh\u00e1ch h\u00e0ng v\u00e0 d\u1ecbch v\u1ee5 t\u1ea1i Libra Hotel Nha Trang","og_url":"https:\/\/www.librahotelnhatrang.com\/vi\/phuong-thuc-thanh-toan\/","og_site_name":"Libra Hotel Nha Trang","article_modified_time":"2026-05-06T03:23:03+00:00","twitter_card":"summary_large_image","twitter_misc":{"Est. reading time":"5 minutes"},"schema":{"@context":"https:\/\/schema.org","@graph":[{"@type":"WebPage","@id":"https:\/\/www.librahotelnhatrang.com\/vi\/phuong-thuc-thanh-toan\/","url":"https:\/\/www.librahotelnhatrang.com\/vi\/phuong-thuc-thanh-toan\/","name":"\u0110i\u1ec1u kho\u1ea3n chung | Libra Hotel Nha Trang","isPartOf":{"@id":"https:\/\/www.librahotelnhatrang.com\/vi\/#website"},"datePublished":"2026-05-06T03:18:21+00:00","dateModified":"2026-05-06T03:23:03+00:00","description":"C\u00e1c \u0111i\u1ec1u kho\u1ea3n minh b\u1ea1ch v\u00e0 r\u00f5 r\u00e0ng trong vi\u1ec7c s\u1eed d\u1ee5ng website, \u0111\u1eb7t ph\u00f2ng, thanh to\u00e1n v\u00e0 tr\u00e1ch nhi\u1ec7m kh\u00e1ch h\u00e0ng v\u00e0 d\u1ecbch v\u1ee5 t\u1ea1i Libra Hotel Nha Trang","breadcrumb":{"@id":"https:\/\/www.librahotelnhatrang.com\/vi\/phuong-thuc-thanh-toan\/#breadcrumb"},"inLanguage":"vi-VN","potentialAction":[{"@type":"ReadAction","target":["https:\/\/www.librahotelnhatrang.com\/vi\/phuong-thuc-thanh-toan\/"]}]},{"@type":"BreadcrumbList","@id":"https:\/\/www.librahotelnhatrang.com\/vi\/phuong-thuc-thanh-toan\/#breadcrumb","itemListElement":[{"@type":"ListItem","position":1,"name":"Home","item":"https:\/\/www.librahotelnhatrang.com\/vi\/"},{"@type":"ListItem","position":2,"name":"Ph\u01b0\u01a1ng th\u1ee9c thanh to\u00e1n"}]},{"@type":"WebSite","@id":"https:\/\/www.librahotelnhatrang.com\/vi\/#website","url":"https:\/\/www.librahotelnhatrang.com\/vi\/","name":"Libra Hotel Nha Trang","description":"","potentialAction":[{"@type":"SearchAction","target":{"@type":"EntryPoint","urlTemplate":"https:\/\/www.librahotelnhatrang.com\/vi\/?s={search_term_string}"},"query-input":"required name=search_term_string"}],"inLanguage":"vi-VN"}]}},"acf":[],"_links":{"self":[{"href":"https:\/\/www.librahotelnhatrang.com\/vi\/wp-json\/wp\/v2\/pages\/652"}],"collection":[{"href":"https:\/\/www.librahotelnhatrang.com\/vi\/wp-json\/wp\/v2\/pages"}],"about":[{"href":"https:\/\/www.librahotelnhatrang.com\/vi\/wp-json\/wp\/v2\/types\/page"}],"author":[{"embeddable":true,"href":"https:\/\/www.librahotelnhatrang.com\/vi\/wp-json\/wp\/v2\/users\/269"}],"replies":[{"embeddable":true,"href":"https:\/\/www.librahotelnhatrang.com\/vi\/wp-json\/wp\/v2\/comments?post=652"}],"version-history":[{"count":0,"href":"https:\/\/www.librahotelnhatrang.com\/vi\/wp-json\/wp\/v2\/pages\/652\/revisions"}],"wp:attachment":[{"href":"https:\/\/www.librahotelnhatrang.com\/vi\/wp-json\/wp\/v2\/media?parent=652"}],"curies":[{"name":"wp","href":"https:\/\/api.w.org\/{rel}","templated":true}]}}