{"id":71,"date":"2026-01-06T09:10:19","date_gmt":"2026-01-06T09:10:19","guid":{"rendered":"https:\/\/librahotelnhatrang.ms2.decms.asia\/?page_id=71"},"modified":"2026-04-23T08:38:01","modified_gmt":"2026-04-23T08:38:01","slug":"standard-room","status":"publish","type":"page","link":"https:\/\/www.librahotelnhatrang.com\/vi\/rooms\/standard-room\/","title":{"rendered":"Standard Room"},"content":{"rendered":"<p>Standard Room L\u00e0 h\u1ea1ng ph\u00f2ng nh\u1ecf 16m2, v\u1eeba \u0111\u1ee7 v\u00e0 \u1ea5m c\u00fang. C\u0103n ph\u00f2ng v\u1eeba v\u1eb7n v\u1edbi khung k\u00ednh l\u1ea5y s\u00e1ng t\u1ea1i \u0111\u1ea7u gi\u01b0\u1eddng, \u0111\u00f3n \u00e1nh s\u00e1ng t\u1ef1 nhi\u00ean. Ph\u00f2ng \u0111\u01b0\u1ee3c thi\u1ebft k\u1ebf theo phong c\u00e1ch Minimalism v\u1edbi gam m\u00e0u g\u1ed7 s\u00e1ng h\u00f2a c\u00f9ng m\u00e0u x\u00e1m tr\u1eafng, thi\u00ean h\u01b0\u1edbng hi\u1ec7n \u0111\u1ea1i nh\u01b0ng v\u1eabn gi\u1eef \u0111\u01b0\u1ee3c n\u00e9t \u1ea5m \u00e1p s\u01a1 nguy\u00ean.<\/p>\n<p>V\u1edbi thi\u1ebft k\u1ebf \u0111\u01a1n gi\u1ea3n \u0111\u1ea7y tinh t\u1ebf, ph\u00f2ng ph\u00f9 h\u1ee3p v\u1edbi k\u1ef3 ngh\u1ec9 ng\u1eafn ng\u00e0y, gia \u0111\u00ecnh nh\u1ecf ho\u1eb7c qu\u00fd kh\u00e1ch \u0111i c\u00f4ng t\u00e1c m\u1ed9t ng\u01b0\u1eddi.<\/p>\n","protected":false},"excerpt":{"rendered":"<p>Standard Room L\u00e0 h\u1ea1ng ph\u00f2ng nh\u1ecf 16m2, v\u1eeba \u0111\u1ee7 v\u00e0 \u1ea5m c\u00fang. C\u0103n ph\u00f2ng v\u1eeba v\u1eb7n v\u1edbi khung k\u00ednh l\u1ea5y s\u00e1ng t\u1ea1i \u0111\u1ea7u gi\u01b0\u1eddng, \u0111\u00f3n \u00e1nh s\u00e1ng t\u1ef1 nhi\u00ean. Ph\u00f2ng \u0111\u01b0\u1ee3c thi\u1ebft k\u1ebf theo phong c\u00e1ch Minimalism v\u1edbi gam m\u00e0u g\u1ed7 s\u00e1ng h\u00f2a c\u00f9ng m\u00e0u x\u00e1m tr\u1eafng, thi\u00ean h\u01b0\u1edbng hi\u1ec7n \u0111\u1ea1i nh\u01b0ng v\u1eabn gi\u1eef \u0111\u01b0\u1ee3c [&hellip;]<\/p>\n","protected":false},"author":90,"featured_media":72,"parent":8,"menu_order":5,"comment_status":"closed","ping_status":"closed","template":"template-single-room.php","meta":{"footnotes":""},"yoast_head":"<!-- This site is optimized with the Yoast SEO plugin v22.3 - https:\/\/yoast.com\/wordpress\/plugins\/seo\/ -->\n<title>Cozy Stay in Nha Trang| Standard Room at Libra Hotel<\/title>\n<meta name=\"description\" content=\"Tr\u1ea3i nghi\u1ec7m kh\u00f4ng gian ngh\u1ec9 d\u01b0\u1ee1ng \u1ea5m c\u00fang v\u00e0 ti\u1ec7n nghi t\u1ea1i Standard Room - n\u01a1i mang \u0111\u1ebfn c\u1ea3m gi\u00e1c th\u01b0 th\u00e1i tr\u1ecdn v\u1eb9n sau ng\u00e0y d\u00e0i vui ch\u01a1i v\u1eadn \u0111\u1ed9ng. T\u1eadn h\u01b0\u1edfng k\u1ef3 l\u01b0u tr\u00fa nh\u1eb9 nh\u00e0ng c\u00f9ng Libra Hotel Nha Trang, gi\u1eefa l\u00f2ng ph\u1ed1 bi\u1ec3n n\u0103ng \u0111\u1ed9ng.\" \/>\n<meta name=\"robots\" content=\"index, follow, max-snippet:-1, max-image-preview:large, max-video-preview:-1\" \/>\n<link rel=\"canonical\" href=\"https:\/\/www.librahotelnhatrang.com\/vi\/rooms\/standard-room\/\" \/>\n<meta property=\"og:locale\" content=\"vi_VN\" \/>\n<meta property=\"og:type\" content=\"article\" \/>\n<meta property=\"og:title\" content=\"Cozy Stay in Nha Trang| Standard Room at Libra Hotel\" \/>\n<meta property=\"og:description\" content=\"Tr\u1ea3i nghi\u1ec7m kh\u00f4ng gian ngh\u1ec9 d\u01b0\u1ee1ng \u1ea5m c\u00fang v\u00e0 ti\u1ec7n nghi t\u1ea1i Standard Room - n\u01a1i mang \u0111\u1ebfn c\u1ea3m gi\u00e1c th\u01b0 th\u00e1i tr\u1ecdn v\u1eb9n sau ng\u00e0y d\u00e0i vui ch\u01a1i v\u1eadn \u0111\u1ed9ng. T\u1eadn h\u01b0\u1edfng k\u1ef3 l\u01b0u tr\u00fa nh\u1eb9 nh\u00e0ng c\u00f9ng Libra Hotel Nha Trang, gi\u1eefa l\u00f2ng ph\u1ed1 bi\u1ec3n n\u0103ng \u0111\u1ed9ng.\" \/>\n<meta property=\"og:url\" content=\"https:\/\/www.librahotelnhatrang.com\/vi\/rooms\/standard-room\/\" \/>\n<meta property=\"og:site_name\" content=\"Libra Hotel Nha Trang\" \/>\n<meta property=\"article:modified_time\" content=\"2026-04-23T08:38:01+00:00\" \/>\n<meta property=\"og:image\" content=\"http:\/\/www.librahotelnhatrang.com\/wp-content\/uploads\/sites\/142\/2026\/01\/STANDARD-8.jpg\" \/>\n\t<meta property=\"og:image:width\" content=\"2200\" \/>\n\t<meta property=\"og:image:height\" content=\"1320\" \/>\n\t<meta property=\"og:image:type\" content=\"image\/jpeg\" \/>\n<meta name=\"twitter:card\" content=\"summary_large_image\" \/>\n<meta name=\"twitter:label1\" content=\"Est. reading time\" \/>\n\t<meta name=\"twitter:data1\" content=\"1 minute\" \/>\n<script type=\"application\/ld+json\" class=\"yoast-schema-graph\">{\"@context\":\"https:\/\/schema.org\",\"@graph\":[{\"@type\":\"WebPage\",\"@id\":\"https:\/\/www.librahotelnhatrang.com\/vi\/rooms\/standard-room\/\",\"url\":\"https:\/\/www.librahotelnhatrang.com\/vi\/rooms\/standard-room\/\",\"name\":\"Cozy Stay in Nha Trang| Standard Room at Libra Hotel\",\"isPartOf\":{\"@id\":\"https:\/\/www.librahotelnhatrang.com\/vi\/#website\"},\"primaryImageOfPage\":{\"@id\":\"https:\/\/www.librahotelnhatrang.com\/vi\/rooms\/standard-room\/#primaryimage\"},\"image\":{\"@id\":\"https:\/\/www.librahotelnhatrang.com\/vi\/rooms\/standard-room\/#primaryimage\"},\"thumbnailUrl\":\"https:\/\/www.librahotelnhatrang.com\/wp-content\/uploads\/sites\/142\/2026\/01\/STANDARD-8.jpg\",\"datePublished\":\"2026-01-06T09:10:19+00:00\",\"dateModified\":\"2026-04-23T08:38:01+00:00\",\"description\":\"Tr\u1ea3i nghi\u1ec7m kh\u00f4ng gian ngh\u1ec9 d\u01b0\u1ee1ng \u1ea5m c\u00fang v\u00e0 ti\u1ec7n nghi t\u1ea1i Standard Room - n\u01a1i mang \u0111\u1ebfn c\u1ea3m gi\u00e1c th\u01b0 th\u00e1i tr\u1ecdn v\u1eb9n sau ng\u00e0y d\u00e0i vui ch\u01a1i v\u1eadn \u0111\u1ed9ng. T\u1eadn h\u01b0\u1edfng k\u1ef3 l\u01b0u tr\u00fa nh\u1eb9 nh\u00e0ng c\u00f9ng Libra Hotel Nha Trang, gi\u1eefa l\u00f2ng ph\u1ed1 bi\u1ec3n n\u0103ng \u0111\u1ed9ng.\",\"breadcrumb\":{\"@id\":\"https:\/\/www.librahotelnhatrang.com\/vi\/rooms\/standard-room\/#breadcrumb\"},\"inLanguage\":\"vi-VN\",\"potentialAction\":[{\"@type\":\"ReadAction\",\"target\":[\"https:\/\/www.librahotelnhatrang.com\/vi\/rooms\/standard-room\/\"]}]},{\"@type\":\"ImageObject\",\"inLanguage\":\"vi-VN\",\"@id\":\"https:\/\/www.librahotelnhatrang.com\/vi\/rooms\/standard-room\/#primaryimage\",\"url\":\"https:\/\/www.librahotelnhatrang.com\/wp-content\/uploads\/sites\/142\/2026\/01\/STANDARD-8.jpg\",\"contentUrl\":\"https:\/\/www.librahotelnhatrang.com\/wp-content\/uploads\/sites\/142\/2026\/01\/STANDARD-8.jpg\",\"width\":2200,\"height\":1320},{\"@type\":\"BreadcrumbList\",\"@id\":\"https:\/\/www.librahotelnhatrang.com\/vi\/rooms\/standard-room\/#breadcrumb\",\"itemListElement\":[{\"@type\":\"ListItem\",\"position\":1,\"name\":\"Home\",\"item\":\"https:\/\/www.librahotelnhatrang.com\/vi\/\"},{\"@type\":\"ListItem\",\"position\":2,\"name\":\"C\u00e1c h\u1ea1ng ph\u00f2ng\",\"item\":\"https:\/\/www.librahotelnhatrang.com\/vi\/rooms\/\"},{\"@type\":\"ListItem\",\"position\":3,\"name\":\"Standard Room\"}]},{\"@type\":\"WebSite\",\"@id\":\"https:\/\/www.librahotelnhatrang.com\/vi\/#website\",\"url\":\"https:\/\/www.librahotelnhatrang.com\/vi\/\",\"name\":\"Libra Hotel Nha Trang\",\"description\":\"\",\"potentialAction\":[{\"@type\":\"SearchAction\",\"target\":{\"@type\":\"EntryPoint\",\"urlTemplate\":\"https:\/\/www.librahotelnhatrang.com\/vi\/?s={search_term_string}\"},\"query-input\":\"required name=search_term_string\"}],\"inLanguage\":\"vi-VN\"}]}<\/script>\n<!-- \/ Yoast SEO plugin. -->","yoast_head_json":{"title":"Cozy Stay in Nha Trang| Standard Room at Libra Hotel","description":"Tr\u1ea3i nghi\u1ec7m kh\u00f4ng gian ngh\u1ec9 d\u01b0\u1ee1ng \u1ea5m c\u00fang v\u00e0 ti\u1ec7n nghi t\u1ea1i Standard Room - n\u01a1i mang \u0111\u1ebfn c\u1ea3m gi\u00e1c th\u01b0 th\u00e1i tr\u1ecdn v\u1eb9n sau ng\u00e0y d\u00e0i vui ch\u01a1i v\u1eadn \u0111\u1ed9ng. T\u1eadn h\u01b0\u1edfng k\u1ef3 l\u01b0u tr\u00fa nh\u1eb9 nh\u00e0ng c\u00f9ng Libra Hotel Nha Trang, gi\u1eefa l\u00f2ng ph\u1ed1 bi\u1ec3n n\u0103ng \u0111\u1ed9ng.","robots":{"index":"index","follow":"follow","max-snippet":"max-snippet:-1","max-image-preview":"max-image-preview:large","max-video-preview":"max-video-preview:-1"},"canonical":"https:\/\/www.librahotelnhatrang.com\/vi\/rooms\/standard-room\/","og_locale":"vi_VN","og_type":"article","og_title":"Cozy Stay in Nha Trang| Standard Room at Libra Hotel","og_description":"Tr\u1ea3i nghi\u1ec7m kh\u00f4ng gian ngh\u1ec9 d\u01b0\u1ee1ng \u1ea5m c\u00fang v\u00e0 ti\u1ec7n nghi t\u1ea1i Standard Room - n\u01a1i mang \u0111\u1ebfn c\u1ea3m gi\u00e1c th\u01b0 th\u00e1i tr\u1ecdn v\u1eb9n sau ng\u00e0y d\u00e0i vui ch\u01a1i v\u1eadn \u0111\u1ed9ng. T\u1eadn h\u01b0\u1edfng k\u1ef3 l\u01b0u tr\u00fa nh\u1eb9 nh\u00e0ng c\u00f9ng Libra Hotel Nha Trang, gi\u1eefa l\u00f2ng ph\u1ed1 bi\u1ec3n n\u0103ng \u0111\u1ed9ng.","og_url":"https:\/\/www.librahotelnhatrang.com\/vi\/rooms\/standard-room\/","og_site_name":"Libra Hotel Nha Trang","article_modified_time":"2026-04-23T08:38:01+00:00","og_image":[{"width":2200,"height":1320,"url":"http:\/\/www.librahotelnhatrang.com\/wp-content\/uploads\/sites\/142\/2026\/01\/STANDARD-8.jpg","type":"image\/jpeg"}],"twitter_card":"summary_large_image","twitter_misc":{"Est. reading time":"1 minute"},"schema":{"@context":"https:\/\/schema.org","@graph":[{"@type":"WebPage","@id":"https:\/\/www.librahotelnhatrang.com\/vi\/rooms\/standard-room\/","url":"https:\/\/www.librahotelnhatrang.com\/vi\/rooms\/standard-room\/","name":"Cozy Stay in Nha Trang| Standard Room at Libra Hotel","isPartOf":{"@id":"https:\/\/www.librahotelnhatrang.com\/vi\/#website"},"primaryImageOfPage":{"@id":"https:\/\/www.librahotelnhatrang.com\/vi\/rooms\/standard-room\/#primaryimage"},"image":{"@id":"https:\/\/www.librahotelnhatrang.com\/vi\/rooms\/standard-room\/#primaryimage"},"thumbnailUrl":"https:\/\/www.librahotelnhatrang.com\/wp-content\/uploads\/sites\/142\/2026\/01\/STANDARD-8.jpg","datePublished":"2026-01-06T09:10:19+00:00","dateModified":"2026-04-23T08:38:01+00:00","description":"Tr\u1ea3i nghi\u1ec7m kh\u00f4ng gian ngh\u1ec9 d\u01b0\u1ee1ng \u1ea5m c\u00fang v\u00e0 ti\u1ec7n nghi t\u1ea1i Standard Room - n\u01a1i mang \u0111\u1ebfn c\u1ea3m gi\u00e1c th\u01b0 th\u00e1i tr\u1ecdn v\u1eb9n sau ng\u00e0y d\u00e0i vui ch\u01a1i v\u1eadn \u0111\u1ed9ng. T\u1eadn h\u01b0\u1edfng k\u1ef3 l\u01b0u tr\u00fa nh\u1eb9 nh\u00e0ng c\u00f9ng Libra Hotel Nha Trang, gi\u1eefa l\u00f2ng ph\u1ed1 bi\u1ec3n n\u0103ng \u0111\u1ed9ng.","breadcrumb":{"@id":"https:\/\/www.librahotelnhatrang.com\/vi\/rooms\/standard-room\/#breadcrumb"},"inLanguage":"vi-VN","potentialAction":[{"@type":"ReadAction","target":["https:\/\/www.librahotelnhatrang.com\/vi\/rooms\/standard-room\/"]}]},{"@type":"ImageObject","inLanguage":"vi-VN","@id":"https:\/\/www.librahotelnhatrang.com\/vi\/rooms\/standard-room\/#primaryimage","url":"https:\/\/www.librahotelnhatrang.com\/wp-content\/uploads\/sites\/142\/2026\/01\/STANDARD-8.jpg","contentUrl":"https:\/\/www.librahotelnhatrang.com\/wp-content\/uploads\/sites\/142\/2026\/01\/STANDARD-8.jpg","width":2200,"height":1320},{"@type":"BreadcrumbList","@id":"https:\/\/www.librahotelnhatrang.com\/vi\/rooms\/standard-room\/#breadcrumb","itemListElement":[{"@type":"ListItem","position":1,"name":"Home","item":"https:\/\/www.librahotelnhatrang.com\/vi\/"},{"@type":"ListItem","position":2,"name":"C\u00e1c h\u1ea1ng ph\u00f2ng","item":"https:\/\/www.librahotelnhatrang.com\/vi\/rooms\/"},{"@type":"ListItem","position":3,"name":"Standard Room"}]},{"@type":"WebSite","@id":"https:\/\/www.librahotelnhatrang.com\/vi\/#website","url":"https:\/\/www.librahotelnhatrang.com\/vi\/","name":"Libra Hotel Nha Trang","description":"","potentialAction":[{"@type":"SearchAction","target":{"@type":"EntryPoint","urlTemplate":"https:\/\/www.librahotelnhatrang.com\/vi\/?s={search_term_string}"},"query-input":"required name=search_term_string"}],"inLanguage":"vi-VN"}]}},"acf":[],"_links":{"self":[{"href":"https:\/\/www.librahotelnhatrang.com\/vi\/wp-json\/wp\/v2\/pages\/71"}],"collection":[{"href":"https:\/\/www.librahotelnhatrang.com\/vi\/wp-json\/wp\/v2\/pages"}],"about":[{"href":"https:\/\/www.librahotelnhatrang.com\/vi\/wp-json\/wp\/v2\/types\/page"}],"author":[{"embeddable":true,"href":"https:\/\/www.librahotelnhatrang.com\/vi\/wp-json\/wp\/v2\/users\/90"}],"replies":[{"embeddable":true,"href":"https:\/\/www.librahotelnhatrang.com\/vi\/wp-json\/wp\/v2\/comments?post=71"}],"version-history":[{"count":0,"href":"https:\/\/www.librahotelnhatrang.com\/vi\/wp-json\/wp\/v2\/pages\/71\/revisions"}],"up":[{"embeddable":true,"href":"https:\/\/www.librahotelnhatrang.com\/vi\/wp-json\/wp\/v2\/pages\/8"}],"wp:featuredmedia":[{"embeddable":true,"href":"https:\/\/www.librahotelnhatrang.com\/vi\/wp-json\/wp\/v2\/media\/72"}],"wp:attachment":[{"href":"https:\/\/www.librahotelnhatrang.com\/vi\/wp-json\/wp\/v2\/media?parent=71"}],"curies":[{"name":"wp","href":"https:\/\/api.w.org\/{rel}","templated":true}]}}