{"id":8,"date":"2026-01-06T08:16:46","date_gmt":"2026-01-06T08:16:46","guid":{"rendered":"https:\/\/librahotelnhatrang.ms2.decms.asia\/?page_id=8"},"modified":"2026-04-02T04:59:57","modified_gmt":"2026-04-02T04:59:57","slug":"rooms","status":"publish","type":"page","link":"https:\/\/www.librahotelnhatrang.com\/vi\/rooms\/","title":{"rendered":"C\u00e1c h\u1ea1ng ph\u00f2ng"},"content":{"rendered":"<p>C\u00e1c h\u1ea1ng ph\u00f2ng c\u1ee7a Libra Hotel Nha Trang \u0111\u01b0\u1ee3c thi\u1ebft k\u1ebf \u0111\u1ec3 mang \u0111\u1ebfn c\u1ea3m gi\u00e1c \u1ea5m c\u00fang, nh\u01b0ng v\u1eabn \u0111\u1ea3m b\u1ea3o \u0111\u1ea7y \u0111\u1ee7 ti\u1ec7n nghi v\u00e0 tho\u1ea3i m\u00e1i. H\u1ea1ng ph\u00f2ng cao c\u1ea5p v\u1edbi t\u1ea7m nh\u00ecn h\u01b0\u1edbng bi\u1ec3n, gi\u00fap qu\u00fd kh\u00e1ch \u0111\u1eafm ch\u00ecm trong v\u1ebb \u0111\u1eb9p c\u1ee7a \u0111\u1ea1i d\u01b0\u01a1ng ngay t\u1eeb ch\u00ednh c\u0103n ph\u00f2ng c\u1ee7a m\u00ecnh.<\/p>\n","protected":false},"excerpt":{"rendered":"<p>C\u00e1c h\u1ea1ng ph\u00f2ng c\u1ee7a Libra Hotel Nha Trang \u0111\u01b0\u1ee3c thi\u1ebft k\u1ebf \u0111\u1ec3 mang \u0111\u1ebfn c\u1ea3m gi\u00e1c \u1ea5m c\u00fang, nh\u01b0ng v\u1eabn \u0111\u1ea3m b\u1ea3o \u0111\u1ea7y \u0111\u1ee7 ti\u1ec7n nghi v\u00e0 tho\u1ea3i m\u00e1i. H\u1ea1ng ph\u00f2ng cao c\u1ea5p v\u1edbi t\u1ea7m nh\u00ecn h\u01b0\u1edbng bi\u1ec3n, gi\u00fap qu\u00fd kh\u00e1ch \u0111\u1eafm ch\u00ecm trong v\u1ebb \u0111\u1eb9p c\u1ee7a \u0111\u1ea1i d\u01b0\u01a1ng ngay t\u1eeb ch\u00ednh c\u0103n ph\u00f2ng c\u1ee7a [&hellip;]<\/p>\n","protected":false},"author":90,"featured_media":414,"parent":0,"menu_order":0,"comment_status":"closed","ping_status":"closed","template":"template-rooms.php","meta":{"footnotes":""},"yoast_head":"<!-- This site is optimized with the Yoast SEO plugin v22.3 - https:\/\/yoast.com\/wordpress\/plugins\/seo\/ -->\n<title>C\u00e1c h\u1ea1ng ph\u00f2ng | Libra Hotel Nha Trang<\/title>\n<meta name=\"description\" content=\"Kh\u00e1m ph\u00e1 kh\u00f4ng gian ph\u00f2ng ngh\u1ec9 tho\u00e1ng \u0111\u00e3ng, kh\u1edfi ngu\u1ed3n cho chuy\u1ebfn du l\u1ecbch kh\u00f3 qu\u00ean t\u1ea1i Nha Trang\" \/>\n<meta name=\"robots\" content=\"index, follow, max-snippet:-1, max-image-preview:large, max-video-preview:-1\" \/>\n<link rel=\"canonical\" href=\"https:\/\/www.librahotelnhatrang.com\/vi\/rooms\/\" \/>\n<meta property=\"og:locale\" content=\"vi_VN\" \/>\n<meta property=\"og:type\" content=\"article\" \/>\n<meta property=\"og:title\" content=\"C\u00e1c h\u1ea1ng ph\u00f2ng | Libra Hotel Nha Trang\" \/>\n<meta property=\"og:description\" content=\"Kh\u00e1m ph\u00e1 kh\u00f4ng gian ph\u00f2ng ngh\u1ec9 tho\u00e1ng \u0111\u00e3ng, kh\u1edfi ngu\u1ed3n cho chuy\u1ebfn du l\u1ecbch kh\u00f3 qu\u00ean t\u1ea1i Nha Trang\" \/>\n<meta property=\"og:url\" content=\"https:\/\/www.librahotelnhatrang.com\/vi\/rooms\/\" \/>\n<meta property=\"og:site_name\" content=\"Libra Hotel Nha Trang\" \/>\n<meta property=\"article:modified_time\" content=\"2026-04-02T04:59:57+00:00\" \/>\n<meta property=\"og:image\" content=\"http:\/\/www.librahotelnhatrang.com\/wp-content\/uploads\/sites\/142\/2026\/03\/room1.png\" \/>\n\t<meta property=\"og:image:width\" content=\"2048\" \/>\n\t<meta property=\"og:image:height\" content=\"689\" \/>\n\t<meta property=\"og:image:type\" content=\"image\/png\" \/>\n<meta name=\"twitter:card\" content=\"summary_large_image\" \/>\n<meta name=\"twitter:label1\" content=\"Est. reading time\" \/>\n\t<meta name=\"twitter:data1\" content=\"1 minute\" \/>\n<script type=\"application\/ld+json\" class=\"yoast-schema-graph\">{\"@context\":\"https:\/\/schema.org\",\"@graph\":[{\"@type\":\"WebPage\",\"@id\":\"https:\/\/www.librahotelnhatrang.com\/vi\/rooms\/\",\"url\":\"https:\/\/www.librahotelnhatrang.com\/vi\/rooms\/\",\"name\":\"C\u00e1c h\u1ea1ng ph\u00f2ng | Libra Hotel Nha Trang\",\"isPartOf\":{\"@id\":\"https:\/\/www.librahotelnhatrang.com\/vi\/#website\"},\"primaryImageOfPage\":{\"@id\":\"https:\/\/www.librahotelnhatrang.com\/vi\/rooms\/#primaryimage\"},\"image\":{\"@id\":\"https:\/\/www.librahotelnhatrang.com\/vi\/rooms\/#primaryimage\"},\"thumbnailUrl\":\"https:\/\/www.librahotelnhatrang.com\/wp-content\/uploads\/sites\/142\/2026\/03\/room1.png\",\"datePublished\":\"2026-01-06T08:16:46+00:00\",\"dateModified\":\"2026-04-02T04:59:57+00:00\",\"description\":\"Kh\u00e1m ph\u00e1 kh\u00f4ng gian ph\u00f2ng ngh\u1ec9 tho\u00e1ng \u0111\u00e3ng, kh\u1edfi ngu\u1ed3n cho chuy\u1ebfn du l\u1ecbch kh\u00f3 qu\u00ean t\u1ea1i Nha Trang\",\"breadcrumb\":{\"@id\":\"https:\/\/www.librahotelnhatrang.com\/vi\/rooms\/#breadcrumb\"},\"inLanguage\":\"vi-VN\",\"potentialAction\":[{\"@type\":\"ReadAction\",\"target\":[\"https:\/\/www.librahotelnhatrang.com\/vi\/rooms\/\"]}]},{\"@type\":\"ImageObject\",\"inLanguage\":\"vi-VN\",\"@id\":\"https:\/\/www.librahotelnhatrang.com\/vi\/rooms\/#primaryimage\",\"url\":\"https:\/\/www.librahotelnhatrang.com\/wp-content\/uploads\/sites\/142\/2026\/03\/room1.png\",\"contentUrl\":\"https:\/\/www.librahotelnhatrang.com\/wp-content\/uploads\/sites\/142\/2026\/03\/room1.png\",\"width\":2048,\"height\":689,\"caption\":\"khach san 4 sao nha trang\"},{\"@type\":\"BreadcrumbList\",\"@id\":\"https:\/\/www.librahotelnhatrang.com\/vi\/rooms\/#breadcrumb\",\"itemListElement\":[{\"@type\":\"ListItem\",\"position\":1,\"name\":\"Home\",\"item\":\"https:\/\/www.librahotelnhatrang.com\/vi\/\"},{\"@type\":\"ListItem\",\"position\":2,\"name\":\"C\u00e1c h\u1ea1ng ph\u00f2ng\"}]},{\"@type\":\"WebSite\",\"@id\":\"https:\/\/www.librahotelnhatrang.com\/vi\/#website\",\"url\":\"https:\/\/www.librahotelnhatrang.com\/vi\/\",\"name\":\"Libra Hotel Nha Trang\",\"description\":\"\",\"potentialAction\":[{\"@type\":\"SearchAction\",\"target\":{\"@type\":\"EntryPoint\",\"urlTemplate\":\"https:\/\/www.librahotelnhatrang.com\/vi\/?s={search_term_string}\"},\"query-input\":\"required name=search_term_string\"}],\"inLanguage\":\"vi-VN\"}]}<\/script>\n<!-- \/ Yoast SEO plugin. -->","yoast_head_json":{"title":"C\u00e1c h\u1ea1ng ph\u00f2ng | Libra Hotel Nha Trang","description":"Kh\u00e1m ph\u00e1 kh\u00f4ng gian ph\u00f2ng ngh\u1ec9 tho\u00e1ng \u0111\u00e3ng, kh\u1edfi ngu\u1ed3n cho chuy\u1ebfn du l\u1ecbch kh\u00f3 qu\u00ean t\u1ea1i Nha Trang","robots":{"index":"index","follow":"follow","max-snippet":"max-snippet:-1","max-image-preview":"max-image-preview:large","max-video-preview":"max-video-preview:-1"},"canonical":"https:\/\/www.librahotelnhatrang.com\/vi\/rooms\/","og_locale":"vi_VN","og_type":"article","og_title":"C\u00e1c h\u1ea1ng ph\u00f2ng | Libra Hotel Nha Trang","og_description":"Kh\u00e1m ph\u00e1 kh\u00f4ng gian ph\u00f2ng ngh\u1ec9 tho\u00e1ng \u0111\u00e3ng, kh\u1edfi ngu\u1ed3n cho chuy\u1ebfn du l\u1ecbch kh\u00f3 qu\u00ean t\u1ea1i Nha Trang","og_url":"https:\/\/www.librahotelnhatrang.com\/vi\/rooms\/","og_site_name":"Libra Hotel Nha Trang","article_modified_time":"2026-04-02T04:59:57+00:00","og_image":[{"width":2048,"height":689,"url":"http:\/\/www.librahotelnhatrang.com\/wp-content\/uploads\/sites\/142\/2026\/03\/room1.png","type":"image\/png"}],"twitter_card":"summary_large_image","twitter_misc":{"Est. reading time":"1 minute"},"schema":{"@context":"https:\/\/schema.org","@graph":[{"@type":"WebPage","@id":"https:\/\/www.librahotelnhatrang.com\/vi\/rooms\/","url":"https:\/\/www.librahotelnhatrang.com\/vi\/rooms\/","name":"C\u00e1c h\u1ea1ng ph\u00f2ng | Libra Hotel Nha Trang","isPartOf":{"@id":"https:\/\/www.librahotelnhatrang.com\/vi\/#website"},"primaryImageOfPage":{"@id":"https:\/\/www.librahotelnhatrang.com\/vi\/rooms\/#primaryimage"},"image":{"@id":"https:\/\/www.librahotelnhatrang.com\/vi\/rooms\/#primaryimage"},"thumbnailUrl":"https:\/\/www.librahotelnhatrang.com\/wp-content\/uploads\/sites\/142\/2026\/03\/room1.png","datePublished":"2026-01-06T08:16:46+00:00","dateModified":"2026-04-02T04:59:57+00:00","description":"Kh\u00e1m ph\u00e1 kh\u00f4ng gian ph\u00f2ng ngh\u1ec9 tho\u00e1ng \u0111\u00e3ng, kh\u1edfi ngu\u1ed3n cho chuy\u1ebfn du l\u1ecbch kh\u00f3 qu\u00ean t\u1ea1i Nha Trang","breadcrumb":{"@id":"https:\/\/www.librahotelnhatrang.com\/vi\/rooms\/#breadcrumb"},"inLanguage":"vi-VN","potentialAction":[{"@type":"ReadAction","target":["https:\/\/www.librahotelnhatrang.com\/vi\/rooms\/"]}]},{"@type":"ImageObject","inLanguage":"vi-VN","@id":"https:\/\/www.librahotelnhatrang.com\/vi\/rooms\/#primaryimage","url":"https:\/\/www.librahotelnhatrang.com\/wp-content\/uploads\/sites\/142\/2026\/03\/room1.png","contentUrl":"https:\/\/www.librahotelnhatrang.com\/wp-content\/uploads\/sites\/142\/2026\/03\/room1.png","width":2048,"height":689,"caption":"khach san 4 sao nha trang"},{"@type":"BreadcrumbList","@id":"https:\/\/www.librahotelnhatrang.com\/vi\/rooms\/#breadcrumb","itemListElement":[{"@type":"ListItem","position":1,"name":"Home","item":"https:\/\/www.librahotelnhatrang.com\/vi\/"},{"@type":"ListItem","position":2,"name":"C\u00e1c h\u1ea1ng ph\u00f2ng"}]},{"@type":"WebSite","@id":"https:\/\/www.librahotelnhatrang.com\/vi\/#website","url":"https:\/\/www.librahotelnhatrang.com\/vi\/","name":"Libra Hotel Nha Trang","description":"","potentialAction":[{"@type":"SearchAction","target":{"@type":"EntryPoint","urlTemplate":"https:\/\/www.librahotelnhatrang.com\/vi\/?s={search_term_string}"},"query-input":"required name=search_term_string"}],"inLanguage":"vi-VN"}]}},"acf":[],"_links":{"self":[{"href":"https:\/\/www.librahotelnhatrang.com\/vi\/wp-json\/wp\/v2\/pages\/8"}],"collection":[{"href":"https:\/\/www.librahotelnhatrang.com\/vi\/wp-json\/wp\/v2\/pages"}],"about":[{"href":"https:\/\/www.librahotelnhatrang.com\/vi\/wp-json\/wp\/v2\/types\/page"}],"author":[{"embeddable":true,"href":"https:\/\/www.librahotelnhatrang.com\/vi\/wp-json\/wp\/v2\/users\/90"}],"replies":[{"embeddable":true,"href":"https:\/\/www.librahotelnhatrang.com\/vi\/wp-json\/wp\/v2\/comments?post=8"}],"version-history":[{"count":0,"href":"https:\/\/www.librahotelnhatrang.com\/vi\/wp-json\/wp\/v2\/pages\/8\/revisions"}],"wp:featuredmedia":[{"embeddable":true,"href":"https:\/\/www.librahotelnhatrang.com\/vi\/wp-json\/wp\/v2\/media\/414"}],"wp:attachment":[{"href":"https:\/\/www.librahotelnhatrang.com\/vi\/wp-json\/wp\/v2\/media?parent=8"}],"curies":[{"name":"wp","href":"https:\/\/api.w.org\/{rel}","templated":true}]}}