{"id":9,"date":"2026-01-06T08:27:06","date_gmt":"2026-01-06T08:27:06","guid":{"rendered":"https:\/\/librahotelnhatrang.ms2.decms.asia\/?page_id=9"},"modified":"2026-04-14T08:03:22","modified_gmt":"2026-04-14T08:03:22","slug":"senior-ocean-view","status":"publish","type":"page","link":"https:\/\/www.librahotelnhatrang.com\/vi\/rooms\/senior-ocean-view\/","title":{"rendered":"Senior Ocean View"},"content":{"rendered":"<p style=\"text-align: left\">Ph\u00f3ng t\u1ea7m m\u1eaft v\u1edbi phong c\u1ea3nh vi\u1ec5n kh\u01a1i xanh ng\u00e1t c\u1ee7a v\u1ecbnh Nha Trang t\u1ea1i h\u1ea1ng ph\u00f2ng Senior Ocean View &#8211; Libra Hotel Nha Trang. C\u0103n ph\u00f2ng \u0111\u01b0\u1ee3c thi\u1ebft k\u1ebf theo phong c\u00e1ch B\u1eafc \u00c2u hi\u1ec7n \u0111\u1ea1i, \u0111\u01a1n gi\u1ea3n nh\u01b0ng tinh t\u1ebf, mang \u0111\u1ebfn kh\u00f4ng gian ngh\u1ec9 ng\u01a1i th\u01b0 th\u00e1i. T\u1ea1i \u0111\u00e2y, qu\u00fd kh\u00e1ch c\u00f3 th\u1ec3 ng\u00e2m m\u00ecnh trong b\u1ed3n t\u1eafm ri\u00eang, th\u01b0\u1edfng tr\u00e0 b\u00ean khung c\u1eeda s\u1ed5 ng\u1eafm tr\u1ecdn khung c\u1ea3nh ph\u1ed1 bi\u1ec3n. Ph\u00f2ng c\u00f3 l\u1ef1a ch\u1ecdn m\u1ed9t gi\u01b0\u1eddng \u0111\u00f4i ho\u1eb7c hai gi\u01b0\u1eddng \u0111\u01a1n, \u0111\u00e1p \u1ee9ng nhu c\u1ea7u ngh\u1ec9 d\u01b0\u1ee1ng \u0111a d\u1ea1ng c\u1ee7a qu\u00fd kh\u00e1ch.<\/p>\n","protected":false},"excerpt":{"rendered":"<p>Ph\u00f3ng t\u1ea7m m\u1eaft v\u1edbi phong c\u1ea3nh vi\u1ec5n kh\u01a1i xanh ng\u00e1t c\u1ee7a v\u1ecbnh Nha Trang t\u1ea1i h\u1ea1ng ph\u00f2ng Senior Ocean View &#8211; Libra Hotel Nha Trang. C\u0103n ph\u00f2ng \u0111\u01b0\u1ee3c thi\u1ebft k\u1ebf theo phong c\u00e1ch B\u1eafc \u00c2u hi\u1ec7n \u0111\u1ea1i, \u0111\u01a1n gi\u1ea3n nh\u01b0ng tinh t\u1ebf, mang \u0111\u1ebfn kh\u00f4ng gian ngh\u1ec9 ng\u01a1i th\u01b0 th\u00e1i. T\u1ea1i \u0111\u00e2y, qu\u00fd kh\u00e1ch c\u00f3 [&hellip;]<\/p>\n","protected":false},"author":90,"featured_media":429,"parent":8,"menu_order":0,"comment_status":"closed","ping_status":"closed","template":"template-single-room.php","meta":{"footnotes":""},"yoast_head":"<!-- This site is optimized with the Yoast SEO plugin v22.3 - https:\/\/yoast.com\/wordpress\/plugins\/seo\/ -->\n<title>Beachfront Stay in Nha Trang| Senior Ocean View at Libra Hotel<\/title>\n<meta name=\"description\" content=\"Ngh\u1ec9 d\u01b0\u1ee1ng tr\u1ecdn v\u1eb9n gi\u1eefa mi\u1ec1n bi\u1ec3n nhi\u1ec7t \u0111\u1edbi thanh b\u00ecnh, tr\u1ea3i nghi\u1ec7m kh\u00f4ng gian thanh l\u1ecbch v\u00e0 hi\u1ec7n \u0111\u1ea1i c\u1ee7a ph\u00f2ng Senior Ocean View t\u1ea1i Libra Hotel Nha Trang.\" \/>\n<meta name=\"robots\" content=\"index, follow, max-snippet:-1, max-image-preview:large, max-video-preview:-1\" \/>\n<link rel=\"canonical\" href=\"https:\/\/www.librahotelnhatrang.com\/vi\/rooms\/senior-ocean-view\/\" \/>\n<meta property=\"og:locale\" content=\"vi_VN\" \/>\n<meta property=\"og:type\" content=\"article\" \/>\n<meta property=\"og:title\" content=\"Beachfront Stay in Nha Trang| Senior Ocean View at Libra Hotel\" \/>\n<meta property=\"og:description\" content=\"Ngh\u1ec9 d\u01b0\u1ee1ng tr\u1ecdn v\u1eb9n gi\u1eefa mi\u1ec1n bi\u1ec3n nhi\u1ec7t \u0111\u1edbi thanh b\u00ecnh, tr\u1ea3i nghi\u1ec7m kh\u00f4ng gian thanh l\u1ecbch v\u00e0 hi\u1ec7n \u0111\u1ea1i c\u1ee7a ph\u00f2ng Senior Ocean View t\u1ea1i Libra Hotel Nha Trang.\" \/>\n<meta property=\"og:url\" content=\"https:\/\/www.librahotelnhatrang.com\/vi\/rooms\/senior-ocean-view\/\" \/>\n<meta property=\"og:site_name\" content=\"Libra Hotel Nha Trang\" \/>\n<meta property=\"article:modified_time\" content=\"2026-04-14T08:03:22+00:00\" \/>\n<meta property=\"og:image\" content=\"http:\/\/www.librahotelnhatrang.com\/wp-content\/uploads\/sites\/142\/2026\/04\/7C21256.jpg\" \/>\n\t<meta property=\"og:image:width\" content=\"2200\" \/>\n\t<meta property=\"og:image:height\" content=\"1468\" \/>\n\t<meta property=\"og:image:type\" content=\"image\/jpeg\" \/>\n<meta name=\"twitter:card\" content=\"summary_large_image\" \/>\n<meta name=\"twitter:label1\" content=\"Est. reading time\" \/>\n\t<meta name=\"twitter:data1\" content=\"1 minute\" \/>\n<script type=\"application\/ld+json\" class=\"yoast-schema-graph\">{\"@context\":\"https:\/\/schema.org\",\"@graph\":[{\"@type\":\"WebPage\",\"@id\":\"https:\/\/www.librahotelnhatrang.com\/vi\/rooms\/senior-ocean-view\/\",\"url\":\"https:\/\/www.librahotelnhatrang.com\/vi\/rooms\/senior-ocean-view\/\",\"name\":\"Beachfront Stay in Nha Trang| Senior Ocean View at Libra Hotel\",\"isPartOf\":{\"@id\":\"https:\/\/www.librahotelnhatrang.com\/vi\/#website\"},\"primaryImageOfPage\":{\"@id\":\"https:\/\/www.librahotelnhatrang.com\/vi\/rooms\/senior-ocean-view\/#primaryimage\"},\"image\":{\"@id\":\"https:\/\/www.librahotelnhatrang.com\/vi\/rooms\/senior-ocean-view\/#primaryimage\"},\"thumbnailUrl\":\"https:\/\/www.librahotelnhatrang.com\/wp-content\/uploads\/sites\/142\/2026\/04\/7C21256.jpg\",\"datePublished\":\"2026-01-06T08:27:06+00:00\",\"dateModified\":\"2026-04-14T08:03:22+00:00\",\"description\":\"Ngh\u1ec9 d\u01b0\u1ee1ng tr\u1ecdn v\u1eb9n gi\u1eefa mi\u1ec1n bi\u1ec3n nhi\u1ec7t \u0111\u1edbi thanh b\u00ecnh, tr\u1ea3i nghi\u1ec7m kh\u00f4ng gian thanh l\u1ecbch v\u00e0 hi\u1ec7n \u0111\u1ea1i c\u1ee7a ph\u00f2ng Senior Ocean View t\u1ea1i Libra Hotel Nha Trang.\",\"breadcrumb\":{\"@id\":\"https:\/\/www.librahotelnhatrang.com\/vi\/rooms\/senior-ocean-view\/#breadcrumb\"},\"inLanguage\":\"vi-VN\",\"potentialAction\":[{\"@type\":\"ReadAction\",\"target\":[\"https:\/\/www.librahotelnhatrang.com\/vi\/rooms\/senior-ocean-view\/\"]}]},{\"@type\":\"ImageObject\",\"inLanguage\":\"vi-VN\",\"@id\":\"https:\/\/www.librahotelnhatrang.com\/vi\/rooms\/senior-ocean-view\/#primaryimage\",\"url\":\"https:\/\/www.librahotelnhatrang.com\/wp-content\/uploads\/sites\/142\/2026\/04\/7C21256.jpg\",\"contentUrl\":\"https:\/\/www.librahotelnhatrang.com\/wp-content\/uploads\/sites\/142\/2026\/04\/7C21256.jpg\",\"width\":2200,\"height\":1468,\"caption\":\"Phong truc dien bien Nha Trang\"},{\"@type\":\"BreadcrumbList\",\"@id\":\"https:\/\/www.librahotelnhatrang.com\/vi\/rooms\/senior-ocean-view\/#breadcrumb\",\"itemListElement\":[{\"@type\":\"ListItem\",\"position\":1,\"name\":\"Home\",\"item\":\"https:\/\/www.librahotelnhatrang.com\/vi\/\"},{\"@type\":\"ListItem\",\"position\":2,\"name\":\"C\u00e1c h\u1ea1ng ph\u00f2ng\",\"item\":\"https:\/\/www.librahotelnhatrang.com\/vi\/rooms\/\"},{\"@type\":\"ListItem\",\"position\":3,\"name\":\"Senior Ocean View\"}]},{\"@type\":\"WebSite\",\"@id\":\"https:\/\/www.librahotelnhatrang.com\/vi\/#website\",\"url\":\"https:\/\/www.librahotelnhatrang.com\/vi\/\",\"name\":\"Libra Hotel Nha Trang\",\"description\":\"\",\"potentialAction\":[{\"@type\":\"SearchAction\",\"target\":{\"@type\":\"EntryPoint\",\"urlTemplate\":\"https:\/\/www.librahotelnhatrang.com\/vi\/?s={search_term_string}\"},\"query-input\":\"required name=search_term_string\"}],\"inLanguage\":\"vi-VN\"}]}<\/script>\n<!-- \/ Yoast SEO plugin. -->","yoast_head_json":{"title":"Beachfront Stay in Nha Trang| Senior Ocean View at Libra Hotel","description":"Ngh\u1ec9 d\u01b0\u1ee1ng tr\u1ecdn v\u1eb9n gi\u1eefa mi\u1ec1n bi\u1ec3n nhi\u1ec7t \u0111\u1edbi thanh b\u00ecnh, tr\u1ea3i nghi\u1ec7m kh\u00f4ng gian thanh l\u1ecbch v\u00e0 hi\u1ec7n \u0111\u1ea1i c\u1ee7a ph\u00f2ng Senior Ocean View t\u1ea1i Libra Hotel Nha Trang.","robots":{"index":"index","follow":"follow","max-snippet":"max-snippet:-1","max-image-preview":"max-image-preview:large","max-video-preview":"max-video-preview:-1"},"canonical":"https:\/\/www.librahotelnhatrang.com\/vi\/rooms\/senior-ocean-view\/","og_locale":"vi_VN","og_type":"article","og_title":"Beachfront Stay in Nha Trang| Senior Ocean View at Libra Hotel","og_description":"Ngh\u1ec9 d\u01b0\u1ee1ng tr\u1ecdn v\u1eb9n gi\u1eefa mi\u1ec1n bi\u1ec3n nhi\u1ec7t \u0111\u1edbi thanh b\u00ecnh, tr\u1ea3i nghi\u1ec7m kh\u00f4ng gian thanh l\u1ecbch v\u00e0 hi\u1ec7n \u0111\u1ea1i c\u1ee7a ph\u00f2ng Senior Ocean View t\u1ea1i Libra Hotel Nha Trang.","og_url":"https:\/\/www.librahotelnhatrang.com\/vi\/rooms\/senior-ocean-view\/","og_site_name":"Libra Hotel Nha Trang","article_modified_time":"2026-04-14T08:03:22+00:00","og_image":[{"width":2200,"height":1468,"url":"http:\/\/www.librahotelnhatrang.com\/wp-content\/uploads\/sites\/142\/2026\/04\/7C21256.jpg","type":"image\/jpeg"}],"twitter_card":"summary_large_image","twitter_misc":{"Est. reading time":"1 minute"},"schema":{"@context":"https:\/\/schema.org","@graph":[{"@type":"WebPage","@id":"https:\/\/www.librahotelnhatrang.com\/vi\/rooms\/senior-ocean-view\/","url":"https:\/\/www.librahotelnhatrang.com\/vi\/rooms\/senior-ocean-view\/","name":"Beachfront Stay in Nha Trang| Senior Ocean View at Libra Hotel","isPartOf":{"@id":"https:\/\/www.librahotelnhatrang.com\/vi\/#website"},"primaryImageOfPage":{"@id":"https:\/\/www.librahotelnhatrang.com\/vi\/rooms\/senior-ocean-view\/#primaryimage"},"image":{"@id":"https:\/\/www.librahotelnhatrang.com\/vi\/rooms\/senior-ocean-view\/#primaryimage"},"thumbnailUrl":"https:\/\/www.librahotelnhatrang.com\/wp-content\/uploads\/sites\/142\/2026\/04\/7C21256.jpg","datePublished":"2026-01-06T08:27:06+00:00","dateModified":"2026-04-14T08:03:22+00:00","description":"Ngh\u1ec9 d\u01b0\u1ee1ng tr\u1ecdn v\u1eb9n gi\u1eefa mi\u1ec1n bi\u1ec3n nhi\u1ec7t \u0111\u1edbi thanh b\u00ecnh, tr\u1ea3i nghi\u1ec7m kh\u00f4ng gian thanh l\u1ecbch v\u00e0 hi\u1ec7n \u0111\u1ea1i c\u1ee7a ph\u00f2ng Senior Ocean View t\u1ea1i Libra Hotel Nha Trang.","breadcrumb":{"@id":"https:\/\/www.librahotelnhatrang.com\/vi\/rooms\/senior-ocean-view\/#breadcrumb"},"inLanguage":"vi-VN","potentialAction":[{"@type":"ReadAction","target":["https:\/\/www.librahotelnhatrang.com\/vi\/rooms\/senior-ocean-view\/"]}]},{"@type":"ImageObject","inLanguage":"vi-VN","@id":"https:\/\/www.librahotelnhatrang.com\/vi\/rooms\/senior-ocean-view\/#primaryimage","url":"https:\/\/www.librahotelnhatrang.com\/wp-content\/uploads\/sites\/142\/2026\/04\/7C21256.jpg","contentUrl":"https:\/\/www.librahotelnhatrang.com\/wp-content\/uploads\/sites\/142\/2026\/04\/7C21256.jpg","width":2200,"height":1468,"caption":"Phong truc dien bien Nha Trang"},{"@type":"BreadcrumbList","@id":"https:\/\/www.librahotelnhatrang.com\/vi\/rooms\/senior-ocean-view\/#breadcrumb","itemListElement":[{"@type":"ListItem","position":1,"name":"Home","item":"https:\/\/www.librahotelnhatrang.com\/vi\/"},{"@type":"ListItem","position":2,"name":"C\u00e1c h\u1ea1ng ph\u00f2ng","item":"https:\/\/www.librahotelnhatrang.com\/vi\/rooms\/"},{"@type":"ListItem","position":3,"name":"Senior Ocean View"}]},{"@type":"WebSite","@id":"https:\/\/www.librahotelnhatrang.com\/vi\/#website","url":"https:\/\/www.librahotelnhatrang.com\/vi\/","name":"Libra Hotel Nha Trang","description":"","potentialAction":[{"@type":"SearchAction","target":{"@type":"EntryPoint","urlTemplate":"https:\/\/www.librahotelnhatrang.com\/vi\/?s={search_term_string}"},"query-input":"required name=search_term_string"}],"inLanguage":"vi-VN"}]}},"acf":[],"_links":{"self":[{"href":"https:\/\/www.librahotelnhatrang.com\/vi\/wp-json\/wp\/v2\/pages\/9"}],"collection":[{"href":"https:\/\/www.librahotelnhatrang.com\/vi\/wp-json\/wp\/v2\/pages"}],"about":[{"href":"https:\/\/www.librahotelnhatrang.com\/vi\/wp-json\/wp\/v2\/types\/page"}],"author":[{"embeddable":true,"href":"https:\/\/www.librahotelnhatrang.com\/vi\/wp-json\/wp\/v2\/users\/90"}],"replies":[{"embeddable":true,"href":"https:\/\/www.librahotelnhatrang.com\/vi\/wp-json\/wp\/v2\/comments?post=9"}],"version-history":[{"count":0,"href":"https:\/\/www.librahotelnhatrang.com\/vi\/wp-json\/wp\/v2\/pages\/9\/revisions"}],"up":[{"embeddable":true,"href":"https:\/\/www.librahotelnhatrang.com\/vi\/wp-json\/wp\/v2\/pages\/8"}],"wp:featuredmedia":[{"embeddable":true,"href":"https:\/\/www.librahotelnhatrang.com\/vi\/wp-json\/wp\/v2\/media\/429"}],"wp:attachment":[{"href":"https:\/\/www.librahotelnhatrang.com\/vi\/wp-json\/wp\/v2\/media?parent=9"}],"curies":[{"name":"wp","href":"https:\/\/api.w.org\/{rel}","templated":true}]}}