{"id":91,"date":"2026-01-06T09:23:46","date_gmt":"2026-01-06T09:23:46","guid":{"rendered":"https:\/\/librahotelnhatrang.ms2.decms.asia\/?page_id=91"},"modified":"2026-02-05T08:13:20","modified_gmt":"2026-02-05T08:13:20","slug":"apollo-pool-bar","status":"publish","type":"page","link":"https:\/\/www.librahotelnhatrang.com\/vi\/restaurant\/apollo-pool-bar\/","title":{"rendered":"Apollo Pool Bar"},"content":{"rendered":"<p>Athena &#8211; nh\u00e0 h\u00e0ng v\u1edbi s\u1ee9c ch\u1ee9a \u0111\u1ebfn 350 kh\u00e1ch, n\u01a1i qu\u00fd kh\u00e1ch c\u00f3 th\u1ec3 th\u01b0\u1edfng th\u1ee9c b\u1eefa s\u00e1ng Buffet \u0111a d\u1ea1ng t\u1eeb m\u00f3n \u00c1 \u0111\u1ebfn m\u00f3n \u00c2u.<\/p>\n<p>T\u1ea1i Athena, qu\u00fd kh\u00e1ch c\u00f2n \u0111\u01b0\u1ee3c t\u1eadn h\u01b0\u1edfng \u1ea9m th\u1ef1c phong ph\u00fa v\u1edbi th\u1ef1c \u0111\u01a1n g\u1ecdi m\u00f3n (\u00c0 la Carte) v\u00e0o c\u00e1c bu\u1ed5i trong ng\u00e0y.<\/p>\n<p>Athena lu\u00f4n l\u00e0 \u0111i\u1ec3m h\u1eb9n l\u00fd t\u01b0\u1edfng \u0111\u1ec3 t\u1eadn h\u01b0\u1edfng \u1ea9m th\u1ef1c \u0111\u1eb3ng c\u1ea5p gi\u1eefa khung c\u1ea3nh thi\u00ean nhi\u00ean tuy\u1ec7t m\u1ef9.<\/p>\n","protected":false},"excerpt":{"rendered":"<p>Athena &#8211; nh\u00e0 h\u00e0ng v\u1edbi s\u1ee9c ch\u1ee9a \u0111\u1ebfn 350 kh\u00e1ch, n\u01a1i qu\u00fd kh\u00e1ch c\u00f3 th\u1ec3 th\u01b0\u1edfng th\u1ee9c b\u1eefa s\u00e1ng Buffet \u0111a d\u1ea1ng t\u1eeb m\u00f3n \u00c1 \u0111\u1ebfn m\u00f3n \u00c2u. T\u1ea1i Athena, qu\u00fd kh\u00e1ch c\u00f2n \u0111\u01b0\u1ee3c t\u1eadn h\u01b0\u1edfng \u1ea9m th\u1ef1c phong ph\u00fa v\u1edbi th\u1ef1c \u0111\u01a1n g\u1ecdi m\u00f3n (\u00c0 la Carte) v\u00e0o c\u00e1c bu\u1ed5i trong ng\u00e0y. Athena lu\u00f4n [&hellip;]<\/p>\n","protected":false},"author":90,"featured_media":92,"parent":78,"menu_order":1,"comment_status":"closed","ping_status":"closed","template":"template-single-restaurant.php","meta":{"footnotes":""},"yoast_head":"<!-- This site is optimized with the Yoast SEO plugin v22.3 - https:\/\/yoast.com\/wordpress\/plugins\/seo\/ -->\n<title>Pool Bar| Libra Hotel<\/title>\n<meta name=\"description\" content=\"T\u1eadn h\u01b0\u1edfng \u0111\u1ed3 u\u1ed1ng tinh t\u1ebf t\u1ea1i Apollo Pool Bar, h\u00f2a m\u00ecnh v\u00e0o kh\u00f4ng gian y\u00ean b\u00ecnh, k\u1ebft n\u1ed1i b\u1ea1n b\u00e8 v\u00e0 l\u01b0u gi\u1eef kho\u1ea3nh kh\u1eafc.\" \/>\n<meta name=\"robots\" content=\"index, follow, max-snippet:-1, max-image-preview:large, max-video-preview:-1\" \/>\n<link rel=\"canonical\" href=\"https:\/\/www.librahotelnhatrang.com\/vi\/restaurant\/apollo-pool-bar\/\" \/>\n<meta property=\"og:locale\" content=\"vi_VN\" \/>\n<meta property=\"og:type\" content=\"article\" \/>\n<meta property=\"og:title\" content=\"Pool Bar| Libra Hotel\" \/>\n<meta property=\"og:description\" content=\"T\u1eadn h\u01b0\u1edfng \u0111\u1ed3 u\u1ed1ng tinh t\u1ebf t\u1ea1i Apollo Pool Bar, h\u00f2a m\u00ecnh v\u00e0o kh\u00f4ng gian y\u00ean b\u00ecnh, k\u1ebft n\u1ed1i b\u1ea1n b\u00e8 v\u00e0 l\u01b0u gi\u1eef kho\u1ea3nh kh\u1eafc.\" \/>\n<meta property=\"og:url\" content=\"https:\/\/www.librahotelnhatrang.com\/vi\/restaurant\/apollo-pool-bar\/\" \/>\n<meta property=\"og:site_name\" content=\"Libra Hotel Nha Trang\" \/>\n<meta property=\"article:modified_time\" content=\"2026-02-05T08:13:20+00:00\" \/>\n<meta property=\"og:image\" content=\"https:\/\/www.librahotelnhatrang.com\/wp-content\/uploads\/sites\/142\/2026\/01\/cocktail.jpg\" \/>\n\t<meta property=\"og:image:width\" content=\"1469\" \/>\n\t<meta property=\"og:image:height\" content=\"2200\" \/>\n\t<meta property=\"og:image:type\" content=\"image\/jpeg\" \/>\n<meta name=\"twitter:card\" content=\"summary_large_image\" \/>\n<meta name=\"twitter:label1\" content=\"Est. reading time\" \/>\n\t<meta name=\"twitter:data1\" content=\"1 minute\" \/>\n<script type=\"application\/ld+json\" class=\"yoast-schema-graph\">{\"@context\":\"https:\/\/schema.org\",\"@graph\":[{\"@type\":\"WebPage\",\"@id\":\"https:\/\/www.librahotelnhatrang.com\/vi\/restaurant\/apollo-pool-bar\/\",\"url\":\"https:\/\/www.librahotelnhatrang.com\/vi\/restaurant\/apollo-pool-bar\/\",\"name\":\"Pool Bar| Libra Hotel\",\"isPartOf\":{\"@id\":\"https:\/\/www.librahotelnhatrang.com\/vi\/#website\"},\"primaryImageOfPage\":{\"@id\":\"https:\/\/www.librahotelnhatrang.com\/vi\/restaurant\/apollo-pool-bar\/#primaryimage\"},\"image\":{\"@id\":\"https:\/\/www.librahotelnhatrang.com\/vi\/restaurant\/apollo-pool-bar\/#primaryimage\"},\"thumbnailUrl\":\"https:\/\/www.librahotelnhatrang.com\/wp-content\/uploads\/sites\/142\/2026\/01\/cocktail.jpg\",\"datePublished\":\"2026-01-06T09:23:46+00:00\",\"dateModified\":\"2026-02-05T08:13:20+00:00\",\"description\":\"T\u1eadn h\u01b0\u1edfng \u0111\u1ed3 u\u1ed1ng tinh t\u1ebf t\u1ea1i Apollo Pool Bar, h\u00f2a m\u00ecnh v\u00e0o kh\u00f4ng gian y\u00ean b\u00ecnh, k\u1ebft n\u1ed1i b\u1ea1n b\u00e8 v\u00e0 l\u01b0u gi\u1eef kho\u1ea3nh kh\u1eafc.\",\"breadcrumb\":{\"@id\":\"https:\/\/www.librahotelnhatrang.com\/vi\/restaurant\/apollo-pool-bar\/#breadcrumb\"},\"inLanguage\":\"vi-VN\",\"potentialAction\":[{\"@type\":\"ReadAction\",\"target\":[\"https:\/\/www.librahotelnhatrang.com\/vi\/restaurant\/apollo-pool-bar\/\"]}]},{\"@type\":\"ImageObject\",\"inLanguage\":\"vi-VN\",\"@id\":\"https:\/\/www.librahotelnhatrang.com\/vi\/restaurant\/apollo-pool-bar\/#primaryimage\",\"url\":\"https:\/\/www.librahotelnhatrang.com\/wp-content\/uploads\/sites\/142\/2026\/01\/cocktail.jpg\",\"contentUrl\":\"https:\/\/www.librahotelnhatrang.com\/wp-content\/uploads\/sites\/142\/2026\/01\/cocktail.jpg\",\"width\":1469,\"height\":2200},{\"@type\":\"BreadcrumbList\",\"@id\":\"https:\/\/www.librahotelnhatrang.com\/vi\/restaurant\/apollo-pool-bar\/#breadcrumb\",\"itemListElement\":[{\"@type\":\"ListItem\",\"position\":1,\"name\":\"Home\",\"item\":\"https:\/\/www.librahotelnhatrang.com\/vi\/\"},{\"@type\":\"ListItem\",\"position\":2,\"name\":\"Nh\u00e0 h\u00e0ng\",\"item\":\"https:\/\/www.librahotelnhatrang.com\/vi\/restaurant\/\"},{\"@type\":\"ListItem\",\"position\":3,\"name\":\"Apollo Pool Bar\"}]},{\"@type\":\"WebSite\",\"@id\":\"https:\/\/www.librahotelnhatrang.com\/vi\/#website\",\"url\":\"https:\/\/www.librahotelnhatrang.com\/vi\/\",\"name\":\"Libra Hotel Nha Trang\",\"description\":\"\",\"potentialAction\":[{\"@type\":\"SearchAction\",\"target\":{\"@type\":\"EntryPoint\",\"urlTemplate\":\"https:\/\/www.librahotelnhatrang.com\/vi\/?s={search_term_string}\"},\"query-input\":\"required name=search_term_string\"}],\"inLanguage\":\"vi-VN\"}]}<\/script>\n<!-- \/ Yoast SEO plugin. -->","yoast_head_json":{"title":"Pool Bar| Libra Hotel","description":"T\u1eadn h\u01b0\u1edfng \u0111\u1ed3 u\u1ed1ng tinh t\u1ebf t\u1ea1i Apollo Pool Bar, h\u00f2a m\u00ecnh v\u00e0o kh\u00f4ng gian y\u00ean b\u00ecnh, k\u1ebft n\u1ed1i b\u1ea1n b\u00e8 v\u00e0 l\u01b0u gi\u1eef kho\u1ea3nh kh\u1eafc.","robots":{"index":"index","follow":"follow","max-snippet":"max-snippet:-1","max-image-preview":"max-image-preview:large","max-video-preview":"max-video-preview:-1"},"canonical":"https:\/\/www.librahotelnhatrang.com\/vi\/restaurant\/apollo-pool-bar\/","og_locale":"vi_VN","og_type":"article","og_title":"Pool Bar| Libra Hotel","og_description":"T\u1eadn h\u01b0\u1edfng \u0111\u1ed3 u\u1ed1ng tinh t\u1ebf t\u1ea1i Apollo Pool Bar, h\u00f2a m\u00ecnh v\u00e0o kh\u00f4ng gian y\u00ean b\u00ecnh, k\u1ebft n\u1ed1i b\u1ea1n b\u00e8 v\u00e0 l\u01b0u gi\u1eef kho\u1ea3nh kh\u1eafc.","og_url":"https:\/\/www.librahotelnhatrang.com\/vi\/restaurant\/apollo-pool-bar\/","og_site_name":"Libra Hotel Nha Trang","article_modified_time":"2026-02-05T08:13:20+00:00","og_image":[{"width":1469,"height":2200,"url":"https:\/\/www.librahotelnhatrang.com\/wp-content\/uploads\/sites\/142\/2026\/01\/cocktail.jpg","type":"image\/jpeg"}],"twitter_card":"summary_large_image","twitter_misc":{"Est. reading time":"1 minute"},"schema":{"@context":"https:\/\/schema.org","@graph":[{"@type":"WebPage","@id":"https:\/\/www.librahotelnhatrang.com\/vi\/restaurant\/apollo-pool-bar\/","url":"https:\/\/www.librahotelnhatrang.com\/vi\/restaurant\/apollo-pool-bar\/","name":"Pool Bar| Libra Hotel","isPartOf":{"@id":"https:\/\/www.librahotelnhatrang.com\/vi\/#website"},"primaryImageOfPage":{"@id":"https:\/\/www.librahotelnhatrang.com\/vi\/restaurant\/apollo-pool-bar\/#primaryimage"},"image":{"@id":"https:\/\/www.librahotelnhatrang.com\/vi\/restaurant\/apollo-pool-bar\/#primaryimage"},"thumbnailUrl":"https:\/\/www.librahotelnhatrang.com\/wp-content\/uploads\/sites\/142\/2026\/01\/cocktail.jpg","datePublished":"2026-01-06T09:23:46+00:00","dateModified":"2026-02-05T08:13:20+00:00","description":"T\u1eadn h\u01b0\u1edfng \u0111\u1ed3 u\u1ed1ng tinh t\u1ebf t\u1ea1i Apollo Pool Bar, h\u00f2a m\u00ecnh v\u00e0o kh\u00f4ng gian y\u00ean b\u00ecnh, k\u1ebft n\u1ed1i b\u1ea1n b\u00e8 v\u00e0 l\u01b0u gi\u1eef kho\u1ea3nh kh\u1eafc.","breadcrumb":{"@id":"https:\/\/www.librahotelnhatrang.com\/vi\/restaurant\/apollo-pool-bar\/#breadcrumb"},"inLanguage":"vi-VN","potentialAction":[{"@type":"ReadAction","target":["https:\/\/www.librahotelnhatrang.com\/vi\/restaurant\/apollo-pool-bar\/"]}]},{"@type":"ImageObject","inLanguage":"vi-VN","@id":"https:\/\/www.librahotelnhatrang.com\/vi\/restaurant\/apollo-pool-bar\/#primaryimage","url":"https:\/\/www.librahotelnhatrang.com\/wp-content\/uploads\/sites\/142\/2026\/01\/cocktail.jpg","contentUrl":"https:\/\/www.librahotelnhatrang.com\/wp-content\/uploads\/sites\/142\/2026\/01\/cocktail.jpg","width":1469,"height":2200},{"@type":"BreadcrumbList","@id":"https:\/\/www.librahotelnhatrang.com\/vi\/restaurant\/apollo-pool-bar\/#breadcrumb","itemListElement":[{"@type":"ListItem","position":1,"name":"Home","item":"https:\/\/www.librahotelnhatrang.com\/vi\/"},{"@type":"ListItem","position":2,"name":"Nh\u00e0 h\u00e0ng","item":"https:\/\/www.librahotelnhatrang.com\/vi\/restaurant\/"},{"@type":"ListItem","position":3,"name":"Apollo Pool Bar"}]},{"@type":"WebSite","@id":"https:\/\/www.librahotelnhatrang.com\/vi\/#website","url":"https:\/\/www.librahotelnhatrang.com\/vi\/","name":"Libra Hotel Nha Trang","description":"","potentialAction":[{"@type":"SearchAction","target":{"@type":"EntryPoint","urlTemplate":"https:\/\/www.librahotelnhatrang.com\/vi\/?s={search_term_string}"},"query-input":"required name=search_term_string"}],"inLanguage":"vi-VN"}]}},"acf":[],"_links":{"self":[{"href":"https:\/\/www.librahotelnhatrang.com\/vi\/wp-json\/wp\/v2\/pages\/91"}],"collection":[{"href":"https:\/\/www.librahotelnhatrang.com\/vi\/wp-json\/wp\/v2\/pages"}],"about":[{"href":"https:\/\/www.librahotelnhatrang.com\/vi\/wp-json\/wp\/v2\/types\/page"}],"author":[{"embeddable":true,"href":"https:\/\/www.librahotelnhatrang.com\/vi\/wp-json\/wp\/v2\/users\/90"}],"replies":[{"embeddable":true,"href":"https:\/\/www.librahotelnhatrang.com\/vi\/wp-json\/wp\/v2\/comments?post=91"}],"version-history":[{"count":0,"href":"https:\/\/www.librahotelnhatrang.com\/vi\/wp-json\/wp\/v2\/pages\/91\/revisions"}],"up":[{"embeddable":true,"href":"https:\/\/www.librahotelnhatrang.com\/vi\/wp-json\/wp\/v2\/pages\/78"}],"wp:featuredmedia":[{"embeddable":true,"href":"https:\/\/www.librahotelnhatrang.com\/vi\/wp-json\/wp\/v2\/media\/92"}],"wp:attachment":[{"href":"https:\/\/www.librahotelnhatrang.com\/vi\/wp-json\/wp\/v2\/media?parent=91"}],"curies":[{"name":"wp","href":"https:\/\/api.w.org\/{rel}","templated":true}]}}