{"id":98,"date":"2026-01-06T09:28:23","date_gmt":"2026-01-06T09:28:23","guid":{"rendered":"https:\/\/librahotelnhatrang.ms2.decms.asia\/?page_id=98"},"modified":"2026-01-20T01:22:20","modified_gmt":"2026-01-20T01:22:20","slug":"room-service","status":"publish","type":"page","link":"https:\/\/www.librahotelnhatrang.com\/vi\/restaurant\/room-service\/","title":{"rendered":"Room Service"},"content":{"rendered":"<p>T\u1eadn h\u01b0\u1edfng d\u1ecbch v\u1ee5 Room Service sang tr\u1ecdng t\u1ea1i Libra Hotel Nha Trang, n\u01a1i tinh hoa \u1ea9m th\u1ef1c \u00c1 \u2013 \u00c2u \u0111\u01b0\u1ee3c ph\u1ee5c v\u1ee5 tr\u1ecdn v\u1eb9n ngay t\u1ea1i ph\u00f2ng ngh\u1ec9 c\u1ee7a b\u1ea1n. Ch\u1ec9 v\u1edbi m\u1ed9t cu\u1ed9c g\u1ecdi \u0111\u1ebfn l\u1ec5 t\u00e2n, m\u00f3n \u0103n y\u00eau th\u00edch s\u1ebd \u0111\u01b0\u1ee3c chu\u1ea9n b\u1ecb chu \u0111\u00e1o v\u00e0 mang \u0111\u1ebfn t\u1eadn ph\u00f2ng. Th\u01b0 gi\u00e3n, th\u01b0\u1edfng th\u1ee9c v\u00e0 tr\u1ea3i nghi\u1ec7m s\u1ef1 ti\u1ec7n nghi chu\u1ea9n kh\u00e1ch s\u1ea1n 5 sao trong t\u1eebng kho\u1ea3nh kh\u1eafc.<\/p>\n","protected":false},"excerpt":{"rendered":"<p>T\u1eadn h\u01b0\u1edfng d\u1ecbch v\u1ee5 Room Service sang tr\u1ecdng t\u1ea1i Libra Hotel Nha Trang, n\u01a1i tinh hoa \u1ea9m th\u1ef1c \u00c1 \u2013 \u00c2u \u0111\u01b0\u1ee3c ph\u1ee5c v\u1ee5 tr\u1ecdn v\u1eb9n ngay t\u1ea1i ph\u00f2ng ngh\u1ec9 c\u1ee7a b\u1ea1n. Ch\u1ec9 v\u1edbi m\u1ed9t cu\u1ed9c g\u1ecdi \u0111\u1ebfn l\u1ec5 t\u00e2n, m\u00f3n \u0103n y\u00eau th\u00edch s\u1ebd \u0111\u01b0\u1ee3c chu\u1ea9n b\u1ecb chu \u0111\u00e1o v\u00e0 mang \u0111\u1ebfn t\u1eadn ph\u00f2ng. [&hellip;]<\/p>\n","protected":false},"author":90,"featured_media":101,"parent":78,"menu_order":2,"comment_status":"closed","ping_status":"closed","template":"template-single-restaurant.php","meta":{"footnotes":""},"yoast_head":"<!-- This site is optimized with the Yoast SEO plugin v22.3 - https:\/\/yoast.com\/wordpress\/plugins\/seo\/ -->\n<title>Room Services| Libra Hotel Nha Trang<\/title>\n<meta name=\"description\" content=\"Tr\u1ea3i nghi\u1ec7m \u1ea9m th\u1ef1c ph\u1ee5c v\u1ee5 t\u1eadn ph\u00f2ng, mang \u0111\u1ebfn s\u1ef1 ri\u00eang t\u01b0 v\u00e0 ti\u1ec7n l\u1ee3i trong ch\u00ednh ph\u00f2ng ngh\u1ec9 c\u1ee7a b\u1ea1n\" \/>\n<meta name=\"robots\" content=\"index, follow, max-snippet:-1, max-image-preview:large, max-video-preview:-1\" \/>\n<link rel=\"canonical\" href=\"https:\/\/www.librahotelnhatrang.com\/vi\/restaurant\/room-service\/\" \/>\n<meta property=\"og:locale\" content=\"vi_VN\" \/>\n<meta property=\"og:type\" content=\"article\" \/>\n<meta property=\"og:title\" content=\"Room Services| Libra Hotel Nha Trang\" \/>\n<meta property=\"og:description\" content=\"Tr\u1ea3i nghi\u1ec7m \u1ea9m th\u1ef1c ph\u1ee5c v\u1ee5 t\u1eadn ph\u00f2ng, mang \u0111\u1ebfn s\u1ef1 ri\u00eang t\u01b0 v\u00e0 ti\u1ec7n l\u1ee3i trong ch\u00ednh ph\u00f2ng ngh\u1ec9 c\u1ee7a b\u1ea1n\" \/>\n<meta property=\"og:url\" content=\"https:\/\/www.librahotelnhatrang.com\/vi\/restaurant\/room-service\/\" \/>\n<meta property=\"og:site_name\" content=\"Libra Hotel Nha Trang\" \/>\n<meta property=\"article:modified_time\" content=\"2026-01-20T01:22:20+00:00\" \/>\n<meta property=\"og:image\" content=\"https:\/\/www.librahotelnhatrang.com\/wp-content\/uploads\/sites\/142\/2026\/01\/alev-takil-lw3Lqe2K7xc-unsplash-1.jpg\" \/>\n\t<meta property=\"og:image:width\" content=\"1467\" \/>\n\t<meta property=\"og:image:height\" content=\"2200\" \/>\n\t<meta property=\"og:image:type\" content=\"image\/jpeg\" \/>\n<meta name=\"twitter:card\" content=\"summary_large_image\" \/>\n<meta name=\"twitter:label1\" content=\"Est. reading time\" \/>\n\t<meta name=\"twitter:data1\" content=\"1 minute\" \/>\n<script type=\"application\/ld+json\" class=\"yoast-schema-graph\">{\"@context\":\"https:\/\/schema.org\",\"@graph\":[{\"@type\":\"WebPage\",\"@id\":\"https:\/\/www.librahotelnhatrang.com\/vi\/restaurant\/room-service\/\",\"url\":\"https:\/\/www.librahotelnhatrang.com\/vi\/restaurant\/room-service\/\",\"name\":\"Room Services| Libra Hotel Nha Trang\",\"isPartOf\":{\"@id\":\"https:\/\/www.librahotelnhatrang.com\/vi\/#website\"},\"primaryImageOfPage\":{\"@id\":\"https:\/\/www.librahotelnhatrang.com\/vi\/restaurant\/room-service\/#primaryimage\"},\"image\":{\"@id\":\"https:\/\/www.librahotelnhatrang.com\/vi\/restaurant\/room-service\/#primaryimage\"},\"thumbnailUrl\":\"https:\/\/www.librahotelnhatrang.com\/wp-content\/uploads\/sites\/142\/2026\/01\/alev-takil-lw3Lqe2K7xc-unsplash-1.jpg\",\"datePublished\":\"2026-01-06T09:28:23+00:00\",\"dateModified\":\"2026-01-20T01:22:20+00:00\",\"description\":\"Tr\u1ea3i nghi\u1ec7m \u1ea9m th\u1ef1c ph\u1ee5c v\u1ee5 t\u1eadn ph\u00f2ng, mang \u0111\u1ebfn s\u1ef1 ri\u00eang t\u01b0 v\u00e0 ti\u1ec7n l\u1ee3i trong ch\u00ednh ph\u00f2ng ngh\u1ec9 c\u1ee7a b\u1ea1n\",\"breadcrumb\":{\"@id\":\"https:\/\/www.librahotelnhatrang.com\/vi\/restaurant\/room-service\/#breadcrumb\"},\"inLanguage\":\"vi-VN\",\"potentialAction\":[{\"@type\":\"ReadAction\",\"target\":[\"https:\/\/www.librahotelnhatrang.com\/vi\/restaurant\/room-service\/\"]}]},{\"@type\":\"ImageObject\",\"inLanguage\":\"vi-VN\",\"@id\":\"https:\/\/www.librahotelnhatrang.com\/vi\/restaurant\/room-service\/#primaryimage\",\"url\":\"https:\/\/www.librahotelnhatrang.com\/wp-content\/uploads\/sites\/142\/2026\/01\/alev-takil-lw3Lqe2K7xc-unsplash-1.jpg\",\"contentUrl\":\"https:\/\/www.librahotelnhatrang.com\/wp-content\/uploads\/sites\/142\/2026\/01\/alev-takil-lw3Lqe2K7xc-unsplash-1.jpg\",\"width\":1467,\"height\":2200},{\"@type\":\"BreadcrumbList\",\"@id\":\"https:\/\/www.librahotelnhatrang.com\/vi\/restaurant\/room-service\/#breadcrumb\",\"itemListElement\":[{\"@type\":\"ListItem\",\"position\":1,\"name\":\"Home\",\"item\":\"https:\/\/www.librahotelnhatrang.com\/vi\/\"},{\"@type\":\"ListItem\",\"position\":2,\"name\":\"Nh\u00e0 h\u00e0ng\",\"item\":\"https:\/\/www.librahotelnhatrang.com\/vi\/restaurant\/\"},{\"@type\":\"ListItem\",\"position\":3,\"name\":\"Room Service\"}]},{\"@type\":\"WebSite\",\"@id\":\"https:\/\/www.librahotelnhatrang.com\/vi\/#website\",\"url\":\"https:\/\/www.librahotelnhatrang.com\/vi\/\",\"name\":\"Libra Hotel Nha Trang\",\"description\":\"\",\"potentialAction\":[{\"@type\":\"SearchAction\",\"target\":{\"@type\":\"EntryPoint\",\"urlTemplate\":\"https:\/\/www.librahotelnhatrang.com\/vi\/?s={search_term_string}\"},\"query-input\":\"required name=search_term_string\"}],\"inLanguage\":\"vi-VN\"}]}<\/script>\n<!-- \/ Yoast SEO plugin. -->","yoast_head_json":{"title":"Room Services| Libra Hotel Nha Trang","description":"Tr\u1ea3i nghi\u1ec7m \u1ea9m th\u1ef1c ph\u1ee5c v\u1ee5 t\u1eadn ph\u00f2ng, mang \u0111\u1ebfn s\u1ef1 ri\u00eang t\u01b0 v\u00e0 ti\u1ec7n l\u1ee3i trong ch\u00ednh ph\u00f2ng ngh\u1ec9 c\u1ee7a b\u1ea1n","robots":{"index":"index","follow":"follow","max-snippet":"max-snippet:-1","max-image-preview":"max-image-preview:large","max-video-preview":"max-video-preview:-1"},"canonical":"https:\/\/www.librahotelnhatrang.com\/vi\/restaurant\/room-service\/","og_locale":"vi_VN","og_type":"article","og_title":"Room Services| Libra Hotel Nha Trang","og_description":"Tr\u1ea3i nghi\u1ec7m \u1ea9m th\u1ef1c ph\u1ee5c v\u1ee5 t\u1eadn ph\u00f2ng, mang \u0111\u1ebfn s\u1ef1 ri\u00eang t\u01b0 v\u00e0 ti\u1ec7n l\u1ee3i trong ch\u00ednh ph\u00f2ng ngh\u1ec9 c\u1ee7a b\u1ea1n","og_url":"https:\/\/www.librahotelnhatrang.com\/vi\/restaurant\/room-service\/","og_site_name":"Libra Hotel Nha Trang","article_modified_time":"2026-01-20T01:22:20+00:00","og_image":[{"width":1467,"height":2200,"url":"https:\/\/www.librahotelnhatrang.com\/wp-content\/uploads\/sites\/142\/2026\/01\/alev-takil-lw3Lqe2K7xc-unsplash-1.jpg","type":"image\/jpeg"}],"twitter_card":"summary_large_image","twitter_misc":{"Est. reading time":"1 minute"},"schema":{"@context":"https:\/\/schema.org","@graph":[{"@type":"WebPage","@id":"https:\/\/www.librahotelnhatrang.com\/vi\/restaurant\/room-service\/","url":"https:\/\/www.librahotelnhatrang.com\/vi\/restaurant\/room-service\/","name":"Room Services| Libra Hotel Nha Trang","isPartOf":{"@id":"https:\/\/www.librahotelnhatrang.com\/vi\/#website"},"primaryImageOfPage":{"@id":"https:\/\/www.librahotelnhatrang.com\/vi\/restaurant\/room-service\/#primaryimage"},"image":{"@id":"https:\/\/www.librahotelnhatrang.com\/vi\/restaurant\/room-service\/#primaryimage"},"thumbnailUrl":"https:\/\/www.librahotelnhatrang.com\/wp-content\/uploads\/sites\/142\/2026\/01\/alev-takil-lw3Lqe2K7xc-unsplash-1.jpg","datePublished":"2026-01-06T09:28:23+00:00","dateModified":"2026-01-20T01:22:20+00:00","description":"Tr\u1ea3i nghi\u1ec7m \u1ea9m th\u1ef1c ph\u1ee5c v\u1ee5 t\u1eadn ph\u00f2ng, mang \u0111\u1ebfn s\u1ef1 ri\u00eang t\u01b0 v\u00e0 ti\u1ec7n l\u1ee3i trong ch\u00ednh ph\u00f2ng ngh\u1ec9 c\u1ee7a b\u1ea1n","breadcrumb":{"@id":"https:\/\/www.librahotelnhatrang.com\/vi\/restaurant\/room-service\/#breadcrumb"},"inLanguage":"vi-VN","potentialAction":[{"@type":"ReadAction","target":["https:\/\/www.librahotelnhatrang.com\/vi\/restaurant\/room-service\/"]}]},{"@type":"ImageObject","inLanguage":"vi-VN","@id":"https:\/\/www.librahotelnhatrang.com\/vi\/restaurant\/room-service\/#primaryimage","url":"https:\/\/www.librahotelnhatrang.com\/wp-content\/uploads\/sites\/142\/2026\/01\/alev-takil-lw3Lqe2K7xc-unsplash-1.jpg","contentUrl":"https:\/\/www.librahotelnhatrang.com\/wp-content\/uploads\/sites\/142\/2026\/01\/alev-takil-lw3Lqe2K7xc-unsplash-1.jpg","width":1467,"height":2200},{"@type":"BreadcrumbList","@id":"https:\/\/www.librahotelnhatrang.com\/vi\/restaurant\/room-service\/#breadcrumb","itemListElement":[{"@type":"ListItem","position":1,"name":"Home","item":"https:\/\/www.librahotelnhatrang.com\/vi\/"},{"@type":"ListItem","position":2,"name":"Nh\u00e0 h\u00e0ng","item":"https:\/\/www.librahotelnhatrang.com\/vi\/restaurant\/"},{"@type":"ListItem","position":3,"name":"Room Service"}]},{"@type":"WebSite","@id":"https:\/\/www.librahotelnhatrang.com\/vi\/#website","url":"https:\/\/www.librahotelnhatrang.com\/vi\/","name":"Libra Hotel Nha Trang","description":"","potentialAction":[{"@type":"SearchAction","target":{"@type":"EntryPoint","urlTemplate":"https:\/\/www.librahotelnhatrang.com\/vi\/?s={search_term_string}"},"query-input":"required name=search_term_string"}],"inLanguage":"vi-VN"}]}},"acf":[],"_links":{"self":[{"href":"https:\/\/www.librahotelnhatrang.com\/vi\/wp-json\/wp\/v2\/pages\/98"}],"collection":[{"href":"https:\/\/www.librahotelnhatrang.com\/vi\/wp-json\/wp\/v2\/pages"}],"about":[{"href":"https:\/\/www.librahotelnhatrang.com\/vi\/wp-json\/wp\/v2\/types\/page"}],"author":[{"embeddable":true,"href":"https:\/\/www.librahotelnhatrang.com\/vi\/wp-json\/wp\/v2\/users\/90"}],"replies":[{"embeddable":true,"href":"https:\/\/www.librahotelnhatrang.com\/vi\/wp-json\/wp\/v2\/comments?post=98"}],"version-history":[{"count":0,"href":"https:\/\/www.librahotelnhatrang.com\/vi\/wp-json\/wp\/v2\/pages\/98\/revisions"}],"up":[{"embeddable":true,"href":"https:\/\/www.librahotelnhatrang.com\/vi\/wp-json\/wp\/v2\/pages\/78"}],"wp:featuredmedia":[{"embeddable":true,"href":"https:\/\/www.librahotelnhatrang.com\/vi\/wp-json\/wp\/v2\/media\/101"}],"wp:attachment":[{"href":"https:\/\/www.librahotelnhatrang.com\/vi\/wp-json\/wp\/v2\/media?parent=98"}],"curies":[{"name":"wp","href":"https:\/\/api.w.org\/{rel}","templated":true}]}}